{"id":6503,"date":"2025-09-24T07:16:03","date_gmt":"2025-09-24T07:16:03","guid":{"rendered":"https:\/\/baoteng.cc\/?post_type=product&#038;p=6503"},"modified":"2025-09-24T07:41:14","modified_gmt":"2025-09-24T07:41:14","slug":"%d9%85%d9%81%d8%a7%d8%aa%d9%8a%d8%ad-%d8%a8%d8%a7%d8%a8-%d8%a7%d9%84%d9%85%d8%b1%d8%a2%d8%a8-%d8%b0%d8%a7%d8%aa-%d8%a7%d9%84%d8%b9%d9%85%d9%88%d8%af-%d8%a7%d9%84%d8%b5%d9%84%d8%a8-%d8%a7%d9%84%d9%85","status":"publish","type":"product","link":"https:\/\/www.baoteng.cc\/ar\/product\/%d9%85%d9%81%d8%a7%d8%aa%d9%8a%d8%ad-%d8%a8%d8%a7%d8%a8-%d8%a7%d9%84%d9%85%d8%b1%d8%a2%d8%a8-%d8%b0%d8%a7%d8%aa-%d8%a7%d9%84%d8%b9%d9%85%d9%88%d8%af-%d8%a7%d9%84%d8%b5%d9%84%d8%a8-%d8%a7%d9%84%d9%85\/","title":{"rendered":"\u0645\u0641\u0627\u062a\u064a\u062d \u0639\u0645\u0648\u062f \u0627\u0644\u062f\u0648\u0631\u0627\u0646 \u0627\u0644\u0645\u062b\u0646\u064a 6.35 \u00d7 6.35 \u00d7 6.35 \u00d7 75 \u0645\u0645 \u0645\u0641\u062a\u0627\u062d \u0639\u0645\u0648\u062f \u062f\u0648\u0631\u0627\u0646 \u0628\u0627\u0628 \u0627\u0644\u0645\u0631\u0622\u0628 \u0645\u0641\u062a\u0627\u062d \u0639\u0645\u0648\u062f \u0627\u0644\u062f\u0648\u0631\u0627\u0646 \u0627\u0644\u0635\u0644\u0628 \u0639\u0645\u0648\u062f \u0635\u0644\u0628 \u0645\u0646 \u0627\u0644\u0641\u0648\u0644\u0627\u0630 OEM \u0642\u0627\u0628\u0644 \u0644\u0644\u062a\u062e\u0635\u064a\u0635 \u0627\u0644\u062f\u0642\u064a\u0642"},"content":{"rendered":"<section style=\"width: 100%; font-family: Arial, sans-serif; line-height: 1.6; color: #333;\">\n<header>\n<h1 style=\"font-size: 24px; font-weight: bold; text-align: center;\">\u0645\u0641\u062a\u0627\u062d \u0645\u0641\u062a\u0627\u062d \u0639\u0645\u0648\u062f \u062f\u0648\u0631\u0627\u0646 \u0628\u0627\u0628 \u0627\u0644\u0645\u0631\u0622\u0628 - \u0645\u0641\u0627\u062a\u064a\u062d \u0639\u0645\u0648\u062f \u0627\u0644\u062f\u0648\u0631\u0627\u0646 \u0627\u0644\u0635\u0644\u0628\u0629 \u0627\u0644\u0645\u062b\u0646\u064a\u0629 (6.35 \u0645\u0645 \u00d7 6.35 \u0645\u0645 \u00d7 75 \u0645\u0645)<\/h1>\n<\/header>\n<p>\ud83d\udd27 \u0625\u0646 <span style=\"color: #c00; font-weight: bold;\">\u0645\u0641\u0627\u062a\u064a\u062d \u0627\u0644\u0639\u0645\u0648\u062f \u0627\u0644\u0645\u062b\u0646\u064a\u0629<\/span> \u0647\u064a \u0622\u0644\u064a\u0627\u062a \u062f\u0642\u064a\u0642\u0629 \u0648\u0645\u0635\u0646\u0648\u0639\u0629 \u064a\u062f\u0648\u064a\u064b\u0627 \u0628\u062e\u0628\u0631\u0629 \u062a\u0647\u062f\u0641 \u0625\u0644\u0649 \u0627\u0644\u062d\u0641\u0627\u0638 \u0639\u0644\u0649 \u0627\u0644\u0639\u0645\u0648\u062f \u0627\u0644\u0635\u0644\u0628 \u062f\u0627\u062e\u0644 \u0646\u0638\u0627\u0645 \u0627\u0644\u062a\u0648\u0627\u0621 \u0628\u0627\u0628 \u0627\u0644\u0645\u0631\u0622\u0628 \u0627\u0644\u062e\u0627\u0635 \u0628\u0643 \u0648\u0627\u0644\u062d\u0641\u0627\u0638 \u0639\u0644\u064a\u0647. \u0648\u0628\u0627\u0639\u062a\u0628\u0627\u0631\u0647\u0627 <span style=\"color: #0066cc; font-weight: bold;\">\u0645\u0641\u062a\u0627\u062d \u0645\u0641\u062a\u0627\u062d \u0627\u0644\u0645\u0641\u062a\u0627\u062d<\/span>, \u060c \u064a\u0636\u0645\u0646 \u0647\u0630\u0627 \u0627\u0644\u0645\u0646\u062a\u062c \u0646\u0642\u0644 \u0639\u0632\u0645 \u0627\u0644\u062f\u0648\u0631\u0627\u0646 \u0648\u0627\u0633\u062a\u0642\u0631\u0627\u0631 \u0627\u0644\u0639\u0645\u0648\u062f\u060c \u062d\u062a\u0649 \u0641\u064a \u0627\u0644\u062a\u0634\u063a\u064a\u0644 \u0627\u0644\u0645\u0633\u062a\u0645\u0631 \u0645\u0639 \u062f\u0648\u0631\u0627\u062a \u0627\u0644\u062a\u062d\u0645\u064a\u0644. \u064a\u064f\u0639\u062f \u0627\u0644\u0639\u0645\u0648\u062f \u0627\u0644\u062e\u0637\u064a \u0627\u0644\u0642\u064a\u0627\u0633\u064a F8L10\u060c \u0627\u0644\u0630\u064a \u064a\u0628\u0644\u063a \u0645\u0642\u0627\u0633\u0647 6.35 \u0645\u0645 \u00d7 6.35 \u0645\u0645 \u00d7 75 \u0645\u0645\u060c \u0645\u0639\u064a\u0627\u0631\u064b\u0627 \u0642\u064a\u0627\u0633\u064a\u064b\u0627 \u0641\u064a \u0627\u0644\u0635\u0646\u0627\u0639\u0629\u060c \u0648\u064a\u0645\u062b\u0644 \u0627\u0644\u062c\u0648\u062f\u0629 \u0648\u0627\u0644\u0642\u064a\u0645\u0629 \u0627\u0644\u0645\u062b\u0644\u0649 \u0645\u0642\u0627\u0628\u0644 \u0627\u0644\u0645\u0627\u0644. \u062a\u064f\u0633\u062a\u062e\u062f\u0645 \u0627\u0644\u0623\u0639\u0645\u062f\u0629 \u0627\u0644\u062e\u0637\u064a\u0629 \u0641\u064a \u0645\u062c\u0645\u0648\u0639\u0629 \u0645\u062a\u0646\u0648\u0639\u0629 \u0645\u0646 \u0627\u0644\u062a\u0637\u0628\u064a\u0642\u0627\u062a \u0645\u062b\u0644 \u0623\u0628\u0648\u0627\u0628 \u0627\u0644\u0645\u0631\u0622\u0628\u060c \u0648\u0645\u0646\u0627\u0634\u064a\u0631 \u0627\u0644\u0637\u0627\u0648\u0644\u0629\u060c \u0648\u0627\u0644\u0645\u0635\u0627\u0639\u062f\u060c \u0648\u0627\u0644\u0622\u0644\u0627\u062a \u0627\u0644\u0635\u0646\u0627\u0639\u064a\u0629\u060c \u062d\u064a\u062b \u062a\u062a\u0645\u062b\u0644 \u0627\u0644\u0648\u0638\u064a\u0641\u0629 \u0627\u0644\u0623\u0643\u062b\u0631 \u0634\u064a\u0648\u0639\u064b\u0627 \u0641\u064a \u062a\u0623\u0645\u064a\u0646 \u0627\u0644\u0639\u0646\u0627\u0635\u0631 \u0627\u0644\u062f\u0648\u0631\u0627\u0646\u064a\u0629 \u0628\u0627\u0644\u0645\u062b\u0628\u062a\u0627\u062a.<\/p>\n<h2 style=\"font-size: 20px; margin-top: 20px;\">\ud83d\udd29 \u0627\u0644\u062f\u0648\u0631 \u0627\u0644\u0630\u064a \u062a\u0644\u0639\u0628\u0647 \u0645\u0641\u0627\u062a\u064a\u062d \u0627\u0644\u0639\u0645\u0648\u062f \u0627\u0644\u0645\u062b\u0646\u064a\u0629 \u0641\u064a \u0623\u062c\u0647\u0632\u0629 \u0623\u0628\u0648\u0627\u0628 \u0627\u0644\u0645\u0631\u0622\u0628<\/h2>\n<p>A <span style=\"color: #c00; font-weight: bold;\">\u0645\u0641\u062a\u0627\u062d \u0627\u0644\u0639\u0645\u0648\u062f \u0627\u0644\u0645\u062b\u0646\u064a<\/span> \u064a\u0633\u062a\u062e\u062f\u0645 \u0627\u0644\u062a\u0635\u0645\u064a\u0645 \u0644\u0642\u0641\u0644 \u0627\u0644\u0639\u0646\u0627\u0635\u0631 \u0627\u0644\u062f\u0648\u0627\u0631\u0629 \u0645\u062b\u0644 \u0627\u0644\u0628\u0631\u0627\u0645\u064a\u0644 \u0623\u0648 \u0627\u0644\u0648\u0635\u0644\u0627\u062a \u0623\u0648 \u0627\u0644\u062a\u0631\u0648\u0633 \u0639\u0644\u0649 \u0627\u0644\u0639\u0645\u0648\u062f \u0639\u0646 \u0637\u0631\u064a\u0642 \u0627\u0644\u0645\u0637\u0627\u0628\u0642\u0629 \u062f\u0627\u062e\u0644 <span style=\"color: #0066cc; font-weight: bold;\">\u0645\u0641\u062a\u0627\u062d \u0645\u0641\u062a\u0627\u062d \u0627\u0644\u0645\u0641\u062a\u0627\u062d<\/span> \u0627\u0644\u0645\u0642\u0639\u062f. \u0639\u0644\u0649 \u0639\u0643\u0633 \u0627\u0644\u0645\u0641\u0627\u062a\u064a\u062d \u0627\u0644\u0645\u0633\u062a\u0642\u064a\u0645\u0629\u060c \u064a\u0648\u0641\u0631 \u0627\u0644\u062a\u0635\u0645\u064a\u0645 \u0627\u0644\u0645\u0646\u062d\u0646\u064a \u0627\u0644\u0634\u0643\u0644 \u062d\u0627\u0641\u0629 \u0625\u0645\u0633\u0627\u0643 \u0623\u0642\u0648\u0649 \u0648\u0641\u0631\u0635\u0629 \u0623\u0642\u0644 \u0644\u0644\u0627\u0646\u0632\u0644\u0627\u0642 \u062a\u062d\u062a \u0627\u0644\u062d\u0645\u0644 \u0627\u0644\u0639\u0627\u0644\u064a\u060c \u0645\u0645\u0627 \u064a\u062c\u0639\u0644\u0647 \u0630\u0627 \u0642\u064a\u0645\u0629 \u0639\u0627\u0644\u064a\u0629 \u0641\u064a \u0645\u062c\u0645\u0648\u0639\u0627\u062a \u0639\u0645\u0648\u062f \u0627\u0644\u0627\u0644\u062a\u0648\u0627\u0621 \u0644\u0628\u0627\u0628 \u0627\u0644\u0645\u0631\u0622\u0628 \u0627\u0644\u0645\u0639\u0631\u0636\u0629 \u0628\u0627\u0633\u062a\u0645\u0631\u0627\u0631 \u0644\u0625\u062c\u0647\u0627\u062f \u0627\u0644\u062f\u0648\u0631\u0627\u0646 \u0648\u0627\u0644\u062d\u0631\u0643\u0629 \u0627\u0644\u0645\u062a\u0643\u0631\u0631\u0629.<\/p>\n<h2 style=\"font-size: 20px; margin-top: 20px;\">\u2699\ufe0f \u0645\u0648\u0627\u0635\u0641\u0627\u062a \u0627\u0644\u0645\u0646\u062a\u062c \u2699\ufe0f<\/h2>\n<ul>\n<li>\ud83d\udccf \u0627\u0644\u062d\u062c\u0645: 6.35 \u0645\u0645 \u00d7 6.35 \u0645\u0645 \u00d7 75 \u0645\u0645<\/li>\n<li>\ud83d\udd29 \u0627\u0644\u0646\u0645\u0637: \u0639\u0645\u0648\u062f \u0645\u062b\u0646\u064a \u0644\u0644\u0623\u0639\u0645\u062f\u0629 \u0627\u0644\u0635\u0644\u0628\u0629<\/li>\n<li>\ud83c\udfd7\ufe0f \u0627\u0644\u0645\u0648\u0627\u062f: \u0641\u0648\u0644\u0627\u0630 \u0643\u0631\u0628\u0648\u0646\u064a \u0639\u0627\u0644\u064a \u0627\u0644\u0642\u0648\u0629<\/li>\n<li>\ud83d\udee1\ufe0f \u0637\u0644\u0627\u0621 \u0627\u0644\u0633\u0637\u062d: \u0637\u0644\u0627\u0621 \u0645\u0636\u0627\u062f \u0644\u0644\u0635\u062f\u0623 (\u0637\u0644\u0627\u0621 \u0627\u0644\u0632\u0646\u0643 \u0623\u0648 \u0627\u0644\u0623\u0643\u0633\u064a\u062f \u0627\u0644\u0623\u0633\u0648\u062f)<\/li>\n<li>\u2699\ufe0f \u0627\u0644\u062a\u0637\u0628\u064a\u0642: \u0623\u0646\u0638\u0645\u0629 \u0627\u0644\u0627\u0644\u062a\u0648\u0627\u0621 \u0644\u0623\u0628\u0648\u0627\u0628 \u0627\u0644\u0645\u0631\u0622\u0628\u060c \u0648\u0627\u0644\u0623\u0639\u0645\u062f\u0629 \u0627\u0644\u0635\u0646\u0627\u0639\u064a\u0629\u060c \u0648\u0627\u0644\u0622\u0644\u0627\u062a \u0627\u0644\u062b\u0642\u064a\u0644\u0629<\/li>\n<li>\ud83d\udd27 \u062a\u0635\u0646\u064a\u0639 \u0627\u0644\u0645\u0639\u062f\u0627\u062a \u0627\u0644\u0623\u0635\u0644\u064a\u0629 \u0648\u0642\u0627\u0628\u0644\u0629 \u0644\u0644\u062a\u062e\u0635\u064a\u0635: \u0627\u0644\u0623\u0628\u0639\u0627\u062f \u0648\u0627\u0644\u062a\u0641\u0627\u0648\u062a \u0648\u0627\u0644\u0645\u0648\u0627\u062f \u0627\u0644\u0645\u062a\u0627\u062d\u0629<\/li>\n<\/ul>\n<h2 style=\"font-size: 20px; margin-top: 20px;\">\ud83d\udd12 \u0645\u0632\u0627\u064a\u0627 \u0645\u0641\u0627\u062a\u064a\u062d \u0627\u0644\u0623\u0639\u0645\u062f\u0629 \u0627\u0644\u0645\u062b\u0646\u064a\u0629<\/h2>\n<ul>\n<li>\u2705 \u0627\u0644\u0645\u0632\u064a\u062f \u0645\u0646 \u0645\u0642\u0627\u0648\u0645\u0629 \u0639\u0632\u0645 \u0627\u0644\u062f\u0648\u0631\u0627\u0646 \u062a\u062d\u062a \u0627\u0644\u0623\u062d\u0645\u0627\u0644 \u0627\u0644\u062b\u0642\u064a\u0644\u0629<\/li>\n<li>\u2705 \u064a\u0645\u0646\u0639 \u0627\u0644\u0627\u0646\u0632\u0644\u0627\u0642 \u0648\u0627\u062e\u062a\u0644\u0627\u0644 \u0645\u062d\u0627\u0630\u0627\u0629 \u0627\u0644\u0639\u0645\u0648\u062f<\/li>\n<li>\u2705 \u0641\u0648\u0644\u0627\u0630 \u0644\u0644\u062e\u062f\u0645\u0629 \u0627\u0644\u0634\u0627\u0642\u0629 \u0645\u0639 \u062d\u0645\u0627\u064a\u0629 \u0645\u0646 \u0627\u0644\u062a\u0622\u0643\u0644<\/li>\n<li>\u2705 \u0645\u062a\u0648\u0627\u0641\u0642 \u0645\u0639 \u0645\u062e\u062a\u0644\u0641 <span style=\"color: #0066cc; font-weight: bold;\">\u0645\u0641\u062a\u0627\u062d \u0645\u0641\u062a\u0627\u062d \u0627\u0644\u0645\u0641\u062a\u0627\u062d<\/span> \u0627\u0644\u0641\u062a\u062d\u0627\u062a<\/li>\n<li>\u2705 \u0639\u0645\u0631 \u062e\u062f\u0645\u0629 \u0637\u0648\u064a\u0644 \u0641\u064a \u0627\u0644\u062a\u0637\u0628\u064a\u0642\u0627\u062a \u0627\u0644\u0635\u0646\u0627\u0639\u064a\u0629<\/li>\n<\/ul>\n<h2 style=\"font-size: 20px; margin-top: 20px;\">\ud83c\udfed \u062a\u0635\u0646\u064a\u0639 \u0627\u0644\u0645\u0639\u062f\u0627\u062a \u0627\u0644\u0623\u0635\u0644\u064a\u0629 \u0648\u0627\u0644\u062a\u0635\u0646\u064a\u0639 \u062d\u0633\u0628 \u0627\u0644\u0637\u0644\u0628<\/h2>\n<p>\u0628\u0641\u0636\u0644 \u062e\u0628\u0631\u062a\u0646\u0627 \u0627\u0644\u062a\u064a \u062a\u0632\u064a\u062f \u0639\u0646 20 \u0639\u0627\u0645\u0627\u064b \u0645\u0646 \u0627\u0644\u062e\u0628\u0631\u0629 \u0641\u064a \u0647\u0630\u0627 \u0627\u0644\u0645\u062c\u0627\u0644\u060c \u0646\u0641\u0647\u0645 \u0645\u062a\u0637\u0644\u0628\u0627\u062a \u0627\u0644\u0633\u0648\u0642 \u0648\u0646\u0648\u0641\u0631 <span style=\"color: #c00; font-weight: bold;\">\u0645\u0641\u0627\u062a\u064a\u062d \u0627\u0644\u0639\u0645\u0648\u062f \u0627\u0644\u0645\u062b\u0646\u064a\u0629<\/span> \u0648 <span style=\"color: #0066cc; font-weight: bold;\">\u0645\u0641\u0627\u062a\u064a\u062d \u0627\u0644\u0645\u0641\u0627\u062a\u064a\u062d<\/span> \u0645\u0635\u0645\u0645\u0629 \u062d\u0633\u0628 \u0645\u062a\u0637\u0644\u0628\u0627\u062a \u0627\u0644\u0639\u0645\u064a\u0644. \u062a\u0634\u0645\u0644 \u0642\u062f\u0631\u0627\u062a\u0646\u0627 \u0641\u064a \u062a\u0635\u0646\u064a\u0639 \u0627\u0644\u0645\u0639\u062f\u0627\u062a \u0627\u0644\u0623\u0635\u0644\u064a\u0629 \u0623\u062d\u062c\u0627\u0645\u064b\u0627 \u0645\u062e\u0635\u0635\u0629 \u0645\u0646 3 \u0645\u0645 \u0625\u0644\u0649 20 \u0645\u0645\u060c \u0648\u062f\u0631\u062c\u0627\u062a \u0645\u062a\u0639\u062f\u062f\u0629 \u0645\u0646 \u0627\u0644\u0641\u0648\u0644\u0627\u0630\u060c \u0648\u062a\u0635\u0646\u064a\u0639 \u0627\u0644\u0622\u0644\u0627\u062a \u0627\u0644\u062f\u0642\u064a\u0642\u0629 \u0628\u0627\u0633\u062a\u062e\u062f\u0627\u0645 \u0627\u0644\u062d\u0627\u0633\u0628 \u0627\u0644\u0622\u0644\u064a\u060c \u0648\u0627\u0644\u062a\u0634\u0637\u064a\u0628 \u0627\u0644\u0633\u0637\u062d\u064a (\u0627\u0644\u062c\u0644\u0641\u0646\u0629\u060c \u0648\u0627\u0644\u0637\u0644\u0627\u0621 \u0628\u0627\u0644\u0645\u0633\u062d\u0648\u0642\u060c \u0648\u0627\u0644\u0623\u0643\u0633\u064a\u062f \u0627\u0644\u0623\u0633\u0648\u062f)\u060c \u0648\u0648\u0636\u0639 \u0627\u0644\u0639\u0644\u0627\u0645\u0627\u062a \u0627\u0644\u062e\u0627\u0635\u0629 \u0645\u0639 \u062a\u063a\u0644\u064a\u0641 \u064a\u062d\u0645\u0644 \u0639\u0644\u0627\u0645\u0629 \u062a\u062c\u0627\u0631\u064a\u0629. \ud83d\udce6<\/p>\n<h2 style=\"font-size: 20px; margin-top: 20px;\">\ud83c\udf0d \u0646\u0637\u0627\u0642 \u0627\u0644\u062a\u0637\u0628\u064a\u0642<\/h2>\n<ul>\n<li>\ud83c\udfd7\ufe0f \u0627\u0644\u0625\u0646\u0634\u0627\u0621\u0627\u062a \u0648\u0627\u0644\u0622\u0644\u0627\u062a \u0627\u0644\u062b\u0642\u064a\u0644\u0629<\/li>\n<li>\ud83d\ude9c \u0627\u0644\u062c\u0631\u0627\u0631\u0627\u062a \u0648\u0627\u0644\u0623\u062f\u0648\u0627\u062a \u0627\u0644\u0632\u0631\u0627\u0639\u064a\u0629<\/li>\n<li>\ud83d\ude9b \u0623\u0646\u0638\u0645\u0629 \u0642\u064a\u0627\u062f\u0629 \u0627\u0644\u0633\u064a\u0627\u0631\u0627\u062a \u0648\u0627\u0644\u0634\u0627\u062d\u0646\u0627\u062a<\/li>\n<li>\u2699\ufe0f \u062a\u062c\u0645\u064a\u0639\u0627\u062a \u0639\u0644\u0628\u0629 \u0627\u0644\u062a\u0631\u0648\u0633 \u0648\u0627\u0644\u0648\u0635\u0644\u0627\u062a \u2699\ufe0f<\/li>\n<li>\ud83c\udfed \u0623\u0646\u0638\u0645\u0629 \u0627\u0644\u0646\u0642\u0644 \u0648\u0627\u0644\u0631\u0641\u0639<\/li>\n<\/ul>\n<h2 style=\"font-size: 20px; margin-top: 20px;\">\ud83d\udcca \u0627\u0644\u0645\u064a\u0632\u0627\u062a \u0627\u0644\u062a\u0642\u0646\u064a\u0629<\/h2>\n<ul>\n<li>\ud83d\udd29 \u0642\u0648\u0629 \u062a\u062d\u0645\u064a\u0644 \u0639\u0627\u0644\u064a\u0629<\/li>\n<li>\ud83d\udccf \u062a\u0641\u0627\u0648\u062a\u0627\u062a \u0636\u064a\u0642\u0629 \u0644\u0623\u0639\u0645\u062f\u0629 \u0627\u0644\u0645\u062e\u0632\u0648\u0646 \u0648\u0627\u0644\u0623\u0639\u0645\u062f\u0629 \u0627\u0644\u0645\u062e\u0635\u0635\u0629<\/li>\n<li>\ud83d\udee1\ufe0f \u0645\u0642\u0627\u0648\u0645\u0629 \u0627\u0644\u0625\u062c\u0647\u0627\u062f \u0648\u0627\u0644\u0627\u0647\u062a\u0632\u0627\u0632 \u0648\u0627\u0644\u062a\u0622\u0643\u0644<\/li>\n<li>\u2699\ufe0f \u064a\u0646\u0627\u0633\u0628 \u0645\u0639\u0627\u064a\u064a\u0631 \u0627\u0644\u0635\u0646\u0627\u0639\u0629 <span style=\"color: #0066cc; font-weight: bold;\">\u0645\u0641\u062a\u0627\u062d \u0645\u0641\u062a\u0627\u062d \u0627\u0644\u0645\u0641\u062a\u0627\u062d<\/span> \u0627\u0644\u0641\u062a\u062d\u0627\u062a<\/li>\n<li>\ud83e\uddf0 \u062a\u0631\u0643\u064a\u0628 \u0628\u0633\u064a\u0637 \u0648\u0645\u0648\u062b\u0648\u0642\u064a\u0629 \u0637\u0648\u064a\u0644\u0629 \u0627\u0644\u0623\u0645\u062f<\/li>\n<\/ul>\n<h2 style=\"font-size: 20px; margin-top: 20px;\">\ud83d\udd0d \u0636\u0645\u0627\u0646 \u0627\u0644\u062c\u0648\u062f\u0629 \u0648\u0627\u0644\u0645\u0639\u0627\u064a\u064a\u0631<\/h2>\n<p>\u0643\u0644 <span style=\"color: #c00; font-weight: bold;\">\u0645\u0641\u062a\u0627\u062d \u0627\u0644\u0639\u0645\u0648\u062f \u0627\u0644\u0645\u062b\u0646\u064a<\/span> \u064a\u062a\u0645 \u062a\u0635\u0646\u064a\u0639\u0647\u0627 \u0648\u0641\u0642\u064b\u0627 \u0644\u0645\u0639\u0627\u064a\u064a\u0631 ISO \u0648DIN \u0648ANSI \u0648\u062a\u062e\u0636\u0639 \u0644\u0644\u0645\u0639\u0627\u0644\u062c\u0629 \u0627\u0644\u062d\u0631\u0627\u0631\u064a\u0629 \u0648\u0627\u062e\u062a\u0628\u0627\u0631 \u0627\u0644\u062a\u0622\u0643\u0644 \u0648\u0641\u062d\u0635 \u0627\u0644\u0623\u0628\u0639\u0627\u062f. \u062a\u0636\u0645\u0646 \u0645\u0646\u0634\u0623\u062a\u0646\u0627 \u0627\u0644\u062d\u0627\u0635\u0644\u0629 \u0639\u0644\u0649 \u0634\u0647\u0627\u062f\u0629 ISO9001:2015 \u062c\u0648\u062f\u0629 \u0627\u0644\u0625\u0646\u062a\u0627\u062c \u0648\u0627\u0644\u0645\u062a\u0627\u0646\u0629 \u0627\u0644\u062b\u0627\u0628\u062a\u0629 \u0641\u064a \u0643\u0644 \u0634\u062d\u0646\u0629. \ud83d\udee1\ufe0f<\/p>\n<h2 style=\"font-size: 20px; margin-top: 20px;\">\ud83d\udce6 \u0627\u0644\u062a\u0639\u0628\u0626\u0629 \u0648\u0627\u0644\u062a\u063a\u0644\u064a\u0641 \u0648\u0627\u0644\u062a\u0648\u0635\u064a\u0644<\/h2>\n<p>\u064a\u062a\u0645 \u062a\u063a\u0644\u064a\u0641 \u062c\u0645\u064a\u0639 \u0627\u0644\u0645\u0641\u0627\u062a\u064a\u062d \u0628\u0634\u0643\u0644 \u0622\u0645\u0646 \u0644\u0645\u0646\u0639 \u0627\u0644\u062a\u0644\u0641 \u0623\u062b\u0646\u0627\u0621 \u0627\u0644\u0646\u0642\u0644. \u0646\u062d\u0646 \u0646\u0648\u0641\u0631 \u0627\u0644\u062a\u063a\u0644\u064a\u0641 \u0628\u0627\u0644\u062c\u0645\u0644\u0629 \u0644\u0644\u0645\u0634\u062a\u0631\u064a\u0646 \u0627\u0644\u0635\u0646\u0627\u0639\u064a\u064a\u0646 \u0648\u0627\u0644\u062a\u063a\u0644\u064a\u0641 \u0627\u0644\u0645\u062e\u0635\u0635 \u0644\u0644\u0628\u064a\u0639 \u0628\u0627\u0644\u062a\u062c\u0632\u0626\u0629 \u0644\u0644\u0645\u0648\u0632\u0639\u064a\u0646. \u064a\u0636\u0645\u0646 \u0627\u0644\u062f\u0639\u0645 \u0627\u0644\u0644\u0648\u062c\u0633\u062a\u064a \u0627\u0644\u062f\u0648\u0644\u064a \u0627\u0644\u062a\u0633\u0644\u064a\u0645 \u0627\u0644\u0639\u0627\u0644\u0645\u064a \u0627\u0644\u0633\u0631\u064a\u0639 \u0648\u0627\u0644\u0645\u0648\u062b\u0648\u0642 \u0628\u0647. \ud83d\ude9a<\/p>\n<h2 style=\"font-size: 20px; margin-top: 20px;\">\ud83d\ude80 \u0644\u0645\u0627\u0630\u0627 \u062a\u062e\u062a\u0627\u0631\u0646\u0627\u061f<\/h2>\n<ul>\n<li>\u2705 \u0623\u0643\u062b\u0631 \u0645\u0646 20 \u0639\u0627\u0645\u064b\u0627 \u0645\u0646 \u0627\u0644\u062e\u0628\u0631\u0629 \u0641\u064a \u062a\u0635\u0646\u064a\u0639 \u0627\u0644\u0645\u0639\u062f\u0627\u062a \u0627\u0644\u0623\u0635\u0644\u064a\u0629 \u0648\u062a\u0635\u0646\u064a\u0639 \u0627\u0644\u062a\u0635\u0645\u064a\u0645 \u0627\u0644\u062e\u0627\u0631\u062c\u064a<\/li>\n<li>\u2705 \u062f\u0639\u0645 \u0627\u0644\u062a\u062e\u0635\u064a\u0635 \u0627\u0644\u0634\u0627\u0645\u0644<\/li>\n<li>\u2705 \u0625\u0646\u062a\u0627\u062c \u0636\u062e\u0645 \u0641\u0639\u0627\u0644 \u0645\u0646 \u062d\u064a\u062b \u0627\u0644\u062a\u0643\u0644\u0641\u0629<\/li>\n<li>\u2705 \u0645\u0647\u0644\u0629 \u0632\u0645\u0646\u064a\u0629 \u0633\u0631\u064a\u0639\u0629 \u0645\u0639 \u0627\u0644\u0634\u062d\u0646 \u0627\u0644\u0639\u0627\u0644\u0645\u064a<\/li>\n<li>\u2705 \u0646\u0647\u062c \u0627\u0644\u0634\u0631\u0627\u0643\u0629 \u0637\u0648\u064a\u0644\u0629 \u0627\u0644\u0623\u062c\u0644 \u0644\u0639\u0645\u0644\u0627\u0621 \u0627\u0644\u0635\u0646\u0627\u0639\u0629<\/li>\n<\/ul>\n<h2 style=\"font-size: 20px; margin-top: 20px;\">\ud83d\udee0\ufe0f \u0627\u0644\u062e\u0644\u0627\u0635\u0629<\/h2>\n<p>\u0625\u0646 <span style=\"color: #c00; font-weight: bold;\">\u0645\u0641\u0627\u062a\u064a\u062d \u0627\u0644\u0639\u0645\u0648\u062f \u0627\u0644\u0645\u062b\u0646\u064a\u0629<\/span> 6.35 \u0645\u0645 \u00d7 6.35 \u0645\u0645 \u00d7 6.35 \u0645\u0645 \u00d7 75 \u0645\u0645 \u0647\u064a \u0627\u0644\u062d\u0644 \u0627\u0644\u0645\u0648\u062b\u0648\u0642 \u0628\u0647 \u0644\u0623\u0646\u0638\u0645\u0629 \u0646\u0648\u0627\u0628\u0636 \u0627\u0644\u0627\u0644\u062a\u0648\u0627\u0621 \u0648\u0627\u0644\u0623\u0639\u0645\u062f\u0629 \u0627\u0644\u0635\u0644\u0628\u0629 \u0627\u0644\u062a\u064a \u062a\u062a\u0637\u0644\u0628 \u0627\u0644\u0642\u0648\u0629 \u0648\u0627\u0644\u062f\u0642\u0629. \u0648\u0628\u0641\u0636\u0644 \u062e\u062f\u0645\u0627\u062a \u062a\u0635\u0646\u064a\u0639 \u0627\u0644\u0645\u0639\u062f\u0627\u062a \u0627\u0644\u0623\u0635\u0644\u064a\u0629 \u0648\u0627\u0644\u062e\u062f\u0645\u0627\u062a \u0627\u0644\u0642\u0627\u0628\u0644\u0629 \u0644\u0644\u062a\u062e\u0635\u064a\u0635\u060c \u0641\u0625\u0646\u0646\u0627 \u0644\u0627 \u0646\u0642\u062f\u0645 \u0641\u0642\u0637 <span style=\"color: #0066cc; font-weight: bold;\">\u0645\u0641\u062a\u0627\u062d \u0645\u0641\u062a\u0627\u062d \u0627\u0644\u0645\u0641\u062a\u0627\u062d<\/span> \u0627\u0644\u0645\u0646\u062a\u062c\u0627\u062a \u0648\u0643\u0630\u0644\u0643 \u0627\u0644\u062d\u0644\u0648\u0644 \u0627\u0644\u0645\u064a\u0643\u0627\u0646\u064a\u0643\u064a\u0629 \u0627\u0644\u0643\u0627\u0645\u0644\u0629 \u0644\u0644\u062a\u0637\u0628\u064a\u0642\u0627\u062a \u0627\u0644\u0639\u0627\u0644\u0645\u064a\u0629 \u0627\u0644\u0645\u062a\u0646\u0648\u0639\u0629. \u0633\u0648\u0627\u0621 \u0644\u0623\u0628\u0648\u0627\u0628 \u0627\u0644\u0645\u0631\u0622\u0628\u060c \u0623\u0648 \u0645\u0639\u062f\u0627\u062a \u0627\u0644\u0622\u0644\u0627\u062a\u060c \u0623\u0648 \u0627\u0644\u0645\u0634\u0627\u0631\u064a\u0639 \u0627\u0644\u0647\u0646\u062f\u0633\u064a\u0629 \u0627\u0644\u0645\u062e\u0635\u0635\u0629\u060c \u0641\u0625\u0646 \u0645\u0641\u0627\u062a\u064a\u062d \u0627\u0644\u0623\u0639\u0645\u062f\u0629 \u0644\u062f\u064a\u0646\u0627 \u062a\u0636\u0645\u0646 \u0645\u0644\u0627\u0621\u0645\u0629 \u0645\u062b\u0627\u0644\u064a\u0629 \u0648\u0623\u062f\u0627\u0621\u064b \u0637\u0648\u064a\u0644 \u0627\u0644\u0623\u062c\u0644. \ud83d\udd27<\/p>\n<\/section>","protected":false},"excerpt":{"rendered":"<p>\u0639\u0627\u0644\u064a\u0629 \u0627\u0644\u062c\u0648\u062f\u0629 <strong data-start=\"355\" data-end=\"368\">\u0645\u0641\u062a\u0627\u062d \u0627\u0644\u0639\u0645\u0648\u062f<\/strong> \u0645\u0635\u0645\u0645\u0629 \u0644\u0644\u0623\u0639\u0645\u062f\u0629 \u0627\u0644\u0623\u0646\u0628\u0648\u0628\u064a\u0629\u060c \u0645\u0642\u0627\u0633 6.35\u00d76.35 \u00d7 6.35 \u00d7 75 \u0645\u0645. \u0645\u0635\u0645\u0645\u0629 \u0644\u0644\u0645\u062a\u0627\u0646\u0629 \u0648\u0627\u0644\u062a\u0631\u0643\u064a\u0628 \u0627\u0644\u062f\u0642\u064a\u0642 \u0645\u0639 <strong data-start=\"468\" data-end=\"488\">\u0627\u0644\u0645\u0645\u0631 \u0627\u0644\u0631\u0626\u064a\u0633\u064a<\/strong>, \u060c \u0645\u062b\u0627\u0644\u064a\u0629 \u0644\u062a\u0635\u0646\u064a\u0639 \u0627\u0644\u0645\u0639\u062f\u0627\u062a \u0627\u0644\u0623\u0635\u0644\u064a\u0629\u060c \u0648\u0646\u0642\u0644 \u0627\u0644\u0637\u0627\u0642\u0629 \u0627\u0644\u0645\u064a\u0643\u0627\u0646\u064a\u0643\u064a\u0629 \u0627\u0644\u0642\u0627\u0628\u0644\u0629 \u0644\u0644\u062a\u062e\u0635\u064a\u0635\u060c \u0648\u0627\u0644\u062a\u0637\u0628\u064a\u0642\u0627\u062a \u0627\u0644\u0635\u0646\u0627\u0639\u064a\u0629.<\/p>","protected":false},"featured_media":6504,"comment_status":"open","ping_status":"closed","template":"","meta":{"_acf_changed":false},"product_brand":[],"product_cat":[56],"product_tag":[],"class_list":{"0":"post-6503","1":"product","2":"type-product","3":"status-publish","4":"has-post-thumbnail","6":"product_cat-shafts","8":"first","9":"instock","10":"shipping-taxable","11":"product-type-grouped"},"acf":[],"_links":{"self":[{"href":"https:\/\/www.baoteng.cc\/ar\/wp-json\/wp\/v2\/product\/6503","targetHints":{"allow":["GET"]}}],"collection":[{"href":"https:\/\/www.baoteng.cc\/ar\/wp-json\/wp\/v2\/product"}],"about":[{"href":"https:\/\/www.baoteng.cc\/ar\/wp-json\/wp\/v2\/types\/product"}],"replies":[{"embeddable":true,"href":"https:\/\/www.baoteng.cc\/ar\/wp-json\/wp\/v2\/comments?post=6503"}],"wp:featuredmedia":[{"embeddable":true,"href":"https:\/\/www.baoteng.cc\/ar\/wp-json\/wp\/v2\/media\/6504"}],"wp:attachment":[{"href":"https:\/\/www.baoteng.cc\/ar\/wp-json\/wp\/v2\/media?parent=6503"}],"wp:term":[{"taxonomy":"product_brand","embeddable":true,"href":"https:\/\/www.baoteng.cc\/ar\/wp-json\/wp\/v2\/product_brand?post=6503"},{"taxonomy":"product_cat","embeddable":true,"href":"https:\/\/www.baoteng.cc\/ar\/wp-json\/wp\/v2\/product_cat?post=6503"},{"taxonomy":"product_tag","embeddable":true,"href":"https:\/\/www.baoteng.cc\/ar\/wp-json\/wp\/v2\/product_tag?post=6503"}],"curies":[{"name":"wp","href":"https:\/\/api.w.org\/{rel}","templated":true}]}}