{"id":5261,"date":"2025-09-02T02:55:50","date_gmt":"2025-09-02T02:55:50","guid":{"rendered":"https:\/\/baoteng.cc\/?post_type=product&#038;p=5261"},"modified":"2025-09-15T04:06:52","modified_gmt":"2025-09-15T04:06:52","slug":"garagentor-verstellbare-obere-halterung-verzinkt","status":"publish","type":"product","link":"https:\/\/www.baoteng.cc\/de\/product\/garagentor-verstellbare-obere-halterung-verzinkt\/","title":{"rendered":"Garagentor Einstellbare obere Halterung Verzinkter Stahl Ersetzen Sie Halterung Garagentor Teile Residential Top Bracket 1.5mm Dicke Durable OEM Customizable"},"content":{"rendered":"<section style=\"width: 100%; font-family: Arial,Helvetica,sans-serif; line-height: 1.6; font-size: 15px; color: #333;\">\n<header>\n<h1 style=\"font-size: 22px; color: #222;\">Einstellbarer oberer Garagentorhalter - verzinkter Stahl - Ersatzteil f\u00fcr Wohngeb\u00e4ude<\/h1>\n<\/header>\n<p>Ersetzen Sie die kaputte obere Halterung des Garagentors, die die Feder h\u00e4lt, durch das <strong>Garagentor verstellbare obere Halterung<\/strong>. Dieses Teil ist wichtig, um Garagentore zu st\u00fctzen, zu verst\u00e4rken und einen reibungslosen Betrieb zu gew\u00e4hrleisten. Hergestellt aus hochwertigem verzinktem Stahl mit einer Dicke von 1,5 mm, gew\u00e4hrleistet es Haltbarkeit, St\u00e4rke und Rostbest\u00e4ndigkeit f\u00fcr den langfristigen Einsatz. Die verstellbare Konstruktion verbessert die Ausrichtung der Rollen, reduziert Ger\u00e4usche und minimiert den Verschlei\u00df f\u00fcr einen reibungsloseren Torbetrieb. Diese Halterung wurde nach internationalen Sicherheits- und Qualit\u00e4tsstandards entwickelt und eignet sich sowohl f\u00fcr Neuinstallationen als auch f\u00fcr Ersatzinstallationen und bietet professionelle St\u00e4rke mit praktischen Funktionen.<\/p>\n<\/section>\n<section>\n<h2 style=\"font-size: 20px; color: #222;\">Wesentliche Merkmale<\/h2>\n<ul style=\"margin-left: 20px;\">\n<li>\u2705 Hergestellt aus verzinktem Stahl f\u00fcr maximale Korrosionsbest\u00e4ndigkeit<\/li>\n<li>\u2705 Die Dicke von 1,5 mm gew\u00e4hrleistet Festigkeit und Stabilit\u00e4t f\u00fcr den t\u00e4glichen Gebrauch<\/li>\n<li>\u2705 Die verstellbare Konstruktion erm\u00f6glicht eine genaue Ausrichtung der Rollen<\/li>\n<li>\u2705 Kompatibel mit den meisten Standard-Garagentoren f\u00fcr Wohngeb\u00e4ude<\/li>\n<li>\u2705 Leiser Betrieb reduziert den L\u00e4rm beim \u00d6ffnen\/Schlie\u00dfen<\/li>\n<li>\u2705 OEM und anpassbare Dienstleistungen verf\u00fcgbar<\/li>\n<\/ul>\n<\/section>\n<section>\n<h2 style=\"font-size: 20px; color: #222;\">Warum eine verzinkte verstellbare obere Halterung w\u00e4hlen?<\/h2>\n<p><strong>Verstellbare obere Garagentorhalterungen<\/strong> sind st\u00e4ndigen Spannungen, h\u00e4ufigem Gebrauch und wechselnden Wetterbedingungen ausgesetzt. Verzinkter Stahl ist ideal, um Rost, Feuchtigkeit und Korrosion vorzubeugen. Die Dicke von 1,5 mm sorgt f\u00fcr strukturelle Stabilit\u00e4t und verl\u00e4ngert die Lebensdauer des Garagensystems. Die einstellbare Funktion erm\u00f6glicht eine pr\u00e4zise Ausrichtung w\u00e4hrend der Installation und sp\u00e4tere Anpassungen bei Bedarf, was einen reibungsloseren Betrieb und einen geringeren Verschlei\u00df der Rollen gew\u00e4hrleistet. Diese Halterung ist auch mit verschiedenen Motortypen kompatibel, die an der Vorderseite montiert werden.<\/p>\n<\/section>\n<section>\n<h2 style=\"font-size: 20px; color: #222;\">Anwendungen<\/h2>\n<p>Diese obere Halterung passt f\u00fcr die meisten Garagentorsysteme im Wohnbereich, einschlie\u00dflich Sektional- und Paneel-Tore. Zu den \u00fcblichen Anwendungen geh\u00f6ren:<\/p>\n<ul style=\"margin-left: 20px;\">\n<li>\ud83c\udfe0 Wohnh\u00e4user, die einen leiseren und sanfteren Betrieb von Garagentoren ben\u00f6tigen<\/li>\n<li>\ud83c\udfe1 Ersatz f\u00fcr abgenutzte oder besch\u00e4digte obere Garagentorhalterungen<\/li>\n<li>\ud83d\udd27 Spezielle Garagentore, die OEM- oder kundenspezifische Teile erfordern<\/li>\n<\/ul>\n<p>Die kompakte, f\u00fcr die Schifffahrt geeignete Halterung gew\u00e4hrleistet sowohl bei Neuinstallationen als auch bei Ersatzinstallationen eine hohe Zuverl\u00e4ssigkeit und sorgt f\u00fcr ein sicheres Gef\u00fchl.<\/p>\n<\/section>\n<section>\n<h2 style=\"font-size: 20px; color: #222;\">OEM- und Anpassungsdienste<\/h2>\n<p>Wir bieten <strong>OEM- und Anpassungsdienste<\/strong> um spezifische Projektanforderungen zu erf\u00fcllen, einschlie\u00dflich Abmessungen, Oberfl\u00e4chen und Markenzeichen. Mit fortschrittlicher Technologie und umfassender technischer Erfahrung entwerfen und fertigen wir kundenspezifische verstellbare obere Garagentorhalterungen, die den Anforderungen unserer Kunden entsprechen. OEM-M\u00f6glichkeiten erm\u00f6glichen es H\u00e4ndlern und Bauunternehmern, unter ihrem eigenen Namen aufzutreten und das Vertrauen des Marktes zu st\u00e4rken. Vom Prototyp bis zur vollst\u00e4ndigen Produktion liefern wir professionelle L\u00f6sungen, die auf die Bed\u00fcrfnisse unserer Kunden zugeschnitten sind.<\/p>\n<\/section>\n<section>\n<h2 style=\"font-size: 20px; color: #222;\">Technische Daten<\/h2>\n<table style=\"width: 100%; border-collapse: collapse;\">\n<tbody>\n<tr>\n<td style=\"border: 1px solid #ccc; padding: 8px;\">Produktname<\/td>\n<td style=\"border: 1px solid #ccc; padding: 8px;\">Garagentor Verstellbare obere Halterung<\/td>\n<\/tr>\n<tr>\n<td style=\"border: 1px solid #ccc; padding: 8px;\">Material<\/td>\n<td style=\"border: 1px solid #ccc; padding: 8px;\">Verzinkter Stahl<\/td>\n<\/tr>\n<tr>\n<td style=\"border: 1px solid #ccc; padding: 8px;\">Dicke<\/td>\n<td style=\"border: 1px solid #ccc; padding: 8px;\">1,5 mm<\/td>\n<\/tr>\n<tr>\n<td style=\"border: 1px solid #ccc; padding: 8px;\">Anzahl der L\u00f6cher<\/td>\n<td style=\"border: 1px solid #ccc; padding: 8px;\">6<\/td>\n<\/tr>\n<tr>\n<td style=\"border: 1px solid #ccc; padding: 8px;\">Oberfl\u00e4che<\/td>\n<td style=\"border: 1px solid #ccc; padding: 8px;\">Verzinkt, Korrosionsschutz<\/td>\n<\/tr>\n<tr>\n<td style=\"border: 1px solid #ccc; padding: 8px;\">Anmeldung<\/td>\n<td style=\"border: 1px solid #ccc; padding: 8px;\">Garagentore f\u00fcr Wohngeb\u00e4ude<\/td>\n<\/tr>\n<tr>\n<td style=\"border: 1px solid #ccc; padding: 8px;\">Eigenschaften<\/td>\n<td style=\"border: 1px solid #ccc; padding: 8px;\">Einstellbar, rostbest\u00e4ndig, langlebig<\/td>\n<\/tr>\n<\/tbody>\n<\/table>\n<\/section>\n<section>\n<h2 style=\"font-size: 20px; color: #222;\">Vorteile<\/h2>\n<ul style=\"margin-left: 20px;\">\n<li>\u2714\ufe0f Hochbelastbarer, verzinkter Stahl garantiert Langlebigkeit<\/li>\n<li>\u2714\ufe0f Einstellbares Rollendesign verbessert die Ausrichtung<\/li>\n<li>\u2714\ufe0f Ger\u00e4uscharmer und reibungsloser Betrieb zur L\u00e4rmminderung<\/li>\n<li>\u2714\ufe0f Witterungs- und korrosionsbest\u00e4ndig<\/li>\n<li>\u2714\ufe0f Einfache Installation mit geringem Wartungsaufwand<\/li>\n<li>\u2714\ufe0f OEM- und Anpassungsoptionen verf\u00fcgbar<\/li>\n<\/ul>\n<\/section>\n<section>\n<h2 style=\"font-size: 20px; color: #222;\">Installation und Wartung<\/h2>\n<p>Die <strong>Garagentor verstellbare obere Halterung<\/strong> ist f\u00fcr eine einfache Installation ausgelegt. Der verstellbare Rollenhalter erm\u00f6glicht eine einfache Ausrichtung f\u00fcr eine gleichm\u00e4\u00dfigere Leistung. Um die Lebensdauer zu verl\u00e4ngern, sollten Sie Bolzen, Halterungen und Rollen regelm\u00e4\u00dfig \u00fcberpr\u00fcfen und bei Bedarf leicht schmieren. Der verzinkte Stahl bietet eine hervorragende Rostbest\u00e4ndigkeit und ist sowohl f\u00fcr den Innen- als auch f\u00fcr den Au\u00dfenbereich geeignet.<\/p>\n<\/section>\n<section>\n<h2 style=\"font-size: 20px; color: #222;\">Globales Angebot und Know-how<\/h2>\n<p>Wir verf\u00fcgen \u00fcber jahrzehntelange Erfahrung in der Herstellung von Garagentorzubeh\u00f6r und liefern unsere Produkte in ganz Nordamerika, Europa und Asien. Unser Fachwissen in den Bereichen Technik, Fertigung und internationale Normen gew\u00e4hrleistet gleichbleibende Qualit\u00e4t. In Verbindung mit einer zuverl\u00e4ssigen Logistik garantieren wir eine nahtlose Versorgung, schnelle Lieferung und professionelle Leistung. Vertriebsh\u00e4ndler und Bauunternehmer auf der ganzen Welt vertrauen auf die Qualit\u00e4t, die Innovation und den Wert unserer Teile.<\/p>\n<\/section>\n<section>\n<h2 style=\"font-size: 20px; color: #222;\">Schlussfolgerung<\/h2>\n<p>Die <strong>Garagentor verstellbare obere Halterung<\/strong>, aus 1,5 mm verzinktem Stahl ist eine zuverl\u00e4ssige Wahl f\u00fcr Garagentore im Wohnbereich. Seine verstellbare Konstruktion sorgt f\u00fcr einen reibungslosen, leisen Betrieb, w\u00e4hrend die verzinkte Oberfl\u00e4che eine hervorragende Korrosionsbest\u00e4ndigkeit bietet. Mit OEM- und Anpassungsservice bietet sie Flexibilit\u00e4t f\u00fcr H\u00e4ndler, Bauunternehmer und Hersteller, die ma\u00dfgeschneiderte L\u00f6sungen suchen. Entscheiden Sie sich f\u00fcr diese Halterung, wenn es um bew\u00e4hrte Ausdauer, professionelle Leistung und verl\u00e4ssliche Qualit\u00e4t auf der ganzen Welt geht. \ud83c\udfe1\ud83d\udd27<\/p>\n<\/section>","protected":false},"excerpt":{"rendered":"<p data-start=\"356\" data-end=\"613\">Hochwertiger, verstellbarer oberer Garagentorhalter aus verzinktem Stahl mit einer St\u00e4rke von 1,5 mm. Langlebig, rostbest\u00e4ndig, geeignet f\u00fcr private Garagentore. OEM und anpassbare Optionen verf\u00fcgbar f\u00fcr langlebige und zuverl\u00e4ssige Leistung.<\/p>","protected":false},"featured_media":5262,"comment_status":"open","ping_status":"closed","template":"","meta":{"_acf_changed":false},"product_brand":[],"product_cat":[36],"product_tag":[],"class_list":{"0":"post-5261","1":"product","2":"type-product","3":"status-publish","4":"has-post-thumbnail","6":"product_cat-brackets","8":"first","9":"instock","10":"shipping-taxable","11":"product-type-simple"},"acf":[],"_links":{"self":[{"href":"https:\/\/www.baoteng.cc\/de\/wp-json\/wp\/v2\/product\/5261","targetHints":{"allow":["GET"]}}],"collection":[{"href":"https:\/\/www.baoteng.cc\/de\/wp-json\/wp\/v2\/product"}],"about":[{"href":"https:\/\/www.baoteng.cc\/de\/wp-json\/wp\/v2\/types\/product"}],"replies":[{"embeddable":true,"href":"https:\/\/www.baoteng.cc\/de\/wp-json\/wp\/v2\/comments?post=5261"}],"wp:featuredmedia":[{"embeddable":true,"href":"https:\/\/www.baoteng.cc\/de\/wp-json\/wp\/v2\/media\/5262"}],"wp:attachment":[{"href":"https:\/\/www.baoteng.cc\/de\/wp-json\/wp\/v2\/media?parent=5261"}],"wp:term":[{"taxonomy":"product_brand","embeddable":true,"href":"https:\/\/www.baoteng.cc\/de\/wp-json\/wp\/v2\/product_brand?post=5261"},{"taxonomy":"product_cat","embeddable":true,"href":"https:\/\/www.baoteng.cc\/de\/wp-json\/wp\/v2\/product_cat?post=5261"},{"taxonomy":"product_tag","embeddable":true,"href":"https:\/\/www.baoteng.cc\/de\/wp-json\/wp\/v2\/product_tag?post=5261"}],"curies":[{"name":"wp","href":"https:\/\/api.w.org\/{rel}","templated":true}]}}