{"id":5301,"date":"2025-09-02T07:34:54","date_gmt":"2025-09-02T07:34:54","guid":{"rendered":"https:\/\/baoteng.cc\/?post_type=product&#038;p=5301"},"modified":"2025-09-02T08:02:51","modified_gmt":"2025-09-02T08:02:51","slug":"schwarze-nylon-rollen-fur-garagentorrollen","status":"publish","type":"product","link":"https:\/\/www.baoteng.cc\/de\/product\/schwarze-nylon-rollen-fur-garagentorrollen\/","title":{"rendered":"Nylon Rollen R\u00e4der Garage T\u00fcr Rollen glatt Ersatz schwarzes Nylon Pr\u00e4zisionslager Kohlenstoffstahl Stiel 120mm f\u00fcr 2 Zoll Spur"},"content":{"rendered":"<section style=\"width: 100%;\">\n<header>\n<h1 style=\"font-size: 24px;\">Nylon-Garagentor-Rollen - Glatte und leise Garagentor-R\u00e4der mit Pr\u00e4zisionslagern<\/h1>\n<\/header>\n<p style=\"font-size: 16px;\">Unser <strong>Rollenr\u00e4der aus Nylon<\/strong> bieten eine reibungslose, leise und langlebige Leistung f\u00fcr private und gewerbliche Garagentore. Diese Rollen bestehen aus hochbelastbarem schwarzem Nylon, pr\u00e4zisionsgedichteten Doppellagern und einem korrosionsbest\u00e4ndigen Karbonstahlschaft und gew\u00e4hrleisten maximale Haltbarkeit und eine au\u00dfergew\u00f6hnlich ruhige Fahrt. Mit einer Schaftl\u00e4nge von 120 mm und einem Stangendurchmesser von 11 mm f\u00fcr standardm\u00e4\u00dfige 2-Zoll-Schienen sind sie der perfekte Ersatz f\u00fcr laute oder abgenutzte Rollen. \ud83c\udfe0<\/p>\n<h2 style=\"font-size: 20px;\">Wesentliche Merkmale<\/h2>\n<ul style=\"font-size: 16px;\">\n<li>Material: Schwarzes Nylonrad mit hochfestem Karbonstahlschaft<\/li>\n<li>Pr\u00e4zisionslager: Doppelt abgedichtet, um Schmutz fernzuhalten und eine reibungsarme Leistung zu gew\u00e4hrleisten<\/li>\n<li>Gr\u00f6\u00dfe: 120mm Vorbau, 11mm Stangendurchmesser, geeignet f\u00fcr 2-Zoll-Ketten<\/li>\n<li>Heavy Duty: Entwickelt, um schweren Garagentoren standzuhalten, ohne sich zu verbiegen<\/li>\n<li>OEM- und kundenspezifische Optionen: Erh\u00e4ltlich in kundenspezifischen Abmessungen, Ausf\u00fchrungen und Verpackungen<\/li>\n<li>Rost- und verschlei\u00dffest: Verzinkter Schaft widersteht Korrosion und t\u00e4glichem Verschlei\u00df<\/li>\n<\/ul>\n<h2 style=\"font-size: 20px;\">Warum sollten Sie sich f\u00fcr Nylon-Rollen entscheiden?<\/h2>\n<p style=\"font-size: 16px;\">Herk\u00f6mmliche Stahlwalzen verursachen oft L\u00e4rm und verschlei\u00dfen mit der Zeit die Schienen. Unser <strong>Rollenr\u00e4der aus Nylon<\/strong> reduzieren die Reibung, verl\u00e4ngern die Lebensdauer von Garagentorsystemen und sorgen f\u00fcr einen leiseren Betrieb. Doppelt abgedichtete Lager halten Staub und Schmutz ab und sorgen f\u00fcr einen reibungslosen Betrieb, w\u00e4hrend der Schaft aus Kohlenstoffstahl St\u00e4rke und Korrosionsbest\u00e4ndigkeit garantiert. Diese stark beanspruchten Rollen sind ideal f\u00fcr Wohnh\u00e4user, gewerbliche Garagen und Industrietore mit t\u00e4glichem Betrieb. \ud83d\udd27<\/p>\n<h2 style=\"font-size: 20px;\">Anwendungen<\/h2>\n<ul style=\"font-size: 16px;\">\n<li>Ersatz f\u00fcr laute oder verschlissene Garagentorrollen<\/li>\n<li>Garagentore f\u00fcr Wohngeb\u00e4ude, die einen leisen Betrieb erfordern<\/li>\n<li>Gewerbliche und industrielle Sektionaltore, die eine hohe Belastbarkeit erfordern<\/li>\n<li>Fabrik- oder Lagertore mit hoher Lastanforderung<\/li>\n<li>OEM und Sonderanfertigungen f\u00fcr spezielle Walzenanforderungen<\/li>\n<li>Kompatibel mit Sektional-, Paneel- und Schwingtoren<\/li>\n<\/ul>\n<h2 style=\"font-size: 20px;\">OEM- und Anpassungsdienste<\/h2>\n<p style=\"font-size: 16px;\">Wir sind spezialisiert auf <strong>OEM und kundenspezifische Produktentwicklung<\/strong> von Nylon-Rollenr\u00e4dern. Ganz gleich, ob Sie nicht standardisierte Gr\u00f6\u00dfen, private Beschriftungen oder spezielle Oberfl\u00e4chen ben\u00f6tigen, unser Entwicklungsteam kann Ihre Spezifikationen erf\u00fcllen. Mit \u00fcber 30 Jahren Erfahrung in der Herstellung von Garagentorbeschl\u00e4gen bieten wir H\u00e4ndlern, Bauunternehmen und Industriekunden weltweit ma\u00dfgeschneiderte L\u00f6sungen, die Qualit\u00e4t, Sicherheit und langfristige Leistung gew\u00e4hrleisten. \ud83c\udf0d<\/p>\n<h2 style=\"font-size: 20px;\">Technische Daten<\/h2>\n<table style=\"width: 100%; font-size: 16px; border-collapse: collapse;\" border=\"1\" cellpadding=\"6\">\n<tbody>\n<tr>\n<td><strong>Material der R\u00e4der<\/strong><\/td>\n<td>Schwarzes Nylon<\/td>\n<\/tr>\n<tr>\n<td><strong>Material des Vorbaus<\/strong><\/td>\n<td>Kohlenstoffstahl<\/td>\n<\/tr>\n<tr>\n<td><strong>Stabdurchmesser<\/strong><\/td>\n<td>11mm<\/td>\n<\/tr>\n<tr>\n<td><strong>Vorbau L\u00e4nge<\/strong><\/td>\n<td>120mm<\/td>\n<\/tr>\n<tr>\n<td><strong>Spur Typ<\/strong><\/td>\n<td>2-Zoll-Standardschiene<\/td>\n<\/tr>\n<tr>\n<td><strong>Lager<\/strong><\/td>\n<td>Doppelt abgedichtete Pr\u00e4zisionslager<\/td>\n<\/tr>\n<tr>\n<td><strong>Oberfl\u00e4che<\/strong><\/td>\n<td>Verzinkte, rostfreie Beschichtung<\/td>\n<\/tr>\n<tr>\n<td><strong>Anwendungen<\/strong><\/td>\n<td>Wohnen, Gewerbe, Industrie<\/td>\n<\/tr>\n<tr>\n<td><strong>Leistung<\/strong><\/td>\n<td>Reibungslos, effizient und zuverl\u00e4ssig bei hoher Belastung<\/td>\n<\/tr>\n<\/tbody>\n<\/table>\n<h2 style=\"font-size: 20px;\">Installation und Wartung<\/h2>\n<p style=\"font-size: 16px;\">Die Montage ist einfach: Vorbau auf die Halterung ausrichten, einstecken und befestigen. Diese Rollen passen auf die meisten Standard-2-Zoll-Ketten. Die besten Ergebnisse erzielen Sie, wenn Sie die Schienen alle 6-12 Monate reinigen und schmieren. Dank der abgedichteten Lager ist der Wartungsaufwand im Vergleich zu Stahlrollen minimal, was sie zu einer praktischen und langlebigen L\u00f6sung macht. \ud83d\udee0\ufe0f<\/p>\n<h2 style=\"font-size: 20px;\">Vorteile<\/h2>\n<ul style=\"font-size: 16px;\">\n<li>Verl\u00e4ngert die Lebensdauer Ihres Garagentors und reduziert die Reparaturkosten<\/li>\n<li>Gew\u00e4hrleistet im Vergleich zu Stahlwalzen eine gleichm\u00e4\u00dfige, leise Leistung<\/li>\n<li>Hohe Tragf\u00e4higkeit f\u00fcr gro\u00dfe, schwere T\u00fcren<\/li>\n<li>Widerstandsf\u00e4hig gegen Rost, Verschlei\u00df und Verformung<\/li>\n<li>Anpassbar an die Bed\u00fcrfnisse von OEMs und Wiederverk\u00e4ufern<\/li>\n<li>Schnelle Installation und wartungsarmes Design<\/li>\n<li>Unterst\u00fctzt durch ein globales Vertriebsnetz f\u00fcr H\u00e4ndler<\/li>\n<\/ul>\n<h2 style=\"font-size: 20px;\">Erfahrung in der Industrie<\/h2>\n<p style=\"font-size: 16px;\">Mit jahrzehntelanger Branchenerfahrung stellen wir her <strong>Rollenr\u00e4der aus Nylon<\/strong> die strenge Qualit\u00e4ts- und Leistungsstandards erf\u00fcllen. Dank unserer hauseigenen Konstruktions- und Produktionskapazit\u00e4ten k\u00f6nnen wir kundenspezifische L\u00f6sungen f\u00fcr verschiedene M\u00e4rkte entwickeln und so eine konsistente Versorgung und wettbewerbsf\u00e4hige Leistung sicherstellen. Wenn Sie sich f\u00fcr unsere Walzen entscheiden, profitieren Sie von anpassbaren Optionen, robuster Haltbarkeit und weltweiter Logistikunterst\u00fctzung. \ud83c\udf0d<\/p>\n<h2 style=\"font-size: 20px;\">Schlussfolgerung<\/h2>\n<p style=\"font-size: 16px;\">Unser <strong>Garagentorrollen aus Nylon<\/strong> sind auf Haltbarkeit, leisen Betrieb und lange Lebensdauer ausgelegt. Sie bestehen aus schwarzem Nylon, Pr\u00e4zisionslagern und einem verzinkten Stahlschaft und sind ideal f\u00fcr 2-Zoll-Schienen in Wohn-, Gewerbe- und Industrietoren. OEM-Support und anpassbare L\u00f6sungen garantieren die richtige L\u00f6sung f\u00fcr jedes Projekt. Entscheiden Sie sich f\u00fcr unsere Rollen f\u00fcr zuverl\u00e4ssige, professionelle Leistung. \ud83d\udd27\ud83c\udfe1<\/p>\n<\/section>","protected":false},"excerpt":{"rendered":"<p>Langlebige Nylonrollen f\u00fcr einen reibungslosen und leisen Betrieb des Garagentors. Mit schwarzem Nylon, pr\u00e4zisionsgedichteten Lagern und einem Schaft aus Karbonstahl passen diese 120-mm-Rollen in 2-Zoll-Schienen. Ideal f\u00fcr Ersatz, OEM-Projekte und starke Beanspruchung.<\/p>","protected":false},"featured_media":5302,"comment_status":"open","ping_status":"closed","template":"","meta":{"_acf_changed":false},"product_brand":[],"product_cat":[31],"product_tag":[],"class_list":{"0":"post-5301","1":"product","2":"type-product","3":"status-publish","4":"has-post-thumbnail","6":"product_cat-rollers","8":"first","9":"instock","10":"shipping-taxable","11":"product-type-simple"},"acf":[],"_links":{"self":[{"href":"https:\/\/www.baoteng.cc\/de\/wp-json\/wp\/v2\/product\/5301","targetHints":{"allow":["GET"]}}],"collection":[{"href":"https:\/\/www.baoteng.cc\/de\/wp-json\/wp\/v2\/product"}],"about":[{"href":"https:\/\/www.baoteng.cc\/de\/wp-json\/wp\/v2\/types\/product"}],"replies":[{"embeddable":true,"href":"https:\/\/www.baoteng.cc\/de\/wp-json\/wp\/v2\/comments?post=5301"}],"wp:featuredmedia":[{"embeddable":true,"href":"https:\/\/www.baoteng.cc\/de\/wp-json\/wp\/v2\/media\/5302"}],"wp:attachment":[{"href":"https:\/\/www.baoteng.cc\/de\/wp-json\/wp\/v2\/media?parent=5301"}],"wp:term":[{"taxonomy":"product_brand","embeddable":true,"href":"https:\/\/www.baoteng.cc\/de\/wp-json\/wp\/v2\/product_brand?post=5301"},{"taxonomy":"product_cat","embeddable":true,"href":"https:\/\/www.baoteng.cc\/de\/wp-json\/wp\/v2\/product_cat?post=5301"},{"taxonomy":"product_tag","embeddable":true,"href":"https:\/\/www.baoteng.cc\/de\/wp-json\/wp\/v2\/product_tag?post=5301"}],"curies":[{"name":"wp","href":"https:\/\/api.w.org\/{rel}","templated":true}]}}