{"id":5385,"date":"2025-09-05T03:18:37","date_gmt":"2025-09-05T03:18:37","guid":{"rendered":"https:\/\/baoteng.cc\/?post_type=product&#038;p=5385"},"modified":"2025-09-05T03:29:42","modified_gmt":"2025-09-05T03:29:42","slug":"2-nylon-garagentorrader-gelbe-nylonrolle","status":"publish","type":"product","link":"https:\/\/www.baoteng.cc\/de\/product\/2-nylon-garagentorrader-gelbe-nylonrolle\/","title":{"rendered":"Gelbe Nylon-Rolle mit Lager | Leise 2 Zoll Nylon-Garagentor-R\u00e4der 120mm Schaft Einfacher Ersatz Langlebige Spur Fit"},"content":{"rendered":"<section style=\"width: 100%; font-family: Arial, sans-serif; line-height: 1.6; font-size: 15px; color: #333;\">\n<header>\n<h1 style=\"font-size: 22px; font-weight: bold; text-align: center; margin-bottom: 10px;\">Gelbe Nylon-Rolle mit Lager | 2 Zoll Nylon-Garagentor-R\u00e4der Ersatz<\/h1>\n<\/header>\n<p>Die <strong>Gelbe Nylonrolle mit Lager<\/strong> ist eine erstklassige Beschlagsl\u00f6sung, die f\u00fcr moderne Garagentorsysteme entwickelt wurde und St\u00e4rke, Pr\u00e4zision und leisen Betrieb vereint. Mit einem 2-Zoll-Nylonrad, einem Schaft aus Kohlenstoffstahl und einem integrierten Lager sind diese <strong>Garagentorr\u00e4der aus Nylon<\/strong> sind so konstruiert, dass sie die Reibung reduzieren, die Ger\u00e4uschentwicklung minimieren und eine lange Lebensdauer aufweisen. Mit einem Stangendurchmesser von 11 mm, einer Schaftl\u00e4nge von 120 mm und der Kompatibilit\u00e4t mit 2-Zoll-Standardschienen ist diese Rolle der perfekte Ersatz f\u00fcr private, gewerbliche und industrielle Garagenanwendungen, bei denen Zuverl\u00e4ssigkeit am wichtigsten ist.<\/p>\n<h2 style=\"font-size: 18px; font-weight: bold; margin-top: 20px;\">Hauptmerkmale der gelben Nylonrolle mit Lager<\/h2>\n<ul style=\"margin-left: 20px; list-style: disc;\">\n<li>\u2705 Sanfter und leiser Betrieb: Nylon-Garagentorrad absorbiert Vibrationen und reduziert L\u00e4rm<\/li>\n<li>\u2705 Verst\u00e4rktes Lager: Das Lager aus Kohlenstoffstahl sorgt f\u00fcr Stabilit\u00e4t und eine lange Lebensdauer<\/li>\n<li>\u2705 Universal Fit: 2-Zoll-Rad und 11-mm-Stange f\u00fcr die meisten Standard-Garagensysteme<\/li>\n<li>\u2705 Langer Vorbau: 120mm Stange bietet sicheren Einbau und Spurstabilit\u00e4t<\/li>\n<li>\u2705 Gut sichtbares Gelb: Leicht zu erkennen, modernes und professionelles Aussehen<\/li>\n<li>\u2705 OEM &amp; anpassbare Optionen: Gr\u00f6\u00dfen, Farben und Branding f\u00fcr Gro\u00dfauftr\u00e4ge verf\u00fcgbar<\/li>\n<\/ul>\n<h2 style=\"font-size: 18px; font-weight: bold; margin-top: 20px;\">Technische Daten<\/h2>\n<table style=\"width: 100%; border-collapse: collapse; font-size: 14px; margin-top: 10px;\">\n<tbody>\n<tr style=\"background-color: #f2f2f2; font-weight: bold; text-align: left;\">\n<td style=\"padding: 8px; border: 1px solid #ccc;\">Spezifikation<\/td>\n<td style=\"padding: 8px; border: 1px solid #ccc;\">Einzelheiten<\/td>\n<\/tr>\n<tr>\n<td style=\"padding: 8px; border: 1px solid #ccc;\">Material<\/td>\n<td style=\"padding: 8px; border: 1px solid #ccc;\">Nylon + Kohlenstoffstahl<\/td>\n<\/tr>\n<tr style=\"background-color: #f9f9f9;\">\n<td style=\"padding: 8px; border: 1px solid #ccc;\">Raddurchmesser<\/td>\n<td style=\"padding: 8px; border: 1px solid #ccc;\">2 Zoll<\/td>\n<\/tr>\n<tr>\n<td style=\"padding: 8px; border: 1px solid #ccc;\">Stabdurchmesser<\/td>\n<td style=\"padding: 8px; border: 1px solid #ccc;\">11mm<\/td>\n<\/tr>\n<tr style=\"background-color: #f9f9f9;\">\n<td style=\"padding: 8px; border: 1px solid #ccc;\">L\u00e4nge der Stange<\/td>\n<td style=\"padding: 8px; border: 1px solid #ccc;\">120mm<\/td>\n<\/tr>\n<tr>\n<td style=\"padding: 8px; border: 1px solid #ccc;\">Gr\u00f6\u00dfe der Spur<\/td>\n<td style=\"padding: 8px; border: 1px solid #ccc;\">2-Zoll-Standardschiene<\/td>\n<\/tr>\n<tr style=\"background-color: #f9f9f9;\">\n<td style=\"padding: 8px; border: 1px solid #ccc;\">Farbe<\/td>\n<td style=\"padding: 8px; border: 1px solid #ccc;\">Gelb<\/td>\n<\/tr>\n<tr>\n<td style=\"padding: 8px; border: 1px solid #ccc;\">Anmeldung<\/td>\n<td style=\"padding: 8px; border: 1px solid #ccc;\">Garagentore, Rollladensysteme, Industrie-Schiebeschienen<\/td>\n<\/tr>\n<\/tbody>\n<\/table>\n<h2 style=\"font-size: 18px; font-weight: bold; margin-top: 20px;\">Anwendungen von Nylon-Garagentorr\u00e4dern<\/h2>\n<p>Die <strong>Garagentorr\u00e4der aus Nylon<\/strong> werden aufgrund ihrer L\u00e4rmreduzierung und Langlebigkeit in vielen verschiedenen Umgebungen eingesetzt. Im privaten Bereich sorgen sie f\u00fcr ein ruhiges Garagenerlebnis, das die St\u00f6rung in Vorstadtvierteln minimiert. Im gewerblichen Bereich unterst\u00fctzen sie den reibungslosen Lauf von stark frequentierten Rolltoren und Sektionaltoranlagen. Industrieanlagen, Lagerh\u00e4user und Logistikzentren verlassen sich ebenfalls auf die <strong>Gelbe Nylonrolle mit Lager<\/strong> um sich wiederholende Vorg\u00e4nge zu bew\u00e4ltigen und dabei die Leistung unter anspruchsvollen Bedingungen zu erhalten. Ob f\u00fcr Hausgaragen, Einzelhandelsl\u00e4den oder gro\u00dfe Lagertore, diese Rollen bieten jedes Mal Effizienz und Zuverl\u00e4ssigkeit.<\/p>\n<h2 style=\"font-size: 18px; font-weight: bold; margin-top: 20px;\">Warum ein Upgrade auf gelbe Nylonrollen mit Lager?<\/h2>\n<p>Herk\u00f6mmliche Stahlrollen sind zwar stark, aber laut und f\u00fchren mit der Zeit oft zu Sch\u00e4den an den Schienen. Im Gegensatz dazu ist die <strong>Gelbe Nylonrolle mit Lager<\/strong> sorgt f\u00fcr leise Bewegungen, weniger Vibrationen und eine l\u00e4ngere Lebensdauer. Nylon d\u00e4mpft die Betriebsger\u00e4usche, w\u00e4hrend das Lager aus Karbonstahl f\u00fcr Festigkeit und Stabilit\u00e4t bei schweren Lasten sorgt. Dieses Upgrade verbessert nicht nur den Benutzerkomfort, sondern verhindert auch vorzeitigen Verschlei\u00df und verl\u00e4ngert die Gesamtlebensdauer Ihres Garagentorsystems. Die Wahl von Nylonrollen ist eine kosteneffiziente Verbesserung, die die Leistung erh\u00f6ht und gleichzeitig den Wartungsbedarf reduziert.<\/p>\n<h2 style=\"font-size: 18px; font-weight: bold; margin-top: 20px;\">OEM &amp; anpassbare L\u00f6sungen<\/h2>\n<p>Unser Werk ist auf OEM und kundenspezifische Anpassungen spezialisiert und bietet ma\u00dfgeschneiderte L\u00f6sungen f\u00fcr Distributoren, Gro\u00dfh\u00e4ndler und Eisenwarenmarken. Zu den Optionen geh\u00f6ren verschiedene Radgr\u00f6\u00dfen, Schaftl\u00e4ngen, Lagertypen und Nylonmaterialmischungen f\u00fcr bestimmte Umgebungen. Wir bieten auch kundenspezifische Farben wie Schwarz, Blau, Rot oder transparente Oberfl\u00e4chen an, um das Branding oder die Differenzierung im Einzelhandel zu unterst\u00fctzen. Die Verpackungsanpassung umfasst Blisterverpackungen f\u00fcr den Einzelhandel, Kartons mit Logodruck und Gro\u00dfverpackungen f\u00fcr Gro\u00dfprojekte. Mit jahrelanger OEM-Erfahrung stellen wir sicher, dass jede <strong>Garagentorr\u00e4der aus Nylon<\/strong> Batch erf\u00fcllt die strengen Normen f\u00fcr Ma\u00dfgenauigkeit, Belastbarkeit und Ger\u00e4uschreduzierung und bietet gleichzeitig Flexibilit\u00e4t f\u00fcr die Anpassung an individuelle Kundenanforderungen.<\/p>\n<h2 style=\"font-size: 18px; font-weight: bold; margin-top: 20px;\">Vorteile der Wahl von gelben Nylon-Garagentorr\u00e4dern<\/h2>\n<ul style=\"margin-left: 20px; list-style: disc;\">\n<li>\ud83d\udd27 Langlebige St\u00e4rke: Verst\u00e4rktes Nylon gepaart mit einem Lager aus Kohlenstoffstahl sorgt f\u00fcr eine lange Lebensdauer<\/li>\n<li>\ud83d\udd07 Ger\u00e4uschreduzierung: Ger\u00e4uscharmes Rollen im Vergleich zu Standard-Stahlrollen<\/li>\n<li>\ud83d\udccf Pr\u00e4zisionstechnik: 11mm Stange und 120mm Vorbau passen sicher in 2\u2033 Schienen<\/li>\n<li>\ud83c\udfed Multisektoraler Einsatz: Ideal f\u00fcr Wohn-, Gewerbe- und Industrieanwendungen<\/li>\n<li>\ud83c\udfa8 Hellgelbe Oberfl\u00e4che: Einfache Identifizierung, moderne \u00c4sthetik und professionelle Qualit\u00e4t<\/li>\n<li>\ud83d\udce6 OEM-Anpassung: Ma\u00dfgeschneidertes Branding, Farben und Verpackungsoptionen f\u00fcr Gro\u00dfabnehmer<\/li>\n<\/ul>\n<h2 style=\"font-size: 18px; font-weight: bold; margin-top: 20px;\">Industrieanwendungen und Anwendungsf\u00e4lle<\/h2>\n<p>\ud83c\udfe0 Bei Wohnprojekten ist die <strong>Gelbe Nylon-Garagentor-R\u00e4der<\/strong>\u00a0erh\u00f6ht die Zufriedenheit der Hausbesitzer, indem es die Betriebsger\u00e4usche reduziert und die Lebensdauer der Garagentore verl\u00e4ngert. \ud83c\udfec Einzelhandelsgesch\u00e4fte und Einkaufszentren verwenden diese Rollen in Rolltorsystemen f\u00fcr einen reibungslosen t\u00e4glichen Betrieb und minimale Ausfallzeiten. \ud83d\ude9a Logistiklager und Industrieanlagen sch\u00e4tzen diese Rollen f\u00fcr ihre F\u00e4higkeit, hohe Nutzungsfrequenzen ohne Verschlei\u00df zu bew\u00e4ltigen. Bauherren und Bauunternehmer w\u00e4hlen diese Rollen f\u00fcr neue Bauprojekte, da sie eine zuverl\u00e4ssige, leise und kosteneffiziente L\u00f6sung bieten, die f\u00fcr eine langfristige Leistung geeignet ist.<\/p>\n<h2 style=\"font-size: 18px; font-weight: bold; margin-top: 20px;\">Warum mit uns zusammenarbeiten?<\/h2>\n<p>Mit jahrzehntelanger Erfahrung in der Produktion von Garagenbeschl\u00e4gen stellen wir zuverl\u00e4ssige, anpassbare <strong>Garagentorr\u00e4der aus Nylon<\/strong> f\u00fcr globale M\u00e4rkte. Unsere OEM-Erfahrung gew\u00e4hrleistet, dass wir die Anforderungen von H\u00e4ndlern, Einzelh\u00e4ndlern und Bauzulieferern gleicherma\u00dfen erf\u00fcllen k\u00f6nnen. Jede Rolle wird einer strengen Qualit\u00e4tspr\u00fcfung unterzogen, um Materialintegrit\u00e4t, pr\u00e4zise Abmessungen und Zuverl\u00e4ssigkeit der Lager zu gew\u00e4hrleisten. Durch eine Partnerschaft mit uns erhalten Sie Zugang zu einer konsistenten Versorgung, OEM-Flexibilit\u00e4t und einem starken Produktionspartner, der sich verpflichtet, Ihren langfristigen Erfolg in der Garagenbeschlagbranche zu unterst\u00fctzen.<\/p>\n<h2 style=\"font-size: 18px; font-weight: bold; margin-top: 20px;\">Schlussfolgerung<\/h2>\n<p>Die <strong>Gelbe Nylonrolle mit Lager<\/strong> setzt einen hohen Standard f\u00fcr moderne Garagentorbeschl\u00e4ge. Sein 2-Zoll-Nylonrad, der 120-mm-Schaft und die 11-mm-Stange passen nahtlos in die meisten 2-Zoll-Schienensysteme und machen ihn zu einer idealen Ersatzoption. Mit seiner ger\u00e4uscharmen Leistung, Langlebigkeit und OEM-Anpassung ist er die erste Wahl f\u00fcr Hausbesitzer, Bauunternehmer und H\u00e4ndler. Durch die Wahl dieser <strong>Garagentorr\u00e4der aus Nylon<\/strong>, investieren Sie in eine geringere L\u00e4rmbelastung, eine l\u00e4ngere Lebensdauer des Produkts und eine reibungslosere Bewegung des Garagentors \u00fcber Jahre hinweg.<\/p>\n<\/section>","protected":false},"excerpt":{"rendered":"<p>Premium Blue Nylon Roller mit Lager, leise 2\u2033 Garagentor R\u00e4der mit 120mm Schaft und 11mm Stange. Passt 2\u2033 Spur f\u00fcr glatte Garagentor Ersatz. Langlebige Kohlenstoffstahlkern, OEM und anpassbare Optionen f\u00fcr private und gewerbliche Nutzung.<\/p>","protected":false},"featured_media":5386,"comment_status":"open","ping_status":"closed","template":"","meta":{"_acf_changed":false},"product_brand":[],"product_cat":[31],"product_tag":[],"class_list":{"0":"post-5385","1":"product","2":"type-product","3":"status-publish","4":"has-post-thumbnail","6":"product_cat-rollers","8":"first","9":"instock","10":"shipping-taxable","11":"product-type-simple"},"acf":[],"_links":{"self":[{"href":"https:\/\/www.baoteng.cc\/de\/wp-json\/wp\/v2\/product\/5385","targetHints":{"allow":["GET"]}}],"collection":[{"href":"https:\/\/www.baoteng.cc\/de\/wp-json\/wp\/v2\/product"}],"about":[{"href":"https:\/\/www.baoteng.cc\/de\/wp-json\/wp\/v2\/types\/product"}],"replies":[{"embeddable":true,"href":"https:\/\/www.baoteng.cc\/de\/wp-json\/wp\/v2\/comments?post=5385"}],"wp:featuredmedia":[{"embeddable":true,"href":"https:\/\/www.baoteng.cc\/de\/wp-json\/wp\/v2\/media\/5386"}],"wp:attachment":[{"href":"https:\/\/www.baoteng.cc\/de\/wp-json\/wp\/v2\/media?parent=5385"}],"wp:term":[{"taxonomy":"product_brand","embeddable":true,"href":"https:\/\/www.baoteng.cc\/de\/wp-json\/wp\/v2\/product_brand?post=5385"},{"taxonomy":"product_cat","embeddable":true,"href":"https:\/\/www.baoteng.cc\/de\/wp-json\/wp\/v2\/product_cat?post=5385"},{"taxonomy":"product_tag","embeddable":true,"href":"https:\/\/www.baoteng.cc\/de\/wp-json\/wp\/v2\/product_tag?post=5385"}],"curies":[{"name":"wp","href":"https:\/\/api.w.org\/{rel}","templated":true}]}}