{"id":5663,"date":"2025-09-11T01:58:25","date_gmt":"2025-09-11T01:58:25","guid":{"rendered":"https:\/\/baoteng.cc\/?post_type=product&#038;p=5663"},"modified":"2025-09-11T02:23:13","modified_gmt":"2025-09-11T02:23:13","slug":"kugelgelagerte-nylon-rollen-fur-die-garage","status":"publish","type":"product","link":"https:\/\/www.baoteng.cc\/de\/product\/kugelgelagerte-nylon-rollen-fur-die-garage\/","title":{"rendered":"6200RS Ball Bearing Roller Nylon R\u00e4der f\u00fcr Garagentore 2\u2033 Precision Track Rollers Durable Garage T\u00fcr Hardware-Ersatz"},"content":{"rendered":"<section style=\"width: 100%; font-family: Arial, sans-serif; line-height: 1.6; color: #333;\">\n<header>\n<h1 style=\"font-size: 22px; font-weight: bold; color: #222;\">6200RS Pr\u00e4zisions-Garagentorrollen mit versiegelten Lagern - 4-Zoll-Stahlr\u00e4der - (7er-Pack) f\u00fcr den gewerblichen Einsatz - 13 kugelgelagerte Rollen - leises, glattes Paket mit abnehmbarem Stiel<\/h1>\n<\/header>\n<p>Wenn Sie auf der Suche nach zuverl\u00e4ssigen und langlebigen Garagentor-Kugellagerrollen sind, dann ist die 6200RS Pr\u00e4zisionsrolle mit abgedichtetem 2\u2033-Lager eine der besten. Die hochwertigen Nylon-R\u00e4der und die Hochleistungs-Kohlenstoffstahlwelle sind von professioneller Qualit\u00e4t, industrieller St\u00e4rke und bieten eine jahrelange Lebensdauer; ideal f\u00fcr private und gewerbliche Garagentorsysteme. \u2699\ufe0f\ud83d\udeaa<\/p>\n<h2 style=\"font-size: 18px; margin-top: 20px; color: #444;\">Wichtige Spezifikationen \ud83d\udcd0<\/h2>\n<table style=\"width: 100%; border-collapse: collapse; font-size: 14px; margin-top: 10px;\">\n<tbody>\n<tr style=\"font-weight: bold; text-align: center;\">\n<td style=\"border: 1px solid #ccc; padding: 8px;\">Parameter<\/td>\n<td style=\"border: 1px solid #ccc; padding: 8px;\">Einzelheiten<\/td>\n<\/tr>\n<tr>\n<td style=\"border: 1px solid #ccc; padding: 8px;\">Lager Typ<\/td>\n<td style=\"border: 1px solid #ccc; padding: 8px;\">6200RS Pr\u00e4zisionsgedichtetes Kugellager<\/td>\n<\/tr>\n<tr>\n<td style=\"border: 1px solid #ccc; padding: 8px;\">Material der R\u00e4der<\/td>\n<td style=\"border: 1px solid #ccc; padding: 8px;\">Nylon - leise, langlebig, sto\u00dffest<\/td>\n<\/tr>\n<tr>\n<td style=\"border: 1px solid #ccc; padding: 8px;\">Material der Stange<\/td>\n<td style=\"border: 1px solid #ccc; padding: 8px;\">Kohlenstoffstahl, mit korrosionsbest\u00e4ndiger Oberfl\u00e4che<\/td>\n<\/tr>\n<tr>\n<td style=\"border: 1px solid #ccc; padding: 8px;\">Stabdurchmesser<\/td>\n<td style=\"border: 1px solid #ccc; padding: 8px;\">11 mm (\u22480,43\u2033)<\/td>\n<\/tr>\n<tr>\n<td style=\"border: 1px solid #ccc; padding: 8px;\">L\u00e4nge der Stange<\/td>\n<td style=\"border: 1px solid #ccc; padding: 8px;\">195 mm (\u22487,68\u2033)<\/td>\n<\/tr>\n<tr>\n<td style=\"border: 1px solid #ccc; padding: 8px;\">Track-Kompatibilit\u00e4t<\/td>\n<td style=\"border: 1px solid #ccc; padding: 8px;\">Passt auf 2\u2033 vertikale Schiene f\u00fcr Standard-Sektionaltore<\/td>\n<\/tr>\n<tr>\n<td style=\"border: 1px solid #ccc; padding: 8px;\">Anwendungen<\/td>\n<td style=\"border: 1px solid #ccc; padding: 8px;\">Kompatibel mit den meisten Marken von privaten, gewerblichen und industriellen Garagentoren<\/td>\n<\/tr>\n<\/tbody>\n<\/table>\n<h2 style=\"font-size: 18px; margin-top: 20px; color: #444;\">Herausragende Leistung \ud83d\ude80<\/h2>\n<p>Diese kugelgelagerten Rollen haben ein abgedichtetes Lager mit der Teilenummer 6200RS, das die Reibung reduziert, um die beste Rolle zu erhalten und zu verhindern, dass Schmutz, Staub und Feuchtigkeit in den Mechanismus gelangen. Dies wird das Tor nicht sch\u00fctteln und haben glattere gleiten, mindestens 100.000 Mal der Nutzung. Die Nylon-Garagentor-R\u00e4der sind f\u00fcr leisen Betrieb und lang anhaltende Leistung ausgelegt und sie k\u00f6nnen verhindern, dass Ihre T\u00fcren von viel L\u00e4rm zu schaffen und reduzieren den Verschlei\u00df der Spur des Tores, perfekt f\u00fcr den Heimgebrauch, wo Sie nicht wollen, unn\u00f6tigen L\u00e4rm.<\/p>\n<h2 style=\"font-size: 18px; margin-top: 20px; color: #444;\">Langlebigkeit und Materialien \ud83d\udee0\ufe0f<\/h2>\n<p>Die Walze ist mit einer hochbelastbaren Karbonstahlwelle ausgestattet, die f\u00fcr St\u00e4rke und Langlebigkeit im Dauereinsatz sorgt. Das hochwertige Nylonrad erzeugt au\u00dferdem wenig Ger\u00e4usche, so dass es selbst bei einer schweren Last, wie z. B. einem Garagentor, noch weniger belastet wird. In Kombination sorgen die Materialien f\u00fcr lang anhaltende Zuverl\u00e4ssigkeit, weniger vorbeugende Wartung und mehr Sicherheit bei allen Arten von Garagentoren.<\/p>\n<h2 style=\"font-size: 18px; margin-top: 20px; color: #444;\">OEM und anpassbare L\u00f6sungen \ud83c\udfed.<\/h2>\n<p>Wir bieten OEM- und kundenspezifische Produkte f\u00fcr die Garagentorbeschlagsbranche. Ganz gleich, ob Sie eine gro\u00dfe Menge an Komponenten f\u00fcr Ihren Fertigungsprozess, eine bestimmte Gr\u00f6\u00dfe, Farbe oder sogar eine Verpackung f\u00fcr Ihre eigene Marke ben\u00f6tigen, unser Ingenieurteam kann Ihnen ma\u00dfgeschneiderte L\u00f6sungen anbieten. Dank unserer langj\u00e4hrigen Erfahrung in der Branche k\u00f6nnen wir verschiedene M\u00e4rkte bedienen, von typischen Wohngeb\u00e4uden bis hin zu schweren industriellen und gewerblichen Toranwendungen. Spezielle Logodrucke, spezielle Lackierungen, spezielle Lager usw. k\u00f6nnen auch in der Produktion entsprechend Ihren spezifischen Projektanforderungen kombiniert werden.<\/p>\n<h2 style=\"font-size: 18px; margin-top: 20px; color: #444;\">Anwendungen \ud83d\udccb.<\/h2>\n<ul style=\"margin-left: 20px; list-style: disc;\">\n<li>Garagen-Sektionaltore f\u00fcr Wohngeb\u00e4ude<\/li>\n<li>Gewerbliche Rolltore<\/li>\n<li>Industrielle Sektionaltore<\/li>\n<li>Schwerlast-Garagensysteme f\u00fcr Lagerhallen<\/li>\n<\/ul>\n<h2 style=\"font-size: 18px; margin-top: 20px; color: #444;\">Warum sollten Sie unsere kugelgelagerten Rollen kaufen? \ud83d\udca1<\/h2>\n<p>\u2705 Pr\u00e4zision 6200RS abgedichtete Kugellager<br \/>\n\u2705 Nylon-Garagentorrollen leise und sanft, kein L\u00e4rm und keine Vibrationen<br \/>\n\u2705 Robuster Schaft aus Kohlenstoffstahl, Durchmesser 11mm x 195mm L\u00e4nge<br \/>\n\u2705 Fertig montiert f\u00fcr Ihre Standard-2\u2033-Schienen<br \/>\n\u2705 Werkseitige und anpassbare Optionen sowie Verf\u00fcgbarkeit in gro\u00dfen Mengen<br \/>\n\u2705 Nachgewiesene Leistung unter sehr hohen Lastbedingungen<\/p>\n<h2 style=\"font-size: 18px; margin-top: 20px; color: #444;\">Schlussfolgerung \ud83d\udd27<\/h2>\n<p>Die 6200RS ist eine versiegelte kugelgelagerte Rolle mit Nylonreifen und ist eine ausgezeichnete Option f\u00fcr Hausbesitzer und Fachleute in der Industrie sowie f\u00fcr OEM-Hersteller. Mit pr\u00e4zisionsgefertigten Kugellagern und einem hochfesten, gestanzten Stahlrahmen ist diese Rolle eine ideale Wahl f\u00fcr jeden Garagentoreinsatz. Ganz gleich, ob Sie ein altes System aufr\u00fcsten oder ein neues System zusammenstellen, dieser Artikel bietet Langlebigkeit, Schnelligkeit und Qualit\u00e4t.<\/p>\n<\/section>","protected":false},"excerpt":{"rendered":"<p>R\u00fcsten Sie Garagentore mit 6200RS Pr\u00e4zisionskugellagerrollen und Nylonr\u00e4dern f\u00fcr Garagentore auf. Konzipiert f\u00fcr 2\u2033 Schienen mit 11mm x 195mm Kohlenstoffstahlstange, langlebiges Nylon, reibungsloser Betrieb, OEM anpassbar.<\/p>","protected":false},"featured_media":5664,"comment_status":"open","ping_status":"closed","template":"","meta":{"_acf_changed":false},"product_brand":[],"product_cat":[31],"product_tag":[],"class_list":{"0":"post-5663","1":"product","2":"type-product","3":"status-publish","4":"has-post-thumbnail","6":"product_cat-rollers","8":"first","9":"instock","10":"shipping-taxable","11":"product-type-grouped"},"acf":[],"_links":{"self":[{"href":"https:\/\/www.baoteng.cc\/de\/wp-json\/wp\/v2\/product\/5663","targetHints":{"allow":["GET"]}}],"collection":[{"href":"https:\/\/www.baoteng.cc\/de\/wp-json\/wp\/v2\/product"}],"about":[{"href":"https:\/\/www.baoteng.cc\/de\/wp-json\/wp\/v2\/types\/product"}],"replies":[{"embeddable":true,"href":"https:\/\/www.baoteng.cc\/de\/wp-json\/wp\/v2\/comments?post=5663"}],"wp:featuredmedia":[{"embeddable":true,"href":"https:\/\/www.baoteng.cc\/de\/wp-json\/wp\/v2\/media\/5664"}],"wp:attachment":[{"href":"https:\/\/www.baoteng.cc\/de\/wp-json\/wp\/v2\/media?parent=5663"}],"wp:term":[{"taxonomy":"product_brand","embeddable":true,"href":"https:\/\/www.baoteng.cc\/de\/wp-json\/wp\/v2\/product_brand?post=5663"},{"taxonomy":"product_cat","embeddable":true,"href":"https:\/\/www.baoteng.cc\/de\/wp-json\/wp\/v2\/product_cat?post=5663"},{"taxonomy":"product_tag","embeddable":true,"href":"https:\/\/www.baoteng.cc\/de\/wp-json\/wp\/v2\/product_tag?post=5663"}],"curies":[{"name":"wp","href":"https:\/\/api.w.org\/{rel}","templated":true}]}}