{"id":5784,"date":"2025-09-12T02:40:14","date_gmt":"2025-09-12T02:40:14","guid":{"rendered":"https:\/\/baoteng.cc\/?post_type=product&#038;p=5784"},"modified":"2025-09-12T08:17:01","modified_gmt":"2025-09-12T08:17:01","slug":"edelstahlscharnier-garagentor-mittelscharnier","status":"publish","type":"product","link":"https:\/\/www.baoteng.cc\/de\/product\/edelstahlscharnier-garagentor-mittelscharnier\/","title":{"rendered":"Industrial Door Hardware Center Hinge Connector | Heavy Duty Garage Door Center Hinge Edelstahl Scharnier Hersteller"},"content":{"rendered":"<section style=\"width: 100%; font-family: Arial,Helvetica,sans-serif; line-height: 1.6; color: #333;\">\n<header>\n<h1>Industrial Door Hardware Center Hinge Connector \ud83d\udd29 Heavy Duty Garage Door Center Hinge 304# Stainless Steel Hinge<\/h1>\n<\/header>\n<p>Die <strong style=\"color: #c00;\">Garagentor-Mittelscharnier<\/strong> ist ein wichtiger Bestandteil der heutigen T\u00fcrbeschlagsysteme und seine Funktion garantiert die Sicherheit und Haltbarkeit Ihrer T\u00fcren. Dieses nach Industriestandards konstruierte Schwerlastscharnier ist so gebaut, dass es jahrelang f\u00fcr Garagentorsektionen, gewerbliche Tore, Industrietore und Wohnungst\u00fcren, die Unterst\u00fctzung f\u00fcr schwer belastete T\u00fcren ben\u00f6tigen, eingesetzt werden kann. Gefertigt aus hochwertigem <strong style=\"color: #0066cc;\">Scharnier aus rostfreiem Stahl<\/strong> Das Material bietet eine hervorragende Best\u00e4ndigkeit gegen Korrosion, starke St\u00f6\u00dfe und Abrieb sowie eine l\u00e4ngere Lebensdauer bei starker Beanspruchung. Erh\u00e4ltlich in einer St\u00e4rke von 2,0 mm und in drei verschiedenen Oberfl\u00e4chen, um maximale Vielseitigkeit f\u00fcr individuelle Installationsanforderungen und strukturelle \u00dcberlegungen zu bieten.<\/p>\n<p>Mit \u00fcber 20 Jahren Branchenerfahrung \ud83c\udfed konzentriert sich unser Fertigungs-Know-how nicht nur auf die Herstellung hochwertiger Standardscharniere, sondern auch auf OEM- und kundenspezifische Scharnierl\u00f6sungen. Ganz gleich, ob es um Gr\u00f6\u00dfe, Lackfarbe, Stil, Material oder Oberfl\u00e4chenbeschaffenheit oder -behandlung geht, wir verf\u00fcgen \u00fcber Verfahren, mit denen wir unsere Kunden bei jedem erdenklichen Design unterst\u00fctzen k\u00f6nnen. In Kombination mit CNC-Fr\u00e4s-, Stanz- und Poliertechnik wird jedes Scharnierteil mit Pr\u00e4zision, Best\u00e4ndigkeit und langlebiger Qualit\u00e4t hergestellt.<\/p>\n<h2>\u2728 Garagentor-Mittelscharnier Merkmale<\/h2>\n<ul>\n<li>\u2705 Hergestellt aus 304# <span style=\"color: #0066cc; font-weight: bold;\">Scharnier aus rostfreiem Stahl<\/span> Material f\u00fcr ultimative Langlebigkeit.<\/li>\n<li>\u2705 Verschiedene Dicken: 2,0 mm, um verschiedene strukturelle Anforderungen zu erf\u00fcllen.<\/li>\n<li>\u2705 Gebaut f\u00fcr den harten Einsatz mit zuverl\u00e4ssiger Leistung bei h\u00e4ufigen \u00d6ffnungs-\/Schlie\u00dfzyklen.<\/li>\n<li>OEM- und ODM-Anpassung mit Branding und technischer Unterst\u00fctzung m\u00f6glich.<\/li>\n<li>Rostfreie und korrosionsbest\u00e4ndige Oberfl\u00e4che, ideal f\u00fcr feuchte Umgebungen oder den Au\u00dfenbereich.<\/li>\n<li>\u2705 Verdecktes Mittelscharnier f\u00fcr reibungslose Zentrierung und saubere Ausrichtung der T\u00fcr.<\/li>\n<\/ul>\n<h2>\ud83d\udd27 Schwerlast-Garagentor-Mittelscharnier Verwendungszwecke<\/h2>\n<p>Diese <strong style=\"color: #c00;\">Garagentor-Mittelscharnier<\/strong> wird h\u00e4ufig in Industrielagern, Gesch\u00e4ftsgeb\u00e4uden, Autoh\u00e4usern, Logistikzentren und privaten Garagen eingesetzt. Die verdeckte Scharnierkonstruktion erh\u00f6ht die Sicherheit und verleiht der Torstruktur Eleganz. Das Material aus rostfreiem Stahl gew\u00e4hrleistet eine zuverl\u00e4ssige Leistung auch unter rauen klimatischen Bedingungen \ud83c\udf27\ufe0f\u2744\ufe0f\u2600\ufe0f. Aufgrund seiner hohen Festigkeit ist das Scharnier auch f\u00fcr \u00fcbergro\u00dfe Garagentore und schwere Sektionaltore geeignet.<\/p>\n<h2>\ud83d\udca1 Warum ist Scharniermaterial aus Edelstahl am besten?<\/h2>\n<p>Im Vergleich zu herk\u00f6mmlichen Eisen- und verzinkten Scharnieren ist ein <strong style=\"color: #0066cc;\">Scharnier aus rostfreiem Stahl<\/strong> bietet hervorragende Rostbest\u00e4ndigkeit, Regenfestigkeit und lange Haltbarkeit. Es garantiert eine reibungslose T\u00fcrfunktion bei minimalem Wartungsaufwand und bietet gleichzeitig eine hervorragende mechanische Festigkeit. Dadurch kann das Scharnier h\u00e4ufigen Betriebszyklen standhalten, ohne durchzuh\u00e4ngen, sich zu verziehen oder vorzeitig zu verschlei\u00dfen.<\/p>\n<h2>\ud83d\udee0\ufe0f OEM- und Anpassungsf\u00e4higkeiten<\/h2>\n<p>Jedes Projekt hat seine eigenen Bed\u00fcrfnisse, und wir bieten eine gro\u00dfe Auswahl an <span style=\"color: #008000; font-weight: bold;\">OEM- und kundenspezifische L\u00f6sungen<\/span> zur Unterst\u00fctzung von Marken und H\u00e4ndlern:<\/p>\n<ul>\n<li>\u2699\ufe0f Kundenspezifische Dicken, Lochmuster und Gr\u00f6\u00dfen.<\/li>\n<li>\u2699\ufe0f Oberfl\u00e4chenbehandlungen wie Pulverbeschichtung, Verzinkung oder Polieren.<\/li>\n<li>\u2699\ufe0f Logo-Pr\u00e4gung oder Gravur f\u00fcr Markenidentit\u00e4t.<\/li>\n<li>\u2699\ufe0f Kundenspezifische Verpackungen: Markenkartons, Polybeutel, Kartons, etc.<\/li>\n<li>\u2699\ufe0f Umfassende technische Unterst\u00fctzung f\u00fcr Prototypen und Massenproduktion.<\/li>\n<\/ul>\n<h2>\ud83d\udcca Technische Daten<\/h2>\n<table style=\"border-collapse: collapse; width: 100%; text-align: center;\" border=\"1\" cellspacing=\"0\" cellpadding=\"6\">\n<tbody>\n<tr style=\"font-weight: bold; background: #f5f5f5;\">\n<td>Produktname<\/td>\n<td>Industrielle T\u00fcrbeschl\u00e4ge Mittelscharnierverbinder<\/td>\n<\/tr>\n<tr>\n<td>Material<\/td>\n<td>Hochwertiger Edelstahl<\/td>\n<\/tr>\n<tr>\n<td>Dicken-Optionen<\/td>\n<td>2,0 mm<\/td>\n<\/tr>\n<tr>\n<td>Anmeldung<\/td>\n<td>Garagentore, Sektionaltore, Industrietore<\/td>\n<\/tr>\n<tr>\n<td>Oberfl\u00e4che<\/td>\n<td>Poliert \/ Verzinkt \/ Kundenspezifisch<\/td>\n<\/tr>\n<tr>\n<td>OEM\/ODM<\/td>\n<td>Verf\u00fcgbar<\/td>\n<\/tr>\n<\/tbody>\n<\/table>\n<h2>\ud83c\udf0d Globale Fertigungsstandards<\/h2>\n<p>Unsere Produktionsst\u00e4tte ist nach ISO9001 zertifiziert und folgt strengen Qualit\u00e4tsmanagementsystemen. Jede <strong style=\"color: #0066cc;\">Scharnier aus rostfreiem Stahl<\/strong> wird in Bezug auf Festigkeit, Haltbarkeit und Korrosion nach internationalen Standards gepr\u00fcft. Fortschrittliche Stanz-, Pr\u00e4zisionsschwei\u00df- und Polierverfahren garantieren Scharnierverbindungen von Weltklasse.<\/p>\n<h2>\ud83e\uddea Haltbarkeitspr\u00fcfung und Qualit\u00e4tskontrolle<\/h2>\n<p>Alle <strong style=\"color: #c00;\">Garagentor-Mittelscharnier<\/strong> wird auf Belastbarkeit, Zyklusleistung und Salzspr\u00fchnebelbest\u00e4ndigkeit getestet. Unser strenger Inspektionsprozess umfasst Kontrollen des Rohmaterials, die \u00dcberwachung w\u00e4hrend des Prozesses und die \u00dcberpr\u00fcfung des Endprodukts, um gleichbleibende Qualit\u00e4t und langfristige Zuverl\u00e4ssigkeit zu gew\u00e4hrleisten.<\/p>\n<h2>\ud83d\ude80 Vorteile der Zusammenarbeit mit uns<\/h2>\n<ul>\n<li>\ud83c\udf1f \u00dcber 20 Jahre Erfahrung in der Herstellung von T\u00fcrbeschl\u00e4gen.<\/li>\n<li>OEM- und ODM-L\u00f6sungen, die f\u00fcr globale Marken und H\u00e4ndler ma\u00dfgeschneidert sind.<\/li>\n<li>\ud83c\udf1f Flexibles MOQ, um sowohl Gro\u00df- als auch Kleinauftr\u00e4ge zu unterst\u00fctzen.<\/li>\n<li>\ud83c\udf1f Wettbewerbsf\u00e4hige Preise durch schlanke Produktionsmethoden.<\/li>\n<li>\ud83c\udf1f Professionelle technische Unterst\u00fctzung f\u00fcr individuelle Scharnierkonstruktionen.<\/li>\n<\/ul>\n<h2>\ud83d\udcc8 Einblicke in die Industrie<\/h2>\n<p>Die Nachfrage nach zuverl\u00e4ssigen und dauerhaften <strong style=\"color: #c00;\">Garagentor-Mittelscharnier<\/strong> Teile nimmt zu, da die Industrie automatisierte und hochbelastbare T\u00fcrsysteme einsetzt. Eine Pr\u00e4mie <strong style=\"color: #0066cc;\">Scharnier aus rostfreiem Stahl<\/strong> senkt die Wartungskosten und steigert gleichzeitig die betriebliche Effizienz. Logistikzentren, Kfz-Werkst\u00e4tten und Lagerh\u00e4user verlassen sich in hohem Ma\u00dfe auf langlebige Scharniere, w\u00e4hrend Hausbesitzer eine reibungslosere und leisere Leistung ihrer Garagentore genie\u00dfen.<\/p>\n<h2>\ud83c\udf31 Verantwortung f\u00fcr die Umwelt<\/h2>\n<p>Wir verpflichten uns zu nachhaltigen Produktionsverfahren. Unser <span style=\"color: #008000; font-weight: bold;\">Scharniere aus rostfreiem Stahl<\/span> sind vollst\u00e4ndig recycelbar und werden mit energiesparenden Verfahren hergestellt. Zu den Verpackungsoptionen geh\u00f6ren recycelbare Materialien, die globale Nachhaltigkeitsziele und umweltbewusste Gesch\u00e4ftspraktiken unterst\u00fctzen.<\/p>\n<h2>\u2705 Schlussfolgerung<\/h2>\n<p>Die <strong style=\"color: #c00;\">Garagentor-Mittelscharnier<\/strong> ist ein wesentlicher Bestandteil eines jeden Industrie- oder Wohntorsystems. Mit \u00fcberlegener <strong style=\"color: #0066cc;\">Scharnier aus rostfreiem Stahl<\/strong> Materialien, OEM-Anpassung und \u00fcber 20 Jahre Erfahrung liefern wir Scharniere, die die Erwartungen an Haltbarkeit, Sicherheit und Leistung \u00fcbertreffen. Entscheiden Sie sich f\u00fcr unsere zentralen Scharnierverbinder f\u00fcr Industrietore, um eine lange Lebensdauer, erstklassige Qualit\u00e4t und einen zuverl\u00e4ssigen Betrieb der T\u00fcrsysteme zu gew\u00e4hrleisten. \ud83d\udd27\ud83d\udeaa<\/p>\n<\/section>","protected":false},"excerpt":{"rendered":"<p>Entdecken Sie Schwerlast <strong data-start=\"401\" data-end=\"429\">Garagentor-Mittelscharnier<\/strong> L\u00f6sungen mit langlebigen <strong data-start=\"453\" data-end=\"478\">Scharnier aus rostfreiem Stahl<\/strong> Konstruktion. OEM- und anpassbare Optionen sind von spezialisierten Herstellern erh\u00e4ltlich und sorgen f\u00fcr eine lang anhaltende Leistung der Industrietorbeschl\u00e4ge.<\/p>","protected":false},"featured_media":5840,"comment_status":"open","ping_status":"closed","template":"","meta":{"_acf_changed":false},"product_brand":[],"product_cat":[34],"product_tag":[],"class_list":{"0":"post-5784","1":"product","2":"type-product","3":"status-publish","4":"has-post-thumbnail","6":"product_cat-hinges","8":"first","9":"instock","10":"shipping-taxable","11":"product-type-simple"},"acf":[],"_links":{"self":[{"href":"https:\/\/www.baoteng.cc\/de\/wp-json\/wp\/v2\/product\/5784","targetHints":{"allow":["GET"]}}],"collection":[{"href":"https:\/\/www.baoteng.cc\/de\/wp-json\/wp\/v2\/product"}],"about":[{"href":"https:\/\/www.baoteng.cc\/de\/wp-json\/wp\/v2\/types\/product"}],"replies":[{"embeddable":true,"href":"https:\/\/www.baoteng.cc\/de\/wp-json\/wp\/v2\/comments?post=5784"}],"wp:featuredmedia":[{"embeddable":true,"href":"https:\/\/www.baoteng.cc\/de\/wp-json\/wp\/v2\/media\/5840"}],"wp:attachment":[{"href":"https:\/\/www.baoteng.cc\/de\/wp-json\/wp\/v2\/media?parent=5784"}],"wp:term":[{"taxonomy":"product_brand","embeddable":true,"href":"https:\/\/www.baoteng.cc\/de\/wp-json\/wp\/v2\/product_brand?post=5784"},{"taxonomy":"product_cat","embeddable":true,"href":"https:\/\/www.baoteng.cc\/de\/wp-json\/wp\/v2\/product_cat?post=5784"},{"taxonomy":"product_tag","embeddable":true,"href":"https:\/\/www.baoteng.cc\/de\/wp-json\/wp\/v2\/product_tag?post=5784"}],"curies":[{"name":"wp","href":"https:\/\/api.w.org\/{rel}","templated":true}]}}