{"id":5905,"date":"2025-09-15T01:07:19","date_gmt":"2025-09-15T01:07:19","guid":{"rendered":"https:\/\/baoteng.cc\/?post_type=product&#038;p=5905"},"modified":"2025-09-15T01:30:34","modified_gmt":"2025-09-15T01:30:34","slug":"schwerlast-garagentorscharnier-torrandscharnier","status":"publish","type":"product","link":"https:\/\/www.baoteng.cc\/de\/product\/schwerlast-garagentorscharnier-torrandscharnier\/","title":{"rendered":"Heavy Duty Garagentor Scharnier 14 Gauge Steel #6 Residential Light Commercial Replacement Gate Edge Hinge"},"content":{"rendered":"<section style=\"font-family: Arial,sans-serif; line-height: 1.6; color: #333;\">\n<header>\n<h1 style=\"color: #1e90ff;\">\ud83d\udd29 Heavy Duty Garagentorscharnier - Torscharniere 14 Gauge Steel #6 mit verzinkter Oberfl\u00e4che<\/h1>\n<p style=\"font-size: 1rem;\">F\u00fcr Wohnzwecke oder leichte gewerbliche Nutzung<\/p>\n<\/header>\n<p>\ud83d\udeaa\u2699\ufe0f Die <strong style=\"color: #ff4500;\">Schwerlast-Garagentorscharnier<\/strong>\u00a0ist eines der wichtigsten Teile in einem Garagen-Sektionaltor und bietet einen stabilen Halt und einen einfachen Drehpunkt f\u00fcr Ihre dritte Platte. Dieses langlebige Scharnier aus 1,8 mm dickem, verzinktem Stahl ist hochbelastbar und bietet eine au\u00dfergew\u00f6hnliche Festigkeit und Rostbest\u00e4ndigkeit, was es zu einer hervorragenden Option f\u00fcr den privaten und leicht kommerziellen Gebrauch macht, die jahrzehntelang h\u00e4lt.<\/p>\n<p>Dieses hochbelastbare Garagentorscharnier #6 eignet sich ideal f\u00fcr den Einsatz in Wohnh\u00e4usern, in der Industrie und in leichten Gewerbebetrieben. Es h\u00e4lt die T\u00fcren in der richtigen Ausrichtung und tr\u00e4gt das Gewicht der Walze oder der Torfl\u00fcgel. Die verzinkte Oberfl\u00e4che sch\u00fctzt vor Korrosion und Witterungseinfl\u00fcssen und eignet sich daher perfekt f\u00fcr K\u00fcstengebiete oder Gebiete mit hoher Luftfeuchtigkeit. Ob Sie ein neues Tor bauen oder alte, abgenutzte Scharniere ersetzen, dieses Scharnier bietet un\u00fcbertroffene Qualit\u00e4t und Leistung.<\/p>\n<header>\n<h2 style=\"color: #32cd32;\">\ud83c\udf1f Hauptmerkmale<\/h2>\n<\/header>\n<ul>\n<li>14 Gauge (1,8 mm) verzinkter Stahl, der niemals durchh\u00e4ngt oder rostet<\/li>\n<li>\u2705 Inklusive langlebiger 8 x 1\/4\u2033 verzinkter Sechskantschrauben; f\u00fcr T\u00fcren bis zu 2\u2033 Dicke<\/li>\n<li>\u2705 Langlebige verzinkte Oberfl\u00e4che verhindert Korrosion und sorgt f\u00fcr eine lange Nutzungsdauer<\/li>\n<li>\u2705 Verbessert die Ausrichtung der T\u00fcrfl\u00fcgel und die Leichtg\u00e4ngigkeit der Rollen<\/li>\n<li>OEM- und kundenspezifische Optionen - Dicke, Lochmuster, Branding, Oberfl\u00e4chen; schneller Einbau und Austausch f\u00fcr weniger Ausfallzeiten des Installateurs<\/li>\n<li>\u2705 Konservierungsmittel f\u00fcr Anwendungen bei hoher Luftfeuchtigkeit oder in K\u00fcstengebieten<\/li>\n<\/ul>\n<header>\n<h2 style=\"color: #32cd32;\">\ud83d\udd0e Produkt\u00fcbersicht<\/h2>\n<\/header>\n<p>Das hochbelastbare Garagentorscharnier #6 an der dritten Platte von Garagen-Sektionaltoren ist f\u00fcr einen reibungslosen Betrieb unerl\u00e4sslich. Dieses aus hochfestem 14-Gauge-Stahl gefertigte Scharnier ist robuster als leichtere Scharniere, h\u00e4lt die Paneele in einer Linie und reduziert den Verschlei\u00df der Rollentr\u00e4ger. Durch eine galvanische Beschichtung ist es wasser- und rostbest\u00e4ndig und widersteht den t\u00e4glichen Witterungseinfl\u00fcssen. \ud83c\udfd7\ufe0f<\/p>\n<p>Es wurde f\u00fcr schwere Wohn-, Gewerbe- und Industriet\u00fcren entwickelt und bietet eine langlebige Leistung. OEM-Anpassung ist f\u00fcr Dicke, Lochmuster und Oberfl\u00e4chenbeschaffenheit m\u00f6glich, um projektspezifische Anforderungen zu erf\u00fcllen. \ud83d\udcaa<\/p>\n<header>\n<h2 style=\"color: #32cd32;\">\ud83d\udcd0 Technische Daten<\/h2>\n<\/header>\n<table style=\"border-collapse: collapse; width: 100%; text-align: left;\" border=\"1\" cellspacing=\"0\" cellpadding=\"6\">\n<tbody>\n<tr>\n<th>Produktname<\/th>\n<td>14Ga 6# Scharnier<\/td>\n<\/tr>\n<tr>\n<th>Typ<\/th>\n<td>Schwerlast-Garagentorscharnier<\/td>\n<\/tr>\n<tr>\n<th>Material<\/th>\n<td>Hochfester Stahl<\/td>\n<\/tr>\n<tr>\n<th>Messger\u00e4t<\/th>\n<td>14GA (1,8mm)<\/td>\n<\/tr>\n<tr>\n<th>Oberfl\u00e4che<\/th>\n<td>Verzinkt<\/td>\n<\/tr>\n<tr>\n<th>Anwendungen<\/th>\n<td>Garagen-Sektionaltore f\u00fcr Wohnh\u00e4user und leichte Gewerbebetriebe<\/td>\n<\/tr>\n<tr>\n<th>OEM\/ODM<\/th>\n<td>Verf\u00fcgbar - Individuelle Gr\u00f6\u00dfe, Marke, Verpackung<\/td>\n<\/tr>\n<\/tbody>\n<\/table>\n<header>\n<h2 style=\"color: #32cd32;\">\ud83c\udfe1 Anwendungen<\/h2>\n<\/header>\n<ul>\n<li>\ud83d\udd39 Sektional-Garagentore f\u00fcr Wohngeb\u00e4ude mit Mittel-\/Endscharnieren<\/li>\n<li>\ud83d\udd39 Leichte gewerbliche T\u00fcren in Werkst\u00e4tten, Lagerhallen und Lagerschuppen<\/li>\n<li>\ud83d\udd39 Ersetzen Sie die #6-Scharniere, die besch\u00e4digt oder korrodiert sind<\/li>\n<li>\ud83d\udd39 OEM spezifiziert f\u00fcr kundenspezifische Garagentorsysteme<\/li>\n<li>\ud83d\udd39 Ideal f\u00fcr K\u00fcstengebiete oder Gebiete mit hoher Luftfeuchtigkeit<\/li>\n<\/ul>\n<header>\n<h2 style=\"color: #32cd32;\">\u2699\ufe0f OEM &amp; kundenspezifische Anpassung<\/h2>\n<\/header>\n<p>Mit mehr als 20 Jahren Erfahrung im Bereich OEM und ODM entwerfen und fertigen wir hochbelastbare Garagentorscharniere nach Ihren Vorgaben. Zu den Optionen geh\u00f6ren Dicke (12Ga-14Ga), Lochabst\u00e4nde, Oberfl\u00e4chen (Galvanisierung, Pulverbeschichtung, Keramik), Private Label Branding mit gelaserten oder gepr\u00e4gten Logos und kundenspezifische Verpackungen wie bedruckte Kartons, Blisterverpackungen, Displaykarten oder Schaumstoffeinlagen. \ud83d\udd29<\/p>\n<header>\n<h2 style=\"color: #32cd32;\">\ud83d\udd12 Langlebigkeit und Leistung<\/h2>\n<\/header>\n<p>Dieses korrosionsbest\u00e4ndige Scharnier mit reversibler Nockenrastung besteht aus verzinktem 14Ga (1,8mm) Stahl. Es ist f\u00fcr hohe Beanspruchung ausgelegt und bietet einen reibungslosen Schwenkvorgang, geringe Ger\u00e4uschentwicklung und minimalen Verschlei\u00df an T\u00fcren und Rollen. Seine strapazierf\u00e4hige Konstruktion \u00fcbertrifft leichtere Modelle und bietet Langlebigkeit bei sehr geringem Wartungsaufwand. \ud83d\udcaf<\/p>\n<header>\n<h2 style=\"color: #32cd32;\">\ud83d\udce6 Verpackung und Lieferung<\/h2>\n<\/header>\n<ul>\n<li>\ud83d\udce6 Exportstandard-Schutzverpackung<\/li>\n<li>\ud83c\udf81 OEM-Verpackungsoptionen: Markenverpackungskiste, Blisterkarte oder Palette<\/li>\n<li>\ud83c\udf0d Flexibles MOQ f\u00fcr kleine oder gro\u00dfe Bestellungen<\/li>\n<li>\ud83d\ude9a Internationaler Versand sicher an Ihren Standort geliefert<\/li>\n<\/ul>\n<header>\n<h2 style=\"color: #32cd32;\">\ud83c\udf1f Warum uns w\u00e4hlen<\/h2>\n<\/header>\n<p>Als erfahrener Hersteller von Garagentorscharnieren und Kantenscharnieren f\u00fcr hohe Beanspruchung verwenden unsere Beschl\u00e4ge hochwertige Verfahren, um die beste Festigkeit, Haltbarkeit und OEM-Kundenanpassung f\u00fcr Garagentoranwendungen im privaten und gewerblichen Bereich zu gew\u00e4hrleisten. \ud83c\udf1f<\/p>\n<\/section>","protected":false},"excerpt":{"rendered":"<p>R\u00fcsten Sie Ihre Garagentore mit dem hochbelastbaren Garagentorscharnier 14Ga #6 auf. Dieses aus 1,8 mm verzinktem Stahl gefertigte Scharnier gew\u00e4hrleistet einen reibungslosen Betrieb, eine lange Lebensdauer und ist ideal f\u00fcr Sektionaltore im Wohn- und Gewerbebereich. OEM-Anpassung verf\u00fcgbar.<\/p>","protected":false},"featured_media":5908,"comment_status":"open","ping_status":"closed","template":"","meta":{"_acf_changed":false},"product_brand":[],"product_cat":[34],"product_tag":[],"class_list":{"0":"post-5905","1":"product","2":"type-product","3":"status-publish","4":"has-post-thumbnail","6":"product_cat-hinges","8":"first","9":"instock","10":"shipping-taxable","11":"product-type-simple"},"acf":[],"_links":{"self":[{"href":"https:\/\/www.baoteng.cc\/de\/wp-json\/wp\/v2\/product\/5905","targetHints":{"allow":["GET"]}}],"collection":[{"href":"https:\/\/www.baoteng.cc\/de\/wp-json\/wp\/v2\/product"}],"about":[{"href":"https:\/\/www.baoteng.cc\/de\/wp-json\/wp\/v2\/types\/product"}],"replies":[{"embeddable":true,"href":"https:\/\/www.baoteng.cc\/de\/wp-json\/wp\/v2\/comments?post=5905"}],"wp:featuredmedia":[{"embeddable":true,"href":"https:\/\/www.baoteng.cc\/de\/wp-json\/wp\/v2\/media\/5908"}],"wp:attachment":[{"href":"https:\/\/www.baoteng.cc\/de\/wp-json\/wp\/v2\/media?parent=5905"}],"wp:term":[{"taxonomy":"product_brand","embeddable":true,"href":"https:\/\/www.baoteng.cc\/de\/wp-json\/wp\/v2\/product_brand?post=5905"},{"taxonomy":"product_cat","embeddable":true,"href":"https:\/\/www.baoteng.cc\/de\/wp-json\/wp\/v2\/product_cat?post=5905"},{"taxonomy":"product_tag","embeddable":true,"href":"https:\/\/www.baoteng.cc\/de\/wp-json\/wp\/v2\/product_tag?post=5905"}],"curies":[{"name":"wp","href":"https:\/\/api.w.org\/{rel}","templated":true}]}}