{"id":5939,"date":"2025-09-15T03:42:55","date_gmt":"2025-09-15T03:42:55","guid":{"rendered":"https:\/\/baoteng.cc\/?post_type=product&#038;p=5939"},"modified":"2025-09-15T03:47:44","modified_gmt":"2025-09-15T03:47:44","slug":"industrietorscharniere-metalltorscharniere-aus-stahl","status":"publish","type":"product","link":"https:\/\/www.baoteng.cc\/de\/product\/industrietorscharniere-metalltorscharniere-aus-stahl\/","title":{"rendered":"Industrietorscharniere Einstellbare verzinkte Stahltorscharniere Heavy Duty Sektionaltor Hardware 2.5mm 150mm"},"content":{"rendered":"<section style=\"width: 100%; font-family: Arial,Helvetica,sans-serif; line-height: 1.6;\">\n<header>\n<h1 style=\"font-size: 26px; font-weight: bold; margin-bottom: 10px;\">\ud83d\udeaa Industrietorscharniere Einstellbare verzinkte Stahltorscharniere Heavy Duty f\u00fcr Sektionaltor Hardware<\/h1>\n<\/header>\n<p>Unsere Schwerlasttorscharniere sind robust gebaut, um die h\u00f6chste Festigkeit und Haltbarkeit f\u00fcr Garagen-Sektionaltore zu gew\u00e4hrleisten. Hergestellt aus 2,5 mm verzinktem, kaltgewalztem Stahl und mit einer Breite von 150 mm wurde dieses Schwerlast-Gartentorscharnier f\u00fcr den Einsatz in Hochleistungsumgebungen entwickelt. Ob f\u00fcr Ihr Heim-Garagentor oder Ihr Gesch\u00e4ft, diese langlebigen Scharniere bieten eine hohe Belastbarkeit, und es ist durch die Anti-Rost-Lackierung gesch\u00fctzt, um eine regelm\u00e4\u00dfige Nutzung zu gew\u00e4hrleisten. \ud83d\udd27<\/p>\n<h2 style=\"font-size: 22px; margin-top: 20px;\">Langlebigkeit und hochwertiges Material \ud83d\udcaa.<\/h2>\n<p>Als wesentlicher Bestandteil Ihres Hauses werden Garagentore stark beansprucht und m\u00fcssen ihre Qualit\u00e4t beibehalten. Diese Scharniere sind aus hochbelastbarem, verzinktem, kaltgewalztem Stahl gefertigt und bieten eine hohe Festigkeit, ohne sich zu verbiegen oder zu verziehen. Mit einer Dicke von 2,5 mm und einer Breite von 150 mm geh\u00f6ren diese Scharniere zu den st\u00e4rksten in der Branche. Die verzinkte Schicht bietet einen ausgezeichneten Schutz gegen Korrosion, so dass selbst in feuchten oder k\u00fcstennahen Gebieten Rost kein Problem darstellt. \u2699\ufe0f<\/p>\n<h2 style=\"font-size: 22px; margin-top: 20px;\">Leise und reibungslose Leistung \ud83d\udd07<\/h2>\n<p>Das gr\u00f6\u00dfte Problem bei herk\u00f6mmlichen Scharnieren ist der L\u00e4rm. Unsere kommerziellen Torscharniere sind mit einer innovativen D\u00e4mpfungs- und Ger\u00e4uschunterdr\u00fcckungstechnologie ausgestattet, die das Wackeln, Quietschen und Reiben reduziert. Diese leise Leistung ist ideal f\u00fcr Haushalte mit Kindern sowie f\u00fcr gewerbliche oder industrielle Umgebungen und erm\u00f6glicht ein reibungsloses \u00d6ffnen und Schlie\u00dfen von Garagen-Sektionaltoren ohne st\u00f6rende Ger\u00e4usche.<\/p>\n<h2 style=\"font-size: 22px; margin-top: 20px;\">Schwerlastf\u00e4higkeit \ud83d\ude9b<\/h2>\n<p>In Lagerh\u00e4usern, Logistikzentren und Fabriken mit Sektionaltoren m\u00fcssen die Scharniere h\u00e4ufigem Gebrauch und Gewicht standhalten. Diese hochbelastbaren Metalltorscharniere werden mit \u00fcber 20.000 \u00d6ffnungs- und Schlie\u00dfzyklen getestet, um ihre St\u00e4rke zu beweisen. Sie bleiben formstabil, h\u00e4ngen nicht durch und sind stark genug f\u00fcr den t\u00e4glichen, schweren Einsatz, was sie perfekt f\u00fcr industrielle oder gewerbliche Anwendungen macht.<\/p>\n<h2 style=\"font-size: 22px; margin-top: 20px;\">Technische Daten \ud83d\udccb<\/h2>\n<table style=\"width: 100%; border-collapse: collapse;\" border=\"1\" cellpadding=\"8\">\n<tbody>\n<tr>\n<td><strong>Produktname<\/strong><\/td>\n<td>Sektional-Garagentor Einstellbare Scharniere aus verzinktem Stahl<\/td>\n<\/tr>\n<tr>\n<td><strong>Material<\/strong><\/td>\n<td>Kaltgewalzter Hochleistungsstahl<\/td>\n<\/tr>\n<tr>\n<td><strong>Dicke<\/strong><\/td>\n<td>2,5 mm<\/td>\n<\/tr>\n<tr>\n<td><strong>Breite<\/strong><\/td>\n<td>150mm<\/td>\n<\/tr>\n<tr>\n<td><strong>Oberfl\u00e4che<\/strong><\/td>\n<td>Verzinkte Anti-Rost-Beschichtung<\/td>\n<\/tr>\n<tr>\n<td><strong>Anwendungen<\/strong><\/td>\n<td>Sektionaltore f\u00fcr Industrie, Gewerbe und Wohngeb\u00e4ude<\/td>\n<\/tr>\n<\/tbody>\n<\/table>\n<h2 style=\"font-size: 22px; margin-top: 20px;\">OEM und anpassbares Know-how \ud83c\udf0d\ud83c\udfed<\/h2>\n<p>Mit 20 Jahren Erfahrung im Bereich OEM und ODM bieten wir kundenspezifische Scharnierl\u00f6sungen f\u00fcr globale M\u00e4rkte. Zu den Optionen geh\u00f6ren ma\u00dfgeschneiderte Abmessungen, pulverbeschichtete oder lackierte Oberfl\u00e4chen, Pantone-Farbanpassung, Laser-Logo-Etching, Eigenmarken und umweltfreundliche Verpackungen. Wir k\u00f6nnen herstellen <strong>Industrietorscharniere<\/strong> und <strong>Metalltorscharniere Heavy Duty<\/strong> um Ihre Marke und Ihre Marktanforderungen zu erf\u00fcllen.<\/p>\n<h2 style=\"font-size: 22px; margin-top: 20px;\">Anwendungen \ud83c\udfe0\u2699\ufe0f\ud83c\udfe2\ud83d\ude9b<\/h2>\n<ul>\n<li>\ud83c\udfe0 Homes - Extrem leiser Betrieb und leichtg\u00e4ngige Garagen-Sektionaltore<\/li>\n<li>\u2699\ufe0f Industrial Structures - Hochbelastbare Scharniere f\u00fcr eine lange Lebensdauer<\/li>\n<li>\ud83c\udfe2 Gesch\u00e4fts-\/Gewerbegeb\u00e4ude - Zuverl\u00e4ssige Anwendungen mit hohem Verkehrsaufkommen<\/li>\n<li>\ud83d\ude9b Logistik &amp; Lager - Hohe Tragf\u00e4higkeit f\u00fcr schweren Einsatz<\/li>\n<\/ul>\n<h2 style=\"font-size: 22px; margin-top: 20px;\">Wesentliche Vorteile \u2714<\/h2>\n<ul>\n<li>\u2714 2,5 mm starker verzinkter Stahl f\u00fcr zus\u00e4tzliche Festigkeit<\/li>\n<li>\u2714 Rostfreie Ausf\u00fchrung f\u00fcr den Innen- und Au\u00dfenbereich<\/li>\n<li>\u2714 Ger\u00e4uschd\u00e4mpfendes Design f\u00fcr leisen Betrieb<\/li>\n<li>\u2714 Universelles Lochmuster f\u00fcr eine einfache Installation<\/li>\n<li>\u2714 OEM &amp; ODM Unterst\u00fctzung f\u00fcr H\u00e4ndler und Marken<\/li>\n<li>\u2714 Zyklustest f\u00fcr gesicherte Zuverl\u00e4ssigkeit<\/li>\n<\/ul>\n<h2 style=\"font-size: 22px; margin-top: 20px;\">Qualit\u00e4tssicherung und Pr\u00fcfung \u2705<\/h2>\n<p>Jedes Scharnier wird nach ISO-Normen auf Belastung, Salzspr\u00fchnebelkorrosion und Betriebszyklen von mehr als 20.000 getestet. Dadurch wird sichergestellt, dass jedes Scharnier die strengen internationalen Qualit\u00e4tsstandards erf\u00fcllt und die Einheitlichkeit und Zuverl\u00e4ssigkeit jeder Charge gew\u00e4hrleistet ist.<\/p>\n<h2 style=\"font-size: 22px; margin-top: 20px;\">Globale Marktanpassungsf\u00e4higkeit \ud83c\udf0e<\/h2>\n<p>Unsere Scharniere werden weltweit in privaten, gewerblichen und industriellen Anwendungen eingesetzt. Wir bieten kundenspezifische Verpackungen, internationale Zertifizierungen und die Einhaltung globaler Sicherheitsnormen, um die unterschiedlichen Marktanforderungen zu erf\u00fcllen und den Erfolg von Wiederverk\u00e4ufern und OEM-Partnern zu gew\u00e4hrleisten.<\/p>\n<h2 style=\"font-size: 22px; margin-top: 20px;\">Einfache Installation und Wartung \ud83d\udd29<\/h2>\n<p>Universelle Lochmuster erm\u00f6glichen eine schnelle und einfache Installation an Garagen-Sektionaltoren. Es ist nur minimale Wartung erforderlich - gelegentliches Schmieren sorgt f\u00fcr einen reibungslosen und leisen Betrieb, verl\u00e4ngert die Lebensdauer und spart Zeit und Kosten.<\/p>\n<h2 style=\"font-size: 22px; margin-top: 20px;\">Nachhaltige Produktion \ud83c\udf31<\/h2>\n<p>Wir legen Wert auf Nachhaltigkeit, beziehen Materialien von zertifizierten Lieferanten mit Recyclingprogrammen und minimieren den Abfall. Biologisch abbaubare Verpackungen sind ebenfalls erh\u00e4ltlich. Wenn Sie sich f\u00fcr unsere Scharniere entscheiden, sichern Sie sich eine lange Lebensdauer und unterst\u00fctzen gleichzeitig umweltbewusste Praktiken.<\/p>\n<h2 style=\"font-size: 22px; margin-top: 20px;\">Schlussfolgerung \ud83d\udeaa\ud83d\udd29<\/h2>\n<p>Unser <strong>Schwerlast-Industrietorscharniere<\/strong> und <strong>Metalltorscharniere<\/strong> bieten St\u00e4rke, leise Leistung und Vielseitigkeit. Dank jahrzehntelanger Erfahrung als Erstausr\u00fcster, fortschrittlicher Tests und anpassbarer Optionen sind diese verstellbaren Scharniere aus verzinktem Stahl ideal f\u00fcr Wohnh\u00e4user, Lagerh\u00e4user und gewerbliche Einrichtungen weltweit.<\/p>\n<\/section>","protected":false},"excerpt":{"rendered":"<p>Hochwertige Industrietorscharniere und Metalltorscharniere f\u00fcr hohe Beanspruchung, hergestellt aus 2,5 mm verzinktem Stahl, 150 mm breit. Entwickelt f\u00fcr Garagen-Sektionaltore, die Haltbarkeit, Rostbest\u00e4ndigkeit, leisen Betrieb und anpassbare OEM-L\u00f6sungen bieten.<\/p>","protected":false},"featured_media":5940,"comment_status":"open","ping_status":"closed","template":"","meta":{"_acf_changed":false},"product_brand":[],"product_cat":[34],"product_tag":[],"class_list":{"0":"post-5939","1":"product","2":"type-product","3":"status-publish","4":"has-post-thumbnail","6":"product_cat-hinges","8":"first","9":"instock","10":"shipping-taxable","11":"product-type-simple"},"acf":[],"_links":{"self":[{"href":"https:\/\/www.baoteng.cc\/de\/wp-json\/wp\/v2\/product\/5939","targetHints":{"allow":["GET"]}}],"collection":[{"href":"https:\/\/www.baoteng.cc\/de\/wp-json\/wp\/v2\/product"}],"about":[{"href":"https:\/\/www.baoteng.cc\/de\/wp-json\/wp\/v2\/types\/product"}],"replies":[{"embeddable":true,"href":"https:\/\/www.baoteng.cc\/de\/wp-json\/wp\/v2\/comments?post=5939"}],"wp:featuredmedia":[{"embeddable":true,"href":"https:\/\/www.baoteng.cc\/de\/wp-json\/wp\/v2\/media\/5940"}],"wp:attachment":[{"href":"https:\/\/www.baoteng.cc\/de\/wp-json\/wp\/v2\/media?parent=5939"}],"wp:term":[{"taxonomy":"product_brand","embeddable":true,"href":"https:\/\/www.baoteng.cc\/de\/wp-json\/wp\/v2\/product_brand?post=5939"},{"taxonomy":"product_cat","embeddable":true,"href":"https:\/\/www.baoteng.cc\/de\/wp-json\/wp\/v2\/product_cat?post=5939"},{"taxonomy":"product_tag","embeddable":true,"href":"https:\/\/www.baoteng.cc\/de\/wp-json\/wp\/v2\/product_tag?post=5939"}],"curies":[{"name":"wp","href":"https:\/\/api.w.org\/{rel}","templated":true}]}}