{"id":5998,"date":"2025-09-15T08:03:15","date_gmt":"2025-09-15T08:03:15","guid":{"rendered":"https:\/\/baoteng.cc\/?post_type=product&#038;p=5998"},"modified":"2025-09-15T08:17:41","modified_gmt":"2025-09-15T08:17:41","slug":"einstellbare-garagentorhalterung-aus-stahl","status":"publish","type":"product","link":"https:\/\/www.baoteng.cc\/de\/product\/einstellbare-garagentorhalterung-aus-stahl\/","title":{"rendered":"Verstellbare Stahl Garagentor unten Halterung verzinkt Panel Hardware Sektionale Klammern"},"content":{"rendered":"<section style=\"width: 100%; font-family: Arial,Helvetica,sans-serif; line-height: 1.6;\">\n<header>\n<h1 style=\"font-size: 26px; color: #333; margin-bottom: 10px;\">\ud83d\udd27 Einstellbarer Garagentor-Bodenhalter f\u00fcr Sektional-Garagentore - HEAVY DUTY Galvanized Panel Hardware<\/h1>\n<\/header>\n<p style=\"font-size: 16px; color: #444;\">Unsere hochbelastbare untere Halterung f\u00fcr Garagentore ist f\u00fcr Sektionaltore konzipiert, um sicherzustellen, dass Sie das Maximum an Haltbarkeit, Stabilit\u00e4t und Leistung aus Ihrer neuen Hardware herausholen. Diese handliche, verstellbare Halterung aus 2,5 mm starkem, verzinktem Stahl sorgt genau dort f\u00fcr Stabilit\u00e4t, wo Sie sie brauchen: an der Unterseite der Garagentoreinheit. Mit R\u00fccksicht auf den Handel und die Benutzer garantiert diese Halterung eine schnelle Schraubmontage, zuverl\u00e4ssige Festigkeit und eine universelle Passform, die f\u00fcr eine breite Palette von Sektionaltor-Modellen geeignet ist. \ud83d\udeaa<\/p>\n<h2 style=\"font-size: 22px; color: #222; margin-top: 20px;\">Hochwertige Konstruktion aus verzinktem Stahl \ud83d\udcaa.<\/h2>\n<p style=\"font-size: 16px; color: #444;\">Unsere unteren Garagentorhalterungen sind aus hochwertigem 2,5 mm verzinktem Stahl gefertigt, der eine hervorragende Rost-, Korrosions- und Verschlei\u00dfbest\u00e4ndigkeit aufweist. Das macht die Halterung perfekt f\u00fcr private, gewerbliche und industrielle Umgebungen, in denen Feuchtigkeit, N\u00e4sse, Staub, Temperatur und h\u00e4ufige Nutzung eine Rolle spielen. Die verzinkte Oberfl\u00e4che bietet eine Schutzschicht, die Rost und Korrosion widersteht, und ist somit ideal f\u00fcr den Einsatz im Freien oder in feuchten Umgebungen. \u2699\ufe0f<\/p>\n<h2 style=\"font-size: 22px; color: #222; margin-top: 20px;\">Verstellbares Design f\u00fcr Vielseitigkeit \ud83d\udd29<\/h2>\n<p style=\"font-size: 16px; color: #444;\">Unsere verstellbare untere Garagentorhalterung sorgt f\u00fcr eine flexible und kompatible Anpassung an alle Arten von Garagentorplatten. Die Halterung ist an verschiedene Schienenanwendungen anpassbar und kann bei der Installation f\u00fcr eine reibungslose Mechanik eingestellt werden, die Rollen oder Kabel nicht \u00fcberm\u00e4\u00dfig beanspruchen wird. Egal, ob Sie alte Halterungen ersetzen oder vorhandene Halterungen aufr\u00fcsten m\u00f6chten, diese Halterung ist ideal und passt sich perfekt an, um die Systemleistung zu steigern! \ud83c\udfe0<\/p>\n<h2 style=\"font-size: 22px; color: #222; margin-top: 20px;\">Verbesserte Sicherheit und Stabilit\u00e4t \ud83d\udee1\ufe0f<\/h2>\n<p style=\"font-size: 16px; color: #444;\">Sicherheit hat bei jedem Garagentorsystem Vorrang, und unsere untere Halterung bietet Ihrem Haus ein sicheres Gef\u00fchl. Er sorgt f\u00fcr eine sichere Verst\u00e4rkung an der Stelle, an der das untere Paneel angeschlossen ist, und verhindert so ein Verrutschen oder Durchh\u00e4ngen. Mit einer angemessenen Rollen- und Seilspannung f\u00f6rdert die Halterung eine st\u00f6rungsfreie Torbewegung und hilft, abrupte Ausf\u00e4lle zu vermeiden. Perfekt f\u00fcr leichte Hausgaragen und schwere gewerbliche Werkst\u00e4tten. \ud83d\udd12<\/p>\n<h2 style=\"font-size: 22px; color: #222; margin-top: 20px;\">Leise und reibungslos bei der Benutzung der T\u00fcr \ud83d\udd07<\/h2>\n<p style=\"font-size: 16px; color: #444;\">Alle unsere unteren Halterungen sind so konzipiert, dass sie Vibrationen, Reibung und unerw\u00fcnschte Klapperger\u00e4usche reduzieren. Das Ergebnis ist eine sanfter und leiser laufende T\u00fcr, die sich ideal f\u00fcr alle privaten und gewerblichen Anwendungen eignet, bei denen eine ruhige und kontinuierliche Leistung erforderlich ist. \ud83d\ude9b<\/p>\n<h2 style=\"font-size: 22px; color: #222; margin-top: 20px;\">Technische Daten \ud83d\udccb<\/h2>\n<table style=\"width: 100%; border-collapse: collapse; font-size: 15px; color: #444; margin-top: 10px;\">\n<tbody>\n<tr>\n<td style=\"border: 1px solid #ccc; padding: 8px;\">Produktname<\/td>\n<td style=\"border: 1px solid #ccc; padding: 8px;\">Einstellbarer flacher Rollenboden Stahlplattenhalter f\u00fcr Garagen-Sektionaltore<\/td>\n<\/tr>\n<tr>\n<td style=\"border: 1px solid #ccc; padding: 8px;\">Material<\/td>\n<td style=\"border: 1px solid #ccc; padding: 8px;\">Verzinkter Stahl<\/td>\n<\/tr>\n<tr>\n<td style=\"border: 1px solid #ccc; padding: 8px;\">Dicke<\/td>\n<td style=\"border: 1px solid #ccc; padding: 8px;\">2,5 mm<\/td>\n<\/tr>\n<tr>\n<td style=\"border: 1px solid #ccc; padding: 8px;\">Oberfl\u00e4che<\/td>\n<td style=\"border: 1px solid #ccc; padding: 8px;\">Verzinkte Anti-Rost-Beschichtung<\/td>\n<\/tr>\n<tr>\n<td style=\"border: 1px solid #ccc; padding: 8px;\">Geeignet f\u00fcr<\/td>\n<td style=\"border: 1px solid #ccc; padding: 8px;\">Sektionaltore f\u00fcr Wohnh\u00e4user, Gewerbe und Industrie<\/td>\n<\/tr>\n<tr>\n<td style=\"border: 1px solid #ccc; padding: 8px;\">Methode der Befestigung<\/td>\n<td style=\"border: 1px solid #ccc; padding: 8px;\">Einfache Schraubmontage<\/td>\n<\/tr>\n<\/tbody>\n<\/table>\n<h2 style=\"font-size: 22px; color: #222; margin-top: 20px;\">OEM und anpassbare Fertigung \ud83c\udf0d\ud83c\udfed<\/h2>\n<p style=\"font-size: 16px; color: #444;\">Als OEM\/ODM-Fabrik seit mehr als 20 Jahren sind wir in der Lage, ma\u00dfgeschneiderte und kosteng\u00fcnstige Garagentorhalterungen f\u00fcr die Bed\u00fcrfnisse unserer Kunden herzustellen. Die Kunden k\u00f6nnen auch \u00c4nderungen bei der Stahlst\u00e4rke, der Oberfl\u00e4chenbeschichtung wie Pulverbeschichtung oder Lackierung, gelaserte Logos, Pantone-Farben und Eigenmarkenverpackungen anfordern. Wir bieten Unternehmen auch umweltfreundliche Verpackungsoptionen an. \ud83c\udf31<\/p>\n<h2 style=\"font-size: 22px; color: #222; margin-top: 20px;\">Branchen\u00fcbergreifende Anwendungen \ud83c\udfe0\u2699\ufe0f\ud83c\udfe2\ud83d\ude9b<\/h2>\n<ul style=\"font-size: 16px; color: #444; list-style: disc; margin-left: 20px;\">\n<li>\ud83c\udfe0 Wohngaragen - Leiser und reibungsloser Alltagsbetrieb mit maximaler Langlebigkeit<\/li>\n<li>\u2699\ufe0f Gewerbliche Geb\u00e4ude - Hochbelastbare Halterungen, die f\u00fcr hohe Zyklen geeignet sind<\/li>\n<li>\ud83c\udfd7 Baustellen - Hohe Widerstandsf\u00e4higkeit f\u00fcr anspruchsvolle Umgebungen<\/li>\n<li>\ud83d\ude9b Lager &amp; Logistik - Diese Maschine ist robust f\u00fcr den t\u00e4glichen Einsatz gebaut<\/li>\n<\/ul>\n<h2 style=\"font-size: 22px; color: #222; margin-top: 20px;\">Wesentliche Vorteile \u2714<\/h2>\n<ul style=\"font-size: 16px; color: #444; list-style: disc; margin-left: 20px;\">\n<li>\u2714 Das verstellbare Design passt zu verschiedenen T\u00fcrarten und erm\u00f6glicht so eine optimale Installationsvielfalt<\/li>\n<li>\u2714 Hergestellt aus 2,5 mm starkem, verzinktem Stahl f\u00fcr hohe Beanspruchung<\/li>\n<li>\u2714 Widerstandsf\u00e4hig gegen Korrosion und Rost im Freien oder in feuchter Umgebung<\/li>\n<li>\u2714 Leiser, gleichm\u00e4\u00dfiger und vibrationsfreier Betrieb<\/li>\n<li>\u2714 Direkte Schraubmontage, keine Modifikation erforderlich<\/li>\n<li>\u2714 OEM\/ODM Anpassungsdienste mit privatem Service verf\u00fcgbar<\/li>\n<li>\u2714 Langer Lebenszyklus, der unter Industrienormen getestet wird<\/li>\n<\/ul>\n<h2 style=\"font-size: 22px; color: #222; margin-top: 20px;\">Pr\u00fcfung und Qualit\u00e4tssicherung \u2705<\/h2>\n<p style=\"font-size: 16px; color: #444;\">Jede Garagentorhalterung wird standardisierten Salzspr\u00fchnebeltests, Belastungstests und zyklischen Lebensdauerpr\u00fcfungen unterzogen. Diese Tests gew\u00e4hrleisten eine Leistung, die f\u00fcr mindestens 20.000 \u00d6ffnungs- und Schlie\u00dfzyklen ausreicht, und dieses Produkt erf\u00fcllt alle US- und EU-Sicherheitsnormen. Diese strenge Qualit\u00e4tskontrolle stellt sicher, dass dieser Keilriemensatz die gleiche Passform, Form und Funktion wie die OE-Teile aufweist. \ud83d\udcaf<\/p>\n<h2 style=\"font-size: 22px; color: #222; margin-top: 20px;\">Globale Marktanpassungsf\u00e4higkeit \ud83c\udf0e<\/h2>\n<p style=\"font-size: 16px; color: #444;\">Unsere Klemmen werden weltweit in einer Vielzahl von Branchen eingesetzt. Unsere Marke Opener bietet OEM-Dienstleistungen, kundenspezifische Produktion und Eigenmarken. Mit internationalen Zertifikaten bieten unsere Garagentorhalterungen eine erstklassige Anpassung an Ihre regionalen M\u00e4rkte in Bezug auf starke Sonneneinstrahlung, extrem kaltes Wetter oder industrielle Umgebung. \ud83c\udf0d<\/p>\n<h2 style=\"font-size: 22px; color: #222; margin-top: 20px;\">Einfache Installation &amp; Schleimfrei \ud83d\udd29<\/h2>\n<p style=\"font-size: 16px; color: #444;\">Craftsman bietet ein Produkt mit direkter Montage an, da es mit universellen Befestigungsl\u00f6chern ausgestattet ist. Sie brauchen keine ausgefallenen Werkzeuge - alles, was Sie brauchen, ist ein Schraubenzieher, so dass dieses Ger\u00e4t f\u00fcr erfahrene Profis oder Heimwerker geeignet ist. Wenige Teile bedeuten einen geringen Wartungsaufwand, der aus gelegentlichem Schmieren besteht, so dass Sie weniger Ausfallzeiten und geringere Betriebskosten haben. \u2699\ufe0f<\/p>\n<h2 style=\"font-size: 22px; color: #222; margin-top: 20px;\">Nachhaltige Produktion \ud83c\udf31<\/h2>\n<p style=\"font-size: 16px; color: #444;\">Wir verpflichten uns zu umweltfreundlichen Herstellungsverfahren, indem wir zertifizierte Materialien verwenden, Abfall reduzieren und Verpackungen anbieten, die recycelbar oder biologisch abbaubar sind. Dieses Engagement gew\u00e4hrleistet, dass unsere Produkte umweltfreundlich sind, ohne dass die Qualit\u00e4t darunter leidet. \ud83c\udf3f<\/p>\n<h2 style=\"font-size: 22px; color: #222; margin-top: 20px;\">Schlussfolgerung \ud83d\udeaa\ud83d\udd29<\/h2>\n<p style=\"font-size: 16px; color: #444;\">Unsere hochbelastbare, verstellbare untere Garagentorhalterung eignet sich hervorragend f\u00fcr alle Sektionaltore, die solide Zuverl\u00e4ssigkeit und langfristige Leistung erfordern. Mit Design-Engineering, hochwertigen Materialien (2,5 mm verzinkter Stahl), universeller Passform und einer Vielzahl von anpassbaren OEM-Optionen bietet das Modell bew\u00e4hrte, langlebige Leistung - und ist damit die beste Wahl f\u00fcr private, gewerbliche und industrielle Garagentorsysteme. \ud83d\udd27<\/p>\n<\/section>","protected":false},"excerpt":{"rendered":"<p>Entdecken Sie unsere hochbelastbaren verzinkten <strong data-start=\"178\" data-end=\"208\">Garagentor-Tretlager<\/strong> Gebrauch: F\u00fcr Sektionaltore. Mit einer Stahlst\u00e4rke von 2,5 mm, einem verstellbaren Design und einer einfachen Installation gew\u00e4hrleistet es Langlebigkeit, Stabilit\u00e4t und einen reibungslosen Betrieb. Perfekt f\u00fcr private, gewerbliche und industrielle Anwendungen.<\/p>","protected":false},"featured_media":5999,"comment_status":"open","ping_status":"closed","template":"","meta":{"_acf_changed":false},"product_brand":[],"product_cat":[36],"product_tag":[],"class_list":{"0":"post-5998","1":"product","2":"type-product","3":"status-publish","4":"has-post-thumbnail","6":"product_cat-brackets","8":"first","9":"instock","10":"shipping-taxable","11":"product-type-simple"},"acf":[],"_links":{"self":[{"href":"https:\/\/www.baoteng.cc\/de\/wp-json\/wp\/v2\/product\/5998","targetHints":{"allow":["GET"]}}],"collection":[{"href":"https:\/\/www.baoteng.cc\/de\/wp-json\/wp\/v2\/product"}],"about":[{"href":"https:\/\/www.baoteng.cc\/de\/wp-json\/wp\/v2\/types\/product"}],"replies":[{"embeddable":true,"href":"https:\/\/www.baoteng.cc\/de\/wp-json\/wp\/v2\/comments?post=5998"}],"wp:featuredmedia":[{"embeddable":true,"href":"https:\/\/www.baoteng.cc\/de\/wp-json\/wp\/v2\/media\/5999"}],"wp:attachment":[{"href":"https:\/\/www.baoteng.cc\/de\/wp-json\/wp\/v2\/media?parent=5998"}],"wp:term":[{"taxonomy":"product_brand","embeddable":true,"href":"https:\/\/www.baoteng.cc\/de\/wp-json\/wp\/v2\/product_brand?post=5998"},{"taxonomy":"product_cat","embeddable":true,"href":"https:\/\/www.baoteng.cc\/de\/wp-json\/wp\/v2\/product_cat?post=5998"},{"taxonomy":"product_tag","embeddable":true,"href":"https:\/\/www.baoteng.cc\/de\/wp-json\/wp\/v2\/product_tag?post=5998"}],"curies":[{"name":"wp","href":"https:\/\/api.w.org\/{rel}","templated":true}]}}