{"id":6030,"date":"2025-09-16T02:34:26","date_gmt":"2025-09-16T02:34:26","guid":{"rendered":"https:\/\/baoteng.cc\/?post_type=product&#038;p=6030"},"modified":"2025-09-16T03:03:33","modified_gmt":"2025-09-16T03:03:33","slug":"garagentor-torsionsfeder-mitte-halterung","status":"publish","type":"product","link":"https:\/\/www.baoteng.cc\/de\/product\/garagentor-torsionsfeder-mitte-halterung\/","title":{"rendered":"Kundenspezifische verzinkte einstellbare Garage T\u00fcr Torsion Fr\u00fchling Center Support Bracket 2,5 mm Dicke OEM Garage T\u00fcr Zubeh\u00f6r"},"content":{"rendered":"<section style=\"width: 100%; font-family: Arial, sans-serif; color: #333; line-height: 1.6;\">\n<header>\n<h1 style=\"font-size: 26px; font-weight: bold; text-align: center; color: #111;\">Verzinkte Garage T\u00fcr Torsion Fr\u00fchling Center Support Bracket f\u00fcr Torsionsfedern, Heavy Duty von flachen Ende f\u00fcr Garagentor mit Fasteners<\/h1>\n<p style=\"font-size: 16px; text-align: center; color: #555;\">OEM- und anpassbare Garagentorbeschl\u00e4ge f\u00fcr dauerhafte St\u00e4rke<\/p>\n<\/header>\n<section>\n<h2 style=\"font-size: 22px; margin-top: 20px; color: #111;\">\ud83d\udd27 Einleitung<\/h2>\n<p>Die <strong>Garagentor Torsionsfeder Mitte Halterung<\/strong> ist wohl der wichtigste Teil eines Sektionaltorsystems. Diese kundenspezifische, verzinkte, verstellbare Halterung ist die perfekte R\u00fcckenklammer zur Unterst\u00fctzung und Arretierung Ihres Torsionsfedersystems, um eine korrekte Ausrichtung des Kragens, einen reibungslosen Betrieb Ihres Tores und eine l\u00e4ngere Lebensdauer zu gew\u00e4hrleisten. Hergestellt aus hochwertigem, 2,5 mm dickem, verzinktem Stahl und mit Festigkeit und Verlaufsanpassung durch die Einstellschlitze, ist eine lange Nutzungsdauer nach ultimativen Industriestandards gew\u00e4hrleistet.<\/p>\n<\/section>\n<section>\n<h2 style=\"font-size: 22px; margin-top: 20px; color: #111;\">\u2699\ufe0f Hauptmerkmale<\/h2>\n<ul style=\"list-style: disc; margin-left: 20px;\">\n<li>Material: Verzinkter Stahl mit Anti-Korrosions-Beschichtung<\/li>\n<li>Dicke: 2,5 mm starke Konstruktion<\/li>\n<li>Anpassungsf\u00e4hig: Kompatibel mit einer Vielzahl von Garagentoren<\/li>\n<li>Funktion: Sichere Abst\u00fctzung der Torsionsfedereinheit<\/li>\n<li>Ausf\u00fchrung: Verzinkt zur Erh\u00f6hung der Rostbest\u00e4ndigkeit<\/li>\n<li>Langlebig: Dura-Tack-Technologie f\u00fcr hohe Verschlei\u00dffestigkeit<\/li>\n<li>OEM &amp; ODM: Ma\u00dfgeschneiderte Produkte mit unterschiedlichen Unternehmensanforderungen<\/li>\n<\/ul>\n<\/section>\n<section>\n<h2 style=\"font-size: 22px; margin-top: 20px; color: #111;\">\ud83c\udfd7\ufe0f Warum ist eine Torsionsfeder-Mittelkonsole notwendig?<\/h2>\n<p>Das Torsionsfedersystem basiert auf einer zentralen Halterung f\u00fcr ein Garagentor mit Torsionsfedern. Die Federbaugruppe kann aus ihrer Position geraten und eine gef\u00e4hrliche Torbewegung verursachen, was zu einem schnelleren Verschlei\u00df der Federn und zu Sicherheitsbedenken f\u00fchrt. Diese Halterung sorgt f\u00fcr eine gleichm\u00e4\u00dfige Lastverteilung und gew\u00e4hrleistet, dass die Torsionsfeder f\u00fcr maximale Sicherheit sicher an beiden Aufh\u00e4ngungen gehalten wird. Sie ist besonders wichtig bei breiteren und schwereren Garagentoren, bei denen der Federmechanismus eine zus\u00e4tzliche Verst\u00e4rkung ben\u00f6tigt.<\/p>\n<\/section>\n<section>\n<h2 style=\"font-size: 22px; margin-top: 20px; color: #111;\">\ud83d\udee0\ufe0f Technische Daten<\/h2>\n<table style=\"width: 100%; border-collapse: collapse; margin: 15px 0;\">\n<tbody>\n<tr>\n<td style=\"border: 1px solid #ddd; padding: 8px;\">Produktname<\/td>\n<td style=\"border: 1px solid #ddd; padding: 8px;\">Garagentor Torsionsfeder Center Support Bracket<\/td>\n<\/tr>\n<tr>\n<td style=\"border: 1px solid #ddd; padding: 8px;\">Anmeldung<\/td>\n<td style=\"border: 1px solid #ddd; padding: 8px;\">Garagentor Torsionsfeder Mittellagerung<\/td>\n<\/tr>\n<tr>\n<td style=\"border: 1px solid #ddd; padding: 8px;\">Material<\/td>\n<td style=\"border: 1px solid #ddd; padding: 8px;\">Verzinkter Stahl<\/td>\n<\/tr>\n<tr>\n<td style=\"border: 1px solid #ddd; padding: 8px;\">Dicke<\/td>\n<td style=\"border: 1px solid #ddd; padding: 8px;\">2,5 mm<\/td>\n<\/tr>\n<tr>\n<td style=\"border: 1px solid #ddd; padding: 8px;\">Oberfl\u00e4che<\/td>\n<td style=\"border: 1px solid #ddd; padding: 8px;\">Verzinkt, rostgesch\u00fctzt<\/td>\n<\/tr>\n<tr>\n<td style=\"border: 1px solid #ddd; padding: 8px;\">Personalisierung<\/td>\n<td style=\"border: 1px solid #ddd; padding: 8px;\">OEM &amp; ODM Service angeboten<\/td>\n<\/tr>\n<\/tbody>\n<\/table>\n<\/section>\n<section>\n<h2 style=\"font-size: 22px; margin-top: 20px; color: #111;\">\ud83c\udf1f Vorteile<\/h2>\n<ul style=\"list-style: disc; margin-left: 20px;\">\n<li>\u2705 Schwergewichtige St\u00e4rke: 2,5 mm verzinkter Stahl f\u00fcr st\u00e4rkere Belastbarkeit<\/li>\n<li>\u2705 Anti-Rost-Beschichtung: Langlebig f\u00fcr den Innen- und Au\u00dfeneinsatz<\/li>\n<li>\u2705 Einstellbare Passform: Funktioniert mit verschiedenen Torsionsfeder-Baugruppen<\/li>\n<li>\u2705 OEM-Service: Kundenspezifische Produkte nach Zeichnung oder Muster<\/li>\n<li>\u2705 L\u00e4ngere Lebensdauer: Reduziert den Verschlei\u00df der Torsionsfedern und verl\u00e4ngert die Lebensdauer des Systems<\/li>\n<\/ul>\n<\/section>\n<section>\n<h2 style=\"font-size: 22px; margin-top: 20px; color: #111;\">\ud83c\udfed OEM- und Anpassungsf\u00e4higkeiten<\/h2>\n<p>Mit \u00fcber 20 Jahren Erfahrung in der Herstellung von OEM- und ODM-Zubeh\u00f6r f\u00fcr Garagentore bieten wir personalisierte L\u00f6sungen, die auf die unterschiedlichen Marktanforderungen zugeschnitten sind. Ob es sich um Abmessungen, Oberfl\u00e4chenbeschaffenheit, Logos oder Beschriftungsanforderungen handelt, wir liefern ma\u00dfgeschneiderte <strong>Garagentor Torsionsfeder Mitte Halterungen<\/strong> um Ihren Bedarf zu decken. Vom Entwurf des Prototyps bis zur Serienfertigung sorgt unser Ingenieurteam f\u00fcr Pr\u00e4zision, Zuverl\u00e4ssigkeit und strenge Qualit\u00e4tskontrolle.<\/p>\n<\/section>\n<section>\n<h2 style=\"font-size: 22px; margin-top: 20px; color: #111;\">\ud83d\udd29 Anwendungsszenarien<\/h2>\n<ul style=\"list-style: disc; margin-left: 20px;\">\n<li>Garagenschwingtore f\u00fcr Wohngeb\u00e4ude<\/li>\n<li>Industrielle Garagen-Sektionaltore<\/li>\n<li>Gewerbliche Roll- und Schiebetore<\/li>\n<li>Hochbelastbare Lagert\u00fcrsysteme<\/li>\n<\/ul>\n<\/section>\n<section>\n<h2 style=\"font-size: 22px; margin-top: 20px; color: #111;\">\ud83d\udce6 Verpackung und Lieferung<\/h2>\n<p>Jede Halterung wird sorgf\u00e4ltig verpackt, um Kratzer oder Sch\u00e4den beim Transport zu vermeiden. Wir bieten OEM-Verpackungen, Private Labeling, halbindividuelle Verpackungen und Branding nach Kundenwunsch. Gro\u00dfbestellungen profitieren von wettbewerbsf\u00e4higen Vorlaufzeiten und zuverl\u00e4ssiger Unterst\u00fctzung der Lieferkette.<\/p>\n<\/section>\n<section>\n<h2 style=\"font-size: 22px; margin-top: 20px; color: #111;\">\ud83c\udf0d Warum uns w\u00e4hlen<\/h2>\n<p>Wenn Sie sich f\u00fcr unsere Torsionsfederhalterung f\u00fcr Garagentore entscheiden, entscheiden Sie sich f\u00fcr ein Design, das sich im Laufe der Zeit bew\u00e4hrt hat. Wir bieten nicht nur hochwertige Hardware, sondern auch technische Unterst\u00fctzung bei der Anpassung und OEM\/ODM-Dienstleistungen. Mit starken Produktionskapazit\u00e4ten, globaler Exporterfahrung und einer Verpflichtung zu strenger Qualit\u00e4tssicherung sind wir ein zuverl\u00e4ssiger Partner f\u00fcr H\u00e4ndler, Bauunternehmen und Marken weltweit.<\/p>\n<\/section>\n<footer style=\"margin-top: 30px; text-align: center; font-size: 14px; color: #555;\">\ud83d\udd12 Zuverl\u00e4ssig - \u2699\ufe0f Hart im Nehmen - \ud83d\udccf Ma\u00dfgeschneidert - \ud83c\udfed Original Equipment Factory Direct Supply<\/footer>\n<\/section>","protected":false},"excerpt":{"rendered":"<p>Hochwertige verzinkte einstellbare Garagentor Torsionsfeder Zentrum Halterung mit 2,5 mm Dicke. Langlebiges Finish, OEM &amp; anpassbares Design f\u00fcr zuverl\u00e4ssiges Garagentor-Zubeh\u00f6r und Federsystem-Verst\u00e4rkung.<\/p>","protected":false},"featured_media":6027,"comment_status":"open","ping_status":"closed","template":"","meta":{"_acf_changed":false},"product_brand":[],"product_cat":[36],"product_tag":[],"class_list":{"0":"post-6030","1":"product","2":"type-product","3":"status-publish","4":"has-post-thumbnail","6":"product_cat-brackets","8":"first","9":"instock","10":"shipping-taxable","11":"product-type-simple"},"acf":[],"_links":{"self":[{"href":"https:\/\/www.baoteng.cc\/de\/wp-json\/wp\/v2\/product\/6030","targetHints":{"allow":["GET"]}}],"collection":[{"href":"https:\/\/www.baoteng.cc\/de\/wp-json\/wp\/v2\/product"}],"about":[{"href":"https:\/\/www.baoteng.cc\/de\/wp-json\/wp\/v2\/types\/product"}],"replies":[{"embeddable":true,"href":"https:\/\/www.baoteng.cc\/de\/wp-json\/wp\/v2\/comments?post=6030"}],"wp:featuredmedia":[{"embeddable":true,"href":"https:\/\/www.baoteng.cc\/de\/wp-json\/wp\/v2\/media\/6027"}],"wp:attachment":[{"href":"https:\/\/www.baoteng.cc\/de\/wp-json\/wp\/v2\/media?parent=6030"}],"wp:term":[{"taxonomy":"product_brand","embeddable":true,"href":"https:\/\/www.baoteng.cc\/de\/wp-json\/wp\/v2\/product_brand?post=6030"},{"taxonomy":"product_cat","embeddable":true,"href":"https:\/\/www.baoteng.cc\/de\/wp-json\/wp\/v2\/product_cat?post=6030"},{"taxonomy":"product_tag","embeddable":true,"href":"https:\/\/www.baoteng.cc\/de\/wp-json\/wp\/v2\/product_tag?post=6030"}],"curies":[{"name":"wp","href":"https:\/\/api.w.org\/{rel}","templated":true}]}}