{"id":6105,"date":"2025-09-17T01:20:59","date_gmt":"2025-09-17T01:20:59","guid":{"rendered":"https:\/\/baoteng.cc\/?post_type=product&#038;p=6105"},"modified":"2025-09-18T02:46:51","modified_gmt":"2025-09-18T02:46:51","slug":"untere-garagentordichtung-untere-wetterdichtungen","status":"publish","type":"product","link":"https:\/\/www.baoteng.cc\/de\/product\/untere-garagentordichtung-untere-wetterdichtungen\/","title":{"rendered":"Bottom Garage T\u00fcr Dichtung Bottom PVC Profil Panel Wetter Dichtungen f\u00fcr industrielle Stil Sektionaltore OEM anpassbar"},"content":{"rendered":"<section style=\"width: 100%;\">\n<header>\n<h1 style=\"font-size: 26px;\">Industrielle PVC-T\u00fcrverkleidung Bodendichtung Sektionale Garagentor-Wetterabdichtungen<\/h1>\n<\/header>\n<article>\n<h2 style=\"font-size: 22px;\">\ud83d\udeaa Beschreibung<\/h2>\n<p>A <span style=\"color: #d32f2f; font-weight: bold;\">untere Garagentor-Dichtung<\/span> ist entscheidend f\u00fcr die Aufrechterhaltung einer sicheren, warmen Umgebung und eines hervorragenden Schutzes vor der Au\u00dfenwelt. Unsere PVC-Torplattendichtung im Industriestil wurde speziell f\u00fcr Garagen-Sektionaltore entwickelt und wird viele Jahre lang sowohl im privaten als auch im industriellen Umfeld ihren Dienst tun. Die exklusive <span style=\"color: #1976d2; font-weight: bold;\">PVC-Bodenprofil<\/span> ist eine clevere Konstruktion, die das Beste aus Flexibilit\u00e4t und St\u00e4rke bietet und eine optimale Wetterabdichtung und L\u00e4rmreduzierung garantiert. Es besteht aus einer PVC-Mischung, ist flexibel, f\u00fcr Spalten bis zu 1 Zoll anpassbar, kann auf die richtige L\u00e4nge zugeschnitten oder unver\u00e4ndert montiert werden und l\u00e4sst sich leicht anbringen, um Spalten an den Seiten von T\u00fcren abzudichten.<\/p>\n<p>\ud83c\udf27\ufe0f Der Wetterschutz ist eine der wichtigsten Eigenschaften von <span style=\"color: #d32f2f; font-weight: bold;\">untere Garagentor-Dichtung<\/span>. Unser Verbundwerkstoff aus PVC und Gummi widersteht UV-Strahlen, kaltem Wetter und allt\u00e4glichen Abnutzungserscheinungen durch h\u00e4ufiges \u00d6ffnen und Schlie\u00dfen. Dies ist ein hochwertiges <span style=\"color: #1976d2; font-weight: bold;\">Gummibodenprofil<\/span> wird in Sonderl\u00e4ngen verkauft. Im Gegensatz zu billigen, minderwertigen Alternativen beh\u00e4lt sie ihre Dichtungsst\u00e4rke und urspr\u00fcngliche Form \u00fcber Jahre hinweg bei. Ganz gleich, ob Sie in Ihrer Stadt Regen, Schnee oder sengende Hitze haben, diese Garagendichtung wird Sie mit ihrer Qualit\u00e4t nicht entt\u00e4uschen.<\/p>\n<p>\ud83c\udfed Mit mehr als 20 Jahren Erfahrung in der Produktion bieten wir kundenspezifische Dienstleistungen an. Kunden k\u00f6nnen kundenspezifische Gr\u00f6\u00dfen, Dicken und Profile anfordern oder die gew\u00fcnschte H\u00e4rte der Gummimischung angeben. Logo-Branding und kundenspezifische Verpackungen wie Geschenksets oder OEM-Boxen sind m\u00f6glich. Dies macht unsere <span style=\"color: #d32f2f; font-weight: bold;\">untere Garagentor-Dichtung<\/span> nicht nur die beste Option f\u00fcr konventionelle Bed\u00fcrfnisse, sondern auch eine vielseitige Option f\u00fcr Lieferanten, Einzelh\u00e4ndler und Bauunternehmer weltweit.<\/p>\n<p>\ud83d\udd27 Die Installation ist einfach. Diese <span style=\"color: #1976d2; font-weight: bold;\">Gummibodenprofil<\/span> ist mit Sektionaltoren kompatibel und passt in die meisten standardm\u00e4\u00dfigen Bodenhalterungen oder Dichtungskan\u00e4le, die bei Sektionaltoren verwendet werden. Nach der Installation dr\u00fcckt es sich gegen Bodenunebenheiten und bildet eine dichte Abdichtung, die Wasser, Luft, Staub und Insekten fernh\u00e4lt. Das PVC-Material ist flexibel, so dass es leicht auf fast jede Torbreite zugeschnitten werden kann.<\/p>\n<h2 style=\"font-size: 22px;\">\ud83c\udf1f Merkmale der unteren Garagentordichtung<\/h2>\n<ul>\n<li>Langlebige Konstruktion mit hochwertiger PVC-Mischung<\/li>\n<li>Passend f\u00fcr Garagen-Sektionaltor-Paneele<\/li>\n<li>OEM &amp; Ma\u00dfgeschneiderte Abmessungen, Dicken und Profile<\/li>\n<li>Hervorragende UV-, Ozon- und extreme Wetterbest\u00e4ndigkeit<\/li>\n<li>Minimiert Energieverluste durch versiegelte N\u00e4hte<\/li>\n<li>Verhindert Staub, Insekten und das Eindringen von Wasser<\/li>\n<li>Einfache Installation und langfristige Flexibilit\u00e4t<\/li>\n<\/ul>\n<h2 style=\"font-size: 22px;\">\ud83d\udcca Technische Daten<\/h2>\n<table style=\"width: 100%; border-collapse: collapse;\" border=\"1\" cellpadding=\"6\">\n<tbody>\n<tr>\n<th>Artikel<\/th>\n<th>Einzelheiten<\/th>\n<\/tr>\n<tr>\n<td>Produktname<\/td>\n<td>PVC-T\u00fcrverkleidung im Industriestil, untere Dichtung<\/td>\n<\/tr>\n<tr>\n<td>Material<\/td>\n<td>PVC<\/td>\n<\/tr>\n<tr>\n<td>Anmeldung<\/td>\n<td>Sektional-Garagentore<\/td>\n<\/tr>\n<tr>\n<td>Fokus Schl\u00fcsselw\u00f6rter<\/td>\n<td>untere Garagentor-Dichtung, PVC-Bodenprofil<\/td>\n<\/tr>\n<tr>\n<td>OEM\/ODM<\/td>\n<td>Verf\u00fcgbar (individuelle Gr\u00f6\u00dfe, Farbe, Verpackung)<\/td>\n<\/tr>\n<tr>\n<td>Temperaturbereich<\/td>\n<td>-40\u00b0C bis +120\u00b0C<\/td>\n<\/tr>\n<tr>\n<td>Dauerhafte Qualit\u00e4t<\/td>\n<td>Witterungsbest\u00e4ndigkeit: UV, Ozon, Staub, Wasserdichtigkeit<\/td>\n<\/tr>\n<\/tbody>\n<\/table>\n<p>\ud83d\udca1 Die meisten Garagenbesitzer machen sich keine Gedanken dar\u00fcber, ob ihre Garage gut abgedichtet ist. Ein schlecht abgedichtetes Garagentor kann die Heiz- und K\u00fchlkosten in die H\u00f6he treiben, Wasser eindringen lassen, das strukturelle Sch\u00e4den verursacht, und den Komfort beeintr\u00e4chtigen. Unser <span style=\"color: #1976d2; font-weight: bold;\">PVC-Bodenprofil<\/span> l\u00f6st all diese Probleme und ist gleichzeitig eine wirtschaftliche L\u00f6sung f\u00fcr den langfristigen Einsatz.<\/p>\n<p>Umweltbewusste Verbraucher werden es zu sch\u00e4tzen wissen, dass unsere Siegel recycelbar sind und mit minimalen Auswirkungen auf die Umwelt hergestellt werden. Wir erf\u00fcllen strenge internationale Qualit\u00e4tsstandards und stellen sicher, dass jede Charge auf Festigkeit, Druckverformung und Witterungsbest\u00e4ndigkeit gepr\u00fcft wird.<\/p>\n<p>OEM-Unterst\u00fctzung ist verf\u00fcgbar, einschlie\u00dflich technischer Unterst\u00fctzung, CAD-Design\u00e4nderungen und schnellem Prototyping. Dank flexibler Mindestabnahmemengen k\u00f6nnen H\u00e4ndler und industrielle Abnehmer von Gro\u00dfhandelspreisen und gro\u00dfen Liefermengen profitieren. Unser <span style=\"color: #d32f2f; font-weight: bold;\">untere Garagentor-Dichtung<\/span> Das Know-how in der Produktion garantiert Qualit\u00e4t, Kosteneffizienz und eine zuverl\u00e4ssige Produktion in hohen St\u00fcckzahlen.<\/p>\n<h2 style=\"font-size: 22px;\">\ud83c\udfc6 Warum sollten Sie sich f\u00fcr unsere untere Garagentordichtung entscheiden?<\/h2>\n<p>\u2714 Branchenf\u00fchrende OEM &amp; ODM Erfahrung<br \/>\n\u2714 Hochleistungs-PVC + Gummi-Formulierung<br \/>\n\u2714 Anpassbare Abmessungen und Branding<br \/>\n\u2714 Gepr\u00fcft auf Wetter- und Schlagfestigkeit<br \/>\n\u2714 Globale Logistik und zuverl\u00e4ssige Kundenbetreuung<\/p>\n<p>\ud83d\ude97 Von Hausbesitzern, die ihre Garagen-Sektionaltore aufr\u00fcsten, bis hin zu Industrieunternehmen, die gro\u00dfe Mengen an <span style=\"color: #1976d2; font-weight: bold;\">PVC-Bodenprofile<\/span>, Unsere L\u00f6sungen sind f\u00fcr jeden Bedarf geeignet. Die Wahl des richtigen <span style=\"color: #d32f2f; font-weight: bold;\">untere Garagentor-Dichtung<\/span> sorgt f\u00fcr lang anhaltenden Schutz, Energieeffizienz und eine saubere, sichere Umgebung in Ihrer Garage.<\/p>\n<footer>\ud83d\udccc Kauf eines zuverl\u00e4ssigen <span style=\"color: #d32f2f; font-weight: bold;\">untere Garagentor-Dichtung<\/span> mit anpassbaren <span style=\"color: #1976d2; font-weight: bold;\">PVC-Bodenprofil<\/span> Konstruktion. Perfekt f\u00fcr Garagen-Sektionaltore, gebaut, um unter anspruchsvollen Bedingungen zu funktionieren, und erh\u00e4ltlich mit OEM-Anpassung f\u00fcr Ihre Marke.<\/footer>\n<\/article>\n<\/section>","protected":false},"excerpt":{"rendered":"<p>Hochwertige untere Garagentorabdichtung mit haltbarem PVC-Unterprofil. Sie wurde f\u00fcr Garagen-Sektionaltore entwickelt und bietet hervorragenden Witterungsschutz, Isolierung und anpassbare OEM-L\u00f6sungen f\u00fcr den industriellen und privaten Gebrauch.<\/p>","protected":false},"featured_media":6214,"comment_status":"open","ping_status":"closed","template":"","meta":{"_acf_changed":false},"product_brand":[],"product_cat":[39],"product_tag":[],"class_list":{"0":"post-6105","1":"product","2":"type-product","3":"status-publish","4":"has-post-thumbnail","6":"product_cat-tracks","8":"first","9":"instock","10":"shipping-taxable","11":"product-type-simple"},"acf":[],"_links":{"self":[{"href":"https:\/\/www.baoteng.cc\/de\/wp-json\/wp\/v2\/product\/6105","targetHints":{"allow":["GET"]}}],"collection":[{"href":"https:\/\/www.baoteng.cc\/de\/wp-json\/wp\/v2\/product"}],"about":[{"href":"https:\/\/www.baoteng.cc\/de\/wp-json\/wp\/v2\/types\/product"}],"replies":[{"embeddable":true,"href":"https:\/\/www.baoteng.cc\/de\/wp-json\/wp\/v2\/comments?post=6105"}],"wp:featuredmedia":[{"embeddable":true,"href":"https:\/\/www.baoteng.cc\/de\/wp-json\/wp\/v2\/media\/6214"}],"wp:attachment":[{"href":"https:\/\/www.baoteng.cc\/de\/wp-json\/wp\/v2\/media?parent=6105"}],"wp:term":[{"taxonomy":"product_brand","embeddable":true,"href":"https:\/\/www.baoteng.cc\/de\/wp-json\/wp\/v2\/product_brand?post=6105"},{"taxonomy":"product_cat","embeddable":true,"href":"https:\/\/www.baoteng.cc\/de\/wp-json\/wp\/v2\/product_cat?post=6105"},{"taxonomy":"product_tag","embeddable":true,"href":"https:\/\/www.baoteng.cc\/de\/wp-json\/wp\/v2\/product_tag?post=6105"}],"curies":[{"name":"wp","href":"https:\/\/api.w.org\/{rel}","templated":true}]}}