{"id":6216,"date":"2025-09-18T02:47:00","date_gmt":"2025-09-18T02:47:00","guid":{"rendered":"https:\/\/baoteng.cc\/?post_type=product&#038;p=6216"},"modified":"2025-09-18T02:57:53","modified_gmt":"2025-09-18T02:57:53","slug":"garagentor-bodenabdichtungen-epdm-gummidichtung","status":"publish","type":"product","link":"https:\/\/www.baoteng.cc\/de\/product\/garagentor-bodenabdichtungen-epdm-gummidichtung\/","title":{"rendered":"Garage T\u00fcr unten Dichtungen Gummi unten Profil EPDM sektionale industrielle T\u00fcr Wetter Dichtung OEM anpassbar"},"content":{"rendered":"<section style=\"width: 100%;\">\n<header>\n<h1 style=\"font-size: 26px;\">Garagentor Bodenprofil Sektional Hardware Gummi EPDM Wetter Dichtung<\/h1>\n<\/header>\n<p>\ud83d\udeaa Eine robuste und zuverl\u00e4ssige <b>Garagentor-Bodendichtungen<\/b> ist von entscheidender Bedeutung, wenn es darum geht, Windst\u00fcrme abzuhalten, Energie zu sparen und Wohn- und Gesch\u00e4ftsgeb\u00e4ude langfristig zu sch\u00fctzen. Unser <b>Gummibodenprofil<\/b> Die Wetterdichtung f\u00fcr Garagen-Sektionaltore wird aus hochwertigem Greystone-EPDM-Gummi hergestellt, der auch extremen Temperaturbedingungen standh\u00e4lt - nachhaltig und langlebig! Dieses Gummibodenprofil wurde speziell f\u00fcr Garagen-Sektionaltore entwickelt und ist sehr widerstandsf\u00e4hig gegen Wasser, Zugluft und Staub. Es verhindert sogar den Zugang von Insekten und hilft, Bewegungsger\u00e4usche zu reduzieren und tr\u00e4gt weiter zur Isolierung bei.<\/p>\n<p>\ud83c\udf27\ufe0f Witterungsbest\u00e4ndigkeit ist das, was eine gute <b>Garagentor-Bodendichtungen<\/b>. EPDM ist bekannt f\u00fcr seine hervorragende Best\u00e4ndigkeit gegen ultraviolette Strahlen, Ozon, hohe und niedrige Temperaturen und langfristige mechanische Belastungen. Im Gegensatz zu minderwertigen Gummialternativen beh\u00e4lt EPDM seine Elastizit\u00e4t und Dichtungseigenschaften auch unter extremen Bedingungen wie starkem Regen, Schnee, W\u00fcstenhitze oder Minusgraden! Unser EPDM ist industrietauglich, was bedeutet, dass h\u00e4ufige \u00d6ffnungs- und Schlie\u00dfzyklen seine erm\u00fcdungsfreien Eigenschaften nicht beeintr\u00e4chtigen. Das macht die <b>Gummibodenprofil<\/b> eine sinnvolle langfristige Investition f\u00fcr alle Werkst\u00e4tten.<\/p>\n<p>Mit \u00fcber 20 Jahren Erfahrung in der OEM-Produktion k\u00f6nnen wir jede Marktnachfrage erf\u00fcllen. Unsere Fabrik fertigt <b>Garagentor-Bodendichtungen<\/b> entsprechend den Kundenanforderungen, wie Gr\u00f6\u00dfe, Dicke, H\u00e4rte und Profil. Wir bieten auch kundenspezifisches Branding, Verpackungsanpassung und Private Labeling f\u00fcr Distributoren und Einzelh\u00e4ndler weltweit. Dies garantiert nicht nur einen zuverl\u00e4ssigen Lieferanten, sondern auch einen langfristigen Partner f\u00fcr die Erweiterung von Produktlinien mit Private Branding.<\/p>\n<p>\ud83d\udd27 Der Einbau ist einfach. Das untere EPDM-Gummiprofil passt auf die meisten Sektionaltorhalterungen und Kan\u00e4le. Es l\u00e4sst sich leicht auf die exakte Breite zuschneiden, um auch unregelm\u00e4\u00dfige Oberfl\u00e4chen dicht abzudecken und eine Kompressionsdichtung zu gew\u00e4hrleisten. Feuchtigkeit, Staub oder kaltes Wetter k\u00f6nnen nicht durchdringen, wenn es richtig installiert ist. Dank seiner flexiblen Anpassungsf\u00e4higkeit ist es f\u00fcr jede Torgr\u00f6\u00dfe geeignet und spart Bauunternehmern Zeit und Kosten, w\u00e4hrend es gleichzeitig eine effektive Langzeitabdichtung gew\u00e4hrleistet.<\/p>\n<h2 style=\"font-size: 22px;\">\ud83c\udf1f Hauptmerkmale<\/h2>\n<ul>\n<li>Langlebige EPDM-Gummikonstruktion<\/li>\n<li>Speziell f\u00fcr Garagen-Sektionaltore entwickelt<\/li>\n<li>OEM und anpassbar in Gr\u00f6\u00dfe, H\u00e4rte und Verpackung<\/li>\n<li>Hervorragende Best\u00e4ndigkeit gegen Wetter, Ozon und UV-Strahlung<\/li>\n<li>Verbessert die Isolierung durch Verringerung der Luftinfiltration<\/li>\n<li>Sch\u00fctzt vor Sch\u00e4dlingen, Staub, Wasser und L\u00e4rm<\/li>\n<li>Flexible und dauerhafte Installation<\/li>\n<\/ul>\n<h2 style=\"font-size: 22px;\">\ud83d\udcca Technische Daten<\/h2>\n<table style=\"width: 100%; border-collapse: collapse; text-align: left;\" border=\"1\" cellspacing=\"0\" cellpadding=\"6\">\n<tbody>\n<tr>\n<td><b>Produktname<\/b><\/td>\n<td>Gummi-Unterprofil-Garagentor-Wetterdichtung<\/td>\n<\/tr>\n<tr>\n<td><b>Material<\/b><\/td>\n<td>EPDM-Kautschuk<\/td>\n<\/tr>\n<tr>\n<td><b>Anmeldung<\/b><\/td>\n<td>Sektional-Garagentore<\/td>\n<\/tr>\n<tr>\n<td><b>Fokus Schl\u00fcsselw\u00f6rter<\/b><\/td>\n<td>Garagentor-Bodendichtungen, Gummi-Bodenprofil<\/td>\n<\/tr>\n<tr>\n<td><b>OEM\/ODM<\/b><\/td>\n<td>Verf\u00fcgbar<\/td>\n<\/tr>\n<tr>\n<td><b>Temperaturbereich<\/b><\/td>\n<td>-50\u00b0C bis +150\u00b0C<\/td>\n<\/tr>\n<tr>\n<td><b>Dauerhaftigkeit<\/b><\/td>\n<td>UV-, ozon-, wasser-, staub- und sto\u00dfbest\u00e4ndig<\/td>\n<\/tr>\n<\/tbody>\n<\/table>\n<p>\ud83d\udca1 Die meisten Austauschvorg\u00e4nge sind auf minderwertige Dichtungen zur\u00fcckzuf\u00fchren. Unser EPDM <b>Gummibodenprofil<\/b> gew\u00e4hrleistet dauerhaften Schutz, Energieeffizienz und Zuverl\u00e4ssigkeit. Sie wurde ausgiebig getestet, entspricht den weltweiten Normen und bietet recycelbaren Gummi, der die Umweltbelastung reduziert. Diese Dichtung h\u00e4lt selbst den h\u00e4rtesten Bedingungen stand und garantiert \u00fcber Jahre hinweg gleichbleibende Leistung.<\/p>\n<p>\ud83d\udd29 Wir bieten fortschrittliche technische Unterst\u00fctzung und kundenspezifische CAD-Designs an. Wir bieten schnelles Prototyping und flexible Mindestbestellmengen, wodurch unsere Produkte sowohl f\u00fcr kleine H\u00e4ndler als auch f\u00fcr industrielle Abnehmer zug\u00e4nglich sind. Dank unserer umfangreichen OEM-Erfahrung wird jeder Auftrag effizient, skalierbar und pr\u00e4zise bearbeitet.<\/p>\n<h2 style=\"font-size: 22px;\">\ud83c\udfc6 Warum sollten Sie sich f\u00fcr unsere EPDM-Garagentor-Bodendichtungen entscheiden?<\/h2>\n<ul>\n<li>\u2714 20+ Jahre OEM &amp; ODM Erfahrung<\/li>\n<li>\u2714 EPDM-Gummi Zugfestigkeit, geringes Gewicht und Flexibilit\u00e4t<\/li>\n<li>\u2714 Vollst\u00e4ndig anpassbare Gr\u00f6\u00dfen, H\u00e4rte und Branding<\/li>\n<li>\u2714 Widersteht rauem Wetter und starker Beanspruchung<\/li>\n<li>\u2714 Zuverl\u00e4ssige globale Logistik und Lieferkette<\/li>\n<\/ul>\n<p>\ud83d\ude97 Ob f\u00fcr Hausbesitzer, die Sektionaltore nachr\u00fcsten, oder f\u00fcr industrielle Abnehmer, die Gro\u00dfbestellungen aufgeben, unsere EPDM <b>Gummibodenprofil<\/b> bietet hervorragende Haltbarkeit und Leistung. Die Entscheidung f\u00fcr unser <b>Garagentor-Bodendichtungen<\/b> bedeutet, in langfristigen Schutz, Isolierung und Energieeffizienz zu investieren.<\/p>\n<p>\ud83d\udccc Verbessern Sie Ihre Garagen-Sektionaltore mit leistungsstarken EPDM-Gummibodendichtungen. Mit anpassbaren Designs, OEM-Unterst\u00fctzung und robuster Wetterbest\u00e4ndigkeit ist diese <b>Gummibodenprofil<\/b> bietet einen un\u00fcbertroffenen Wert f\u00fcr private und industrielle Anwendungen.<\/p>\n<\/section>","protected":false},"excerpt":{"rendered":"<p>Premium EPDM-Garagentor-Bodendichtungen mit haltbarem Gummibodenprofil f\u00fcr Sektionaltore. Bietet hervorragende Isolierung, Wetterschutz und OEM-anpassbare L\u00f6sungen f\u00fcr private, gewerbliche und industrielle Anwendungen.<\/p>","protected":false},"featured_media":6215,"comment_status":"open","ping_status":"closed","template":"","meta":{"_acf_changed":false},"product_brand":[],"product_cat":[39],"product_tag":[],"class_list":{"0":"post-6216","1":"product","2":"type-product","3":"status-publish","4":"has-post-thumbnail","6":"product_cat-tracks","8":"first","9":"instock","10":"shipping-taxable","11":"product-type-simple"},"acf":[],"_links":{"self":[{"href":"https:\/\/www.baoteng.cc\/de\/wp-json\/wp\/v2\/product\/6216","targetHints":{"allow":["GET"]}}],"collection":[{"href":"https:\/\/www.baoteng.cc\/de\/wp-json\/wp\/v2\/product"}],"about":[{"href":"https:\/\/www.baoteng.cc\/de\/wp-json\/wp\/v2\/types\/product"}],"replies":[{"embeddable":true,"href":"https:\/\/www.baoteng.cc\/de\/wp-json\/wp\/v2\/comments?post=6216"}],"wp:featuredmedia":[{"embeddable":true,"href":"https:\/\/www.baoteng.cc\/de\/wp-json\/wp\/v2\/media\/6215"}],"wp:attachment":[{"href":"https:\/\/www.baoteng.cc\/de\/wp-json\/wp\/v2\/media?parent=6216"}],"wp:term":[{"taxonomy":"product_brand","embeddable":true,"href":"https:\/\/www.baoteng.cc\/de\/wp-json\/wp\/v2\/product_brand?post=6216"},{"taxonomy":"product_cat","embeddable":true,"href":"https:\/\/www.baoteng.cc\/de\/wp-json\/wp\/v2\/product_cat?post=6216"},{"taxonomy":"product_tag","embeddable":true,"href":"https:\/\/www.baoteng.cc\/de\/wp-json\/wp\/v2\/product_tag?post=6216"}],"curies":[{"name":"wp","href":"https:\/\/api.w.org\/{rel}","templated":true}]}}