{"id":6218,"date":"2025-09-18T03:36:03","date_gmt":"2025-09-18T03:36:03","guid":{"rendered":"https:\/\/baoteng.cc\/?post_type=product&#038;p=6218"},"modified":"2025-09-18T03:44:52","modified_gmt":"2025-09-18T03:44:52","slug":"professionelles-garagen-sektionaltor-mit-gebogener-schiene","status":"publish","type":"product","link":"https:\/\/www.baoteng.cc\/de\/product\/professionelles-garagen-sektionaltor-mit-gebogener-schiene\/","title":{"rendered":"Professionelle Garagentor gebogene Spur Sektionaltore 12\u2033 15\u2033 Radius 2\u2033 verzinkte Hardware OEM anpassbar"},"content":{"rendered":"<section style=\"width: 100%;\">\n<header>\n<h1 style=\"font-size: 26px;\">Professionelle Garagentor-Beschl\u00e4ge Sektionaltore 2\u2033 gebogene Schiene, 12\u2033 15\u2033 Radius<\/h1>\n<\/header>\n<p>\ud83d\udeaa Beschichteter Stahl <b>Garagentor gebogene Schiene<\/b> ist f\u00fcr einen sicheren, reibungslosen und leisen Betrieb von Garagen-Sektionaltoren erforderlich. Unsere gebogenen Schienen mit einem Radius von 12\u2033 und 15\u2033 in Industriequalit\u00e4t werden f\u00fcr Standard-Liftsysteme mit Torsionsfedern verwendet, um das Tor auszugleichen. Die aus verzinktem Stahl gefertigten Beschl\u00e4ge mit einer St\u00e4rke von 1,8 mm und 2,0 mm gew\u00e4hrleisten Festigkeit, Pr\u00e4zision und Langlebigkeit bei t\u00e4glicher Abnutzung sowohl in privaten als auch in industriellen Systemen.<\/p>\n<p>\ud83c\udf27\ufe0f Die verzinkte Oberfl\u00e4che garantiert eine hervorragende Best\u00e4ndigkeit gegen Rost, Korrosion und feuchte Luft. Die Torsionsfedern eignen sich f\u00fcr Wohnh\u00e4user, Garagen, Lagerhallen und Industrieanlagen und bieten f\u00fcr jede Torposition die gleiche Hubkraft. Im Gegensatz zu minderwertigen Alternativen sind unsere Schienen nach amerikanischem Standard pr\u00e4zise gebogen und gew\u00e4hrleisten einen flexiblen, reibungslosen und leisen Schiebebetrieb bei gleichzeitiger Erh\u00f6hung der langfristigen Zuverl\u00e4ssigkeit.<\/p>\n<p>Mit 20 Jahren Erfahrung in der OEM- und ODM-Herstellung bieten wir eine umfassende Anpassung an Kundenw\u00fcnsche. Kunden k\u00f6nnen den Radius, die Dicke, die L\u00e4nge oder die Oberfl\u00e4chenbehandlung entsprechend ihren Projektanforderungen festlegen. Unsere gebogenen Schienen sind ideal f\u00fcr Distributoren, Gro\u00dfh\u00e4ndler und professionelle Auftragnehmer, die weltweit nach zuverl\u00e4ssigen Partnern f\u00fcr die Lieferkette suchen, da auch Marken und Verpackungen individuell angepasst werden k\u00f6nnen.<\/p>\n<h2 style=\"font-size: 22px;\">\ud83d\udd27 Installation und Kompatibilit\u00e4t<\/h2>\n<p>Unsere gebogenen Laufschienen sind f\u00fcr Garagen-Sektionaltor-Beschlagsysteme nach Industriestandard ausgelegt. Sie wurden f\u00fcr eine einfache Installation entwickelt und passen sich nahtlos an die horizontalen und vertikalen Schienenabschnitte an, sodass sich das Tor st\u00f6rungsfrei bewegen kann. Die Pr\u00e4zisionskurve minimiert den Verschlei\u00df der Rollen und den Energieverlust durch Reibung. Sie sind mit den meisten 2\u2033-Garagen-Sektionaltoren kompatibel und eignen sich gleicherma\u00dfen f\u00fcr private und industrielle Anwendungen.<\/p>\n<h2 style=\"font-size: 22px;\">\ud83c\udf1f Hauptmerkmale<\/h2>\n<ul>\n<li>Langlebige Konstruktion aus verzinktem Stahl<\/li>\n<li>Erh\u00e4ltlich in 12\u2033 und 15\u2033 Radius<\/li>\n<li>Optionen f\u00fcr 1,8 mm und 2,0 mm Dicke<\/li>\n<li>2\u2033-Standardprofil f\u00fcr Garagen-Sektionaltore<\/li>\n<li>Hervorragende Korrosions- und Rostbest\u00e4ndigkeit<\/li>\n<li>OEM und kundenspezifische Designs verf\u00fcgbar (einschlie\u00dflich Verpackung)<\/li>\n<li>Zuverl\u00e4ssige Leistung mit reibungslosem, leisem Betrieb<\/li>\n<\/ul>\n<h2 style=\"font-size: 22px;\">\ud83d\udcca Technische Daten<\/h2>\n<table style=\"width: 100%; border-collapse: collapse; text-align: left;\" border=\"1\" cellspacing=\"0\" cellpadding=\"6\">\n<tbody>\n<tr>\n<td><b>Produktname<\/b><\/td>\n<td>Professionelles Garagentor gebogene Schiene<\/td>\n<\/tr>\n<tr>\n<td><b>Beschreibung des Produkts<\/b><\/td>\n<td>Gebogene Schiene f\u00fcr Garagen-Sektionaltore<\/td>\n<\/tr>\n<tr>\n<td><b>Anmeldung<\/b><\/td>\n<td>Garagen-Sektionaltore f\u00fcr Wohn- und Industriegeb\u00e4ude<\/td>\n<\/tr>\n<tr>\n<td><b>Material<\/b><\/td>\n<td>Verzinkter Stahl<\/td>\n<\/tr>\n<tr>\n<td><b>Radius Optionen<\/b><\/td>\n<td>12&#8243; \/ 15&#8243;<\/td>\n<\/tr>\n<tr>\n<td><b>Profil<\/b><\/td>\n<td>2&#8243;<\/td>\n<\/tr>\n<tr>\n<td><b>Dicke<\/b><\/td>\n<td>1,8 mm \/ 2,0 mm<\/td>\n<\/tr>\n<tr>\n<td><b>Oberfl\u00e4che<\/b><\/td>\n<td>Verzinkt, korrosionsgesch\u00fctzt<\/td>\n<\/tr>\n<tr>\n<td><b>Fokus Schl\u00fcsselw\u00f6rter<\/b><\/td>\n<td>Garagentor gebogene Schiene<\/td>\n<\/tr>\n<tr>\n<td><b>OEM\/ODM<\/b><\/td>\n<td>Verf\u00fcgbar (individuelle Gr\u00f6\u00dfe, Branding, Verpackung)<\/td>\n<\/tr>\n<\/tbody>\n<\/table>\n<p>\ud83d\udca1 Das Ideal <b>Garagentor gebogene Schiene<\/b> ist sowohl energieeffizient als auch langlebig. Durch die gleichm\u00e4\u00dfige Ausrichtung und den gleichm\u00e4\u00dfigen Lauf reduziert unsere Schiene den Widerstand, verl\u00e4ngert die Lebensdauer von Rollen, Scharnieren und \u00d6ffnern und senkt die Ersatzkosten. Dies gew\u00e4hrleistet langfristige Einsparungen und einen zuverl\u00e4ssigen Betrieb f\u00fcr Hausbesitzer und Unternehmen gleicherma\u00dfen.<\/p>\n<p>Wir bieten fortschrittliche technische Unterst\u00fctzung, CAD-\u00c4nderungen und Rapid Prototyping f\u00fcr spezielle Projekte. Dank flexibler MOQs profitieren sowohl kleine H\u00e4ndler als auch gro\u00dfe industrielle Abnehmer von kosteng\u00fcnstigen Gro\u00dfhandelspreisen und skalierbaren Produktionskapazit\u00e4ten.<\/p>\n<h2 style=\"font-size: 22px;\">\ud83c\udfc6 Warum sind wir die Besten?<\/h2>\n<ul>\n<li>\u2714 \u00dcber 20 Jahre Erfahrung in der OEM- und ODM-Herstellung<\/li>\n<li>\u2714 Hochfester verzinkter Stahl mit hoher Tragf\u00e4higkeit<\/li>\n<li>\u2714 12\u2033 und 15\u2033 Radius f\u00fcr maximale Vielseitigkeit<\/li>\n<li>\u2714 Vollst\u00e4ndig anpassbare Dicke, L\u00e4nge und Branding<\/li>\n<li>\u2714 Ideal f\u00fcr den Einsatz in Wohn- und Industriegeb\u00e4uden mit hoher Beanspruchung<\/li>\n<li>\u2714 Globale Logistik und technische Unterst\u00fctzung<\/li>\n<\/ul>\n<p>\ud83d\ude97 Ganz gleich, ob Sie als Hausbesitzer ein Garagen-Sektionaltor nachr\u00fcsten oder als Industrieunternehmer ein gro\u00dfes Projekt durchf\u00fchren, unsere <b>Garagentor gebogene Schiene<\/b> ist die zuverl\u00e4ssige Wahl f\u00fcr Langlebigkeit und Leistung. Wenn Sie sich f\u00fcr unsere Schienen entscheiden, sichern Sie sich einen reibungslosen Betrieb, langfristigen Schutz und geringere Kosten.<\/p>\n<p>Stellen Sie sicher, dass Ihr Garagen-Sektionaltorsystem mit Pr\u00e4zision und Effizienz arbeitet, indem Sie unsere gebogenen Schienen verwenden. Unsere gebogenen Laufschienen sind aus verzinktem Stahl gefertigt, um eine lange Lebensdauer zu gew\u00e4hrleisten, k\u00f6nnen an nahezu jede Anforderung angepasst werden und werden durch jahrzehntelange OEM-Erfahrung unterst\u00fctzt.<\/p>\n<\/section>","protected":false},"excerpt":{"rendered":"<p>Hochwertige Garagentor-Kurvenschiene f\u00fcr Sektionaltore mit 12\u2033 und 15\u2033 Radius, 2\u2033 Profil und verzinkter Oberfl\u00e4che. Langlebige 1,8mm &amp; 2,0mm Dicke, OEM und anpassbare L\u00f6sungen f\u00fcr private und industrielle Garagentore.<\/p>","protected":false},"featured_media":6219,"comment_status":"open","ping_status":"closed","template":"","meta":{"_acf_changed":false},"product_brand":[],"product_cat":[39],"product_tag":[],"class_list":{"0":"post-6218","1":"product","2":"type-product","3":"status-publish","4":"has-post-thumbnail","6":"product_cat-tracks","8":"first","9":"instock","10":"shipping-taxable","11":"product-type-simple"},"acf":[],"_links":{"self":[{"href":"https:\/\/www.baoteng.cc\/de\/wp-json\/wp\/v2\/product\/6218","targetHints":{"allow":["GET"]}}],"collection":[{"href":"https:\/\/www.baoteng.cc\/de\/wp-json\/wp\/v2\/product"}],"about":[{"href":"https:\/\/www.baoteng.cc\/de\/wp-json\/wp\/v2\/types\/product"}],"replies":[{"embeddable":true,"href":"https:\/\/www.baoteng.cc\/de\/wp-json\/wp\/v2\/comments?post=6218"}],"wp:featuredmedia":[{"embeddable":true,"href":"https:\/\/www.baoteng.cc\/de\/wp-json\/wp\/v2\/media\/6219"}],"wp:attachment":[{"href":"https:\/\/www.baoteng.cc\/de\/wp-json\/wp\/v2\/media?parent=6218"}],"wp:term":[{"taxonomy":"product_brand","embeddable":true,"href":"https:\/\/www.baoteng.cc\/de\/wp-json\/wp\/v2\/product_brand?post=6218"},{"taxonomy":"product_cat","embeddable":true,"href":"https:\/\/www.baoteng.cc\/de\/wp-json\/wp\/v2\/product_cat?post=6218"},{"taxonomy":"product_tag","embeddable":true,"href":"https:\/\/www.baoteng.cc\/de\/wp-json\/wp\/v2\/product_tag?post=6218"}],"curies":[{"name":"wp","href":"https:\/\/api.w.org\/{rel}","templated":true}]}}