{"id":6241,"date":"2025-09-19T02:49:06","date_gmt":"2025-09-19T02:49:06","guid":{"rendered":"https:\/\/baoteng.cc\/?post_type=product&#038;p=6241"},"modified":"2025-09-20T01:39:31","modified_gmt":"2025-09-20T01:39:31","slug":"vertikale-schiene-fur-winkelschiene-mit-dichtung","status":"publish","type":"product","link":"https:\/\/www.baoteng.cc\/de\/product\/vertikale-schiene-fur-winkelschiene-mit-dichtung\/","title":{"rendered":"Vertikale Schiene f\u00fcr Winkelschiene mit Dichtung | Garagentor St\u00fctzschiene Hauptschiene Wetterdichtung Verzinkt 2.0mm OEM anpassbar"},"content":{"rendered":"<section style=\"width: 100%;\">\n<header>\n<h1 style=\"font-size: 24px;\">Garagentorhalterung, Haupt- und Wetterdichtung - OEM Custom 2.0mm verzinkt<\/h1>\n<\/header>\n<article>Wenn es darum geht, beim Einbau von Garagentoren dauerhaften Service und Zuverl\u00e4ssigkeit zu bieten, ist die <span style=\"color: blue; font-weight: bold;\">Vertikale Schiene f\u00fcr Winkelbahn mit Dichtung<\/span> und die <span style=\"color: green; font-weight: bold;\">Garagentordichtung mit Schiene<\/span> eine wichtige Aufgabe erf\u00fcllen. Die Produktverpackung enth\u00e4lt eine hochbelastbare Garagentor-St\u00fctzschiene, eine pr\u00e4zisionsgefertigte Hauptschiene und ein robustes Dichtungssystem, das aus einer 2,0 mm dicken, verzinkten Stahlkonstruktion besteht. Entwickelt f\u00fcr maximale Haltbarkeit, ger\u00e4uscharmen Betrieb und einfache Wartung, um jede private, gewerbliche oder industrielle Anwendung zu erg\u00e4nzen. \u2699\ufe0f<\/p>\n<h2 style=\"font-size: 20px; margin-top: 20px;\">Hochwertige Konstruktion<\/h2>\n<p>Die Laufschienen sind aus korrosionsbest\u00e4ndigem, verzinktem Stahl gefertigt und tragen dazu bei, das Tor gegen Winddruck zu verst\u00e4rken. Sowohl die St\u00fctzschiene als auch die verbleibende Hauptschiene sind mit einer Dicke von 2,0 mm ausgeglichen, um schwere Nutzungszyklen zu unterst\u00fctzen und gleichzeitig die Ausrichtung und Konsistenz beizubehalten. Die verzinkte Oberfl\u00e4che verhindert au\u00dferdem, dass diese Schienen in Umgebungen wie feuchten Gebieten, K\u00fcstenregionen und anderen Gebieten mit hoher Luftfeuchtigkeit schnell korrodieren, was bei herk\u00f6mmlichem Stahl sehr leicht der Fall w\u00e4re. \ud83c\udf0d<\/p>\n<h2 style=\"font-size: 20px; margin-top: 20px;\">Integration von Siegel und Gleis in einer Struktur<\/h2>\n<p>Der gr\u00f6\u00dfte Vorteil dieses Systems ist die Kombination aus Garagentorabdichtung und Laufschiene. Die Wetterdichtung ist strategisch so konzipiert, dass sie an der vertikalen Schiene und der Winkelschiene haftet und Ihr Haus vor Schmutz, Laub, Wasser und auch Temperaturschwankungen sch\u00fctzt. Dadurch, dass das Dichtungsmaterial nicht mehr separat an einer Leiste befestigt werden muss, wird nicht nur die Position der Schiene konsistent gehalten, sondern auch ein sauberer und dichterer Abschluss um das gesamte Garagentorsystem herum geschaffen. Diese Innovation verbessert die Energieeffizienz, beseitigt Zugluft und verl\u00e4ngert die Lebensdauer des Tors und seiner beweglichen Teile. \ud83c\udfe1<\/p>\n<h2 style=\"font-size: 20px; margin-top: 20px;\">OEM &amp; anpassbare L\u00f6sungen<\/h2>\n<p>Unser hauseigenes Produktionsteam verf\u00fcgt \u00fcber mehr als 20 Jahre Erfahrung in der OEM-Fertigung und ist darauf spezialisiert, verstellbare Garagentorlaufschienen, Hauptlaufschienen und Dichtungen zu liefern, die den unterschiedlichen Marktanforderungen entsprechen. Wenn Sie spezielle L\u00e4ngen, verschiedene verzinkte Oberfl\u00e4chen, alternative Dichtungsmaterialien oder modifizierte Schienenprofile ben\u00f6tigen, bieten wir Ihnen ma\u00dfgeschneiderte L\u00f6sungen, um die individuellen Anforderungen internationaler Kunden zu erf\u00fcllen. Die OEM-Anpassung umfasst:<\/p>\n<ul>\n<li>Kundenspezifische Schienenl\u00e4ngen (Standard- und Langl\u00e4ngenvariante)<\/li>\n<li>Spezielle Oberfl\u00e4chenbehandlungen wie Pulverbeschichtung, Feuerverzinkung oder Farblackierung<\/li>\n<li>Verschiedene Dichtungsformen f\u00fcr kalte, warme oder feuchte Regionen<\/li>\n<li>Integration mit Rand-, Ober- und Bodenabdichtungen<\/li>\n<li>Verpackungen f\u00fcr Eigenmarken und M\u00f6glichkeiten der Markenbildung<\/li>\n<\/ul>\n<h2 style=\"font-size: 20px; margin-top: 20px;\">Anwendungen<\/h2>\n<p>Die Tragschiene, die Hauptschiene und die Wetterdichtung lassen sich an eine Reihe von Garagentorsystemen anpassen. F\u00fcr Anwendungen vom Wohnbereich bis zur gewerblichen Industrie hat dieses Tor alles, ein Allround-Arbeitspferd. Unser <span style=\"color: blue; font-weight: bold;\">Vertikale Schiene f\u00fcr Winkelbahn mit Dichtung<\/span> k\u00f6nnen in Sektionaltoren verwendet werden, w\u00e4hrend unsere <span style=\"color: green; font-weight: bold;\">Garagentordichtung mit Schiene<\/span> bietet Isolierung und Schutz in einer Vielzahl von Umgebungen.<\/p>\n<h2 style=\"font-size: 20px; margin-top: 20px;\">Technische Daten<\/h2>\n<table style=\"width: 100%; border-collapse: collapse;\" border=\"1\" cellspacing=\"0\" cellpadding=\"5\">\n<tbody>\n<tr>\n<th>Komponente<\/th>\n<th>Material<\/th>\n<th>Dicke<\/th>\n<th>Oberfl\u00e4che<\/th>\n<th>Anmeldung<\/th>\n<\/tr>\n<tr>\n<td>Unterst\u00fctzung Track<\/td>\n<td>Verzinkter Stahl<\/td>\n<td>2,0 mm<\/td>\n<td>Verzinkt<\/td>\n<td>Garagentor Struktur Unterst\u00fctzung<\/td>\n<\/tr>\n<tr>\n<td>Hauptstrecke<\/td>\n<td>Verzinkter Stahl<\/td>\n<td>2,0 mm<\/td>\n<td>Verzinkt<\/td>\n<td>Vertikale\/horizontale T\u00fcrbewegung<\/td>\n<\/tr>\n<tr>\n<td>Dichtung<\/td>\n<td>Hochleistungskautschuk \/ PVC<\/td>\n<td>K.A.<\/td>\n<td>Integriert mit Track<\/td>\n<td>Staub, Wasser, Zugluftvermeidung<\/td>\n<\/tr>\n<\/tbody>\n<\/table>\n<h2 style=\"font-size: 20px; margin-top: 20px;\">Die wichtigsten Vorteile<\/h2>\n<ul>\n<li>Hergestellt aus schwerem 2,0 mm verzinktem Stahl f\u00fcr \u00fcberragende Festigkeit und Haltbarkeit<\/li>\n<li>Nahtloses Dichtungssystem bietet optimale Isolierung<\/li>\n<li>OEM-taugliche Produkte f\u00fcr verschiedene M\u00e4rkte<\/li>\n<li>Hohe Korrosions- und Rostbest\u00e4ndigkeit in allen rauen Umgebungen<\/li>\n<li>Ger\u00e4uscharmes und sicheres Spurf\u00fchrungssystem<\/li>\n<\/ul>\n<h2 style=\"font-size: 20px; margin-top: 20px;\">Warum sollten Sie sich f\u00fcr unsere Fertigungskompetenz entscheiden?<\/h2>\n<p>Mit der Einf\u00fchrung der Walzprofilierung und der Hochpr\u00e4zisionsschwei\u00dftechnik haben wir eine Reihe von Fertigungseinrichtungen eingef\u00fchrt, die uns in die Lage versetzen, die Qualit\u00e4t unserer Metalldeckenaufh\u00e4ngungen zu garantieren. Kontrollschritte sind die Pr\u00fcfung der Dicke, die Pr\u00fcfung der Haftung der Beschichtung und die Pr\u00fcfung der Lagerzyklen. Wir bieten unseren internationalen und globalen Kunden auch ein OEM-Branding an, d.h. wir erlauben den Vertriebsh\u00e4ndlern oder Gro\u00dfh\u00e4ndlern, die Produkte unter ihrem eigenen Label zu vermarkten, mit voller technischer Unterst\u00fctzung. \ud83c\udfed<\/p>\n<h2 style=\"font-size: 20px; margin-top: 20px;\">Installation und Wartung<\/h2>\n<p>Die Tragschiene des Garagentors, die Hauptschiene und die Wetterdichtung sind f\u00fcr eine einfache Installation mit geringem Wartungsaufwand ausgelegt. Die eingegossene Dichtung macht einen zweiten Dichtungsvorgang \u00fcberfl\u00fcssig, der die Montage verlangsamen und die Kosten erh\u00f6hen kann. Die Wartung wird durch die verzinkte Oberfl\u00e4che erleichtert, die keine Rostbildung zul\u00e4sst und eine glatte Oberfl\u00e4che zum Abrollen bietet. Eine einfache Schmierung von Zeit zu Zeit und eine \u00dcberpr\u00fcfung der Dichtung gew\u00e4hrleisten eine bew\u00e4hrte Zuverl\u00e4ssigkeit \u00fcber Jahre hinweg. \ud83d\udd27<\/p>\n<h2 style=\"font-size: 20px; margin-top: 20px;\">Nachhaltigkeit<\/h2>\n<p>In \u00dcbereinstimmung mit den internationalen Best Practices f\u00fcr umweltfreundliche Baumaterialien sind der verzinkte Stahl und die Gummidichtungen recycelbar und umweltvertr\u00e4glich. Die Garagentorsysteme haben eine l\u00e4ngere Lebensdauer und eine effizientere Isolierung gegen W\u00e4rmeverluste, was sie zu einer vorbildlichen L\u00f6sung f\u00fcr umweltfreundliches Bauen macht. \ud83c\udf31<\/p>\n<h2 style=\"font-size: 20px; margin-top: 20px;\">Anpassungsf\u00e4higkeit an den globalen Markt<\/h2>\n<p>Durch die verschiedenen Abmessungen kann die Schiene leicht nach Nordamerika, Europa, Asien und in den Nahen Osten exportiert werden. Merkmale und Spezifikationen umfassen vertikale Schiene f\u00fcr Winkelschiene mit Dichtung und Garagentordichtung mit Schiene. Verpacken: Polybags und Kartons. Jeder Markt profitiert davon, wenn wir die Schienensysteme an die lokalen Standards anpassen: f\u00fcr die Anpassung an verschiedene Garagentor-Designs und \u00d6ffnungssysteme sowie unter unterschiedlichen Umweltbedingungen.<\/p>\n<h2 style=\"font-size: 20px; margin-top: 20px;\">Schlussfolgerung<\/h2>\n<p>Die Garagentor-Tragschiene, Hauptschiene und Dichtung ist eine solide und robuste, aber dennoch flexible Antwort auf moderne Garagentorsysteme. Es ist die qualitativ hochwertige und preiswerte L\u00f6sung, die den Kundenw\u00fcnschen entspricht. Mit einer hochwertigen Konstruktion, direkter Fertigung und einem unglaublich anpassungsf\u00e4higen Design bietet dieses Produkt alles, was der Kunde in Bezug auf die Leistung und Haltbarkeit seines Garagentors w\u00fcnscht. \u2705<\/p>\n<\/article>\n<\/section>","protected":false},"excerpt":{"rendered":"<p>Hochwertige vertikale Schiene f\u00fcr Winkelschiene mit Dichtung und Garagentordichtung mit Schiene. 2,0 mm verzinkte Oberfl\u00e4che gew\u00e4hrleistet St\u00e4rke und Haltbarkeit. OEM- und anpassbare Optionen f\u00fcr Garagentor-St\u00fctzschienen, Hauptschienen und Wetterdichtungsl\u00f6sungen verf\u00fcgbar.<\/p>","protected":false},"featured_media":6242,"comment_status":"open","ping_status":"closed","template":"","meta":{"_acf_changed":false},"product_brand":[],"product_cat":[39],"product_tag":[],"class_list":{"0":"post-6241","1":"product","2":"type-product","3":"status-publish","4":"has-post-thumbnail","6":"product_cat-tracks","8":"first","9":"instock","10":"shipping-taxable","11":"product-type-simple"},"acf":[],"_links":{"self":[{"href":"https:\/\/www.baoteng.cc\/de\/wp-json\/wp\/v2\/product\/6241","targetHints":{"allow":["GET"]}}],"collection":[{"href":"https:\/\/www.baoteng.cc\/de\/wp-json\/wp\/v2\/product"}],"about":[{"href":"https:\/\/www.baoteng.cc\/de\/wp-json\/wp\/v2\/types\/product"}],"replies":[{"embeddable":true,"href":"https:\/\/www.baoteng.cc\/de\/wp-json\/wp\/v2\/comments?post=6241"}],"wp:featuredmedia":[{"embeddable":true,"href":"https:\/\/www.baoteng.cc\/de\/wp-json\/wp\/v2\/media\/6242"}],"wp:attachment":[{"href":"https:\/\/www.baoteng.cc\/de\/wp-json\/wp\/v2\/media?parent=6241"}],"wp:term":[{"taxonomy":"product_brand","embeddable":true,"href":"https:\/\/www.baoteng.cc\/de\/wp-json\/wp\/v2\/product_brand?post=6241"},{"taxonomy":"product_cat","embeddable":true,"href":"https:\/\/www.baoteng.cc\/de\/wp-json\/wp\/v2\/product_cat?post=6241"},{"taxonomy":"product_tag","embeddable":true,"href":"https:\/\/www.baoteng.cc\/de\/wp-json\/wp\/v2\/product_tag?post=6241"}],"curies":[{"name":"wp","href":"https:\/\/api.w.org\/{rel}","templated":true}]}}