{"id":6257,"date":"2025-09-20T00:48:12","date_gmt":"2025-09-20T00:48:12","guid":{"rendered":"https:\/\/baoteng.cc\/?post_type=product&#038;p=6257"},"modified":"2025-09-20T01:41:27","modified_gmt":"2025-09-20T01:41:27","slug":"sektionaltor-beschlage-c-kanal-beschlag","status":"publish","type":"product","link":"https:\/\/www.baoteng.cc\/de\/product\/sektionaltor-beschlage-c-kanal-beschlag\/","title":{"rendered":"Sektionaltor-Beschl\u00e4ge Zubeh\u00f6r C-Kanal-Konsole verzinkter Quertr\u00e4ger C-f\u00f6rmiges Profil mit Perforation"},"content":{"rendered":"<section style=\"width: 100%;\">\n<header>\n<h1 style=\"font-size: 24px; font-weight: bold;\">Zubeh\u00f6r f\u00fcr Sektionaltor-Beschl\u00e4ge - C-Kanal-Halterung &amp; C-Profil mit Bohrung<\/h1>\n<\/header>\n<p>Der Teufel steckt im Detail - besonders bei hochwertigen Sektionaltorsystemen. Die <span style=\"color: #e60000; font-weight: bold;\">C-Kanal-Halterung<\/span> und die <span style=\"color: #0066cc; font-weight: bold;\">C-f\u00f6rmig mit Perforation<\/span> ist eines der wichtigsten Profile. Diese Komponenten m\u00f6gen auf den ersten Blick einfach erscheinen, aber sie spielen eine sehr wichtige Rolle bei der Verst\u00e4rkung der horizontalen F\u00fchrungen des Sektionaltors sowie bei der sicheren Aufh\u00e4ngung des Fl\u00fcgels. Diese Sektionaltor-Beschlagteile sind aus einer hochbelastbaren, verzinkten Oberfl\u00e4che mit einer Materialst\u00e4rke von 2,0 mm gefertigt und auf St\u00e4rke, Genauigkeit und Langlebigkeit ausgelegt. Es ist nicht nur optisch ansprechend, sondern auch langlebig, selbst bei starker t\u00e4glicher Beanspruchung! \ud83d\udcaa<\/p>\n<p>Unser Quertr\u00e4ger ist nicht irgendein St\u00fcck Metall, sondern ein technisch ausgereiftes Produkt, das auf Zuverl\u00e4ssigkeit ausgelegt ist. Der Aussteifungswinkel tr\u00e4gt die horizontale Schiene, die Lasten und die Beanspruchung des Sektionaltorsystems. Gleichzeitig wird der <span style=\"color: #0066cc; font-weight: bold;\">C-f\u00f6rmiges Profil mit perforierten L\u00f6chern<\/span> bietet Flexibilit\u00e4t bei der Montage, Einstellung und Befestigung einer Vielzahl von Sektionaltor-Modellen. Diese clevere Erg\u00e4nzung spart dem Installateur nicht nur Zeit bei der Montage, sondern erm\u00f6glicht es dem Endverbraucher, ein sicheres und angenehmes Tor zu erhalten. \u2699\ufe0f<\/p>\n<h2 style=\"font-size: 20px; margin-top: 20px;\">\ud83c\udf1f Hauptmerkmale<\/h2>\n<ul>\n<li>Hochwertige Qualit\u00e4t <span style=\"color: #e60000; font-weight: bold;\">C-Kanal-Halterung<\/span> hergestellt f\u00fcr die Verst\u00e4rkung von Sektionaltoren<\/li>\n<li><span style=\"color: #0066cc; font-weight: bold;\">C-f\u00f6rmiges Profil mit Perforation<\/span> f\u00fcr eine sichere und einfache Installation<\/li>\n<li>Verzinkte Oberfl\u00e4che, die Best\u00e4ndigkeit gegen raue Witterungsbedingungen gew\u00e4hrleistet<\/li>\n<li>2,0 mm Dicke (0,079 Zoll) f\u00fcr St\u00e4rke und Tragf\u00e4higkeit<\/li>\n<li>Dient als Quertr\u00e4ger zur Verst\u00e4rkung der horizontalen F\u00fchrungen<\/li>\n<li>Erm\u00f6glicht eine sichere Aufh\u00e4ngung des Sektionaltorblatts<\/li>\n<li>Kompatibel mit den meisten Sektionaltorsystemen<\/li>\n<li>OEM und anpassbare Designs f\u00fcr industrielle und private Projekte<\/li>\n<\/ul>\n<h2 style=\"font-size: 20px; margin-top: 20px;\">\ud83d\udd27 Technische Exzellenz<\/h2>\n<p>Pr\u00e4zisionsfertigung ist der Schl\u00fcssel zu diesem Sektionaltor-Beschlag. Die Scharniere sind aus verzinktem Stahl der St\u00e4rke 14 gefertigt und werden paarweise geliefert, um ein Tor zu vervollst\u00e4ndigen. Die Scharniere sind nicht nur montagefreundlich, sondern auch <span style=\"color: #0066cc; font-weight: bold;\">C-f\u00f6rmiges Profil mit L\u00f6chern<\/span> bietet erh\u00f6hte strukturelle Festigkeit. Perforationen erm\u00f6glichen die Montage, Anpassung und Integration von Beschl\u00e4gen unter verschiedenen T\u00fcrbedingungen und machen die Installation einfacher und sicherer.<\/p>\n<h2 style=\"font-size: 20px; margin-top: 20px;\">\ud83d\udca1 Anwendungen<\/h2>\n<p>Dieses Zubeh\u00f6r f\u00fcr Sektionaltore wird in Industrielagern, gewerblichen Sektionaltoren und schweren Garagentoren f\u00fcr den Privatgebrauch eingesetzt. Die <span style=\"color: #e60000; font-weight: bold;\">C-Kanal-Halterung<\/span> und <span style=\"color: #0066cc; font-weight: bold;\">C-Profil mit Perforation<\/span> gew\u00e4hrleisten sichere, zuverl\u00e4ssige Verst\u00e4rkungsl\u00f6sungen. Sie tragen dazu bei, den Verschlei\u00df anderer T\u00fcrteile zu verringern, indem sie die Last gleichm\u00e4\u00dfig verteilen und die strukturelle Belastung minimieren.<\/p>\n<h2 style=\"font-size: 20px; margin-top: 20px;\">\ud83c\udfed OEM &amp; kundenspezifische Anpassung<\/h2>\n<p>Mit mehr als 20 Jahren Erfahrung wissen wir, wie wichtig sowohl hochwertige Produkte als auch ein umfassender Service sind. Deshalb ist die <span style=\"color: #e60000; font-weight: bold;\">C-Kanal-Halterung<\/span> und <span style=\"color: #0066cc; font-weight: bold;\">C-Stahl-Lochprofil<\/span> k\u00f6nnen vollst\u00e4ndig individuell gestaltet werden. Zu den Optionen geh\u00f6ren verschiedene Dicken, L\u00e4ngen, Abschnitte und Perforationsmuster. Eigene Beschriftungen, individuelle Verpackungen und spezielle Materialien sind je nach Kundenwunsch erh\u00e4ltlich.<\/p>\n<h2 style=\"font-size: 20px; margin-top: 20px;\">\ud83c\udf0d Nachhaltigkeit und Qualit\u00e4t<\/h2>\n<p>Alle Sektionaltor-Beschl\u00e4ge werden unter strengen Qualit\u00e4tskontrollsystemen hergestellt und erf\u00fcllen die ISO-Normen, einschlie\u00dflich mehr als 20.000 Tests zum \u00d6ffnen und Schlie\u00dfen. Die Oberfl\u00e4che aus verzinktem Stahl gew\u00e4hrleistet Witterungsbest\u00e4ndigkeit und langfristige Haltbarkeit. Verbesserte Pr\u00fcfverfahren garantieren, dass jedes <span style=\"color: #e60000; font-weight: bold;\">C-Kanal-Halterung<\/span> und <span style=\"color: #0066cc; font-weight: bold;\">C-f\u00f6rmiges Profil mit Perforation<\/span> vor dem Versand die h\u00f6chsten Qualit\u00e4tsanforderungen erf\u00fcllt. \u2705<\/p>\n<h2 style=\"font-size: 20px; margin-top: 20px;\">\ud83d\udd29 Vorteile<\/h2>\n<ul>\n<li>Hervorragende Rost- und Witterungsbest\u00e4ndigkeit durch Verzinkung<\/li>\n<li>2,0 mm dicker Stahl f\u00fcr hohe Tragf\u00e4higkeit<\/li>\n<li>Flexible, mehrpunktige Perforationsmuster f\u00fcr die Montage<\/li>\n<li>OEM-Dienstleistungen mit Logos, Verpackung und Designanpassung<\/li>\n<li>Kompatibel mit gewerblichen und privaten Sektionaltoren<\/li>\n<li>Bew\u00e4hrte Zuverl\u00e4ssigkeit in Lager-, Logistik- und Industrieanwendungen<\/li>\n<\/ul>\n<h2 style=\"font-size: 20px; margin-top: 20px;\">\ud83d\udce6 Verpackung und Lieferung<\/h2>\n<p>F\u00fcr einen sicheren Transport und eine einfache Handhabung sind alle <span style=\"color: #e60000; font-weight: bold;\">C-Kanal-Halterungen<\/span> und <span style=\"color: #0066cc; font-weight: bold;\">C-Profile mit L\u00f6chern<\/span> werden auf Holzpaletten versandt. Zu den Optionen geh\u00f6ren die Verpackung in Gro\u00dfkartons, der Versand auf Paletten oder einzelhandelsfertige geteilte Folieneinheiten. Standardartikel k\u00f6nnen innerhalb von 7 Tagen geliefert werden, w\u00e4hrend die Herstellung von Sonderanfertigungen 15-30 Tage in Anspruch nimmt. \ud83d\ude9a<\/p>\n<h2 style=\"font-size: 20px; margin-top: 20px;\">&gt;\ud83d\ude80 Warum uns w\u00e4hlen?<\/h2>\n<p>Mit jahrzehntelanger Erfahrung in der Herstellung von Sektionaltor-Beschl\u00e4gen liefern wir pr\u00e4zisionsgefertigte L\u00f6sungen, denen weltweit vertraut wird. Unser fortschrittlicher Maschinenpark, unsere strenge Qualit\u00e4tskontrolle und unser Engagement f\u00fcr die Kundenzufriedenheit gew\u00e4hrleisten zuverl\u00e4ssige Produkte. Mit unserem Angebot an Standard- und Sonderausf\u00fchrungen helfen wir unseren Kunden, ihre Lieferketten zu straffen und die Wettbewerbsf\u00e4higkeit ihrer Produkte zu verbessern. Die <span style=\"color: #e60000; font-weight: bold;\">C-Kanal-Halterung<\/span> mit <span style=\"color: #0066cc; font-weight: bold;\">C-f\u00f6rmiges Profil und Perforation<\/span> ist mehr als nur ein Teil - es ist eine wichtige Verst\u00e4rkung, die Sicherheit, Stabilit\u00e4t und Flexibilit\u00e4t garantiert. \ud83d\udd12<\/p>\n<\/section>","protected":false},"excerpt":{"rendered":"<p>Langlebiges Sektionaltor-Beschlagzubeh\u00f6r mit verzinktem C-Kanal-B\u00fcgel und C-f\u00f6rmigem Profil mit Perforation. Entwickelt zur Verst\u00e4rkung der horizontalen F\u00fchrungen und zur Unterst\u00fctzung der Torblattaufh\u00e4ngung, anpassbar f\u00fcr OEM-Projekte.<\/p>","protected":false},"featured_media":6258,"comment_status":"open","ping_status":"closed","template":"","meta":{"_acf_changed":false},"product_brand":[],"product_cat":[39],"product_tag":[],"class_list":{"0":"post-6257","1":"product","2":"type-product","3":"status-publish","4":"has-post-thumbnail","6":"product_cat-tracks","8":"first","9":"instock","10":"shipping-taxable","11":"product-type-simple"},"acf":[],"_links":{"self":[{"href":"https:\/\/www.baoteng.cc\/de\/wp-json\/wp\/v2\/product\/6257","targetHints":{"allow":["GET"]}}],"collection":[{"href":"https:\/\/www.baoteng.cc\/de\/wp-json\/wp\/v2\/product"}],"about":[{"href":"https:\/\/www.baoteng.cc\/de\/wp-json\/wp\/v2\/types\/product"}],"replies":[{"embeddable":true,"href":"https:\/\/www.baoteng.cc\/de\/wp-json\/wp\/v2\/comments?post=6257"}],"wp:featuredmedia":[{"embeddable":true,"href":"https:\/\/www.baoteng.cc\/de\/wp-json\/wp\/v2\/media\/6258"}],"wp:attachment":[{"href":"https:\/\/www.baoteng.cc\/de\/wp-json\/wp\/v2\/media?parent=6257"}],"wp:term":[{"taxonomy":"product_brand","embeddable":true,"href":"https:\/\/www.baoteng.cc\/de\/wp-json\/wp\/v2\/product_brand?post=6257"},{"taxonomy":"product_cat","embeddable":true,"href":"https:\/\/www.baoteng.cc\/de\/wp-json\/wp\/v2\/product_cat?post=6257"},{"taxonomy":"product_tag","embeddable":true,"href":"https:\/\/www.baoteng.cc\/de\/wp-json\/wp\/v2\/product_tag?post=6257"}],"curies":[{"name":"wp","href":"https:\/\/api.w.org\/{rel}","templated":true}]}}