{"id":6261,"date":"2025-09-20T02:59:18","date_gmt":"2025-09-20T02:59:18","guid":{"rendered":"https:\/\/baoteng.cc\/?post_type=product&#038;p=6261"},"modified":"2025-09-20T03:09:45","modified_gmt":"2025-09-20T03:09:45","slug":"stahltragerkonsolen-dreieckshalterung","status":"publish","type":"product","link":"https:\/\/www.baoteng.cc\/de\/product\/stahltragerkonsolen-dreieckshalterung\/","title":{"rendered":"Stahltr\u00e4ger Klammern Dreieckige Unterst\u00fctzung Klammer Heavy Duty 4.0mm verzinkte Strahl Unterst\u00fctzung Klammer f\u00fcr industrielle Sektionaltor"},"content":{"rendered":"<section style=\"width: 100%; font-family: Arial, sans-serif; line-height: 1.6; font-size: 15px; color: #333;\">\n<header>\n<h1 style=\"font-size: 24px; font-weight: bold;\">Industrietorsysteme Stahltr\u00e4gerkonsolen &amp; Dreieckst\u00fctzen f\u00fcr Industrie-Sektionaltore<\/h1>\n<\/header>\n<p>Wenn es um Industrietore geht, sind Schutz und Sicherheit im Inneren Ihrer R\u00e4umlichkeiten von gr\u00f6\u00dfter Bedeutung. <strong>Stahltr\u00e4gerkonsolen<\/strong> und <strong>Dreieckige Tr\u00e4gerkonsolen<\/strong> sind f\u00fcr gro\u00dfe Sektionaltorsysteme konzipiert. Diese Tr\u00e4gerhalterungen sind 4,0 mm dick und verf\u00fcgen \u00fcber eine hochbelastbare verzinkte Oberfl\u00e4che, die eine lange Haltbarkeit in anspruchsvollen industriellen Anwendungen gew\u00e4hrleistet.<\/p>\n<h2 style=\"font-size: 20px; margin-top: 20px;\">Hochfestes Industriedesign \u2699\ufe0f<\/h2>\n<p>Die Dreiecksplatten der Industrie-Sektionaltore werden mit Pr\u00e4zision geschmiedet, um hohen Belastungen standzuhalten. Ihre dreieckige Geometrie verhindert Spannungspunkte und sorgt f\u00fcr eine optimale Verst\u00e4rkung des Horizontaltr\u00e4gers. Durch die Verwendung von 4,0 mm dickem, hochfestem Stahl und einer st\u00e4rkeren Verzinkung gew\u00e4hrleisten diese Halterungen einen langfristigen Einsatz auch bei Regen, K\u00e4lte und extremer Hitze. Perfekt f\u00fcr Lagerh\u00e4user, Logistikzentren und schwere Industrieanlagen.<\/p>\n<h2 style=\"font-size: 20px; margin-top: 20px;\">Merkmale der Tr\u00e4gerhalterung \ud83d\udd29<\/h2>\n<ul>\n<li><strong>Material:<\/strong> 4,0 mm dicker Schwerlaststahl f\u00fcr \u00fcberragende Haltbarkeit.<\/li>\n<li><strong>Verzinkte Oberfl\u00e4che:<\/strong> Korrosionsbest\u00e4ndige Beschichtung f\u00fcr eine l\u00e4ngere Lebensdauer.<\/li>\n<li><strong>Strukturelle Bewehrung:<\/strong> Das dreieckige Design stabilisiert den Rahmen in alle Richtungen.<\/li>\n<li><strong>Industrielle Nutzung:<\/strong> Ideal f\u00fcr Fabriken, Lagerh\u00e4user und Vertriebszentren.<\/li>\n<li><strong>OEM &amp; ODM:<\/strong> Anpassbar in Gr\u00f6\u00dfe, Ausf\u00fchrung und Design.<\/li>\n<\/ul>\n<h2 style=\"font-size: 20px; margin-top: 20px;\">Verwendungen von Stahltr\u00e4gerkonsolen \ud83c\udfed.<\/h2>\n<p>Diese Halterungen werden \u00fcblicherweise in industriellen Sektionaltoren eingesetzt, um eine starke strukturelle Unterst\u00fctzung zu bieten. Typische Anwendungen sind:<\/p>\n<ul>\n<li>Gro\u00dfe Werkst\u00fcren, die eine starke Verst\u00e4rkung erfordern.<\/li>\n<li>Lager-Sektionaltore, die f\u00fcr eine lange Lebensdauer ausgelegt sind.<\/li>\n<li>Industrieanlagen mit hohen \u00d6ffnungs-\/Schlie\u00dfzyklen.<\/li>\n<li>Logistik- und Transitzentren, die maximale Stabilit\u00e4t erfordern.<\/li>\n<li>Ma\u00dfgeschneiderte T\u00fcrsysteme mit individuellen Beschlagsl\u00f6sungen.<\/li>\n<\/ul>\n<h2 style=\"font-size: 20px; margin-top: 20px;\">Warum die Gestaltung dreieckiger Halterungen wichtig ist \ud83d\udcd0.<\/h2>\n<p>Die dreieckige Struktur gew\u00e4hrleistet maximale Festigkeit, da die Kr\u00e4fte gleichm\u00e4\u00dfig auf drei Seiten verteilt werden. Bei Industrie-Sektionaltoren reduziert diese Konstruktion Verformung, Abrieb und Verschlei\u00df an den Tr\u00e4gern und minimiert gleichzeitig das Risiko von Fluchtungsfehlern. Das <strong>dreieckiger Haltewinkel<\/strong> ist ein entscheidender Faktor f\u00fcr die Gew\u00e4hrleistung von Sicherheit, Stabilit\u00e4t und langer Nutzungsdauer.<\/p>\n<h2 style=\"font-size: 20px; margin-top: 20px;\">Erfahrung mit OEM und kundenspezifischer Fertigung \ud83d\udee0\ufe0f<\/h2>\n<p>Mit \u00fcber 20 Jahren OEM-Erfahrung bieten wir kundenspezifische <strong>Stahltr\u00e4gerkonsolen<\/strong> und <strong>Dreieckige Tr\u00e4gerkonsolen<\/strong> zugeschnitten auf Ihre Projektanforderungen. Zu den Optionen geh\u00f6ren \u00c4nderungen der Dicke, der Abmessungen, der Befestigungslochmuster oder der Oberfl\u00e4chenbehandlung. Unser Ingenieursteam liefert Pr\u00e4zisionsl\u00f6sungen, die durch fortschrittliche Maschinen, strenge Qualit\u00e4tskontrollverfahren und international anerkannte Produktionsstandards unterst\u00fctzt werden.<\/p>\n<h2 style=\"font-size: 20px; margin-top: 20px;\">Technische Daten \ud83d\udcca<\/h2>\n<table style=\"border-collapse: collapse; width: 100%; margin-top: 10px;\" border=\"1\" cellpadding=\"8\">\n<tbody>\n<tr>\n<td><strong>Produktname<\/strong><\/td>\n<td>Tr\u00e4gerhalterung<\/td>\n<\/tr>\n<tr>\n<td><strong>Typ<\/strong><\/td>\n<td>Industrie-Sektionaltor Dreieckige Platte<\/td>\n<\/tr>\n<tr>\n<td><strong>Material<\/strong><\/td>\n<td>Hochbelastbarer Stahl<\/td>\n<\/tr>\n<tr>\n<td><strong>Dicke<\/strong><\/td>\n<td>4,0 mm<\/td>\n<\/tr>\n<tr>\n<td><strong>Oberfl\u00e4che<\/strong><\/td>\n<td>Verzinkt (rostfrei, korrosionsbest\u00e4ndig)<\/td>\n<\/tr>\n<tr>\n<td><strong>Gestaltung<\/strong><\/td>\n<td>Dreieckige Verst\u00e4rkung<\/td>\n<\/tr>\n<tr>\n<td><strong>Anmeldung<\/strong><\/td>\n<td>Sektionaltore f\u00fcr Industrie und Gewerbe<\/td>\n<\/tr>\n<tr>\n<td><strong>Personalisierung<\/strong><\/td>\n<td>OEM verf\u00fcgbar, kundenspezifische Gr\u00f6\u00dfe und Ausf\u00fchrung<\/td>\n<\/tr>\n<\/tbody>\n<\/table>\n<h2 style=\"font-size: 20px; margin-top: 20px;\">Vorteile von verzinkten Tr\u00e4gerkonsolen \ud83c\udf10<\/h2>\n<p>Die Verzinkung sch\u00fctzt den Stahl durch Aufbringen einer Zinkschicht vor Rost und Korrosion und verl\u00e4ngert die Lebensdauer der Halterung bei gleichzeitiger Reduzierung der Wartungskosten. Dies macht verzinkte <strong>Stahltr\u00e4gerkonsolen<\/strong> Sie sind sowohl f\u00fcr den Innen- als auch f\u00fcr den Au\u00dfenbereich geeignet und gew\u00e4hrleisten Stabilit\u00e4t und Best\u00e4ndigkeit gegen Witterungseinfl\u00fcsse, Hitze und Feuchtigkeit.<\/p>\n<h2 style=\"font-size: 20px; margin-top: 20px;\">Technische Spitzenleistungen und Qualit\u00e4tskontrolle \ud83d\udd0d.<\/h2>\n<p>Jede Tr\u00e4gerhalterung wird strengstens gepr\u00fcft. Von der Auswahl des Rohmaterials bis hin zum Schneiden, Bohren, Formen und Verzinken garantieren unsere CNC-gesteuerten Prozesse Ma\u00dfgenauigkeit und makellose Verarbeitung. Jede <strong>dreieckiger Haltewinkel<\/strong> wird strengen Qualit\u00e4tskontrollen hinsichtlich Tragf\u00e4higkeit, Oberfl\u00e4chenbeschichtung und allgemeiner Haltbarkeit unterzogen, um internationalen Standards zu entsprechen.<\/p>\n<h2 style=\"font-size: 20px; margin-top: 20px;\">Warum unsere Stahltr\u00e4gerkonsolen \u2705<\/h2>\n<ul>\n<li>Mehr als 20 Jahre Erfahrung im Bereich OEM\/ODM.<\/li>\n<li>Fortschrittliche Galvanisierungs- und Veredelungstechnologie.<\/li>\n<li>Individuelle Gr\u00f6\u00dfen und Designs f\u00fcr alle Projektanforderungen.<\/li>\n<li>Langlebig f\u00fcr industrielle und gewerbliche Anwendungen.<\/li>\n<li>Wettbewerbsf\u00e4hige Preise bei zuverl\u00e4ssiger Qualit\u00e4t.<\/li>\n<\/ul>\n<h2 style=\"font-size: 20px; margin-top: 20px;\">Schlussfolgerung \ud83d\ude80<\/h2>\n<p>Die <strong>Stahltr\u00e4gerkonsole<\/strong> und <strong>dreieckiger Haltewinkel<\/strong> sind wesentliche Komponenten f\u00fcr industrielle Sektionaltore. Mit einer Dicke von 4,0 mm, einer verzinkten Beschichtung und einer robusten dreieckigen Verst\u00e4rkung bieten sie eine un\u00fcbertroffene Stabilit\u00e4t und Langlebigkeit. Gest\u00fctzt auf jahrzehntelange OEM-Erfahrung und umfangreiche Anpassungsm\u00f6glichkeiten sind sie die perfekte L\u00f6sung f\u00fcr die Verst\u00e4rkung von Sektionaltoren in Lagerh\u00e4usern, Fabriken, Transitzentren und gewerblichen Einrichtungen und gew\u00e4hrleisten eine lange Lebensdauer und einen sicheren Betrieb.<\/p>\n<\/section>","protected":false},"excerpt":{"rendered":"<p>Entdecken Sie langlebige Stahltr\u00e4gerhalterungen und dreieckige Halterungsl\u00f6sungen f\u00fcr industrielle Sektionaltore. Unsere 4,0 mm verzinkten Tr\u00e4gerkonsolen bieten maximale Stabilit\u00e4t, dauerhafte Festigkeit und OEM-anpassbare Designs f\u00fcr Schwerlastanwendungen.<\/p>","protected":false},"featured_media":6262,"comment_status":"open","ping_status":"closed","template":"","meta":{"_acf_changed":false},"product_brand":[],"product_cat":[39],"product_tag":[],"class_list":{"0":"post-6261","1":"product","2":"type-product","3":"status-publish","4":"has-post-thumbnail","6":"product_cat-tracks","8":"first","9":"instock","10":"shipping-taxable","11":"product-type-simple"},"acf":[],"_links":{"self":[{"href":"https:\/\/www.baoteng.cc\/de\/wp-json\/wp\/v2\/product\/6261","targetHints":{"allow":["GET"]}}],"collection":[{"href":"https:\/\/www.baoteng.cc\/de\/wp-json\/wp\/v2\/product"}],"about":[{"href":"https:\/\/www.baoteng.cc\/de\/wp-json\/wp\/v2\/types\/product"}],"replies":[{"embeddable":true,"href":"https:\/\/www.baoteng.cc\/de\/wp-json\/wp\/v2\/comments?post=6261"}],"wp:featuredmedia":[{"embeddable":true,"href":"https:\/\/www.baoteng.cc\/de\/wp-json\/wp\/v2\/media\/6262"}],"wp:attachment":[{"href":"https:\/\/www.baoteng.cc\/de\/wp-json\/wp\/v2\/media?parent=6261"}],"wp:term":[{"taxonomy":"product_brand","embeddable":true,"href":"https:\/\/www.baoteng.cc\/de\/wp-json\/wp\/v2\/product_brand?post=6261"},{"taxonomy":"product_cat","embeddable":true,"href":"https:\/\/www.baoteng.cc\/de\/wp-json\/wp\/v2\/product_cat?post=6261"},{"taxonomy":"product_tag","embeddable":true,"href":"https:\/\/www.baoteng.cc\/de\/wp-json\/wp\/v2\/product_tag?post=6261"}],"curies":[{"name":"wp","href":"https:\/\/api.w.org\/{rel}","templated":true}]}}