{"id":6358,"date":"2025-09-22T09:15:42","date_gmt":"2025-09-22T09:15:42","guid":{"rendered":"https:\/\/baoteng.cc\/?post_type=product&#038;p=6358"},"modified":"2025-09-22T09:59:02","modified_gmt":"2025-09-22T09:59:02","slug":"aluminium-garagentor-seiltrommeln-mit-hohem-hub","status":"publish","type":"product","link":"https:\/\/www.baoteng.cc\/de\/product\/aluminium-garagentor-seiltrommeln-mit-hohem-hub\/","title":{"rendered":"Industrietor-Zubeh\u00f6r Aluminium Kabeltrommel High Lift Garagentor Kabeltrommeln 28VL Vertikaler Lift 1\u2033 Welle 1\/4\u2033 Kabel Max 750kg"},"content":{"rendered":"<section style=\"width: 100%; font-family: Arial, sans-serif; line-height: 1.6; color: #333;\">\n<header>\n<h1 style=\"font-size: 24px; font-weight: bold; text-align: center;\">Aluminium High Lift Garage T\u00fcr Kabeltrommeln f\u00fcr 28\u2032 Vertical Lift Garage T\u00fcr<\/h1>\n<\/header>\n<p>Unser <b>Kabeltrommeln f\u00fcr Garagentore mit hohem Hub<\/b> sind f\u00fcr 28\u2032-T\u00fcren ausgelegt und sorgen f\u00fcr perfekte Balance und reibungslosen Betrieb. Diese Aluminiumtrommel, die T\u00fcren bis zu 336\u2033 und 750 kg unterst\u00fctzt, ist mit 1\/4\u2033-Kabeln kompatibel und verf\u00fcgt \u00fcber eine 1\u2033-Montagewelle \ud83c\udf26\ufe0f. Sie wurde f\u00fcr industrielle, kommerzielle und private vertikale Liftsysteme entwickelt und bietet eine flexible Installation und stabile Leistung unter hohen Zyklen und extremen Temperaturen.<\/p>\n<h2 style=\"font-size: 20px; margin-top: 20px;\">\ud83d\udd11 Hauptmerkmale<\/h2>\n<ul>\n<li>Unterst\u00fctzt vertikale Aufzugst\u00fcren bis zu 336\u2033 (28\u2032)<\/li>\n<li>Maximales T\u00fcrgewicht: 750kg<\/li>\n<li>Kompatibel mit Kabeln mit 1\/4\u2033 Durchmesser<\/li>\n<li>1\u2033-Befestigungswelle f\u00fcr reibungslose Drehmoment\u00fcbertragung<\/li>\n<li>Hochfestes Aluminium mit korrosionsbest\u00e4ndiger Oberfl\u00e4che<\/li>\n<li>Ausgewogenes Drehmoment f\u00fcr sicheres Heben<\/li>\n<li>OEM &amp; anpassbar: Trommell\u00e4nge, Wellendurchmesser, Drehmoment, Oberfl\u00e4che<\/li>\n<li>Ideal f\u00fcr gewerbliche, industrielle und private vertikale Aufzugssysteme<\/li>\n<\/ul>\n<h2 style=\"font-size: 20px; margin-top: 20px;\">\u2699\ufe0f Technische Daten<\/h2>\n<table style=\"border-collapse: collapse; width: 100%; text-align: left;\" border=\"1\" cellspacing=\"0\" cellpadding=\"6\">\n<tbody>\n<tr>\n<td><b>Produktname<\/b><\/td>\n<td>Hochlift-Garagentor-Seiltrommeln - 28VL<\/td>\n<\/tr>\n<tr>\n<td><b>Maximale T\u00fcrh\u00f6he<\/b><\/td>\n<td>336\u2033\/28 ft<\/td>\n<\/tr>\n<tr>\n<td><b>Maximales T\u00fcrgewicht<\/b><\/td>\n<td>750kg \/ 1650lbs<\/td>\n<\/tr>\n<tr>\n<td><b>Maximaler Kabeldurchmesser<\/b><\/td>\n<td>1\/4&#8243;<\/td>\n<\/tr>\n<tr>\n<td><b>Durchmesser der Befestigungswelle<\/b><\/td>\n<td>1&#8243;<\/td>\n<\/tr>\n<tr>\n<td><b>Material<\/b><\/td>\n<td>Aluminium-Legierung<\/td>\n<\/tr>\n<tr>\n<td><b>Oberfl\u00e4che<\/b><\/td>\n<td>Anti-Rost-Beschichtung<\/td>\n<\/tr>\n<tr>\n<td><b>OEM &amp; kundenspezifische Anpassung<\/b><\/td>\n<td>L\u00e4nge, Wellendurchmesser, Drehmoment, Oberfl\u00e4che und Verpackung sind anpassbar<\/td>\n<\/tr>\n<\/tbody>\n<\/table>\n<h2 style=\"font-size: 20px; margin-top: 20px;\">\ud83c\udfed OEM- und Anpassungskompetenz<\/h2>\n<p>Mit \u00fcber 20 Jahren Erfahrung in der Herstellung von Garagentorbeschl\u00e4gen liefern wir OEM-Qualit\u00e4t <b>Kabeltrommeln f\u00fcr Garagentore mit hohem Hub<\/b> auf die Bed\u00fcrfnisse der Kunden zugeschnitten. Unsere fortschrittliche CNC-Bearbeitung, Pr\u00e4zisionsschwei\u00dfen und strenge Qualit\u00e4tskontrolle gew\u00e4hrleisten die Einhaltung von ISO, DIN und ASTM \ud83d\udccf. Wir bieten kundenspezifische Trommell\u00e4ngen, Wellendurchmesser, Drehmomentwerte und Oberfl\u00e4chenbehandlungen. H\u00e4ndler und Hersteller profitieren von der Eigenmarkenverpackung, dem technischen Support und der internationalen Logistik f\u00fcr eine reibungslose Lieferung und Installation.<\/p>\n<h2 style=\"font-size: 20px; margin-top: 20px;\">\ud83d\udce6 Anwendungen<\/h2>\n<ul>\n<li>Vertikale Hub- und Sektionaltore f\u00fcr Wohngeb\u00e4ude \ud83c\udfe0<\/li>\n<li>Lagerh\u00e4user, Docks und Logistikzentren \ud83c\udfe2<\/li>\n<li>Vertikale Hebesysteme f\u00fcr Fabriken oder Werkst\u00e4tten, Rolltore \ud83c\udfed<\/li>\n<li>Marine- oder K\u00fcstenanlagen, die Korrosionsbest\u00e4ndigkeit erfordern \ud83d\udca7<\/li>\n<li>Umgebungen mit hoher Beanspruchung, die eine dauerhafte Leistung erfordern \u2699\ufe0f<\/li>\n<\/ul>\n<h2 style=\"font-size: 20px; margin-top: 20px;\">\ud83c\udf0d Qualit\u00e4t und internationale Standards<\/h2>\n<p>Jede Trommel wird rigorosen Tests unterzogen, einschlie\u00dflich der \u00dcberpr\u00fcfung des Drehmoments, der strukturellen Integrit\u00e4t und des Betriebs unter realen Bedingungen \ud83d\udd27. Die aus hochfestem Aluminium mit Rostschutzbeschichtung hergestellten Trommeln gew\u00e4hrleisten eine lange Lebensdauer und einen reibungslosen Betrieb. Die Einhaltung der ISO-, DIN- und ASTM-Normen garantiert eine sichere und zuverl\u00e4ssige Leistung f\u00fcr Installateure und Hersteller weltweit.<\/p>\n<h2 style=\"font-size: 20px; margin-top: 20px;\">\ud83d\udcd0 Installation und Sicherheit<\/h2>\n<p>Die korrekte Installation ist entscheidend \u26a0\ufe0f f\u00fcr einen sicheren und stabilen Betrieb. Eine professionelle Installation wird f\u00fcr die Ausrichtung, die Einstellung der Kabelspannung und die Optimierung des Drehmoments empfohlen. OEM-kompatible Systeme enthalten Drehmomenttabellen und technische Richtlinien. Der ausgeglichene Links\/Rechts-Betrieb verl\u00e4ngert die Lebensdauer von Kabeln und Federn und reduziert den Wartungsbedarf.<\/p>\n<h2 style=\"font-size: 20px; margin-top: 20px;\">\ud83d\udca1 Warum sollten Sie sich f\u00fcr unsere Kabeltrommeln f\u00fcr Garagentore mit hohem Hub entscheiden?<\/h2>\n<ul>\n<li>Unterst\u00fctzt T\u00fcren bis zu 28\u2032 H\u00f6he und 750kg<\/li>\n<li>Hochfestes Aluminium mit korrosionsbest\u00e4ndiger Beschichtung<\/li>\n<li>Sanftes Drehmoment und hohe Hubkapazit\u00e4t<\/li>\n<li>OEM und anpassbar: Wellengr\u00f6\u00dfe, Trommell\u00e4nge, Drehmoment, Oberfl\u00e4che<\/li>\n<li>ISO-, DIN- und ASTM-zertifiziert<\/li>\n<li>Lange Lebensdauer f\u00fcr industrielle, gewerbliche und private Nutzung<\/li>\n<li>Eigenmarken und globale Logistikunterst\u00fctzung<\/li>\n<\/ul>\n<h2 style=\"font-size: 20px; margin-top: 20px;\">\ud83d\udcca Verpackung und Logistik<\/h2>\n<p>Jedes Fass wird in verst\u00e4rkten Kartons verpackt oder auf Holzpaletten befestigt \ud83d\udce6, um einen sicheren Transport zu gew\u00e4hrleisten. OEM- und Private-Label-Verpackungen sind verf\u00fcgbar. Schneller weltweiter Versand mit Sendungsverfolgung ist inbegriffen. Flexible Frachtoptionen passen sich den Produktionspl\u00e4nen und Lieferanforderungen von H\u00e4ndlern und Herstellern an.<\/p>\n<h2 style=\"font-size: 20px; margin-top: 20px;\">\u2705 Schlussfolgerung<\/h2>\n<p>Die 28\u2032 Hochlift-Garagentor-Kabeltrommeln aus haltbarem Aluminiumguss sind auf St\u00e4rke, Ausgewogenheit und lang anhaltende Leistung ausgelegt \ud83c\udf0e. Diese Trommel ist mit 1\/4\u2033-Kabeln kompatibel und unterst\u00fctzt 750kg Lasten und gew\u00e4hrleistet einen reibungslosen vertikalen Hub bis zu 336\u2033. OEM-Anpassung, ISO\/DIN\/ASTM-Konformit\u00e4t sowie robuste Verpackung und Logistik machen sie ideal f\u00fcr private, gewerbliche und industrielle Anwendungen. Entscheiden Sie sich f\u00fcr unsere Trommel, wenn Sie eine optimale vertikale Hubleistung, Zuverl\u00e4ssigkeit und ma\u00dfgeschneiderte L\u00f6sungen w\u00fcnschen.<\/p>\n<\/section>","protected":false},"excerpt":{"rendered":"<p>Entdecken Sie unsere industrietaugliche Garagentortrommel mit 1\u2033-Bohrung f\u00fcr 18VL-Tore, die eine H\u00f6he von bis zu 216\u2033 und eine Kapazit\u00e4t von 500 kg unterst\u00fctzt. Hergestellt aus hochfestem Stahl, korrosionsgesch\u00fctzt und mit OEM-Optionen f\u00fcr den privaten, gewerblichen und industriellen Einsatz.<\/p>","protected":false},"featured_media":6359,"comment_status":"open","ping_status":"closed","template":"","meta":{"_acf_changed":false},"product_brand":[],"product_cat":[49],"product_tag":[],"class_list":{"0":"post-6358","1":"product","2":"type-product","3":"status-publish","4":"has-post-thumbnail","6":"product_cat-cable-drums","8":"first","9":"instock","10":"shipping-taxable","11":"product-type-grouped"},"acf":[],"_links":{"self":[{"href":"https:\/\/www.baoteng.cc\/de\/wp-json\/wp\/v2\/product\/6358","targetHints":{"allow":["GET"]}}],"collection":[{"href":"https:\/\/www.baoteng.cc\/de\/wp-json\/wp\/v2\/product"}],"about":[{"href":"https:\/\/www.baoteng.cc\/de\/wp-json\/wp\/v2\/types\/product"}],"replies":[{"embeddable":true,"href":"https:\/\/www.baoteng.cc\/de\/wp-json\/wp\/v2\/comments?post=6358"}],"wp:featuredmedia":[{"embeddable":true,"href":"https:\/\/www.baoteng.cc\/de\/wp-json\/wp\/v2\/media\/6359"}],"wp:attachment":[{"href":"https:\/\/www.baoteng.cc\/de\/wp-json\/wp\/v2\/media?parent=6358"}],"wp:term":[{"taxonomy":"product_brand","embeddable":true,"href":"https:\/\/www.baoteng.cc\/de\/wp-json\/wp\/v2\/product_brand?post=6358"},{"taxonomy":"product_cat","embeddable":true,"href":"https:\/\/www.baoteng.cc\/de\/wp-json\/wp\/v2\/product_cat?post=6358"},{"taxonomy":"product_tag","embeddable":true,"href":"https:\/\/www.baoteng.cc\/de\/wp-json\/wp\/v2\/product_tag?post=6358"}],"curies":[{"name":"wp","href":"https:\/\/api.w.org\/{rel}","templated":true}]}}