{"id":6505,"date":"2025-09-24T08:53:24","date_gmt":"2025-09-24T08:53:24","guid":{"rendered":"https:\/\/baoteng.cc\/?post_type=product&#038;p=6505"},"modified":"2025-09-24T09:01:58","modified_gmt":"2025-09-24T09:01:58","slug":"garagentorschachtkupplung-aluminiumkupplung","status":"publish","type":"product","link":"https:\/\/www.baoteng.cc\/de\/product\/garagentorschachtkupplung-aluminiumkupplung\/","title":{"rendered":"Garage T\u00fcr Welle Kuppler Aluminiumlegierung Kupplung 1 Zoll Innendurchmesser 90mm L\u00e4nge Hardware OEM anpassbar"},"content":{"rendered":"<section style=\"width: 100%; font-family: Arial, sans-serif; line-height: 1.6; color: #333;\">\n<header>\n<h1 style=\"font-size: 24px; font-weight: bold; text-align: center;\">Kupplungen aus Aluminiumlegierung - ideal f\u00fcr Hochpr\u00e4zisionsanwendungen<\/h1>\n<\/header>\n<p>Bei Garagentorbeschl\u00e4gen werden Sie nicht sparen. Unsere Premium-Aluminiumlegierung <span style=\"color: blue; font-weight: bold;\">Kupplung f\u00fcr Garagentorwelle<\/span> wurde entwickelt, um St\u00e4rke, Stabilit\u00e4t und effiziente Leistung f\u00fcr moderne Garagentore zu gew\u00e4hrleisten. Sie hat einen Innendurchmesser von 1 Zoll und eine L\u00e4nge von 90 mm, um die Kraft\u00fcbertragung zwischen den verbundenen Wellen u. a. bei Torsionsfederanwendungen aufrechtzuerhalten. In privaten, gewerblichen oder industriellen Anwendungen tr\u00e4gt diese wichtige Feder zu einem sicheren, ger\u00e4uschfreien Betrieb bei. \u2699\ufe0f<\/p>\n<h2 style=\"font-size: 20px; margin-top: 20px;\">\ud83d\udd27 Produkt\u00fcbersicht<\/h2>\n<p>Diese <span style=\"color: blue; font-weight: bold;\">Kupplung f\u00fcr Garagentorwelle<\/span> besteht aus einer Aluminiumlegierung und kann zur Verbindung von zwei Wellen oder als reines Bewegungs\u00fcbertragungsglied verwendet werden, das die beiden Wellen mechanisch miteinander verbindet. Sie ist leicht und dennoch stabil und wurde f\u00fcr minimale Vibrationen, weniger Schlupf und lang anhaltende Leistung entwickelt. Die Kupplung hat einen Innendurchmesser von 1\u2033 (25,4 mm) und eine L\u00e4nge von 90 mm, was eine einfache Verwendung in den meisten Garagentoranwendungen gew\u00e4hrleistet. Hergestellt aus hochwertigem Aluminium - Es ist korrosionsbest\u00e4ndig, einfacher zu installieren als Stahlkupplungen und verhindert den Verschlei\u00df der Gewinde Ihres Sto\u00dfd\u00e4mpferk\u00f6rpers.<\/p>\n<h2 style=\"font-size: 20px; margin-top: 20px;\">\ud83d\udcd0 Technische Daten<\/h2>\n<table style=\"width: 100%; border-collapse: collapse; text-align: center;\" border=\"1\" cellspacing=\"0\" cellpadding=\"6\">\n<tbody>\n<tr>\n<th>Produktname<\/th>\n<th>Innendurchmesser<\/th>\n<th>L\u00e4nge<\/th>\n<th>Material<\/th>\n<th>Verwendet<\/th>\n<\/tr>\n<tr>\n<td>Kupplung f\u00fcr Garagentorschacht<\/td>\n<td>1 Zoll<\/td>\n<td>90mm<\/td>\n<td>Aluminium-Legierung<\/td>\n<td>Garagentor Torsionswelle Verbindung<\/td>\n<\/tr>\n<\/tbody>\n<\/table>\n<h2 style=\"font-size: 20px; margin-top: 20px;\">\ud83d\udca1 Warum diese Kupplungen aus Aluminiumlegierung w\u00e4hlen?<\/h2>\n<p>Die Wahl f\u00fcr diese <span style=\"color: blue; font-weight: bold;\">Kupplung f\u00fcr Garagentorwelle<\/span> Das Material Aluminium hat einige wichtige Vorteile:<\/p>\n<ul>\n<li>\u26a1 <b>Leicht und langlebig<\/b> - Hergestellt aus Aluminiumlegierungen mit hoher Zugfestigkeit, wodurch das Gewicht der Kupplung f\u00fcr den mobilen Einsatz reduziert wird.<\/li>\n<li>\ud83d\udee1\ufe0f <b>Korrosionsbest\u00e4ndig<\/b> - Hervorragend geeignet f\u00fcr den Einsatz bei hoher Luftfeuchtigkeit, wodurch diese Kupplungen im Vergleich zu ihren Pendants aus Stahl nicht rosten.<\/li>\n<li>\u2699\ufe0f <b>Hochpr\u00e4zisions-Bearbeitung<\/b> - Sorgt f\u00fcr einen exakten Innendurchmesser f\u00fcr die richtige Passform bei Torsionswellen.<\/li>\n<li>\ud83d\udd04 <b>Langlebig<\/b> - Die Torsionsfedern halten l\u00e4nger und verschlei\u00dfen besser als herk\u00f6mmliche Drahtfedern.<\/li>\n<li>\ud83d\udd27 <b>Einfache Installation<\/b> - Kleinere und leichte Produkte sind f\u00fcr Techniker leicht zu tragen und richtig auszurichten.<\/li>\n<\/ul>\n<h2 style=\"font-size: 20px; margin-top: 20px;\">\ud83c\udfed OEM- und Anpassungsf\u00e4higkeiten<\/h2>\n<p>Mit 20 Jahren Erfahrung in der Herstellung von Garagentorbeschl\u00e4gen bieten wir OEM- und kundenspezifische Dienstleistungen f\u00fcr globale Kunden. Wir k\u00f6nnen herstellen <span style=\"color: blue; font-weight: bold;\">Kupplungen f\u00fcr Garagentorsch\u00e4chte<\/span> in jeder Gr\u00f6\u00dfe, L\u00e4nge oder aus jedem Material, um Ihre Projektanforderungen genau zu erf\u00fcllen. Ganz gleich, ob Sie spezielle Bearbeitungen, Gewindeschneiden oder Oberfl\u00e4chenbehandlungen mit einzigartigen Toleranzen ben\u00f6tigen, wir sind in der Lage, diese zu liefern. Dank dieser Vielseitigkeit k\u00f6nnen unsere Produkte von Vertriebsh\u00e4ndlern, Gro\u00dfh\u00e4ndlern und Systemintegratoren verwendet werden, die wertsteigernde Hardware-L\u00f6sungen anbieten m\u00f6chten.<\/p>\n<h2 style=\"font-size: 20px; margin-top: 20px;\">\u2699\ufe0f Verwendungszwecke f\u00fcr Garagentor-Schachtkupplungen<\/h2>\n<p>Die Funktion eines <span style=\"color: blue; font-weight: bold;\">Kupplung f\u00fcr Garagentorwelle<\/span> besteht darin, Torsionswellen zu verbinden und auszurichten, die dann zusammenarbeiten, um das \u00d6ffnen und Schlie\u00dfen der T\u00fcr zu erm\u00f6glichen. Sie k\u00f6nnen die Synchronit\u00e4t Ihrer T\u00fcr bei Reparaturen verbessern. H\u00e4ufige Anwendungsszenarien sind:<\/p>\n<ul>\n<li>\ud83c\udfe0 <b>Garagentore f\u00fcr Wohngeb\u00e4ude<\/b> - Zuverl\u00e4ssige Leistung f\u00fcr den t\u00e4glichen Betrieb.<\/li>\n<li>\ud83c\udfe2 <b>T\u00fcren f\u00fcr Gewerbe und Industrie<\/b> - Unterst\u00fctzung von schwereren Torsionssystemen in Lagerh\u00e4usern, Fabriken und Logistikzentren.<\/li>\n<li>\ud83d\ude9a <b>High-Cycle-Service-T\u00fcren<\/b> - Langlebigkeit f\u00fcr anspruchsvolle Anwendungen.<\/li>\n<li>\ud83d\udd29 <b>Kundenspezifische Mechanik<\/b> - Geeignet f\u00fcr Maschinen oder Ger\u00e4te, die eine robuste Wellenausrichtung erfordern.<\/li>\n<\/ul>\n<h2 style=\"font-size: 20px; margin-top: 20px;\">\ud83d\udcca Qualit\u00e4tssicherung<\/h2>\n<p>Jede <span style=\"color: blue; font-weight: bold;\">Kupplung f\u00fcr Garagentorwelle<\/span> werden strengen Pr\u00fcfungen unterzogen, darunter die \u00dcberpr\u00fcfung der Abmessungen, der Materialzusammensetzung und der Integrit\u00e4t des Gusses bzw. der Schmiede. Unsere ISO-zertifizierten Fabriken garantieren, dass jedes Bauteil den internationalen Normen entspricht. Wir legen Wert auf pr\u00e4zise Toleranzen, damit jede 1-Zoll-Welle ohne Spiel oder Ausrichtungsfehler richtig passt. \ud83c\udfc5<\/p>\n<h2 style=\"font-size: 20px; margin-top: 20px;\">\ud83c\udf0d Kompetenz im Export<\/h2>\n<p>Wir bieten seit Jahren OEM <span style=\"color: blue; font-weight: bold;\">Kupplungen f\u00fcr Garagentorsch\u00e4chte<\/span> seit mehr als 25 Jahren nach Nordamerika, Europa und in den Nahen Osten. Mit unserem Fachwissen in den Bereichen Verpackung, internationale Logistik und Beschlagl\u00f6sungen aus einer Hand unterst\u00fctzen wir unsere globalen Partner mit professionellem Service. Unsere engen Beziehungen zu Vertriebsh\u00e4ndlern und Installateuren zeugen von unserem guten Ruf f\u00fcr Zuverl\u00e4ssigkeit und Integrit\u00e4t.<\/p>\n<h2 style=\"font-size: 20px; margin-top: 20px;\">\ud83d\ude80 Die wichtigsten Vorteile<\/h2>\n<ul>\n<li>\u2714\ufe0f Hochwertige Konstruktion aus Aluminiumlegierung f\u00fcr geringes Gewicht und Haltbarkeit.<\/li>\n<li>\u2714\ufe0f Best\u00e4ndig gegen \u00d6le und Chemikalien, einteilige Konstruktion rostet nicht.<\/li>\n<li>\u2714\ufe0f Universal 1-Zoll-Innendurchmesser passt auf die meisten Torsionswellen.<\/li>\n<li>\u2714\ufe0f OEM- und kundenspezifische Fertigungsoptionen verf\u00fcgbar.<\/li>\n<li>\u2714\ufe0f Mehr als 20 Jahre Erfahrung mit Garagentorbeschl\u00e4gen.<\/li>\n<li>\u2714\ufe0f Eine strenge Qualit\u00e4tskontrolle sorgt f\u00fcr h\u00f6here Zuverl\u00e4ssigkeit.<\/li>\n<\/ul>\n<h2 style=\"font-size: 20px; margin-top: 20px;\">\ud83d\udce6 Verpackung und Lieferung<\/h2>\n<p>Jede <span style=\"color: blue; font-weight: bold;\">Kupplung f\u00fcr Garagentorwelle<\/span> ist f\u00fcr den Transport sicher verpackt. Zu den Standardverpackungen geh\u00f6ren rostfreie Verpackungen, Plastikbeutel, Kartons und Holzkisten\/Paletten. Schnelle Durchlaufzeiten und p\u00fcnktliche Lieferung machen uns zum Partner der Wahl sowohl f\u00fcr Klein- als auch f\u00fcr Gro\u00dfauftr\u00e4ge. \ud83d\ude9b<\/p>\n<h2 style=\"font-size: 20px; margin-top: 20px;\">\ud83d\udd0d Schlussfolgerung<\/h2>\n<p>Bei der Auswahl des richtigen <span style=\"color: blue; font-weight: bold;\">Kupplung f\u00fcr Garagentorwelle<\/span>, m\u00fcssen Sicherheit, Langlebigkeit und Leistung ber\u00fccksichtigt werden. Unsere Aluminiumlegierungskupplung mit einem Innendurchmesser von 1 Zoll und einer L\u00e4nge von 90 mm ist f\u00fcr die effiziente Verbindung von Motorwellen und anderen leichten Kraft\u00fcbertragungsanwendungen konzipiert. Mit starken OEM- und Anpassungsf\u00e4higkeiten sind wir bereit, professionelle L\u00f6sungen f\u00fcr Garagentorbeschl\u00e4ge zu liefern. \u2699\ufe0f<\/p>\n<\/section>","protected":false},"excerpt":{"rendered":"<p>Langlebige Garagentorwellenkupplung aus Aluminiumlegierung, Innendurchmesser 1 Zoll, L\u00e4nge 90 mm. Entwickelt f\u00fcr St\u00e4rke und Pr\u00e4zision, sorgt diese Kupplung f\u00fcr eine reibungslose Wellenverbindung, geeignet f\u00fcr schwere Garagentor-Hardware, OEM und anpassbare Optionen verf\u00fcgbar.<\/p>","protected":false},"featured_media":6506,"comment_status":"open","ping_status":"closed","template":"","meta":{"_acf_changed":false},"product_brand":[],"product_cat":[56],"product_tag":[],"class_list":{"0":"post-6505","1":"product","2":"type-product","3":"status-publish","4":"has-post-thumbnail","6":"product_cat-shafts","8":"first","9":"instock","10":"shipping-taxable","11":"product-type-grouped"},"acf":[],"_links":{"self":[{"href":"https:\/\/www.baoteng.cc\/de\/wp-json\/wp\/v2\/product\/6505","targetHints":{"allow":["GET"]}}],"collection":[{"href":"https:\/\/www.baoteng.cc\/de\/wp-json\/wp\/v2\/product"}],"about":[{"href":"https:\/\/www.baoteng.cc\/de\/wp-json\/wp\/v2\/types\/product"}],"replies":[{"embeddable":true,"href":"https:\/\/www.baoteng.cc\/de\/wp-json\/wp\/v2\/comments?post=6505"}],"wp:featuredmedia":[{"embeddable":true,"href":"https:\/\/www.baoteng.cc\/de\/wp-json\/wp\/v2\/media\/6506"}],"wp:attachment":[{"href":"https:\/\/www.baoteng.cc\/de\/wp-json\/wp\/v2\/media?parent=6505"}],"wp:term":[{"taxonomy":"product_brand","embeddable":true,"href":"https:\/\/www.baoteng.cc\/de\/wp-json\/wp\/v2\/product_brand?post=6505"},{"taxonomy":"product_cat","embeddable":true,"href":"https:\/\/www.baoteng.cc\/de\/wp-json\/wp\/v2\/product_cat?post=6505"},{"taxonomy":"product_tag","embeddable":true,"href":"https:\/\/www.baoteng.cc\/de\/wp-json\/wp\/v2\/product_tag?post=6505"}],"curies":[{"name":"wp","href":"https:\/\/api.w.org\/{rel}","templated":true}]}}