{"id":6881,"date":"2025-09-28T03:10:08","date_gmt":"2025-09-28T03:10:08","guid":{"rendered":"https:\/\/baoteng.cc\/?post_type=product&#038;p=6881"},"modified":"2025-09-28T03:26:49","modified_gmt":"2025-09-28T03:26:49","slug":"4-zoll-garagentor-riemenscheibe-schwerlastrollen","status":"publish","type":"product","link":"https:\/\/www.baoteng.cc\/de\/product\/4-zoll-garagentor-riemenscheibe-schwerlastrollen\/","title":{"rendered":"Garage T\u00fcr Riemenscheibe 4 Zoll Seilrolle Heavy Duty verzinkt 4\u2033 Garage T\u00fcr Teile OEM anpassbar"},"content":{"rendered":"<section style=\"width: 100%; font-family: Arial, sans-serif; line-height: 1.6; color: #333;\">\n<header>\n<h1 style=\"font-size: 24px; font-weight: bold; text-align: center;\">Garagentor-Riemenscheibe 4\u2033 Umlenkrolle \u2611 Schwerlast verzinkt<\/h1>\n<\/header>\n<p>Sie d\u00fcrfen nicht vergessen, dass die <strong>Garagentor-Riemenscheibe<\/strong>, Die Umlenkrolle ist eines der wichtigsten Teile, um sicherzustellen, dass Ihr Garagentor sicher und reibungslos funktioniert. Die 4-Zoll-Seilrolle wird verwendet, um das Seil beim Heben und Senken des Tores zu halten und zu f\u00fchren, sie reduziert auch die Reibung an Ihren Seilen und sorgt f\u00fcr eine lange Lebensdauer. Entscheiden Sie sich f\u00fcr die perfekte Mischung aus Langlebigkeit und Pr\u00e4zision mit unserer verzinkten 4\u2033-Garagentorrolle, die ideal f\u00fcr Garagentore im Wohn- und Gewerbebereich ist. Sie ist 1,8 mm dick und hat eine verzinkte Oberfl\u00e4che, um Korrosionsbest\u00e4ndigkeit und zuverl\u00e4ssige Leistung unter schwierigen Bedingungen zu gew\u00e4hrleisten.<\/p>\n<h2 style=\"font-size: 20px; margin-top: 20px;\">\ud83d\udd27 4\u2033 Riemenscheibe: Wesentliche Merkmale<\/h2>\n<ul>\n<li>\u2699\ufe0f Durchmesser: 4 Zoll Umlenkrolle, passend f\u00fcr Standard-Garagentor-Seilsysteme.<\/li>\n<li>\u2696\ufe0f Dicke: 1,8 mm f\u00fcr St\u00e4rke und Stabilit\u00e4t ohne zus\u00e4tzliches Gewicht.<\/li>\n<li>\ud83d\udee1\ufe0f Oberfl\u00e4che: Die verzinkte Oberfl\u00e4che sch\u00fctzt vor Rost und Korrosion.<\/li>\n<li>\ud83d\udeaa Funktion: Sorgt f\u00fcr einen reibungsloseren T\u00fcrbetrieb mit geringerem Kabelverschlei\u00df.<\/li>\n<li>\ud83c\udfed Anwendung: Geeignet f\u00fcr Garagen-Sektionaltore, Rolltore und federausgeglichene Tore.<\/li>\n<li>\ud83d\udd29 Kundenspezifische Optionen: OEM und anpassbare Designs f\u00fcr Kabelgr\u00f6\u00dfen, T\u00fcrgewichte und Montagearten.<\/li>\n<\/ul>\n<h2 style=\"font-size: 20px; margin-top: 20px;\">\ud83c\udfed Warum Oktopomega Garagentor-Riemenscheibe w\u00e4hlen?<\/h2>\n<p>Mit mehr als 16 Jahren Branchenerfahrung sind wir ein professioneller Hersteller, spezialisiert auf <strong>Garagentorrollen, Scharniere, Halterungen, Schlosssysteme und Zubeh\u00f6r<\/strong>. Unsere Garagentor-Riemenscheiben werden mit modernster Ausr\u00fcstung, F&amp;E-Unterst\u00fctzung und strengen Tests hergestellt. Wir bieten sowohl versandfertige Lagerware als auch eine schnelle Produktion f\u00fcr H\u00e4ndler, Installateure und Systemintegratoren weltweit. So wird sichergestellt, dass jeder Kunde die richtige L\u00f6sung f\u00fcr sein Garagentorsystem erh\u00e4lt.<\/p>\n<h2 style=\"font-size: 20px; margin-top: 20px;\">\ud83c\udf0d 4\u2033 Riemenscheibe Verwendungen<\/h2>\n<p>Diese 4\u2033-Garagentorrolle ist vielseitig einsetzbar und eignet sich f\u00fcr Schwingtore im Wohnbereich, leichte gewerbliche Sektionaltore und kundenspezifische Industrieanlagen. Sie funktioniert mit Torsionsfeder- und Zugfedersystemen und bietet eine zuverl\u00e4ssige Seilf\u00fchrung und ausgewogene Lastverteilung. Egal, ob es sich um eine neue Installation oder einen OEM-Ersatz handelt, diese Umlenkrolle ist f\u00fcr eine lange Lebensdauer konstruiert.<\/p>\n<h2 style=\"font-size: 20px; margin-top: 20px;\">\ud83d\udccf Technische Daten<\/h2>\n<table style=\"width: 100%; border-collapse: collapse; font-size: 16px; margin: 15px 0;\">\n<tbody>\n<tr style=\"background: #f5f5f5;\">\n<td style=\"border: 1px solid #ccc; padding: 8px;\">Produktname<\/td>\n<td style=\"border: 1px solid #ccc; padding: 8px;\">Garagentor-Riemenscheibe 4\u2033 Umlenkrolle<\/td>\n<\/tr>\n<tr>\n<td style=\"border: 1px solid #ccc; padding: 8px;\">Rille<\/td>\n<td style=\"border: 1px solid #ccc; padding: 8px;\">1,8 mm<\/td>\n<\/tr>\n<tr style=\"background: #f5f5f5;\">\n<td style=\"border: 1px solid #ccc; padding: 8px;\">Oberfl\u00e4che<\/td>\n<td style=\"border: 1px solid #ccc; padding: 8px;\">Verzinkt mit Anti-Rost-Schutz<\/td>\n<\/tr>\n<tr>\n<td style=\"border: 1px solid #ccc; padding: 8px;\">Material<\/td>\n<td style=\"border: 1px solid #ccc; padding: 8px;\">Hochbelastbarer Stahl<\/td>\n<\/tr>\n<tr style=\"background: #f5f5f5;\">\n<td style=\"border: 1px solid #ccc; padding: 8px;\">Anmeldung<\/td>\n<td style=\"border: 1px solid #ccc; padding: 8px;\">Garagentore f\u00fcr Privathaushalte und Unternehmen<\/td>\n<\/tr>\n<tr>\n<td style=\"border: 1px solid #ccc; padding: 8px;\">Personalisierung<\/td>\n<td style=\"border: 1px solid #ccc; padding: 8px;\">OEM\/ODM Kundenspezifische Gr\u00f6\u00dfen, Ausf\u00fchrungen und Verpackungen<\/td>\n<\/tr>\n<\/tbody>\n<\/table>\n<h2 style=\"font-size: 20px; margin-top: 20px;\">\ud83e\uddf0 Qualit\u00e4tsstandards und Einhaltung von Vorschriften<\/h2>\n<p>Alle unsere <strong>Garagentor-Riemenscheibe<\/strong> Produkte werden unter strengen Qualit\u00e4tskontrollen hergestellt. Wir halten uns an die Richtlinien der Industrie, die von der <a style=\"color: #2980b9;\" href=\"https:\/\/www.doors.org\" target=\"_blank\" rel=\"noopener\">Internationale T\u00fcrvereinigung (IDA)<\/a>, Sie gew\u00e4hrleisten eine sichere Installation, Langlebigkeit und zuverl\u00e4ssige Leistung.<\/p>\n<h2 style=\"font-size: 20px; margin-top: 20px;\">\ud83d\udd29 OEM &amp; anpassbarer Service<\/h2>\n<p>Wir wissen, dass sich Garagentorsysteme von Markt zu Markt unterscheiden. Deshalb bieten wir umfassende <strong>OEM &amp; anpassbar<\/strong> Dienstleistungen, einschlie\u00dflich verschiedener Scheibendurchmesser, Tragzahlen, Oberfl\u00e4chen und Verpackungen. Ganz gleich, ob Sie eine Eigenmarke, ein Vertriebsunternehmen oder ein Installationsbetrieb sind, unser Entwicklungs- und Produktionsteam kann Ihnen ma\u00dfgeschneiderte L\u00f6sungen f\u00fcr Ihre Anforderungen liefern.<\/p>\n<h2 style=\"font-size: 20px; margin-top: 20px;\">\ud83d\ude80 Globaler Markt und Export-Exposure<\/h2>\n<p>Mit \u00fcber 16 Jahren Exporterfahrung haben wir starke Partnerschaften in Nordamerika, Europa, Asien und dem Nahen Osten aufgebaut. Unsere Produkte genie\u00dfen in mehr als 50 L\u00e4ndern Vertrauen und machen unsere Garagentorbeschl\u00e4ge zur bevorzugten Wahl weltweit.<\/p>\n<h2 style=\"font-size: 20px; margin-top: 20px;\">\ud83d\udca1 Verwandte Garagentorteile<\/h2>\n<ul>\n<li>\ud83d\udd27 <a style=\"color: #2980b9;\" href=\"https:\/\/www.baoteng.cc\/de\/klammern\/\" target=\"_blank\" rel=\"noopener\">Garagentor-Halterungen<\/a> f\u00fcr eine sichere Seil- und Flaschenzugmontage.<\/li>\n<li>\ud83d\udd12 <a style=\"color: #2980b9;\" href=\"https:\/\/www.baoteng.cc\/de\/griffe-schlosser\/\" target=\"_blank\" rel=\"noopener\">Griffe und Schl\u00f6sser f\u00fcr Garagentore<\/a> f\u00fcr Sicherheit und Komfort.<\/li>\n<li>\u2699\ufe0f Weitere Komponenten wie Rollen, Scharniere und Wellen sind f\u00fcr eine vollst\u00e4ndige Systemintegration erh\u00e4ltlich.<\/li>\n<\/ul>\n<h2 style=\"font-size: 20px; margin-top: 20px;\">\u2705 Schlussfolgerung<\/h2>\n<p>Die 4\u2033. <strong>Garagentor-Riemenscheibe<\/strong> ist eine sichere, langlebige und wartungsarme Wahl f\u00fcr moderne Garagentorsysteme. Mit seiner Pr\u00e4zisionstechnik, der verzinkten Oberfl\u00e4che und den anpassbaren OEM-Optionen genie\u00dft es in Privathaushalten und Unternehmen weltweit Vertrauen. Mit mehr als 16 Jahren Erfahrung in der Herstellung und im Export von Garagentoren sind wir Ihr zuverl\u00e4ssiger Partner f\u00fcr hochwertige Beschlagl\u00f6sungen.<\/p>\n<\/section>","protected":false},"excerpt":{"rendered":"<p>Entdecken Sie unsere hochbelastbare verzinkte 4-Zoll-Garagentorrolle f\u00fcr reibungslosen Kabelbetrieb und lang anhaltende Leistung. Erstausr\u00fcster- und anpassbare Optionen verf\u00fcgbar mit mehr als 16 Jahren Erfahrung in der Herstellung von Garagentorteilen.<\/p>","protected":false},"featured_media":6882,"comment_status":"open","ping_status":"closed","template":"","meta":{"_acf_changed":false},"product_brand":[],"product_cat":[58],"product_tag":[],"class_list":{"0":"post-6881","1":"product","2":"type-product","3":"status-publish","4":"has-post-thumbnail","6":"product_cat-accessories","8":"first","9":"instock","10":"shipping-taxable","11":"product-type-grouped"},"acf":[],"_links":{"self":[{"href":"https:\/\/www.baoteng.cc\/de\/wp-json\/wp\/v2\/product\/6881","targetHints":{"allow":["GET"]}}],"collection":[{"href":"https:\/\/www.baoteng.cc\/de\/wp-json\/wp\/v2\/product"}],"about":[{"href":"https:\/\/www.baoteng.cc\/de\/wp-json\/wp\/v2\/types\/product"}],"replies":[{"embeddable":true,"href":"https:\/\/www.baoteng.cc\/de\/wp-json\/wp\/v2\/comments?post=6881"}],"wp:featuredmedia":[{"embeddable":true,"href":"https:\/\/www.baoteng.cc\/de\/wp-json\/wp\/v2\/media\/6882"}],"wp:attachment":[{"href":"https:\/\/www.baoteng.cc\/de\/wp-json\/wp\/v2\/media?parent=6881"}],"wp:term":[{"taxonomy":"product_brand","embeddable":true,"href":"https:\/\/www.baoteng.cc\/de\/wp-json\/wp\/v2\/product_brand?post=6881"},{"taxonomy":"product_cat","embeddable":true,"href":"https:\/\/www.baoteng.cc\/de\/wp-json\/wp\/v2\/product_cat?post=6881"},{"taxonomy":"product_tag","embeddable":true,"href":"https:\/\/www.baoteng.cc\/de\/wp-json\/wp\/v2\/product_tag?post=6881"}],"curies":[{"name":"wp","href":"https:\/\/api.w.org\/{rel}","templated":true}]}}