{"id":6883,"date":"2025-09-28T03:24:04","date_gmt":"2025-09-28T03:24:04","guid":{"rendered":"https:\/\/baoteng.cc\/?post_type=product&#038;p=6883"},"modified":"2025-09-28T03:48:51","modified_gmt":"2025-09-28T03:48:51","slug":"sektionaltor-riemenscheiben-garagentor-riemenscheibe","status":"publish","type":"product","link":"https:\/\/www.baoteng.cc\/de\/product\/sektionaltor-riemenscheiben-garagentor-riemenscheibe\/","title":{"rendered":"Overhead Door Pulleys 3 Inch Pulley Rad Sicherheit Kabelf\u00fchrung f\u00fcr Erweiterung Federn OEM anpassbare Garage T\u00fcr Teile"},"content":{"rendered":"<section style=\"width: 100%; font-family: Arial, sans-serif; line-height: 1.6; color: #333;\">\n<header>\n<h1 style=\"font-size: 24px; font-weight: bold; text-align: center;\">\ud83d\udd27 Garagentor-Rollenrad 3\u2033 und Sicherheitskabelf\u00fchrung f\u00fcr Verl\u00e4ngerungsfedern<\/h1>\n<\/header>\n<p style=\"font-size: 16px;\">Die <b>Sektionaltor-Riemenscheiben<\/b> sind ein wichtiger Teil des Garagentorsystems, der dazu beitr\u00e4gt, dass alles reibungslos l\u00e4uft und \u00fcber Jahre hinweg sichere Betriebsbedingungen herrschen. Unser <b>3\u2033-Sicherheits-Seilzugsystem mit Umlenkrolle<\/b> wurde speziell f\u00fcr Zugfedersysteme entwickelt und aus robusten Materialien und pr\u00e4zisen Standards f\u00fcr einen dauerhaften Einsatz zusammengebaut. Diese Rolle ist aus massivem 1\u2033-Blech mit einer Dicke von 1,5 mm gefr\u00e4st und verzinkt, um die Korrosion zu begrenzen und eine lange Nutzungsdauer zu gew\u00e4hrleisten, selbst in rauen Wohn- oder Gesch\u00e4ftsumgebungen.<\/p>\n<h2 style=\"font-size: 20px; margin-top: 20px;\">\u2728 Hauptmerkmale der 3\u2033-Rolle f\u00fcr Kipptore<\/h2>\n<ul style=\"font-size: 16px; margin-left: 20px;\">\n<li>\u2699\ufe0f <b>Stabiles Material<\/b>: Hergestellt aus hochwertigem Stahl, 1,5 mm dick f\u00fcr zus\u00e4tzliche Tragf\u00e4higkeit.<\/li>\n<li>\ud83d\udee1\ufe0f <b>Verzinkte Beschichtung<\/b> - Hervorragende Rostbest\u00e4ndigkeit f\u00fcr dauerhaften Wert.<\/li>\n<li>\ud83d\udd12 <b>Sicherheitskabelf\u00fchrung<\/b> - Verhindert Unf\u00e4lle, indem es verhindert, dass sich Kabel mit Zugfedern l\u00f6sen und falsch ausgerichtet werden.<\/li>\n<li>\ud83d\udeaa <b>Kompatibel mit den meisten Garagentoren<\/b> - Funktioniert mit den meisten Garagentormarken f\u00fcr Privat- und Gesch\u00e4ftskunden.<\/li>\n<li>\ud83d\udccf <b>3\u2033 Industrie-Standardgr\u00f6\u00dfe<\/b> - Kann durch einfachen Austausch installiert werden.<\/li>\n<\/ul>\n<h2 style=\"font-size: 20px; margin-top: 20px;\">\ud83c\udfed OEM &amp; anpassbare Garagentor-Beschl\u00e4ge<\/h2>\n<p style=\"font-size: 16px;\">Wenn es bei Ihnen klingelt, dann sind Sie ein #-Garagentor-Installateur. Mit \u00fcber 16 Jahren Erfahrung in der Herstellung von Garagentorbeschl\u00e4gen, <b>NINGBO BAOTENG TECHNOLOGY CO., LTD<\/b> bietet <b>OEM<\/b> und <b>kundenspezifischer Eigenmarkendienst<\/b>. <a href=\"https:\/\/www.baoteng.cc\/de\/walzen\/\" target=\"_blank\" rel=\"noopener\">Garagentor-Rollen<\/a>, Scharniere und Halterungen oder modernste Umlenkrollen und <a href=\"https:\/\/www.baoteng.cc\/de\/kabeltrommeln\/\" target=\"_blank\" rel=\"noopener\">Kabeltrommeln<\/a>: Maverick Hardware entwirft und fertigt Hardware, die f\u00fcr die Anwendung des Kunden ma\u00dfgeschneidert werden kann. Ganz gleich, ob Sie nicht genormte Gr\u00f6\u00dfen, ein gro\u00dfes Volumen an Teilen und eine schnelle Lieferung oder kundenspezifische Materialien ben\u00f6tigen, unser Ingenieurteam kann ITAR-konforme Designs sowie eine langfristige Verf\u00fcgbarkeit anbieten.<\/p>\n<h2 style=\"font-size: 20px; margin-top: 20px;\">\u26a1 Vorteile der Verwendung unserer Sektionaltor-Riemenscheiben<\/h2>\n<ul style=\"font-size: 16px; margin-left: 20px;\">\n<li>\ud83c\udf0e Exportiert in \u00fcber 50 L\u00e4nder auf der ganzen Welt, anerkannt von internationalen H\u00e4ndlern.<\/li>\n<li>\ud83d\udd27 Hochfeste, fortschrittliche Produktionsanlagen und Aufwickelmaschinen sorgen f\u00fcr eine konsistente Kabeltopologie, die die \u00dcbertragung gew\u00e4hrleistet.<\/li>\n<li>\ud83d\udce6 Flexible Mindestbestellmengen und Gro\u00dfeinkaufsoptionen f\u00fcr private und gewerbliche Projekte.<\/li>\n<li>\ud83d\ude9b Die Lieferung erfolgt schnell und wir haben eine weltweite Logistikunterst\u00fctzung.<\/li>\n<\/ul>\n<h2 style=\"font-size: 20px; margin-top: 20px;\">\ud83d\udcd8 Einhaltung von Industriestandards<\/h2>\n<p style=\"font-size: 16px;\">Unsere Sektionaltor-Rollen erf\u00fcllen oder \u00fcbertreffen die Sicherheits- und Leistungsstandards der USA und Westeuropas. Wir halten uns an <a href=\"https:\/\/www.osha.gov\/machine-guarding\" target=\"_blank\" rel=\"noopener\"><b>OSHA-Normen zum Schutz von Maschinen<\/b><\/a> f\u00fcr die sichere Konstruktion, den Einbau und den Betrieb jedes Garagentorsystems.<\/p>\n<h2 style=\"font-size: 20px; margin-top: 20px;\">\ud83d\udca1 Anwendungen<\/h2>\n<p style=\"font-size: 16px;\">Die <b>3\u2033 Sektionaltor-Riemenscheiben<\/b>\u00a0wird h\u00e4ufig f\u00fcr Wohngaragen, Industrietore, Lagerhallen und gewerbliche Anwendungen verwendet. Durch die robuste Lastaufnahme und das stabile F\u00fchrungssystem ist dies eine ideale L\u00f6sung f\u00fcr eine bessere Torleistung und eine l\u00e4ngere Lebensdauer der Zugfedern.<\/p>\n<h2 style=\"font-size: 20px; margin-top: 20px;\">\ud83d\udccc Warum BAOTENG w\u00e4hlen?<\/h2>\n<ul style=\"font-size: 16px; margin-left: 20px;\">\n<li>Mehr als 16 Jahre Erfahrung in Forschung und Entwicklung sowie in der Herstellung von Garagentorbeschl\u00e4gen.<\/li>\n<li>Erh\u00e4ltlich f\u00fcr OEM\/ODM f\u00fcr spezielle Marketingzwecke.<\/li>\n<li>\u2705 Vollst\u00e4ndige Produktpalette, einschlie\u00dflich Rollen, Scharniere, Halterungen, Schienen, Kabeltrommeln und Schl\u00f6sser.<\/li>\n<li>\u2705 Ein starkes Ingenieurteam, das neue Produktinnovationen und technische Fragen unterst\u00fctzt.<\/li>\n<\/ul>\n<p style=\"font-size: 16px;\">Die <b>Sektionaltor-Riemenscheiben<\/b>\u00a0sind sehr wichtig f\u00fcr die Sicherheit und den reibungslosen Betrieb. Dieses Produkt verf\u00fcgt \u00fcber einen <b>3-Zoll-Riemenscheibe<\/b>, <b>Sicherheitskabelf\u00fchrung<\/b>, verzinkte Oberfl\u00e4che und die F\u00e4higkeit, kundenspezifische OEM sein. Die Zusammenarbeit mit uns bedeutet, dass Sie nicht nur Premium-Garagentor Hardware-Hersteller, sondern auch die ganze Welt Marketing-Unterst\u00fctzung haben.<\/p>\n<\/section>","protected":false},"excerpt":{"rendered":"<p>Entdecken Sie hochwertige Sektionaltor-Rollen mit 3\u2033-Rollenrad und Sicherheitskabelf\u00fchrung f\u00fcr Zugfedern. Langlebige verzinkte Oberfl\u00e4che, 1,5 mm Dicke, OEM und anpassbare Garagentor-Beschlagsl\u00f6sungen von einem erfahrenen Hersteller.<\/p>","protected":false},"featured_media":6884,"comment_status":"open","ping_status":"closed","template":"","meta":{"_acf_changed":false},"product_brand":[],"product_cat":[58],"product_tag":[],"class_list":{"0":"post-6883","1":"product","2":"type-product","3":"status-publish","4":"has-post-thumbnail","6":"product_cat-accessories","8":"first","9":"instock","10":"shipping-taxable","11":"product-type-grouped"},"acf":[],"_links":{"self":[{"href":"https:\/\/www.baoteng.cc\/de\/wp-json\/wp\/v2\/product\/6883","targetHints":{"allow":["GET"]}}],"collection":[{"href":"https:\/\/www.baoteng.cc\/de\/wp-json\/wp\/v2\/product"}],"about":[{"href":"https:\/\/www.baoteng.cc\/de\/wp-json\/wp\/v2\/types\/product"}],"replies":[{"embeddable":true,"href":"https:\/\/www.baoteng.cc\/de\/wp-json\/wp\/v2\/comments?post=6883"}],"wp:featuredmedia":[{"embeddable":true,"href":"https:\/\/www.baoteng.cc\/de\/wp-json\/wp\/v2\/media\/6884"}],"wp:attachment":[{"href":"https:\/\/www.baoteng.cc\/de\/wp-json\/wp\/v2\/media?parent=6883"}],"wp:term":[{"taxonomy":"product_brand","embeddable":true,"href":"https:\/\/www.baoteng.cc\/de\/wp-json\/wp\/v2\/product_brand?post=6883"},{"taxonomy":"product_cat","embeddable":true,"href":"https:\/\/www.baoteng.cc\/de\/wp-json\/wp\/v2\/product_cat?post=6883"},{"taxonomy":"product_tag","embeddable":true,"href":"https:\/\/www.baoteng.cc\/de\/wp-json\/wp\/v2\/product_tag?post=6883"}],"curies":[{"name":"wp","href":"https:\/\/api.w.org\/{rel}","templated":true}]}}