{"id":6886,"date":"2025-09-28T05:40:52","date_gmt":"2025-09-28T05:40:52","guid":{"rendered":"https:\/\/baoteng.cc\/?post_type=product&#038;p=6886"},"modified":"2025-09-28T05:50:27","modified_gmt":"2025-09-28T05:50:27","slug":"garagentorkabel-torsionsfederdraht","status":"publish","type":"product","link":"https:\/\/www.baoteng.cc\/de\/product\/garagentorkabel-torsionsfederdraht\/","title":{"rendered":"Garage T\u00fcr Kabel Torsion Fr\u00fchling Draht Ersatzteile Heavy Duty Kabel Draht f\u00fcr Garagentore"},"content":{"rendered":"<section style=\"width: 100%; font-family: Arial, sans-serif; line-height: 1.6; color: #333;\">\n<header>\n<h1 style=\"font-size: 24px; font-weight: bold; text-align: center;\">\ud83d\udd27 Garagentorkabel Torsionsfeder Draht - Heavy Duty Ersatz Kabel Draht<\/h1>\n<\/header>\n<p>Garagentorkabel tragen wesentlich dazu bei, dass Ihr Garagenschwingtor reibungslos und sicher funktioniert. Diese Seile werden in Verbindung mit Torsions- und Zugfedersystemen verwendet, um das schwere Gewicht des Tors auszugleichen und ein einfaches Heben und Senken zu erm\u00f6glichen. Unser <strong style=\"color: #d35400;\">Garagentorkabel Torsionsfeder Draht<\/strong> werden aus hochwertigem Stahldraht hergestellt, der nach den h\u00f6chsten Belastungsnormen getestet wurde, und eignen sich daher perfekt f\u00fcr den langfristigen Einsatz in privaten und gewerblichen Garagentoren.<\/p>\n<h2 style=\"font-size: 20px; margin-top: 20px;\">\u2728 Die Merkmale von Garagentorkabeln<\/h2>\n<ul>\n<li>\u2699\ufe0f <strong>Vielf\u00e4ltige Gr\u00f6\u00dfenoptionen:<\/strong> W\u00e4hlen Sie zwischen den Gr\u00f6\u00dfen 1\/8\u2033, 5\/32\u2033, 3\/16\u2033 oder 1\/4\u2033, um den Anforderungen Ihres Garagentors gerecht zu werden.<\/li>\n<li>\ud83d\udee1\ufe0f <strong>Verzinkte Beschichtung:<\/strong> Verhindert Rost und Korrosion und sorgt f\u00fcr eine lang anhaltende Qualit\u00e4t.<\/li>\n<li>\ud83d\udeaa <strong>Vertrauensw\u00fcrdige St\u00e4rke:<\/strong> Unterst\u00fctzt das Gewicht Ihres Garagentors mit Stabilit\u00e4t f\u00fcr eine dauerhafte L\u00f6sung.<\/li>\n<li>\ud83d\udccf <strong>Universell einsetzbar:<\/strong> Funktioniert mit allen Garagen-Sektionaltoren f\u00fcr Wohngeb\u00e4ude und den meisten gewerblichen Toren.<\/li>\n<li>\ud83d\udd29 <strong>OEM &amp; Anpassen:<\/strong> Erh\u00e4ltlich f\u00fcr Eigenmarken, Nicht-Standard-Durchmesser, Sonderl\u00e4ngen und Spezialverpackungen.<\/li>\n<\/ul>\n<h2 style=\"font-size: 20px; margin-top: 20px;\">\ud83c\udfed OEM &amp; anpassbare Erfahrung<\/h2>\n<p>Mit mehr als <strong style=\"color: #27ae60;\">16 Jahre Erfahrung als Hersteller und Exporteur<\/strong>, NINGBO BAOTENG TECHNOLOGY CO., LTD ist als professioneller und ausgezeichneter Lieferant bekannt. Wir bieten nicht nur Teile f\u00fcr Garagentore, sondern auch Sicherheitsschl\u00f6sser f\u00fcr Fenster und Haust\u00fcrgriffe. Von <a style=\"color: #2980b9; text-decoration: none;\" href=\"https:\/\/www.baoteng.cc\/de\/walzen\/\" target=\"_blank\" rel=\"noopener\">Garagentor-Rollen<\/a>, <a style=\"color: #2980b9; text-decoration: none;\" href=\"https:\/\/www.baoteng.cc\/de\/scharniere\/\" target=\"_blank\" rel=\"noopener\">Scharniere<\/a>, Von Halterungen und Schienen bis hin zu Kabeltrommeln und Schl\u00f6ssern - wir haben alles. Unsere Techniker k\u00f6nnen Produkte entwickeln, die Ihren Anforderungen entsprechen, einschlie\u00dflich Zugfestigkeit, Dicke, Oberfl\u00e4chenbeschaffenheit und kundenspezifischer Verpackung. Ganz gleich, ob Sie Wiederverk\u00e4ufer, Installateur oder Markeneigent\u00fcmer sind, unsere ma\u00dfgeschneiderten L\u00f6sungen gew\u00e4hrleisten eine zuverl\u00e4ssige Leistung mit wettbewerbsf\u00e4higen Lieferzeiten.<\/p>\n<h2 style=\"font-size: 20px; margin-top: 20px;\">\u26a1 Vorteile der Beschaffung unserer Garagentorkabel<\/h2>\n<ul>\n<li>\ud83c\udf0d Exportiert in mehr als 50 L\u00e4nder weltweit, erf\u00fcllt internationale Vertriebsstandards.<\/li>\n<li>\ud83d\udd27 Gebaut mit hochwertiger Wickel- und Pr\u00fcfausr\u00fcstung f\u00fcr zuverl\u00e4ssige Leistung.<\/li>\n<li>\ud83d\udce6 Flexible Bestellmengen - sowohl kleine MOQs als auch Gro\u00dfbestellungen werden unterst\u00fctzt.<\/li>\n<li>\ud83d\ude9b Schnelle und zuverl\u00e4ssige Lieferung, unterst\u00fctzt durch umfangreiche Logistiknetze.<\/li>\n<\/ul>\n<h2 style=\"font-size: 20px; margin-top: 20px;\">\ud83d\udcd8 Einhaltung von Normen und Industriestandards<\/h2>\n<p>Unsere Garagentorkabel werden nach den h\u00f6chsten Qualit\u00e4tsstandards hergestellt und gepr\u00fcft. Sie erf\u00fcllen <a style=\"color: #2980b9; text-decoration: none;\" href=\"https:\/\/www.dasma.com\" target=\"_blank\" rel=\"noopener\">DASMA<\/a> (Door &amp; Access Systems Manufacturers Association), die einen sicheren und zuverl\u00e4ssigen Betrieb gew\u00e4hrleisten. Sie entsprechen auch den OSHA-Maschinensicherheitsstandards, um eine ordnungsgem\u00e4\u00dfe Installation und Unfallverh\u00fctung zu gew\u00e4hrleisten.<\/p>\n<h2 style=\"font-size: 20px; margin-top: 20px;\">\ud83d\udca1 Anwendungen<\/h2>\n<ul>\n<li>\ud83c\udfe0 Garagen-Sektionaltore f\u00fcr Wohngeb\u00e4ude.<\/li>\n<li>\ud83c\udfed Industrie- und Lagerrolltore.<\/li>\n<li>\ud83d\ude8c Leichte T\u00fcren f\u00fcr den gewerblichen Bereich, bei denen die Sicherheit im Vordergrund steht.<\/li>\n<li>\ud83d\udd12 Ersatzteile f\u00fcr Sicherheitskabelsysteme.<\/li>\n<\/ul>\n<h2 style=\"font-size: 20px; margin-top: 20px;\">\ud83d\udccf Technische Daten<\/h2>\n<table style=\"border-collapse: collapse; width: 100%; text-align: left;\" border=\"1\" cellspacing=\"0\" cellpadding=\"6\">\n<tbody>\n<tr style=\"background: #f2f2f2;\">\n<th>Produktname<\/th>\n<th>Durchmesser Optionen<\/th>\n<th>Oberfl\u00e4che<\/th>\n<th>Material<\/th>\n<th>Anmeldung<\/th>\n<\/tr>\n<tr>\n<td>Garagentorkabel Torsionsfeder Draht<\/td>\n<td>1\/8&#8243; | 5\/32&#8243; | 3\/16&#8243; | 1\/4&#8243;<\/td>\n<td>Verzinkt Anti-Rost<\/td>\n<td>Hochfester verzinkter Stahldraht<\/td>\n<td>Garagentore f\u00fcr Privathaushalte und Unternehmen<\/td>\n<\/tr>\n<\/tbody>\n<\/table>\n<h2 style=\"font-size: 20px; margin-top: 20px;\">\ud83d\udccc Warum BAOTENG w\u00e4hlen?<\/h2>\n<ul>\n<li>16+ Jahre Erfahrung in Forschung und Entwicklung sowie im Export von Garagentorbeschl\u00e4gen.<\/li>\n<li>\u2705 Komplette Auswahl: Kabel, Rollen, Scharniere, Halterungen, Schl\u00f6sser und Wellen.<\/li>\n<li>OEM\/ODM-Unterst\u00fctzung f\u00fcr kundenspezifische Kabelsysteme und Verpackungen.<\/li>\n<li>\u2705 Fortschrittliches Produktionsmanagement mit strengen Qualit\u00e4tspr\u00fcfungen.<\/li>\n<\/ul>\n<h2 style=\"font-size: 20px; margin-top: 20px;\">\ud83c\udf1f Schlussfolgerung<\/h2>\n<p>Die <strong style=\"color: #d35400;\">Garagentorkabel Torsionsfeder Draht<\/strong> spielt eine wichtige Rolle bei Garagen-Schwingtoren. Die aus hochbelastbarem, verzinktem Stahl gefertigten und in verschiedenen Durchmessern angebotenen Seile garantieren eine reibungslose, sichere und langlebige Leistung sowohl f\u00fcr den privaten als auch f\u00fcr den gewerblichen Gebrauch. In Zusammenarbeit mit <strong style=\"color: #27ae60;\">BAOTENG OEM &amp; kundenspezifische Anpassung<\/strong> bedeutet, dass Sie Zugang zu den hochwertigsten Garagentorbeschl\u00e4gen haben, denen weltweit vertraut wird.<\/p>\n<\/section>","protected":false},"excerpt":{"rendered":"<p>Langlebige Garagentorkabel, Torsionsfederdraht und Ersatzkabelteile. Erh\u00e4ltlich in mehreren Durchmessern f\u00fcr zuverl\u00e4ssige Garagentorsysteme. OEM und anpassbare L\u00f6sungen mit verzinkter Oberfl\u00e4che und globaler Exporterfahrung.<\/p>","protected":false},"featured_media":6887,"comment_status":"open","ping_status":"closed","template":"","meta":{"_acf_changed":false},"product_brand":[],"product_cat":[58],"product_tag":[],"class_list":{"0":"post-6886","1":"product","2":"type-product","3":"status-publish","4":"has-post-thumbnail","6":"product_cat-accessories","8":"first","9":"instock","10":"shipping-taxable","11":"product-type-grouped"},"acf":[],"_links":{"self":[{"href":"https:\/\/www.baoteng.cc\/de\/wp-json\/wp\/v2\/product\/6886","targetHints":{"allow":["GET"]}}],"collection":[{"href":"https:\/\/www.baoteng.cc\/de\/wp-json\/wp\/v2\/product"}],"about":[{"href":"https:\/\/www.baoteng.cc\/de\/wp-json\/wp\/v2\/types\/product"}],"replies":[{"embeddable":true,"href":"https:\/\/www.baoteng.cc\/de\/wp-json\/wp\/v2\/comments?post=6886"}],"wp:featuredmedia":[{"embeddable":true,"href":"https:\/\/www.baoteng.cc\/de\/wp-json\/wp\/v2\/media\/6887"}],"wp:attachment":[{"href":"https:\/\/www.baoteng.cc\/de\/wp-json\/wp\/v2\/media?parent=6886"}],"wp:term":[{"taxonomy":"product_brand","embeddable":true,"href":"https:\/\/www.baoteng.cc\/de\/wp-json\/wp\/v2\/product_brand?post=6886"},{"taxonomy":"product_cat","embeddable":true,"href":"https:\/\/www.baoteng.cc\/de\/wp-json\/wp\/v2\/product_cat?post=6886"},{"taxonomy":"product_tag","embeddable":true,"href":"https:\/\/www.baoteng.cc\/de\/wp-json\/wp\/v2\/product_tag?post=6886"}],"curies":[{"name":"wp","href":"https:\/\/api.w.org\/{rel}","templated":true}]}}