{"id":6888,"date":"2025-09-28T06:14:10","date_gmt":"2025-09-28T06:14:10","guid":{"rendered":"https:\/\/baoteng.cc\/?post_type=product&#038;p=6888"},"modified":"2025-09-28T06:23:13","modified_gmt":"2025-09-28T06:23:13","slug":"seilrolle-fur-garagentor-mit-halterung","status":"publish","type":"product","link":"https:\/\/www.baoteng.cc\/de\/product\/seilrolle-fur-garagentor-mit-halterung\/","title":{"rendered":"Garage T\u00fcr Seilzug mit Halterung Heavy Duty Sektionaltor Hardware-Ersatzteil OEM anpassbar"},"content":{"rendered":"<section style=\"width: 100%; font-family: Arial, sans-serif; line-height: 1.6; color: #333;\">\n<header>\n<h1 style=\"font-size: 24px; font-weight: bold; text-align: center;\">\ud83e\uddf0 Garagentor Seilrolle + Halterung Heavy Duty 3 Zoll Seilrolle Verzinkt<\/h1>\n<\/header>\n<p>A <strong style=\"color: #d35400;\">Seilrolle f\u00fcr Garagentor<\/strong> ist ein wesentlicher Bestandteil jedes Garagen-Sektionaltorsystems, da sie ein reibungsloses und ordnungsgem\u00e4\u00dfes Heben und Schlie\u00dfen des Tors im Laufe der Zeit gew\u00e4hrleistet. Diese Umlenkrolle mit Halterung ist mit Torsions- und Zugfedersystemen kompatibel und balanciert das Tor aus, damit es sich richtig bewegen kann. Sie ist f\u00fcr Tore mit einem Gewicht von bis zu 150 lbs ausgelegt und besteht aus robustem verzinktem Stahl mit einer <strong>3,75 mm dicker B\u00fcgel<\/strong>, Sie bieten Haltbarkeit, Rostbest\u00e4ndigkeit und zuverl\u00e4ssige Leistung f\u00fcr Innen- und Au\u00dfenanwendungen.<\/p>\n<h2 style=\"font-size: 20px; margin-top: 20px;\">\u2728 Spezifikationen f\u00fcr Garagentor-Seilrolle mit Halterung<\/h2>\n<ul>\n<li>\u2699\ufe0f <strong>Hochbelastbare Konstruktion:<\/strong> Die 3,75 mm dicke Halterung h\u00e4lt hohen Belastungen stand.<\/li>\n<li>\ud83d\udee1\ufe0f <strong>Feuerverzinkt:<\/strong> Bietet hervorragende Best\u00e4ndigkeit gegen Korrosion, Salz und Feuchtigkeit.<\/li>\n<li>\ud83d\udeaa <strong>Perfekte Kompatibilit\u00e4t:<\/strong> Geeignet f\u00fcr Garagen-Sektionaltore.<\/li>\n<li>\ud83d\udd29 <strong>Original und anpassbar:<\/strong> OEM-Unterst\u00fctzung f\u00fcr Eigenmarken, Sonderma\u00dfe und Verpackungen.<\/li>\n<li>\ud83d\udccf <strong>Universell einsetzbar:<\/strong> Kompatibel mit den meisten Garagen-Sektionaltoren und Tretlagereinheiten.<\/li>\n<\/ul>\n<h2 style=\"font-size: 20px; margin-top: 20px;\">\ud83c\udfed OEM &amp; anpassbare Erfahrung<\/h2>\n<p>Seit 2008, <strong style=\"color: #27ae60;\">NINGBO BAOTENG TECHNOLOGY CO., LTD<\/strong> ist ein professioneller Hersteller von Garagentorbeschl\u00e4gen mit \u00fcber 16 Jahren Erfahrung. Mit fortschrittlichen Produktionsanlagen, eigener Formenentwicklung und strengen Qualit\u00e4tskontrollen bieten wir sowohl Standard- als auch Nicht-Standard-OEM-L\u00f6sungen. Von <a style=\"color: #2980b9; text-decoration: none;\" href=\"https:\/\/www.baoteng.cc\/de\/scharniere\/\" target=\"_blank\" rel=\"noopener\">Scharniere<\/a>, <a style=\"color: #2980b9; text-decoration: none;\" href=\"https:\/\/www.baoteng.cc\/de\/walzen\/\" target=\"_blank\" rel=\"noopener\">Walzen<\/a>, <a href=\"https:\/\/www.baoteng.cc\/de\/klammern\/\" target=\"_blank\" rel=\"noopener\">Klammern<\/a>, und <a href=\"https:\/\/www.baoteng.cc\/de\/spuren\/\" target=\"_blank\" rel=\"noopener\">Spuren<\/a> bis hin zu Schl\u00f6ssern und Kabeltrommeln - Installateure und H\u00e4ndler finden hier komplette Produktlinien. Ma\u00dfgeschneiderte Designs f\u00fcr B\u00fcgelst\u00e4rke, Scheibendurchmesser, Zugfestigkeit und Verpackungsstandards erf\u00fcllen verschiedene internationale Marktanforderungen.<\/p>\n<h2 style=\"font-size: 20px; margin-top: 20px;\">\u26a1 Warum unsere Garagentor-Seilrolle w\u00e4hlen<\/h2>\n<ul>\n<li>\ud83c\udf0d Exportiert in mehr als 50 L\u00e4nder mit starker globaler Anerkennung.<\/li>\n<li>\ud83d\udd27 Pr\u00e4zisionsfertigung mit Formgebungs- und Pr\u00fcfger\u00e4ten f\u00fcr gleichbleibende Qualit\u00e4t.<\/li>\n<li>\ud83d\udce6 Flexible MOQs - sowohl f\u00fcr kleine Bestellungen als auch f\u00fcr gro\u00dfe Vertriebsprojekte.<\/li>\n<li>\ud83d\ude9b Schnelle Lieferung mit umfassender Logistik auf den wichtigsten internationalen M\u00e4rkten.<\/li>\n<\/ul>\n<h2 style=\"font-size: 20px; margin-top: 20px;\">\ud83d\udcd8 Einhaltung von Normen und Industriestandards<\/h2>\n<p>Alle unsere Garagentorrollen und Beschl\u00e4ge werden unter strenger Qualit\u00e4tskontrolle hergestellt. Komponenten erf\u00fcllen <a style=\"color: #2980b9; text-decoration: none;\" href=\"https:\/\/www.dasma.com\" target=\"_blank\" rel=\"noopener\">DASMA<\/a> Normen und die Angleichung an die OSHA-Sicherheitsvorschriften (<strong>29CFR 1910.179, C-1<\/strong>), die einen zuverl\u00e4ssigen Betrieb, eine sichere Installation und eine lange Lebensdauer gew\u00e4hrleisten. Diese Industriezertifizierungen garantieren die Einhaltung von Sicherheitsanforderungen im privaten und gewerblichen Bereich und machen sie zu einer zuverl\u00e4ssigen Wahl f\u00fcr die globalen M\u00e4rkte.<\/p>\n<h2 style=\"font-size: 20px; margin-top: 20px;\">\ud83d\udca1 Anwendungen<\/h2>\n<ul>\n<li>\ud83c\udfe0 Garagen-Sektionaltore f\u00fcr Wohngeb\u00e4ude, f\u00fcr die untere Umlenkrollen mit Halterungen erforderlich sind.<\/li>\n<li>\ud83c\udfed Fabrik-, Lager- und Industrietore, die dauerhafte L\u00f6sungen erfordern.<\/li>\n<li>\ud83d\ude9b Gewerbliche Garagentore, bei denen es auf Sicherheit und Zuverl\u00e4ssigkeit ankommt.<\/li>\n<li>\ud83d\udd12 Ersatzteile f\u00fcr verschlissene oder besch\u00e4digte Riemenscheibenbaugruppen.<\/li>\n<\/ul>\n<h2 style=\"font-size: 20px; margin-top: 20px;\">\ud83d\udccf Technische Daten<\/h2>\n<table style=\"border-collapse: collapse; width: 100%; text-align: left;\" border=\"1\" cellspacing=\"0\" cellpadding=\"6\">\n<tbody>\n<tr style=\"background: #f2f2f2;\">\n<th>Produktname<\/th>\n<th>Dicke der Klammer<\/th>\n<th>Oberfl\u00e4che<\/th>\n<th>Material<\/th>\n<th>Anmeldung<\/th>\n<\/tr>\n<tr>\n<td>Garagentor-Seilrolle mit Halterung<\/td>\n<td>3,75 mm<\/td>\n<td>Verzinkt<\/td>\n<td>Hochfester verzinkter Stahl<\/td>\n<td>Garagen-Sektionaltore f\u00fcr Wohn- und Gesch\u00e4ftsgeb\u00e4ude<\/td>\n<\/tr>\n<\/tbody>\n<\/table>\n<h2 style=\"font-size: 20px; margin-top: 20px;\">\ud83d\udccc Warum BAOTENG w\u00e4hlen?<\/h2>\n<ul>\n<li>Mehr als 16 Jahre Erfahrung in Forschung und Entwicklung sowie im Export.<\/li>\n<li>\u2705 Acht komplette Produktlinien: Kabel, Rollen, Scharniere, Halterungen, Schl\u00f6sser und mehr.<\/li>\n<li>Starke OEM\/ODM-F\u00e4higkeiten f\u00fcr private Logos und Systemanpassungen.<\/li>\n<li>\u2705 Strenge Pr\u00fcfung und fortschrittliches Produktionsmanagementsystem.<\/li>\n<\/ul>\n<h2 style=\"font-size: 20px; margin-top: 20px;\">\ud83c\udf1f Schlussfolgerung<\/h2>\n<p>Die <strong style=\"color: #d35400;\">Seilrolle f\u00fcr Garagentor mit Halterung<\/strong> ist ein wichtiger Bestandteil von Garagen-Sektionaltor-Systemen. Er besteht aus verzinktem Stahl mit einer 3,75-mm-Hochleistungshalterung und gew\u00e4hrleistet einen sicheren, reibungslosen und lang anhaltenden Betrieb. Mit <strong style=\"color: #27ae60;\">BAOTENG OEM &amp; kundenspezifische Anpassung<\/strong>, gewinnen Sie einen kompetenten Partner in der Garagentorindustrie, der Ihnen zuverl\u00e4ssige und ma\u00dfgeschneiderte Beschlagsl\u00f6sungen f\u00fcr Ihre spezifischen Projektanforderungen liefert.<\/p>\n<\/section>","protected":false},"excerpt":{"rendered":"<p>Hochwertige Garagentor-Seilrolle mit Halterung f\u00fcr Garagen-Sektionaltore. Hergestellt aus 3,75 mm verzinktem Stahl, langlebig und rostfrei. OEM &amp; anpassbare L\u00f6sungen von BAOTENG mit mehr als 16 Jahren Produktionserfahrung.<\/p>","protected":false},"featured_media":6889,"comment_status":"open","ping_status":"closed","template":"","meta":{"_acf_changed":false},"product_brand":[],"product_cat":[58],"product_tag":[],"class_list":{"0":"post-6888","1":"product","2":"type-product","3":"status-publish","4":"has-post-thumbnail","6":"product_cat-accessories","8":"first","9":"instock","10":"shipping-taxable","11":"product-type-grouped"},"acf":[],"_links":{"self":[{"href":"https:\/\/www.baoteng.cc\/de\/wp-json\/wp\/v2\/product\/6888","targetHints":{"allow":["GET"]}}],"collection":[{"href":"https:\/\/www.baoteng.cc\/de\/wp-json\/wp\/v2\/product"}],"about":[{"href":"https:\/\/www.baoteng.cc\/de\/wp-json\/wp\/v2\/types\/product"}],"replies":[{"embeddable":true,"href":"https:\/\/www.baoteng.cc\/de\/wp-json\/wp\/v2\/comments?post=6888"}],"wp:featuredmedia":[{"embeddable":true,"href":"https:\/\/www.baoteng.cc\/de\/wp-json\/wp\/v2\/media\/6889"}],"wp:attachment":[{"href":"https:\/\/www.baoteng.cc\/de\/wp-json\/wp\/v2\/media?parent=6888"}],"wp:term":[{"taxonomy":"product_brand","embeddable":true,"href":"https:\/\/www.baoteng.cc\/de\/wp-json\/wp\/v2\/product_brand?post=6888"},{"taxonomy":"product_cat","embeddable":true,"href":"https:\/\/www.baoteng.cc\/de\/wp-json\/wp\/v2\/product_cat?post=6888"},{"taxonomy":"product_tag","embeddable":true,"href":"https:\/\/www.baoteng.cc\/de\/wp-json\/wp\/v2\/product_tag?post=6888"}],"curies":[{"name":"wp","href":"https:\/\/api.w.org\/{rel}","templated":true}]}}