{"id":6892,"date":"2025-09-29T02:16:03","date_gmt":"2025-09-29T02:16:03","guid":{"rendered":"https:\/\/baoteng.cc\/?post_type=product&#038;p=6892"},"modified":"2025-09-29T02:21:54","modified_gmt":"2025-09-29T02:21:54","slug":"garagentor-torsionsfeder-nylonbuchse","status":"publish","type":"product","link":"https:\/\/www.baoteng.cc\/de\/product\/garagentor-torsionsfeder-nylonbuchse\/","title":{"rendered":"Garage T\u00fcr Torsion Fr\u00fchling Nylon Buchse 1\u2033 ID 2\u2033 OD Center Plastic Bushing OEM anpassbar"},"content":{"rendered":"<section style=\"width: 100%; font-family: Arial, sans-serif; line-height: 1.6; color: #333;\">\n<header>\n<h1 style=\"font-size: 24px; font-weight: bold; text-align: center;\">Garage T\u00fcr Torsion Fr\u00fchling Nylon Buchse<\/h1>\n<\/header>\n<p>Dies ist ein White <strong>1\u2033 ID x 2\u2033 OD Zentrale Kunststoffbuchse<\/strong> (Spannungsverstellung oder Stabilisator). Die <strong>Garagentor Torsionsfeder Nylonbuchse<\/strong> mag leicht sein, aber sie spielt eine besondere Rolle, wenn es darum geht, dass Sektional- und Schwingtore reibungslos laufen und l\u00e4nger halten. Diese aus hochwertigem Kunststoff gefertigte Buchse hat einen Innendurchmesser von 1\u2033 und einen Au\u00dfendurchmesser von 2\u2033, wodurch sie sicher \u00fcber Standard-Torsionsfeder-Mittelteller passt. Sie eignet sich perfekt f\u00fcr Wohngaragen oder leichte gewerbliche Anwendungen und bietet eine reibungslose Funktion und eine lange Lebensdauer. \ud83d\udeaa<\/p>\n<h2 style=\"font-size: 20px; margin-top: 20px;\">\ud83d\udd0d Warum eine Torsionsfederbuchse aus Nylon f\u00fcr Garagentore verwenden?<\/h2>\n<p>Die Nylonbuchse bietet eine hervorragende Verschlei\u00dffestigkeit, ein geringes Gewicht und eine bessere Korrosionsbest\u00e4ndigkeit als Metalllager. Sie reduziert die Reibung zwischen der Torsionswelle und der station\u00e4ren Mittelkonsole, wodurch Klappern und Quietschen vermieden werden. Durch die Verringerung der Belastung von Torsionsfedern und Kabeln wird die Lebensdauer des Systems verl\u00e4ngert und eine gleichm\u00e4\u00dfige, leise Hubleistung erzielt.<\/p>\n<h2 style=\"font-size: 20px; margin-top: 20px;\">\u2728 Hauptmerkmale<\/h2>\n<ul>\n<li>Material: Hochfester Kunststoff (Nylon) f\u00fcr lange Haltbarkeit<\/li>\n<li>ID: 1\u2033 - passend f\u00fcr Standard-Torsionswellen<\/li>\n<li>Au\u00dfendurchmesser: 2\u2033 - passend f\u00fcr mittlere Lagerplatten<\/li>\n<li>Geringes Gewicht: Leichtere Handhabung und geringere Belastung des Systems<\/li>\n<li>Ger\u00e4uschreduzierung: Leiserer Betrieb im Vergleich zu Stahl<\/li>\n<li>OEM und anpassbar: Erh\u00e4ltlich in Sondergr\u00f6\u00dfen, Branding und Verpackung<\/li>\n<\/ul>\n<h2 style=\"font-size: 20px; margin-top: 20px;\">\ud83c\udfd7 Anwendungen f\u00fcr Garagentore<\/h2>\n<p>Die <strong>Garagentor Torsionsfeder Nylonbuchse<\/strong> wird in der Regel in der Mitte eines Federpakets verwendet. Die Welle windet sich durch die Buchse, w\u00e4hrend die Platte station\u00e4r bleibt. Diese Funktion ist wichtig, um das Tor auszubalancieren und die Belastung auf andere Teile zu verringern. Es eignet sich f\u00fcr Einzel- oder Doppelgaragentore und ist ideal f\u00fcr Sektionaltore in Wohngeb\u00e4uden mit einer H\u00f6he von bis zu 12 Fu\u00df sowie f\u00fcr leichte gewerbliche Sektionaltore.<\/p>\n<h2 style=\"font-size: 20px; margin-top: 20px;\">\u2692\ufe0f Vorteile von OEM und kundenspezifischer Anpassung<\/h2>\n<p>Baoteng ist spezialisiert auf OEM- und kundenspezifische Garagentorteile. Nylonbuchsen k\u00f6nnen mit kundenspezifischen Gr\u00f6\u00dfen, Farben, Logos und Verpackungen versehen werden. Mit fortschrittlichen Produktionsanlagen und erfahrenen Technikern bieten wir flexible L\u00f6sungen f\u00fcr Distributoren, Gro\u00dfh\u00e4ndler und Bauunternehmen. Ob f\u00fcr Kleinserien oder Gro\u00dfauftr\u00e4ge, unsere OEM-F\u00e4higkeiten gew\u00e4hrleisten eine schnelle Lieferung und pr\u00e4zise Fertigung.<\/p>\n<h2 style=\"font-size: 20px; margin-top: 20px;\">\ud83d\udccf Einhaltung von Industriestandards<\/h2>\n<p>Unsere thermoplastischen Buchsen werden unter strenger Qualit\u00e4tskontrolle und nach internationalen Standards hergestellt. In den USA halten wir uns an die <a href=\"https:\/\/www.astm.org\/\" target=\"_blank\" rel=\"noopener\">ASTM International<\/a> Standards, die Sicherheit, Haltbarkeit und Kompatibilit\u00e4t mit den meisten Garagentorsystemen gew\u00e4hrleisten. Jede Buchse wird vor der Auslieferung einer Ma\u00dfkontrolle und Leistungspr\u00fcfung unterzogen.<\/p>\n<h2 style=\"font-size: 20px; margin-top: 20px;\">\ud83d\udd27 Tipps zu Installation und Wartung<\/h2>\n<p>Der Einbau sollte aufgrund der hohen Spannung von Torsionsfedern von Fachleuten vorgenommen werden. Tauschen Sie bei der Wartung von Torsionsfedern immer die Buchsen aus, um vorzeitigen Verschlei\u00df zu vermeiden. Regelm\u00e4\u00dfiges Schmieren der Welle und \u00dcberpr\u00fcfen der Torsionsbaugruppe maximiert die Lebensdauer und gew\u00e4hrleistet einen sicheren, reibungslosen Betrieb.<\/p>\n<h2 style=\"font-size: 20px; margin-top: 20px;\">\ud83d\udcca Produktspezifikationen<\/h2>\n<table style=\"width: 100%; border-collapse: collapse; margin-top: 10px;\">\n<tbody>\n<tr>\n<td style=\"border: 1px solid #ccc; padding: 8px;\">Produktname<\/td>\n<td style=\"border: 1px solid #ccc; padding: 8px;\">Garage T\u00fcr Torsion Fr\u00fchling Nylon Buchse<\/td>\n<\/tr>\n<tr>\n<td style=\"border: 1px solid #ccc; padding: 8px;\">Material<\/td>\n<td style=\"border: 1px solid #ccc; padding: 8px;\">Kunststoff (Nylon)<\/td>\n<\/tr>\n<tr>\n<td style=\"border: 1px solid #ccc; padding: 8px;\">Innendurchmesser (ID)<\/td>\n<td style=\"border: 1px solid #ccc; padding: 8px;\">1&#8243;<\/td>\n<\/tr>\n<tr>\n<td style=\"border: 1px solid #ccc; padding: 8px;\">\u00c4u\u00dferer Durchmesser (OD)<\/td>\n<td style=\"border: 1px solid #ccc; padding: 8px;\">2&#8243;<\/td>\n<\/tr>\n<tr>\n<td style=\"border: 1px solid #ccc; padding: 8px;\">Anmeldung<\/td>\n<td style=\"border: 1px solid #ccc; padding: 8px;\">Garagentor-Mittelbuchse<\/td>\n<\/tr>\n<tr>\n<td style=\"border: 1px solid #ccc; padding: 8px;\">OEM\/ODM<\/td>\n<td style=\"border: 1px solid #ccc; padding: 8px;\">Verf\u00fcgbar<\/td>\n<\/tr>\n<\/tbody>\n<\/table>\n<h2 style=\"font-size: 20px; margin-top: 20px;\">\ud83c\udf0d Warum mit Baoteng arbeiten?<\/h2>\n<p>Gegr\u00fcndet im Jahr 2008, <a href=\"https:\/\/www.baoteng.cc\/de\/firmenubersicht\/\" target=\"_blank\" rel=\"noopener\">Baoteng<\/a> hat sich zu einem weltweit f\u00fchrenden Anbieter von Garagentorbeschl\u00e4gen entwickelt. Unser Produktangebot umfasst <a href=\"https:\/\/www.baoteng.cc\/de\/walzen\/\" target=\"_blank\" rel=\"noopener\">Garagentor-Rollen<\/a>, <a href=\"https:\/\/www.baoteng.cc\/de\/scharniere\/\" target=\"_blank\" rel=\"noopener\">Scharniere<\/a>, Halterungen, Schienen, Kabeltrommeln und Verriegelungssysteme. Mit \u00fcber 300 erfahrenen Mitarbeitern, fortschrittlichen Pr\u00fcfger\u00e4ten und Exporten in \u00fcber 50 L\u00e4nder genie\u00dfen wir weltweites Vertrauen. Unsere OEM- und Anpassungsdienste bieten H\u00e4ndlern und Installateuren einen Wettbewerbsvorteil in Bezug auf Qualit\u00e4t und Flexibilit\u00e4t.<\/p>\n<h2 style=\"font-size: 20px; margin-top: 20px;\">\u2705 Schlussfolgerung<\/h2>\n<p>Die <strong>1\u2033 ID x 2\u2033 OD Garagentor Torsionsfeder Nylonbuchse<\/strong> ist eine kleine, aber wichtige Komponente, die eine reibungslose, leise und langlebige Leistung des Garagentors gew\u00e4hrleistet. Mit mehr als 16 Jahren Erfahrung und starken OEM-F\u00e4higkeiten bietet Baoteng zuverl\u00e4ssige, anpassbare L\u00f6sungen f\u00fcr globale Vertriebsh\u00e4ndler, Gro\u00dfh\u00e4ndler und Installateure. \u2699\ufe0f\ud83d\udd27<\/p>\n<\/section>","protected":false},"excerpt":{"rendered":"<p>Hochwertige Garagentor Torsionsfeder Nylonbuchse 1\u2033 ID und 2\u2033 OD Zentrum Kunststoffbuchse. Langlebig, leicht, und f\u00fcr Wohn- oder kommerzielle Garagentore entwickelt. OEM und anpassbare Optionen verf\u00fcgbar von einem professionellen Hersteller.<\/p>","protected":false},"featured_media":6893,"comment_status":"open","ping_status":"closed","template":"","meta":{"_acf_changed":false},"product_brand":[],"product_cat":[58],"product_tag":[],"class_list":{"0":"post-6892","1":"product","2":"type-product","3":"status-publish","4":"has-post-thumbnail","6":"product_cat-accessories","8":"first","9":"instock","10":"shipping-taxable","11":"product-type-grouped"},"acf":[],"_links":{"self":[{"href":"https:\/\/www.baoteng.cc\/de\/wp-json\/wp\/v2\/product\/6892","targetHints":{"allow":["GET"]}}],"collection":[{"href":"https:\/\/www.baoteng.cc\/de\/wp-json\/wp\/v2\/product"}],"about":[{"href":"https:\/\/www.baoteng.cc\/de\/wp-json\/wp\/v2\/types\/product"}],"replies":[{"embeddable":true,"href":"https:\/\/www.baoteng.cc\/de\/wp-json\/wp\/v2\/comments?post=6892"}],"wp:featuredmedia":[{"embeddable":true,"href":"https:\/\/www.baoteng.cc\/de\/wp-json\/wp\/v2\/media\/6893"}],"wp:attachment":[{"href":"https:\/\/www.baoteng.cc\/de\/wp-json\/wp\/v2\/media?parent=6892"}],"wp:term":[{"taxonomy":"product_brand","embeddable":true,"href":"https:\/\/www.baoteng.cc\/de\/wp-json\/wp\/v2\/product_brand?post=6892"},{"taxonomy":"product_cat","embeddable":true,"href":"https:\/\/www.baoteng.cc\/de\/wp-json\/wp\/v2\/product_cat?post=6892"},{"taxonomy":"product_tag","embeddable":true,"href":"https:\/\/www.baoteng.cc\/de\/wp-json\/wp\/v2\/product_tag?post=6892"}],"curies":[{"name":"wp","href":"https:\/\/api.w.org\/{rel}","templated":true}]}}