{"id":6951,"date":"2025-09-30T06:05:36","date_gmt":"2025-09-30T06:05:36","guid":{"rendered":"https:\/\/baoteng.cc\/?post_type=product&#038;p=6951"},"modified":"2025-09-30T06:56:02","modified_gmt":"2025-09-30T06:56:02","slug":"sechskantschrauben-bolzen-muttern-grob-vollgewinde","status":"publish","type":"product","link":"https:\/\/www.baoteng.cc\/de\/product\/sechskantschrauben-bolzen-muttern-grob-vollgewinde\/","title":{"rendered":"Sechskantschrauben Schrauben Muttern Vollgewinde Grobgewinde Verzinkt 10mm*25mm 10mm*40mm OEM Custom"},"content":{"rendered":"<section style=\"width: 100%; font-family: Arial, sans-serif; line-height: 1.6; color: #333;\">\n<header>\n<h1 style=\"font-size: 24px; font-weight: bold; text-align: center;\">Premium Sechskantschrauben - Bolzen, Muttern, Vollgewinde, Grobgewinde<\/h1>\n<\/header>\n<p>\ud83d\udd29 Willkommen bei unseren hochwertigen Sechskantschrauben. Diese Verbindungselemente werden in zwei Gr\u00f6\u00dfen angeboten: 10mm*25mm und 10mm*40mm, und sind in einer hochbelastbaren verzinkten Ausf\u00fchrung erh\u00e4ltlich, die den Test der Zeit \u00fcberdauern wird.<\/p>\n<p>Unsere Sechskantschrauben sind sehr stark und eignen sich sowohl f\u00fcr den Innen- als auch f\u00fcr den Au\u00dfenbereich mit ausgezeichneter Korrosionsbest\u00e4ndigkeit. Jede Schraube, jeder Bolzen und jedes Befestigungselement hat eine \u00fcberragende Festigkeit f\u00fcr gleichbleibende Leistung.<\/p>\n<h2 style=\"font-size: 20px; margin-top: 20px;\">\u2728 Produktmerkmale:<\/h2>\n<ul style=\"list-style: disc; margin-left: 20px;\">\n<li>Material: Stahl mit einer rostfreien, verzinkten Oberfl\u00e4che \ud83d\udee0\ufe0f<\/li>\n<li>Verf\u00fcgbare Gr\u00f6\u00dfen: 10mm*25mm, 10mm*40mm<\/li>\n<li>Gewindestil: Voll; Grob nach Wahl<\/li>\n<li>OEM- und kundenspezifische Designs verf\u00fcgbar - Wir unterst\u00fctzen Kunden-Designauftr\u00e4ge mit fast 20 Jahren Erfahrung in der Branche<\/li>\n<li>Hervorragende Rostbest\u00e4ndigkeit f\u00fcr den Innen- und Au\u00dfeneinsatz \ud83c\udf26\ufe0f<\/li>\n<li>Entspricht den US-amerikanischen und internationalen Industrienormen<\/li>\n<\/ul>\n<p>Unser Unternehmen <a href=\"https:\/\/www.baoteng.cc\/de\/firmenubersicht\/\" target=\"_blank\" rel=\"noopener\">NINGBO BAOTENG TECHNOLOGY CO., LTD<\/a> konzentriert sich seit mehr als 18 Jahren auf Verbindungselemente, Garagentorteile und Pr\u00e4zisionsmetallteile. Ausgestattet mit fortschrittlichen Produktionsmaschinen, einem guten Team und einem strengen Qualit\u00e4tskontrollsystem, stellen wir sicher, dass jede einzelne Sechskantschraube die Kunden zufriedenstellt.<\/p>\n<h2 style=\"font-size: 20px; margin-top: 20px;\">\ud83d\udca1 Warum unsere Sechskant-Schrauben?<\/h2>\n<ul style=\"list-style: disc; margin-left: 20px;\">\n<li style=\"list-style-type: none;\">\ud83d\udd27 Leistung: Die Zinkbeschichtung bietet Rostschutz und sorgt f\u00fcr eine lange Lebensdauer des Produkts.<\/li>\n<li style=\"list-style-type: none;\">\u26a1 Materialst\u00e4rke: Hochwertige Materialien verleihen der Schraube Zugfestigkeit.<\/li>\n<li style=\"list-style-type: none;\">\ud83c\udfa8 Anpassbar: OEM-Service, bieten benutzerdefinierte Gr\u00f6\u00dfen, Oberfl\u00e4chen und Gewindetypen, um Ihre einzigartigen Bed\u00fcrfnisse zu erf\u00fcllen.<\/li>\n<li style=\"list-style-type: none;\">\ud83c\udf0e Erfahrung: Nahezu 20 Jahre Erfahrung in der Herstellung von Verbindungselementen und Garagentorteilen f\u00fcr den Export.<\/li>\n<li style=\"list-style-type: none;\">\ud83d\udd17 Kompatibilit\u00e4t: Ideal f\u00fcr Garagentore, Industrieanlagen, Bauprojekte und den Heimgebrauch (DIY). Mehr sehen: <a href=\"https:\/\/www.baoteng.cc\/de\/walzen\/\" target=\"_blank\" rel=\"noopener\">Garagentor-Rollen<\/a>, <a href=\"https:\/\/www.baoteng.cc\/de\/scharniere\/\" target=\"_blank\" rel=\"noopener\">Garagentor Scharniere<\/a>.<\/li>\n<\/ul>\n<p>Unsere Sechskantschrauben sind in geeignet:<\/p>\n<ul style=\"list-style: disc; margin-left: 20px;\">\n<li>Garagentore f\u00fcr Wohngeb\u00e4ude \ud83c\udfe1.<\/li>\n<li>Gewerbliche und industrielle Maschinen \ud83c\udfed.<\/li>\n<li>M\u00f6belmontage \ud83e\ude91<\/li>\n<li>Projekte und Anpassungen durch die Nutzer selbst<\/li>\n<li>Der Witterung ausgesetzte Bauten und Ger\u00e4te im Freien<\/li>\n<\/ul>\n<p>Jede Charge wird einer strengen Pr\u00fcfung auf Gewindegenauigkeit, Zugfestigkeit und perfekte Verzinkung unterzogen. So wird sichergestellt, dass jede Schraube, jeder Bolzen und jede Mutter von bester Qualit\u00e4t ist und den Leistungs- und Sicherheitsanforderungen entspricht \ud83d\udd12.<\/p>\n<h2 style=\"font-size: 20px; margin-top: 20px;\">\ud83c\udf1f OEM &amp; kundenspezifische Anpassung<\/h2>\n<p>Wir konzentrieren uns auf die Herstellung von Sechskantschrauben nach Ma\u00df, die genau Ihren Anforderungen entsprechen. Ob l\u00e4nger, dicker oder mit speziellem Gewinde - unser Ingenieurteam ist immer bereit, eine schnelle L\u00f6sung zu finden. Weitere Befestigungsm\u00f6glichkeiten finden Sie hier: <a href=\"https:\/\/www.baoteng.cc\/de\/klammern\/\" target=\"_blank\" rel=\"noopener\">Garagentor-Halterungen<\/a>.<\/p>\n<p>Unsere Teile erf\u00fcllen oder \u00fcbertreffen alle Normen f\u00fcr Verbindungselemente, einschlie\u00dflich ASTM, SAE, DIN, ISO und andere internationale Normen. Wir bieten technische Unterst\u00fctzung und Hilfe f\u00fcr eine Reihe von industriellen Anwendungen. Weitere Informationen zu industriellen Verbindungselementen finden Sie unter <a href=\"https:\/\/www.engineeringtoolbox.com\" target=\"_blank\" rel=\"noopener\">Werkzeugkasten f\u00fcr Ingenieure<\/a>.<\/p>\n<h2 style=\"font-size: 20px; margin-top: 20px;\">\ud83d\udcbc Erfahrung in der Industrie<\/h2>\n<p>Als f\u00fchrendes Unternehmen in der Fertigungs- und Vertriebsindustrie bietet LotFancy seit mehr als 15 Jahren Produkte in \u00fcber 50 L\u00e4ndern an. Wir bieten 3 Jahre Produktgarantie f\u00fcr Sechskantschrauben, Schrauben und Muttern und zeichnen uns durch eine hervorragende Qualit\u00e4t aus. Durch unsere hochmoderne Fertigung und hochqualifizierte Arbeitskr\u00e4fte stellen wir sicher, dass Sie ein qualitativ hochwertiges Produkt f\u00fcr weniger Geld erhalten.<\/p>\n<h2 style=\"font-size: 20px; margin-top: 20px;\">\ud83d\uded2 Anwendung<\/h2>\n<p>Stellen Sie bei der Montage von Sechskantschrauben das richtige Drehmoment ein, um ein \u00dcberdrehen zu vermeiden. Mit geeigneten Schraubenschl\u00fcsseln oder Steckschl\u00fcsseln fest anziehen. Verwenden Sie bei anspruchsvollen Anwendungen Unterlegscheiben und Sicherungsmuttern, um optimale Sicherheit zu gew\u00e4hrleisten.<\/p>\n<h2 style=\"font-size: 20px; margin-top: 20px;\">\u2705 Wichtigste Vorteile<\/h2>\n<ul style=\"list-style: disc; margin-left: 20px;\">\n<li>Sie sind sehr korrosionsbest\u00e4ndig und haben eine sehr lange Lebensdauer \ud83c\udf1f.<\/li>\n<li>Vielseitig einsetzbar f\u00fcr viele industrielle und gewerbliche Anwendungen \ud83c\udfd7\ufe0f<\/li>\n<li>Sicheres Verschrauben dank pr\u00e4ziser Gewinde- und Kopfgeometrie \ud83d\udd27<\/li>\n<li>OEM-L\u00f6sungen, die auf Ihr Projekt zugeschnitten sind \ud83d\udca1.<\/li>\n<li>Bew\u00e4hrte Produktion von erfahrenem Unternehmen seit fast 20 Jahren \ud83c\udf10<\/li>\n<\/ul>\n<p>Egal, ob Sie metrische Schrauben wie 10mm*25mm oder Standardschrauben wie 10mm*40mm oder kundenspezifische Vollgewinde-Sechskantschrauben f\u00fcr Ihr Industrieprojekt ben\u00f6tigen, <a href=\"https:\/\/www.baoteng.cc\/de\/firmenubersicht\/\" target=\"_blank\" rel=\"noopener\">NINGBO BAOTENG TECHNOLOGY CO., LTD<\/a> hat den zuverl\u00e4ssigen Service, den Sie suchen. Unser Ziel ist 100% Kundenzufriedenheit, Geschwindigkeit und Produktwert.<\/p>\n<p>Schauen Sie sich unser komplettes Sortiment an Beschl\u00e4gen an, um Ihre Befestigungsmittel zu erg\u00e4nzen: <a href=\"https:\/\/www.baoteng.cc\/de\/spuren\/\" target=\"_blank\" rel=\"noopener\">Garagentorschienen<\/a>, <a href=\"https:\/\/www.baoteng.cc\/de\/schachte\/\" target=\"_blank\" rel=\"noopener\">Garagentorsch\u00e4chte<\/a>, und <a href=\"https:\/\/www.baoteng.cc\/de\/griffe-schlosser\/\" target=\"_blank\" rel=\"noopener\">Griffe und Schl\u00f6sser f\u00fcr Garagentore<\/a>. Unsere Ingenieure stehen f\u00fcr kundenspezifische Projekte und Prototyping-L\u00f6sungen zur Verf\u00fcgung \ud83d\ude80.<\/p>\n<p>\ud83d\udd39 Investieren Sie in hochwertige Sechskantschrauben, die ein Leben lang halten und ein ideales Gleichgewicht zwischen St\u00e4rke, Haltbarkeit und professioneller Anpassung bieten. Von Garagentoren \u00fcber Industriemaschinen bis hin zu Heimwerkerprojekten bieten unsere Schrauben die Leistung und Zuverl\u00e4ssigkeit, die Sie brauchen \ud83c\udfc6<\/p>\n<\/section>","protected":false},"excerpt":{"rendered":"<ul>\n<li>Material: Hochwertiger Stahl mit verzinkter Oberfl\u00e4che<\/li>\n<li>Gewindetyp: Vollgewinde- und Grobgewindeoptionen<\/li>\n<li>Form: Standard-Sechskantkopf f\u00fcr einfache Montage mit Schraubenschl\u00fcssel<\/li>\n<li>OEM- und kundenspezifische Designs verf\u00fcgbar - mit fast 20 Jahren Branchenerfahrung<\/li>\n<\/ul>","protected":false},"featured_media":6952,"comment_status":"open","ping_status":"closed","template":"","meta":{"_acf_changed":false},"product_brand":[],"product_cat":[58],"product_tag":[],"class_list":{"0":"post-6951","1":"product","2":"type-product","3":"status-publish","4":"has-post-thumbnail","6":"product_cat-accessories","8":"first","9":"instock","10":"shipping-taxable","11":"product-type-grouped"},"acf":[],"_links":{"self":[{"href":"https:\/\/www.baoteng.cc\/de\/wp-json\/wp\/v2\/product\/6951","targetHints":{"allow":["GET"]}}],"collection":[{"href":"https:\/\/www.baoteng.cc\/de\/wp-json\/wp\/v2\/product"}],"about":[{"href":"https:\/\/www.baoteng.cc\/de\/wp-json\/wp\/v2\/types\/product"}],"replies":[{"embeddable":true,"href":"https:\/\/www.baoteng.cc\/de\/wp-json\/wp\/v2\/comments?post=6951"}],"wp:featuredmedia":[{"embeddable":true,"href":"https:\/\/www.baoteng.cc\/de\/wp-json\/wp\/v2\/media\/6952"}],"wp:attachment":[{"href":"https:\/\/www.baoteng.cc\/de\/wp-json\/wp\/v2\/media?parent=6951"}],"wp:term":[{"taxonomy":"product_brand","embeddable":true,"href":"https:\/\/www.baoteng.cc\/de\/wp-json\/wp\/v2\/product_brand?post=6951"},{"taxonomy":"product_cat","embeddable":true,"href":"https:\/\/www.baoteng.cc\/de\/wp-json\/wp\/v2\/product_cat?post=6951"},{"taxonomy":"product_tag","embeddable":true,"href":"https:\/\/www.baoteng.cc\/de\/wp-json\/wp\/v2\/product_tag?post=6951"}],"curies":[{"name":"wp","href":"https:\/\/api.w.org\/{rel}","templated":true}]}}