{"id":6967,"date":"2025-09-30T06:32:07","date_gmt":"2025-09-30T06:32:07","guid":{"rendered":"https:\/\/baoteng.cc\/?post_type=product&#038;p=6967"},"modified":"2025-09-30T07:02:29","modified_gmt":"2025-09-30T07:02:29","slug":"selbstbohrende-sechskantschraube-selbstschneidende-schraube","status":"publish","type":"product","link":"https:\/\/www.baoteng.cc\/de\/product\/selbstbohrende-sechskantschraube-selbstschneidende-schraube\/","title":{"rendered":"Hohe Festigkeit Sechskantkopf selbstbohrende Schraube | verzinkte Flansch selbstschneidende Schrauben OEM benutzerdefinierte Gr\u00f6\u00dfen"},"content":{"rendered":"<section style=\"width: 100%; font-family: Arial, sans-serif; line-height: 1.6; color: #333;\">\n<header>\n<h1 style=\"font-size: 24px; font-weight: bold; text-align: center;\">Selbstschneidende Schrauben mit Flansch | Selbstbohrende Schraube mit Sechskantkopf OEM &amp; Custom<\/h1>\n<\/header>\n<p>\ud83d\udd29 Die <strong>Sechskantschraube mit selbstbohrendem Kopf<\/strong> ist ein beliebtes und langlebiges Befestigungsmittel f\u00fcr alle Ihre professionellen Anwendungen: Montage, industrielle Produktion, Werkstatt, Heimwerker oder Haushalt. Diese Schrauben bestehen aus einer verzinkten Oberfl\u00e4che f\u00fcr eine bessere Korrosionsbest\u00e4ndigkeit und sind Teil der Serie, so dass Sie wissen, dass sie die Arbeit so effizient wie m\u00f6glich erledigen werden - sowohl f\u00fcr den professionellen als auch f\u00fcr den privaten Gebrauch. Erh\u00e4ltlich in den Gr\u00f6\u00dfen 5,5 mm x 50 mm, die f\u00fcr einen M8-Bit geeignet sind, erleichtern sie die Befestigungsarbeit bei einer Vielzahl von Projekten.<\/p>\n<h2 style=\"font-size: 20px; margin-top: 20px;\">\u2728 Merkmale der selbstbohrenden Sechskantschraube<\/h2>\n<ul style=\"list-style: disc; margin-left: 20px;\">\n<li>Material: Hochwertiger Stahl mit verzinkter Oberfl\u00e4che zum Schutz vor Rost \ud83d\udee0\ufe0f<\/li>\n<li>Kopf Stil: Sechskantscheiben-Antriebskopf gew\u00e4hrleistet jederzeit eine starke Klemmung<\/li>\n<li>Gewindetyp: Volles Gewinde f\u00fcr dauerhaften Halt und kein Abstreifen<\/li>\n<li>Gr\u00f6\u00dfen: 5,5mm\u00d750mm Optionen<\/li>\n<li>Antrieb: Passend f\u00fcr M8-Bit-Buchse, einfach zu installieren<\/li>\n<li>OEM &amp; Customizable Factory mit fast 20 Jahren Erfahrung \ud83c\udfa8<\/li>\n<li>Hervorragend geeignet f\u00fcr den Innen- und Au\u00dfenbereich \ud83c\udf26\ufe0f<\/li>\n<li>Entspricht den amerikanischen und internationalen Normen (ASTM, DIN, ISO)<\/li>\n<\/ul>\n<p>Mit der Technologie von <a href=\"https:\/\/www.baoteng.cc\/de\/firmenubersicht\/\" target=\"_blank\" rel=\"noopener\">NINGBO BAOTENG TECHNOLOGY CO., LTD<\/a>, Diese Schrauben wurden 2008 gegr\u00fcndet und stehen f\u00fcr fortschrittliches Design, strenge Qualit\u00e4tskontrolle und kontinuierliche Innovation. Mit dem Export von Verbindungselementen in mehr als 50 L\u00e4nder, gewinnen die Kunden Vertrauen in die langfristige Zuverl\u00e4ssigkeit.<\/p>\n<h2 style=\"font-size: 20px; margin-top: 20px;\">\ud83d\udca1 Vorteile von selbstbohrenden Sechskantschrauben<\/h2>\n<ul style=\"margin-left: 20px;\">\n<li>\ud83d\udd27 Einfache Installation: Selbstschneidendes Design macht das Vorbohren \u00fcberfl\u00fcssig<\/li>\n<li>\u26a1 Extra stark: Sorgt f\u00fcr stabile Leistung unter Last<\/li>\n<li>\ud83c\udf0e Langlebige verzinkte Oberfl\u00e4che bietet hervorragende Korrosionsbest\u00e4ndigkeit<\/li>\n<li>\ud83c\udfa8 Kundenspezifischer OEM-Service: Erh\u00e4ltlich in verschiedenen L\u00e4ngen, Durchmessern und Ausf\u00fchrungen<\/li>\n<li>\ud83c\udfed Breite Anwendung: Ideal f\u00fcr Garagentore, Maschinen, M\u00f6bel und Bauwesen<\/li>\n<\/ul>\n<p>Unsere Schrauben werden in der Holz- und Metallverarbeitung, im Haushalt und in der Industrie zuverl\u00e4ssig eingesetzt und sind f\u00fcr den robusten Gebrauch konzipiert. Die Pr\u00fcfung auf computergesteuerten Zugmaschinen gew\u00e4hrleistet die Einhaltung von <a href=\"https:\/\/www.astm.org\/\" target=\"_blank\" rel=\"noopener\">ASTM-Normen<\/a> und andere globale Benchmarks.<\/p>\n<h2 style=\"font-size: 20px; margin-top: 20px;\">\ud83c\udfd7\ufe0f Anwendungen f\u00fcr selbstbohrende Sechskantschrauben<\/h2>\n<ul style=\"list-style: disc; margin-left: 20px;\">\n<li>Garagentore f\u00fcr Wohngeb\u00e4ude \ud83c\udfe1.<\/li>\n<li>Fabriken und Schwermaschinen \ud83c\udfed.<\/li>\n<li>Einbau von M\u00f6beln und modularen Vorrichtungen \ud83e\ude91<\/li>\n<li>Baustahlkonstruktionen \ud83c\udfd7\ufe0f<\/li>\n<li>DIY und ma\u00dfgeschneiderte technische L\u00f6sungen \ud83d\udd28<\/li>\n<\/ul>\n<h2 style=\"font-size: 20px; margin-top: 20px;\">\ud83c\udf1f OEM- und Anpassungsservice<\/h2>\n<p>Mit fast 20 Jahren Erfahrung in der OEM-Herstellung bieten wir ma\u00dfgeschneiderte L\u00f6sungen f\u00fcr Verbindungselemente. Ob dickere K\u00f6pfe, l\u00e4ngere Gewinde oder einzigartige Oberfl\u00e4chen, unsere Ingenieure liefern pr\u00e4zise Antworten. Entdecken Sie verwandte <a href=\"https:\/\/www.baoteng.cc\/de\/klammern\/\" target=\"_blank\" rel=\"noopener\">Garagentorhalterungen<\/a> und <a href=\"https:\/\/www.baoteng.cc\/de\/schachte\/\" target=\"_blank\" rel=\"noopener\">Garagentorsch\u00e4chte<\/a> f\u00fcr komplette Hardwaresysteme.<\/p>\n<h2 style=\"font-size: 20px; margin-top: 20px;\">\ud83d\udcbc Erfahrung in der Industrie<\/h2>\n<p>Neben Garagentorrollen, Scharnieren, Kabeltrommeln und Schl\u00f6ssern haben wir weltweites Vertrauen in den Export von Verbindungselementen aufgebaut. Mit fortschrittlicher Ausr\u00fcstung und qualifizierten Ingenieuren sorgen wir f\u00fcr pr\u00e4zise Leistung und ein solides Qualit\u00e4tsmanagementsystem. Unsere Produkte kombinieren wettbewerbsf\u00e4hige Preise mit zuverl\u00e4ssiger Haltbarkeit.<\/p>\n<h2 style=\"font-size: 20px; margin-top: 20px;\">\ud83d\uded2 Tipps zur Installation<\/h2>\n<ul style=\"list-style: disc; margin-left: 20px;\">\n<li>Verwenden Sie einen M8-Steckschl\u00fcssel mit Schraubendreher f\u00fcr eine sichere Montage<\/li>\n<li>F\u00fcr strukturelle Anwendungen, verwenden Sie Unterlegscheiben oder Sicherungsmuttern f\u00fcr zus\u00e4tzliche Sicherheit<\/li>\n<li>Vermeiden Sie \u00fcberm\u00e4\u00dfiges Anziehen, um die Gewinde vor Besch\u00e4digung zu sch\u00fctzen.<\/li>\n<\/ul>\n<h2 style=\"font-size: 20px; margin-top: 20px;\">\u2705 Die Leistungen im \u00dcberblick<\/h2>\n<ul style=\"list-style: disc; margin-left: 20px;\">\n<li style=\"list-style-type: none;\">\ud83c\udf26\ufe0f Hervorragende Korrosions- und Rostbest\u00e4ndigkeit<\/li>\n<li style=\"list-style-type: none;\">\ud83c\udfd7\ufe0f Zuverl\u00e4ssig \u00fcber mehrere Branchen und Projekte hinweg<\/li>\n<li style=\"list-style-type: none;\">\ud83d\udd29 Gleichbleibende Festigkeit und Befestigungssicherheit<\/li>\n<li style=\"list-style-type: none;\">\ud83c\udfa8 Ma\u00dfgeschneiderte OEM-L\u00f6sungen f\u00fcr Kundenbed\u00fcrfnisse<\/li>\n<li style=\"list-style-type: none;\">\ud83c\udf10 Fast 20 Jahre Erfahrung in der Herstellung<\/li>\n<\/ul>\n<p>Ob f\u00fcr den Hausbau oder den Industriebau, die <strong>Sechskantschraube mit selbstbohrendem Kopf<\/strong> bietet St\u00e4rke, Haltbarkeit und Benutzerfreundlichkeit. Verbessern Sie Ihr Projekt durch die Kombination mit <a href=\"https:\/\/www.baoteng.cc\/de\/griffe-schlosser\/\" target=\"_blank\" rel=\"noopener\">Griffe und Schl\u00f6sser f\u00fcr Garagentore<\/a> und <a href=\"https:\/\/www.baoteng.cc\/de\/Bumpers\/\" target=\"_blank\" rel=\"noopener\">Garagentor-Sto\u00dff\u00e4nger<\/a> um eine vollst\u00e4ndige und zuverl\u00e4ssige Hardware-L\u00f6sung zu erreichen \ud83d\ude80.<\/p>\n<p>\ud83d\udd39 Entscheiden Sie sich f\u00fcr verzinkte selbstbohrende Sechskantschrauben von einem OEM-Spezialisten mit fast zwei Jahrzehnten Erfahrung. Unsere Schrauben \u00fcbertreffen die Industriestandards und bieten ein Maximum an Effizienz, Haltbarkeit und Wert \ud83c\udfc6<\/p>\n<\/section>","protected":false},"excerpt":{"rendered":"<p>Flanged Self Tapping Screws | Hex Head Self Drilling Screw OEM &amp; Custom \ud83d\udd29 The hex head self drilling screw is a popular and durable fastener for all your professional applications: assembly, industrial production, workshop, DIY or household. These screws are made from a galvanized finish for greater corrosion resistance, and are part of the &#8230; <a title=\"Hohe Festigkeit Sechskantkopf selbstbohrende Schraube | verzinkte Flansch selbstschneidende Schrauben OEM benutzerdefinierte Gr\u00f6\u00dfen\" class=\"read-more\" href=\"https:\/\/www.baoteng.cc\/de\/product\/selbstbohrende-sechskantschraube-selbstschneidende-schraube\/\" aria-label=\"Mehr Informationen \u00fcber High Strength Hex Head Self Drilling Screw | Galvanized Flanged Self Tapping Screws OEM Custom Sizes\">Weiterlesen<\/a><\/p>","protected":false},"featured_media":6976,"comment_status":"open","ping_status":"closed","template":"","meta":{"_acf_changed":false},"product_brand":[],"product_cat":[58],"product_tag":[],"class_list":{"0":"post-6967","1":"product","2":"type-product","3":"status-publish","4":"has-post-thumbnail","6":"product_cat-accessories","8":"first","9":"instock","10":"shipping-taxable","11":"product-type-grouped"},"acf":[],"_links":{"self":[{"href":"https:\/\/www.baoteng.cc\/de\/wp-json\/wp\/v2\/product\/6967","targetHints":{"allow":["GET"]}}],"collection":[{"href":"https:\/\/www.baoteng.cc\/de\/wp-json\/wp\/v2\/product"}],"about":[{"href":"https:\/\/www.baoteng.cc\/de\/wp-json\/wp\/v2\/types\/product"}],"replies":[{"embeddable":true,"href":"https:\/\/www.baoteng.cc\/de\/wp-json\/wp\/v2\/comments?post=6967"}],"wp:featuredmedia":[{"embeddable":true,"href":"https:\/\/www.baoteng.cc\/de\/wp-json\/wp\/v2\/media\/6976"}],"wp:attachment":[{"href":"https:\/\/www.baoteng.cc\/de\/wp-json\/wp\/v2\/media?parent=6967"}],"wp:term":[{"taxonomy":"product_brand","embeddable":true,"href":"https:\/\/www.baoteng.cc\/de\/wp-json\/wp\/v2\/product_brand?post=6967"},{"taxonomy":"product_cat","embeddable":true,"href":"https:\/\/www.baoteng.cc\/de\/wp-json\/wp\/v2\/product_cat?post=6967"},{"taxonomy":"product_tag","embeddable":true,"href":"https:\/\/www.baoteng.cc\/de\/wp-json\/wp\/v2\/product_tag?post=6967"}],"curies":[{"name":"wp","href":"https:\/\/api.w.org\/{rel}","templated":true}]}}