{"id":7026,"date":"2025-09-30T09:26:31","date_gmt":"2025-09-30T09:26:31","guid":{"rendered":"https:\/\/baoteng.cc\/?post_type=product&#038;p=7026"},"modified":"2025-09-30T09:54:37","modified_gmt":"2025-09-30T09:54:37","slug":"fingerfestes-garagentorpaneel-aus-pu-schaumstoffplatten","status":"publish","type":"product","link":"https:\/\/www.baoteng.cc\/de\/product\/fingerfestes-garagentorpaneel-aus-pu-schaumstoffplatten\/","title":{"rendered":"Finger Proof Garage T\u00fcr Panel PU Sandwich-Schaum-Panels OEM anpassbar"},"content":{"rendered":"<section style=\"width: 100%; font-family: Arial, sans-serif; line-height: 1.6; color: #333;\">\n<header>\n<h1 style=\"font-size: 24px; font-weight: bold; text-align: center;\">Finger Proof Garage T\u00fcr Panel PU Sandwich Sektional Panels OEM ODM Customized<\/h1>\n<\/header>\n<p style=\"text-align: center; font-size: 14px; color: #555; max-width: 900px; margin: auto;\">Was ist Fingerschutz Garagentor PU-Sandwich-Schaum, Dicke 40\/50mm, Breite 450-550mm wie Sie wollen! OEM &amp; kundenspezifische Designs, Qualit\u00e4tsisolierung, sicherheitsgepr\u00fcft f\u00fcr private und kommerzielle Anwendungen.<\/p>\n<h2 style=\"font-size: 20px; margin-top: 20px;\">\ud83d\udd39 Einleitung<\/h2>\n<p>Die <strong>fingersicheres Garagentorpaneel<\/strong> ist eine innovative Sicherheitsl\u00f6sung, die sowohl f\u00fcr private als auch f\u00fcr industrielle Garagen-Sektionaltore entwickelt wurde. Mit einem hochdichten PU-Sandwichschaumkern und pr\u00e4zisionsgefertigten Stahlblechen bieten diese Paneele \u00fcberlegene Sicherheit, thermische Effizienz und Haltbarkeit. Mit Breiten von 450 mm bis 550 mm und Dicken von 40 mm und 50 mm sind sie ideal f\u00fcr moderne energieeffiziente Geb\u00e4ude. Erh\u00e4ltlich in Trendfarben wie Wei\u00df und Grau und mit anpassbaren Oberfl\u00e4chen, erg\u00e4nzen sie die zeitgen\u00f6ssische Architektur. Unterst\u00fctzt von <strong>fast 20 Jahre Erfahrung mit OEM und kundenspezifischen L\u00f6sungen<\/strong>, NINGBO BAOTENG TECHNOLOGY liefert qualitativ hochwertige Produkte, die in mehr als 50 L\u00e4ndern weltweit gesch\u00e4tzt werden.<\/p>\n<h2 style=\"font-size: 20px; margin-top: 20px;\">\u2728 Wesentliche Merkmale von fingerfesten Garagentorpaneelen<\/h2>\n<ul style=\"list-style: disc; margin-left: 20px;\">\n<li>\ud83d\udee1\ufe0f <strong>Fingerschutz Sicherheit<\/strong>: Das spezielle Design der Verriegelung verhindert das Einklemmen der Finger w\u00e4hrend des Betriebs.<\/li>\n<li>\ud83c\udfe0 <strong>W\u00e4rmed\u00e4mmung<\/strong>: Der PU-Schaumkern mit hohem R-Wert sorgt f\u00fcr eine hervorragende Raumtemperaturregelung.<\/li>\n<li>\u2699\ufe0f <strong>Langlebige Stahlkonstruktion<\/strong>: Die \u00e4u\u00dfere Stahlschicht bietet Festigkeit, Schlagfestigkeit und eine lange Lebensdauer.<\/li>\n<li>\ud83d\udccf <strong>Gr\u00f6\u00dfen und Optionen<\/strong>: Breite 450-550mm, Dicke 40mm &amp; 50mm, Sonderl\u00e4ngen und -ausf\u00fchrungen erh\u00e4ltlich.<\/li>\n<li>\ud83c\udfa8 <strong>Ma\u00dfgeschneiderter Look<\/strong>: Standardfarben Wei\u00df und Grau; OEM-Farbanpassung m\u00f6glich.<\/li>\n<li>\ud83c\udf26\ufe0f <strong>Witterungsbest\u00e4ndigkeit<\/strong>: Die verzinkte und beschichtete Oberfl\u00e4che bietet Rostschutz in feuchten Umgebungen und im Freien.<\/li>\n<li>\ud83d\udee0\ufe0f <strong>Einfache Installation<\/strong>: Kompatibel mit Garagen-Sektionaltor-Beschl\u00e4gen f\u00fcr eine schnelle Einrichtung.<\/li>\n<\/ul>\n<h2 style=\"font-size: 20px; margin-top: 20px;\">\ud83c\udfed Anwendungen<\/h2>\n<p>Diese Paneele finden breite Anwendung in privaten Garagen, industriellen Lagerhallen, kommerziellen Logistikzentren und verschiedenen Sektionaltorsystemen. Ob f\u00fcr Wohnh\u00e4user oder Industrieanlagen, <strong>fingersicheres Garagentorpaneel<\/strong>\u00a0bieten das perfekte Gleichgewicht zwischen Sicherheit, Isolierung und Leistung.<\/p>\n<h2 style=\"font-size: 20px; margin-top: 20px;\">\ud83c\udf1f OEM &amp; kundenspezifische Anpassung<\/h2>\n<p>Wir sind spezialisiert auf <strong>OEM + Anpassung<\/strong> Dienstleistungen und bietet ma\u00dfgeschneiderte L\u00f6sungen, einschlie\u00dflich Plattendicke, Fugenart, fingersicheres Design, PU-Schaumdichte, Stahlst\u00e4rke, Oberfl\u00e4chenbeschaffenheit und Farben. Ma\u00dfgeschneiderte Verpackungen und Beschriftungen sind f\u00fcr Vertriebsh\u00e4ndler und Private-Label-Partner erh\u00e4ltlich. Unsere Forschungs- und Entwicklungsteams bieten auch Prototypentests an und gew\u00e4hrleisten die Einhaltung folgender Normen <a href=\"https:\/\/www.astm.org\/\" target=\"_blank\" rel=\"noopener\">Internationale ASTM-Normen<\/a> und ISO-Sicherheitszertifikate f\u00fcr den zuverl\u00e4ssigen weltweiten Einsatz.<\/p>\n<h2 style=\"font-size: 20px; margin-top: 20px;\">\ud83d\udcca Technische Daten<\/h2>\n<table style=\"border-collapse: collapse; margin: auto; font-size: 14px;\" border=\"1\" cellspacing=\"0\" cellpadding=\"6\">\n<tbody>\n<tr>\n<th>Spezifikation<\/th>\n<th>Einzelheiten<\/th>\n<\/tr>\n<tr>\n<td>Produktname<\/td>\n<td>Fingersichere Garagentorverkleidung<\/td>\n<\/tr>\n<tr>\n<td>Panel Breite<\/td>\n<td>450mm - 550mm<\/td>\n<\/tr>\n<tr>\n<td>Dicke der Platte<\/td>\n<td>40mm \/ 50mm<\/td>\n<\/tr>\n<tr>\n<td>Material<\/td>\n<td>Stahl + PU-Sandwich-Schaum<\/td>\n<\/tr>\n<tr>\n<td>Farben<\/td>\n<td>Wei\u00df, Grau, kundenspezifische OEM-Farben<\/td>\n<\/tr>\n<tr>\n<td>Sicherheit Design<\/td>\n<td>Fingersichere Verriegelung<\/td>\n<\/tr>\n<tr>\n<td>W\u00e4rmed\u00e4mmung<\/td>\n<td>PU-Kern mit hohem R-Wert<\/td>\n<\/tr>\n<tr>\n<td>Oberfl\u00e4chenbehandlung<\/td>\n<td>Pulverbeschichtet \/ Gepr\u00e4gt \/ Glatt<\/td>\n<\/tr>\n<tr>\n<td>OEM-Optionen<\/td>\n<td>Individuelle Gr\u00f6\u00dfe, Farbe, Textur und Verpackung<\/td>\n<\/tr>\n<\/tbody>\n<\/table>\n<h2 style=\"font-size: 20px; margin-top: 20px;\">\ud83d\udccc Vorteile der fingersicheren Garagentorverkleidung<\/h2>\n<ul style=\"list-style: disc; margin-left: 20px;\">\n<li>\u2705 Erh\u00f6hte Fingersicherheit f\u00fcr Benutzer<\/li>\n<li>\u2705 Hervorragende W\u00e4rme- und Schalld\u00e4mmung<\/li>\n<li>\u2705 Korrosions- und witterungsbest\u00e4ndig f\u00fcr Langlebigkeit<\/li>\n<li>\u2705 Kompatibel mit modernen Sektionaltorbeschl\u00e4gen<\/li>\n<li>\u2705 OEM- und kundenspezifische Designs f\u00fcr globale Kunden verf\u00fcgbar<\/li>\n<\/ul>\n<h2 style=\"font-size: 20px; margin-top: 20px;\">\ud83d\udd17 Verwandte Produkte<\/h2>\n<ul style=\"list-style: disc; margin-left: 20px;\">\n<li><a href=\"https:\/\/www.baoteng.cc\/de\/walzen\/\" target=\"_blank\" rel=\"noopener\">Garagentor-Rollen<\/a> f\u00fcr sanfte und leise Bewegungen<\/li>\n<li><a href=\"https:\/\/www.baoteng.cc\/de\/scharniere\/\" target=\"_blank\" rel=\"noopener\">Garagentor Scharniere<\/a> f\u00fcr Kraft und Flexibilit\u00e4t<\/li>\n<li><a href=\"https:\/\/www.baoteng.cc\/de\/klammern\/\" target=\"_blank\" rel=\"noopener\">Garagentor-Halterungen<\/a> f\u00fcr hochbelastbare Sektionaltore<\/li>\n<\/ul>\n<h2 style=\"font-size: 20px; margin-top: 20px;\">\ud83d\udca1 Warum uns w\u00e4hlen<\/h2>\n<p>Gegr\u00fcndet im Jahr 2008, <strong>NINGBO BAOTENG TECHNOLOGY CO., LTD<\/strong> hat sich zu einem weltweit f\u00fchrenden Anbieter von Garagentorsystemen und -zubeh\u00f6r entwickelt. Mit fortschrittlichen Produktionsanlagen, qualifizierten Forschungs- und Entwicklungsingenieuren, strengen Qualit\u00e4tskontrollen und einer effizienten Logistik bedienen wir Kunden in mehr als 50 L\u00e4ndern. Unser <strong>fast 20 Jahre Erfahrung im Bereich OEM und kundenspezifische Anpassung<\/strong> erm\u00f6glichen es uns, flexible, zuverl\u00e4ssige und innovative L\u00f6sungen f\u00fcr Bauunternehmer, H\u00e4ndler und Industriekunden weltweit anzubieten.<\/p>\n<h2 style=\"font-size: 20px; margin-top: 20px;\">\ud83d\ude80 Schlussfolgerung<\/h2>\n<p>Die <strong>fingersicheres Garagentorpaneel<\/strong> geht \u00fcber die Sicherheit hinaus, indem es Energieeffizienz, Langlebigkeit und moderne \u00c4sthetik kombiniert. Mit der PU-Sandwich-Schaumtechnologie, den anpassbaren OEM-Optionen und der Einhaltung globaler Sicherheitsstandards sind diese Paneele die perfekte Wahl f\u00fcr Garagen-Sektionaltore im privaten, gewerblichen und industriellen Bereich.<\/p>\n<\/section>","protected":false},"excerpt":{"rendered":"<ul style=\"list-style: disc; margin-left: 20px;\">\n<li>Erh\u00f6hte Fingersicherheit f\u00fcr Benutzer<\/li>\n<li>Hervorragende W\u00e4rme- und Schalld\u00e4mmung<\/li>\n<li>Korrosions- und witterungsbest\u00e4ndig f\u00fcr eine lange Lebensdauer<\/li>\n<li>OEM und kundenspezifische Designs f\u00fcr globale Kunden verf\u00fcgbar<\/li>\n<\/ul>","protected":false},"featured_media":7027,"comment_status":"open","ping_status":"closed","template":"","meta":{"_acf_changed":false},"product_brand":[],"product_cat":[60],"product_tag":[],"class_list":{"0":"post-7026","1":"product","2":"type-product","3":"status-publish","4":"has-post-thumbnail","6":"product_cat-panels-window","8":"first","9":"instock","10":"shipping-taxable","11":"product-type-grouped"},"acf":[],"_links":{"self":[{"href":"https:\/\/www.baoteng.cc\/de\/wp-json\/wp\/v2\/product\/7026","targetHints":{"allow":["GET"]}}],"collection":[{"href":"https:\/\/www.baoteng.cc\/de\/wp-json\/wp\/v2\/product"}],"about":[{"href":"https:\/\/www.baoteng.cc\/de\/wp-json\/wp\/v2\/types\/product"}],"replies":[{"embeddable":true,"href":"https:\/\/www.baoteng.cc\/de\/wp-json\/wp\/v2\/comments?post=7026"}],"wp:featuredmedia":[{"embeddable":true,"href":"https:\/\/www.baoteng.cc\/de\/wp-json\/wp\/v2\/media\/7027"}],"wp:attachment":[{"href":"https:\/\/www.baoteng.cc\/de\/wp-json\/wp\/v2\/media?parent=7026"}],"wp:term":[{"taxonomy":"product_brand","embeddable":true,"href":"https:\/\/www.baoteng.cc\/de\/wp-json\/wp\/v2\/product_brand?post=7026"},{"taxonomy":"product_cat","embeddable":true,"href":"https:\/\/www.baoteng.cc\/de\/wp-json\/wp\/v2\/product_cat?post=7026"},{"taxonomy":"product_tag","embeddable":true,"href":"https:\/\/www.baoteng.cc\/de\/wp-json\/wp\/v2\/product_tag?post=7026"}],"curies":[{"name":"wp","href":"https:\/\/api.w.org\/{rel}","templated":true}]}}