{"id":7067,"date":"2025-10-09T01:12:55","date_gmt":"2025-10-09T01:12:55","guid":{"rendered":"https:\/\/baoteng.cc\/?post_type=product&#038;p=7067"},"modified":"2025-10-09T02:28:34","modified_gmt":"2025-10-09T02:28:34","slug":"standard-garagentore-paneele-mit-pu-schaum-isolierung","status":"publish","type":"product","link":"https:\/\/www.baoteng.cc\/de\/product\/standard-garagentore-paneele-mit-pu-schaum-isolierung\/","title":{"rendered":"40mm 50mm Sektional Stahl PU-Schaum isoliert Standard Garagentore Panel h\u00f6lzerne Oberfl\u00e4che Sandwich-Konstruktion OEM anpassbar"},"content":{"rendered":"<section style=\"width: 100%; font-family: Arial, sans-serif; line-height: 1.6; color: #333;\">\n<header>\n<h1 style=\"font-size: 24px; font-weight: bold; text-align: center;\">\ud83d\udeaa 40mm 50mm isolierte Sandwichkonstruktion Stahl-PU-Schaum <span style=\"color: #d35400;\">Standard-Garagentore Paneele<\/span><\/h1>\n<\/header>\n<p>Als Lieferant von Garagentorpaneelen mit fast <strong>20 Jahre Erfahrung<\/strong> Entwicklung von Garagentorverkleidungen, <strong>NBMETALPRODUCTS<\/strong> bietet mit Stolz das Standardpaneel f\u00fcr isolierte Sektionaltore f\u00fcr den Wohn- und Gesch\u00e4ftsbereich an. <strong>BAOTENG<\/strong> konzentriert sich auf die Anwendung der fortschrittlichsten Produktionsmethoden, um Baubeschl\u00e4ge aus hochwertigen Materialien und mit voller Funktionalit\u00e4t anzubieten. <strong>OEM-Anpassung<\/strong>. Unser Unternehmen beliefert derzeit eine breite Palette von Kunden in mehr als 50 L\u00e4ndern weltweit. \ud83c\udf0d<\/p>\n<h2 style=\"font-size: 20px; margin-top: 20px;\">\ud83d\udc8e Produkt\u00fcbersicht<\/h2>\n<p>Die <strong>Sektionale Sandwich-Konstruktion Stahl PU-Schaum isolierte Garagentore Paneele<\/strong> sind f\u00fcr h\u00f6chste thermische Effizienz und moderne \u00c4sthetik ausgelegt. Mit Dickenoptionen von <strong>40mm<\/strong> und <strong>50mm<\/strong>, und Breitenma\u00dfe von <strong>450mm bis 550mm<\/strong>, sind diese Paneele ideal f\u00fcr neue H\u00e4user, Lagerhallen und gewerbliche Geb\u00e4ude. Die elegante <strong>holzfarbene Ausf\u00fchrung<\/strong> kombiniert visuelle W\u00e4rme mit industrieller St\u00e4rke und Wetterbest\u00e4ndigkeit. \ud83c\udf24\ufe0f<\/p>\n<h2 style=\"font-size: 20px; margin-top: 20px;\">\u2699\ufe0f Technische Daten<\/h2>\n<ul style=\"list-style: disc; margin-left: 20px;\">\n<li><strong>Breite der Platte:<\/strong> 450-550mm<\/li>\n<li><strong>Dicke der Platte:<\/strong> 40mm &amp; 50mm<\/li>\n<li><strong>Material:<\/strong> Raybon-Eisenblech + Polyurethanschaum (PU)<\/li>\n<li><strong>Oberfl\u00e4che:<\/strong> Holzmaserung oder glatte Oberfl\u00e4che mit UV-geh\u00e4rtetem Lack<\/li>\n<li><strong>Isolierung:<\/strong> Hochdichter PU-Schaumkern f\u00fcr effektive Isolierung<\/li>\n<li><strong>Bauart:<\/strong> Profilierte Sandwichplatte mit gerichteten Stahlschalen, die mit einem inneren Fachwerkrahmen verbunden sind<\/li>\n<li><strong>Verf\u00fcgbare Farben:<\/strong> Holz, Wei\u00df, Grau und individuelle Farben<\/li>\n<li><strong>W\u00e4rmeleitf\u00e4higkeit:<\/strong> \u2264 0,028 W\/m-K<\/li>\n<li><strong>Brandklasse:<\/strong> Erf\u00fcllt die Anforderungen der ASTM E84 f\u00fcr die Flammenausbreitung<\/li>\n<li><strong>OEM\/ODM:<\/strong> Erh\u00e4ltlich in individueller Gr\u00f6\u00dfe, Farbe und Textur<\/li>\n<\/ul>\n<h2 style=\"font-size: 20px; margin-top: 20px;\">\ud83c\udf21\ufe0f Hervorragende D\u00e4mmleistung<\/h2>\n<p>Der Kern jeder Platte ist gef\u00fcllt mit <strong>Polyurethan-D\u00e4mmung hoher Dichte<\/strong>, Sie bilden eine hervorragende thermische Barriere gegen extreme Temperaturen. Ob Sie nun in einem kalten Klima im Norden oder in einer hei\u00dfen Zone im S\u00fcden leben, diese <span style=\"color: #2980b9; font-weight: bold;\">Standard-Garagentore Paneele<\/span> tragen zur Aufrechterhaltung des Raumkomforts bei und reduzieren Energieverbrauch und L\u00e4rm. \ud83d\udd07<\/p>\n<h2 style=\"font-size: 20px; margin-top: 20px;\">\ud83d\udd29 \u00dcberragende strukturelle St\u00e4rke<\/h2>\n<p>Jedes Stahl-Sandwich-Paneel wird aus pr\u00e4zisionsgewalzten, verzinkten Stahlblechen hergestellt, die mit <strong>FCKW-freier Schaumstoff<\/strong> mit einem hochfesten Epoxid-Klebstoff. Dies gew\u00e4hrleistet Haltbarkeit und verhindert Verformungen bei starker Beanspruchung. Die schwalbenschwanzf\u00f6rmige Nut-und-Feder-Kantengestaltung minimiert das Eindringen von Wasser und verbessert die Dichtungsleistung. \ud83d\udcaa<\/p>\n<h2 style=\"font-size: 20px; margin-top: 20px;\">\ud83c\udf33 Elegante \u00c4sthetik aus Holz<\/h2>\n<p><strong>Paneele f\u00fcr Garagentore von BAOTENG<\/strong>\u00a0weisen eine nat\u00fcrliche Holzmaserung auf, die durch Hochtemperaturpr\u00e4gung und Pulverbeschichtung erreicht wird. Dies sorgt f\u00fcr ein zeitloses, nat\u00fcrliches Aussehen, das mit moderner Architektur vereinbar ist, und bietet gleichzeitig eine ausgezeichnete UV- und Korrosionsbest\u00e4ndigkeit f\u00fcr eine langfristige Leistung. \u2600\ufe0f<\/p>\n<h2 style=\"font-size: 20px; margin-top: 20px;\">\ud83d\udee0\ufe0f OEM- und Anpassungsf\u00e4higkeiten<\/h2>\n<p>Unser Werk konzentriert sich auf <strong>OEM und kundenspezifische Produktion<\/strong> - von den Plattenabmessungen und der D\u00e4mmdichte bis hin zu Farbe und Struktur der Beschichtung. Ganz gleich, ob Ihr Projekt eine kundenspezifische Pr\u00e4gung, eine Logopr\u00e4gung oder spezielle R-Wert-Vorgaben erfordert, unsere erfahrenen Ingenieure stehen Ihnen zur Seite. <strong>BAOTENG<\/strong> hat fast 200 Extrusionsprofile und Tausende von Formen f\u00fcr kundenspezifische Beschlagl\u00f6sungen entwickelt. \ud83c\udf10<\/p>\n<h2 style=\"font-size: 20px; margin-top: 20px;\">\ud83c\udfd7\ufe0f Kompatible Garagentor-Beschl\u00e4ge<\/h2>\n<p>Wir liefern ein komplettes Sortiment an kompatiblen Komponenten wie <a style=\"color: #d35400; text-decoration: none;\" href=\"https:\/\/www.baoteng.cc\/de\/scharniere\/\" target=\"_blank\" rel=\"noopener\">Garagentor Scharniere<\/a>, <a style=\"color: #d35400; text-decoration: none;\" href=\"https:\/\/www.baoteng.cc\/de\/walzen\/\" target=\"_blank\" rel=\"noopener\">Garagentor-Rollen<\/a>, und <a style=\"color: #d35400; text-decoration: none;\" href=\"https:\/\/www.baoteng.cc\/de\/griffe-schlosser\/\" target=\"_blank\" rel=\"noopener\">Griffe &amp; Schl\u00f6sser<\/a> zur Erg\u00e4nzung des Sektionaltorsystems. Jede Komponente ist f\u00fcr eine nahtlose mechanische Synchronisation und eine einfache Montage ausgelegt. \ud83d\udeaa<\/p>\n<h2 style=\"font-size: 20px; margin-top: 20px;\">\ud83d\udd12 Sicherheit und Verl\u00e4sslichkeit<\/h2>\n<p>Alle <strong>Standard-Garagentore Paneele<\/strong> entspricht den internationalen Qualit\u00e4tsnormen und unterliegt einer strengen Qualit\u00e4tskontrolle, einschlie\u00dflich Pr\u00fcfungen der Dicke, Haftung und Druckbest\u00e4ndigkeit. Optional <strong>Sicherheitsleisten<\/strong>, <strong>Fingersch\u00fctzer<\/strong>, und <strong>Einklemmschutzausf\u00fchrungen<\/strong> sind f\u00fcr mehr Sicherheit und Benutzerschutz erh\u00e4ltlich. \ud83e\udde4<\/p>\n<h2 style=\"font-size: 20px; margin-top: 20px;\">\ud83c\udf0d \u00dcber BAOTENG<\/h2>\n<p>Gegr\u00fcndet im Jahr 2008, <strong>NINGBO BAOTENG TECHNOLOGIE INDUSTRIE UND HANDEL<\/strong> ist ein f\u00fchrender Hersteller, der sich auf Garagentorkomponenten spezialisiert hat. Wir zeichnen uns durch pr\u00e4zise Metallumformung, PU-Spritzguss und hochwertige Pulverbeschichtung aus. Wir haben uns der Innovation und Qualit\u00e4t verschrieben und sind in \u00fcber 50 L\u00e4nder expandiert, wodurch wir zu einem der bekanntesten Namen in der Torbeschlagsbranche geworden sind. \ud83c\udf10<\/p>\n<h2 style=\"font-size: 20px; margin-top: 20px;\">\ud83d\udd27 Anwendungen<\/h2>\n<ul style=\"list-style: disc; margin-left: 20px;\">\n<li>Garagen-Sektionaltore f\u00fcr Wohngeb\u00e4ude<\/li>\n<li>Gewerbliche Lagerh\u00e4user und Logistikdepots<\/li>\n<li>Verkaufsr\u00e4ume und K\u00fchllagerr\u00e4ume<\/li>\n<li>Automechaniker und Servicezentren<\/li>\n<\/ul>\n<h2 style=\"font-size: 20px; margin-top: 20px;\">\ud83d\udce6 Verpackung und Versand<\/h2>\n<p>Jedes Paneel wird w\u00e4hrend des Versands mit Folie, Eckenschutz und feuchtigkeitsdichten Materialien gesch\u00fctzt. Zu den Verpackungsoptionen geh\u00f6ren stabile Holzpaletten und exporttaugliche Kartons f\u00fcr den sicheren Transport auf dem See-, Luft- oder Expressweg. \ud83d\udea2<\/p>\n<h2 style=\"font-size: 20px; margin-top: 20px;\">\u2705 Warum BAOTENG w\u00e4hlen?<\/h2>\n<ul style=\"list-style: disc; margin-left: 20px;\">\n<li>Fast 20 Jahre Erfahrung in der OEM- und kundenspezifischen Produktion<\/li>\n<li>Automatische PU-Sch\u00e4um- und Stahlwalzmaschinen<\/li>\n<li>Strenge Qualit\u00e4tskontrolle in \u00dcbereinstimmung mit den ISO9001-Normen<\/li>\n<li>Schneller Durchlauf und flexible Bestellmengen<\/li>\n<li>Eine L\u00f6sung aus einer Hand, vom Entwurf bis zur Lieferung<\/li>\n<\/ul>\n<footer style=\"margin-top: 30px; text-align: center;\">\u2b50 <strong>BAOTENG - Ihr vertrauensw\u00fcrdiger professioneller Hersteller von Standard-Garagentor-Paneelen und Anpassungen.<\/strong> \u2b50<\/footer>\n<\/section>","protected":false},"excerpt":{"rendered":"<ul style=\"list-style: disc; margin-left: 20px;\">\n<li><strong>Material:<\/strong> Verzinktes Stahlblech + Polyurethanschaum (PU)<\/li>\n<li><strong>Oberfl\u00e4che:<\/strong> Holzmaserung oder glatte Oberfl\u00e4che mit UV-Beschichtung<\/li>\n<li><strong>Isolierung:<\/strong> Hochverdichteter PU-Schaumkern f\u00fcr hervorragende thermische Effizienz<\/li>\n<li><strong>Bauart:<\/strong> Profiliertes Sandwichelement mit durchgehender Stahlhautverklebung<\/li>\n<\/ul>","protected":false},"featured_media":7068,"comment_status":"open","ping_status":"closed","template":"","meta":{"_acf_changed":false},"product_brand":[],"product_cat":[60],"product_tag":[],"class_list":{"0":"post-7067","1":"product","2":"type-product","3":"status-publish","4":"has-post-thumbnail","6":"product_cat-panels-window","8":"first","9":"instock","10":"shipping-taxable","11":"product-type-grouped"},"acf":[],"_links":{"self":[{"href":"https:\/\/www.baoteng.cc\/de\/wp-json\/wp\/v2\/product\/7067","targetHints":{"allow":["GET"]}}],"collection":[{"href":"https:\/\/www.baoteng.cc\/de\/wp-json\/wp\/v2\/product"}],"about":[{"href":"https:\/\/www.baoteng.cc\/de\/wp-json\/wp\/v2\/types\/product"}],"replies":[{"embeddable":true,"href":"https:\/\/www.baoteng.cc\/de\/wp-json\/wp\/v2\/comments?post=7067"}],"wp:featuredmedia":[{"embeddable":true,"href":"https:\/\/www.baoteng.cc\/de\/wp-json\/wp\/v2\/media\/7068"}],"wp:attachment":[{"href":"https:\/\/www.baoteng.cc\/de\/wp-json\/wp\/v2\/media?parent=7067"}],"wp:term":[{"taxonomy":"product_brand","embeddable":true,"href":"https:\/\/www.baoteng.cc\/de\/wp-json\/wp\/v2\/product_brand?post=7067"},{"taxonomy":"product_cat","embeddable":true,"href":"https:\/\/www.baoteng.cc\/de\/wp-json\/wp\/v2\/product_cat?post=7067"},{"taxonomy":"product_tag","embeddable":true,"href":"https:\/\/www.baoteng.cc\/de\/wp-json\/wp\/v2\/product_tag?post=7067"}],"curies":[{"name":"wp","href":"https:\/\/api.w.org\/{rel}","templated":true}]}}