{"id":7072,"date":"2025-10-09T06:58:38","date_gmt":"2025-10-09T06:58:38","guid":{"rendered":"https:\/\/baoteng.cc\/?post_type=product&#038;p=7072"},"modified":"2025-10-09T07:13:27","modified_gmt":"2025-10-09T07:13:27","slug":"industrielle-garagentor-endkappen-500mm-610mm","status":"publish","type":"product","link":"https:\/\/www.baoteng.cc\/de\/product\/industrielle-garagentor-endkappen-500mm-610mm\/","title":{"rendered":"Industrielle Garage T\u00fcr Endkappen verzinktem Stahl 500mm 610mm Panel Fittings OEM Custom"},"content":{"rendered":"<section style=\"width: 100%; font-family: Arial, sans-serif; line-height: 1.6; color: #333;\">\n<header>\n<h1 style=\"font-size: 24px; font-weight: bold; text-align: center;\">\ud83d\udeaa Industrielle Garagentor-Endkappen f\u00fcr Paneel (500mm &amp; 610mm)<\/h1>\n<\/header>\n<p>Gegr\u00fcndet im Jahr 2008, <strong>NINGBO BAOTENG TECHNOLOGY CO., LTD.<\/strong> ist ein professioneller Hersteller von <a style=\"color: #007bff; text-decoration: none;\" href=\"https:\/\/www.baoteng.cc\/de\/walzen\/\" target=\"_blank\" rel=\"noopener\">Garagentor-Rollen<\/a>, <a style=\"color: #007bff; text-decoration: none;\" href=\"https:\/\/www.baoteng.cc\/de\/scharniere\/\" target=\"_blank\" rel=\"noopener\">Garagentor Scharniere<\/a>, und die dazugeh\u00f6rige Hardware. Mit <strong>fast 20 Jahre OEM und kundenspezifische<\/strong> Mit seiner langj\u00e4hrigen Erfahrung in der Fertigung bietet BAOTENG L\u00f6sungen f\u00fcr die Industrie an, die sich weltweit durch Qualit\u00e4t, Pr\u00e4zision und langfristige Zuverl\u00e4ssigkeit auszeichnen. \ud83c\udf0d<\/p>\n<h2 style=\"font-size: 20px; margin-top: 20px;\">\ud83d\udc8e Produkt\u00fcbersicht<\/h2>\n<p>Die <strong style=\"color: #e63946;\">Garagentor-Endkappen<\/strong> sind unverzichtbare Komponenten f\u00fcr den Schutz und die Sicherung von Sektional- oder Industrietorpaneelen. Hergestellt aus hochfestem <strong>verzinkter Stahl<\/strong>, Sie sind in den Gr\u00f6\u00dfen 500 mm und 610 mm mit einer Dicke von 0,8 mm oder 1,0 mm erh\u00e4ltlich. Diese Endkappen bieten \u00fcberlegene Haltbarkeit, Korrosionsbest\u00e4ndigkeit und ein elegantes, professionelles Finish f\u00fcr Ihr Garagentorsystem. \ud83c\udfed<\/p>\n<h2 style=\"font-size: 20px; margin-top: 20px;\">\u2699\ufe0f Technische Daten<\/h2>\n<ul style=\"list-style: disc; margin-left: 20px;\">\n<li>Material: Verzinkter Stahl (Anti-Rost &amp; Anti-Korrosion)<\/li>\n<li>L\u00e4nge: 500mm \/ 610mm<\/li>\n<li>Dicke: 0,8mm \/ 1,0mm<\/li>\n<li>Ausf\u00fchrung: Verzinkt oder vorverzinkt<\/li>\n<li>Anwendung: Industrie \/ Sektional-Garagentore<\/li>\n<li>OEM-Anpassung: Form, L\u00e4nge, Lochmuster und Beschichtung verf\u00fcgbar<\/li>\n<li>Produktionsstandard: ISO9001:2015 Qualit\u00e4tsmanagement-System<\/li>\n<li>Herkunft: Ningbo, China<\/li>\n<\/ul>\n<h2 style=\"font-size: 20px; margin-top: 20px;\">\ud83d\udcaa Gebaut f\u00fcr industrielle Langlebigkeit<\/h2>\n<p>BAOTENG ist aus hochwertigem verzinktem Stahl gefertigt. <strong style=\"color: #e63946;\">Garagentor-Endkappen<\/strong> sind f\u00fcr den Einsatz in rauen Industrieumgebungen konzipiert. Die verzinkte Oberfl\u00e4che bietet lang anhaltenden Schutz gegen Rost und Verformung, w\u00e4hrend verst\u00e4rkte Kanten eine Besch\u00e4digung der Platte w\u00e4hrend des Betriebs oder des Transports verhindern. \ud83d\udc8e<\/p>\n<h2 style=\"font-size: 20px; margin-top: 20px;\">\ud83c\udfd7\ufe0f Perfekte Passform und Kompatibilit\u00e4t<\/h2>\n<p>Jede Endkappe ist so konstruiert, dass sie genau auf die 500 mm und 610 mm Plattenprofile passt. Vollst\u00e4ndig kompatibel mit <a style=\"color: #007bff; text-decoration: none;\" href=\"https:\/\/www.baoteng.cc\/de\/klammern\/\" target=\"_blank\" rel=\"noopener\">Garagentor-Halterungen<\/a>, <a style=\"color: #007bff; text-decoration: none;\" href=\"https:\/\/www.baoteng.cc\/de\/griffe-schlosser\/\" target=\"_blank\" rel=\"noopener\">Griffe &amp; Schl\u00f6sser<\/a>, und Rollen aus der BAOTENG-Produktlinie f\u00fcr eine nahtlose Systemintegration. \u2699\ufe0f<\/p>\n<h2 style=\"font-size: 20px; margin-top: 20px;\">\ud83c\udfa8 Sch\u00fctzend und dekorativ<\/h2>\n<p>Diese <strong style=\"color: #e63946;\">Garagentor-Endkappen<\/strong> sch\u00fctzen nicht nur die Paneelkanten, sondern werten auch das Gesamtbild auf. Das saubere Metallic-Finish passt zu modernen architektonischen Stilen, und die glatten Kanten erm\u00f6glichen eine schnelle Montage ohne Spezialwerkzeug. \ud83c\udf21\ufe0f<\/p>\n<h2 style=\"font-size: 20px; margin-top: 20px;\">\ud83d\udee0\ufe0f OEM- und Anpassungsdienste<\/h2>\n<p>Mit fast 20 Jahren Erfahrung in <strong>OEM\/ODM-Know-how<\/strong>, BAOTENG bietet individuelle Anpassungsm\u00f6glichkeiten, wie z. B. Gr\u00f6\u00dfe, Lochabstand, Beschichtungsart und Branding. Unterst\u00fctzt durch fortschrittliche F&amp;E-Ingenieure und Formenbaueinrichtungen stellen wir sicher, dass Ihre Endkappen sowohl die technischen als auch die \u00e4sthetischen Projektanforderungen erf\u00fcllen. \ud83d\udd27<\/p>\n<h2 style=\"font-size: 20px; margin-top: 20px;\">\ud83d\udd12 Qualit\u00e4tssicherung und Normen<\/h2>\n<p>Jede Endkappe wird einer strengen Pr\u00fcfung auf Zugfestigkeit, Haftung und Korrosionsbest\u00e4ndigkeit unterzogen. Unsere Produktion entspricht den <a style=\"color: #007bff; text-decoration: none;\" href=\"https:\/\/www.astm.org\/a653_a653m-22.html\" target=\"_blank\" rel=\"noopener\">ASTM A653<\/a> Normen f\u00fcr verzinkten Stahl und ISO9001-Zertifizierungen. \ud83e\udde4<\/p>\n<h2 style=\"font-size: 20px; margin-top: 20px;\">\ud83c\udf0d \u00dcber BAOTENG<\/h2>\n<p>Seit 2008 ist BAOTENG ein zuverl\u00e4ssiger Lieferant von <strong>Garagentor-Hardware<\/strong> einschlie\u00dflich Rollen, Scharniere, Halterungen, Schl\u00f6sser, Wellen und Endkappen. Mit hauseigenem PU-Spritzguss, fortschrittlicher Bearbeitung und einem erfahrenen F&amp;E-Team liefern wir zuverl\u00e4ssige Produkte an Kunden in \u00fcber 50 L\u00e4ndern. \ud83c\udf10<\/p>\n<h2 style=\"font-size: 20px; margin-top: 20px;\">\ud83c\udfe0 Anwendungen<\/h2>\n<ul style=\"list-style: disc; margin-left: 20px;\">\n<li>Industrielle Garagen-Sektionaltore<\/li>\n<li>Gewerbliche Logistik und Lagereing\u00e4nge<\/li>\n<li>Isolierte Stahlt\u00fcrsysteme f\u00fcr Wohngeb\u00e4ude<\/li>\n<li>K\u00fchllager und feuchtigkeitskontrollierte Umgebungen<\/li>\n<li>Kfz-Werkstatt und Werkszufahrten<\/li>\n<\/ul>\n<h2 style=\"font-size: 20px; margin-top: 20px;\">\ud83d\udce6 Verpackung und Lieferung<\/h2>\n<p>Jedes Paar von <strong style=\"color: #e63946;\">Garagentor-Endkappen<\/strong> ist in kratzfester Folie, Luftpolsterfolie und Hochleistungskartons gesch\u00fctzt. F\u00fcr den See- oder Lufttransport werden sie palettiert und in Stretchfolie verpackt. Wir bieten flexible MOQs und kurze Vorlaufzeiten f\u00fcr OEM- und kundenspezifische Auftr\u00e4ge. \ud83d\udea2<\/p>\n<h2 style=\"font-size: 20px; margin-top: 20px;\">\u2705 Warum BAOTENG w\u00e4hlen?<\/h2>\n<ul style=\"list-style: disc; margin-left: 20px;\">\n<li>Fast 20 Jahre Erfahrung in der OEM- und kundenspezifischen Fertigung<\/li>\n<li>Fortschrittliche Technologie zum Formen und Stapeln von verzinktem Stahl<\/li>\n<li>Professionelle eigene F&amp;E und Formenbau<\/li>\n<li>Einhaltung der Normen ASTM A653 und ISO9001<\/li>\n<li>\u00dcber 50 internationale M\u00e4rkte bedient<\/li>\n<li>Schnelle Lieferung und professionelle Unterst\u00fctzung nach dem Kauf<\/li>\n<\/ul>\n<p style=\"text-align: center; font-weight: bold; font-size: 18px; color: #e63946;\">\u2b50 BAOTENG - Professioneller Hersteller von industriellen Garagentor-Endkappen mit OEM &amp; Custom Services. \u2b50<\/p>\n<\/section>","protected":false},"excerpt":{"rendered":"<p>- L\u00e4nge: 500mm \/ 610mm<br \/>\n- Dicke: 0,8mm \/ 1,0mm<br \/>\n- Oberfl\u00e4che: Verzinkte oder vorverzinkte Oberfl\u00e4che<br \/>\n- Anwendung: Industrie- und Sektional-Garagentore<br \/>\n- Einbau: Passt sicher auf die Plattenkanten zum Schutz und zur Verst\u00e4rkung<\/p>","protected":false},"featured_media":7073,"comment_status":"open","ping_status":"closed","template":"","meta":{"_acf_changed":false},"product_brand":[],"product_cat":[60],"product_tag":[],"class_list":{"0":"post-7072","1":"product","2":"type-product","3":"status-publish","4":"has-post-thumbnail","6":"product_cat-panels-window","8":"first","9":"instock","10":"shipping-taxable","11":"product-type-grouped"},"acf":[],"_links":{"self":[{"href":"https:\/\/www.baoteng.cc\/de\/wp-json\/wp\/v2\/product\/7072","targetHints":{"allow":["GET"]}}],"collection":[{"href":"https:\/\/www.baoteng.cc\/de\/wp-json\/wp\/v2\/product"}],"about":[{"href":"https:\/\/www.baoteng.cc\/de\/wp-json\/wp\/v2\/types\/product"}],"replies":[{"embeddable":true,"href":"https:\/\/www.baoteng.cc\/de\/wp-json\/wp\/v2\/comments?post=7072"}],"wp:featuredmedia":[{"embeddable":true,"href":"https:\/\/www.baoteng.cc\/de\/wp-json\/wp\/v2\/media\/7073"}],"wp:attachment":[{"href":"https:\/\/www.baoteng.cc\/de\/wp-json\/wp\/v2\/media?parent=7072"}],"wp:term":[{"taxonomy":"product_brand","embeddable":true,"href":"https:\/\/www.baoteng.cc\/de\/wp-json\/wp\/v2\/product_brand?post=7072"},{"taxonomy":"product_cat","embeddable":true,"href":"https:\/\/www.baoteng.cc\/de\/wp-json\/wp\/v2\/product_cat?post=7072"},{"taxonomy":"product_tag","embeddable":true,"href":"https:\/\/www.baoteng.cc\/de\/wp-json\/wp\/v2\/product_tag?post=7072"}],"curies":[{"name":"wp","href":"https:\/\/api.w.org\/{rel}","templated":true}]}}