{"id":7086,"date":"2025-10-10T03:21:21","date_gmt":"2025-10-10T03:21:21","guid":{"rendered":"https:\/\/baoteng.cc\/?post_type=product&#038;p=7086"},"modified":"2025-10-10T03:30:23","modified_gmt":"2025-10-10T03:30:23","slug":"garagenobertorfenster-kunststofffenster","status":"publish","type":"product","link":"https:\/\/www.baoteng.cc\/de\/product\/garagenobertorfenster-kunststofffenster\/","title":{"rendered":"Overhead-Garagentor-Fenster benutzerdefinierte Fabrik dauerhafte Kunststoff-Industrie-Fenster-Kits f\u00fcr Sektionaltore OEM-Lieferant"},"content":{"rendered":"<section style=\"width: 100%; font-family: Arial, sans-serif; line-height: 1.6; color: #333;\">\n<header>\n<h1 style=\"font-size: 24px; font-weight: bold; text-align: center;\">\ud83c\udfed Sektional-Garagentor-Fenster - Industrielle St\u00e4rke Fenster-Kits f\u00fcr kommerzielle und Garagen<\/h1>\n<\/header>\n<p>\u2728 <strong>Mit Licht beeindrucken und bef\u00e4higen<\/strong> in unserem <strong>Overhead-Garagentor-Fenster<\/strong> - das perfekte Gleichgewicht zwischen St\u00e4rke, Aussehen und Nutzen f\u00fcr die heutigen Industrie- und Gewerbebauten. Hergestellt von <strong>NINGBO BAOTENG TECHNOLOGY CO., LTD<\/strong>, Jedes Fensterset ist f\u00fcr \u00fcberragende Leistung, Haltbarkeit und optische Klarheit ausgelegt, selbst unter anspruchsvollen Arbeitsbedingungen.<\/p>\n<h2 style=\"font-size: 20px; margin-top: 20px;\">\ud83d\udd27 Produkt\u00fcbersicht<\/h2>\n<p>Unser <strong>Garagenobertor-Fenster<\/strong> sind aus hochtransparentem Gummikunststoff gefertigt, der nicht nur gut aussieht, sondern auch \u00e4u\u00dferst sto\u00dffest und flexibel ist. Jede Platte misst <strong>650 x 320 mm<\/strong> mit einer \u00d6ffnungsgr\u00f6\u00dfe von <strong>617 x 288 mm<\/strong>, Dadurch ist es ideal f\u00fcr Sektional- und Industrietorsysteme. Diese Fenster bringen nat\u00fcrliches Licht in Lagerhallen, Gesch\u00e4fte und Garagen und sorgen gleichzeitig f\u00fcr Isolierung und Stabilit\u00e4t.<\/p>\n<h2 style=\"font-size: 20px; margin-top: 20px;\">\ud83c\udfd7\ufe0f Hauptmerkmale<\/h2>\n<ul style=\"list-style: disc; margin-left: 20px;\">\n<li>\ud83d\udca1 <strong>Hohe Lichtdurchl\u00e4ssigkeit:<\/strong> Zweischichtiges UV-gesch\u00fctztes Polycarbonat f\u00fcr hervorragende Helligkeit und UV-Best\u00e4ndigkeit.<\/li>\n<li>\ud83d\udee1\ufe0f <strong>Langlebiges Material:<\/strong> Hergestellt aus hochfestem, schlagfestem Polycarbonat, das sich nicht verformt und nicht bricht.<\/li>\n<li>\ud83c\udf26\ufe0f <strong>Wetterfeste Konstruktion:<\/strong> Wasserdichtes und thermisch effizientes Design f\u00fcr Allwetterschutz.<\/li>\n<li>\ud83d\udd29 <strong>Einfaches Einrichten:<\/strong> Kompatibel mit den meisten Sektional- und Industrietorsystemen f\u00fcr eine schnelle Installation.<\/li>\n<li>\u2699\ufe0f <strong>OEM &amp; Anpassung:<\/strong> BAOTENG bietet kundenspezifische Gr\u00f6\u00dfen, Formen und Oberfl\u00e4chen f\u00fcr industrielle und private Anwendungen.<\/li>\n<\/ul>\n<h2 style=\"font-size: 20px; margin-top: 20px;\">\ud83c\udfe2 \u00dcberblick \u00fcber NINGBO BAOTENG TECHNOLOGY CO., LTD<\/h2>\n<p>Gegr\u00fcndet im Jahr 2008, <strong>NINGBO BAOTENG TECHNOLOGY INDUSTRY AND TRADE CO, LTD.<\/strong> ist ein f\u00fchrender Hersteller, der sich auf Schiebetore, Drehtore und elektrische Torantriebe spezialisiert hat. Mit fast 20 Jahren <strong>OEM\/ODM<\/strong> Erfahrung integriert BAOTENG Produktion, F&amp;E und Vertrieb und bietet hochwertige Garagentorteile wie <strong>Garagentorrollen, Scharniere und Halterungen<\/strong>. Unser Ziel ist es, hochwertige Produkte mit fortschrittlicher Technologie und internationaler Zuverl\u00e4ssigkeit zu liefern.<\/p>\n<h2 style=\"font-size: 20px; margin-top: 20px;\">\u2699\ufe0f Technische Daten<\/h2>\n<table style=\"width: 100%; border-collapse: collapse; margin-top: 10px;\">\n<tbody>\n<tr>\n<td style=\"border: 1px solid #ccc; padding: 6px;\"><strong>Produktname<\/strong><\/td>\n<td style=\"border: 1px solid #ccc; padding: 6px;\">Garagentor ADD ON Fenster<\/td>\n<\/tr>\n<tr>\n<td style=\"border: 1px solid #ccc; padding: 6px;\"><strong>Material<\/strong><\/td>\n<td style=\"border: 1px solid #ccc; padding: 6px;\">Hochschlagfester, langlebiger, lichtdurchl\u00e4ssiger Kunststoff (PC\/ABS)<\/td>\n<\/tr>\n<tr>\n<td style=\"border: 1px solid #ccc; padding: 6px;\"><strong>Gesamtgr\u00f6\u00dfe<\/strong><\/td>\n<td style=\"border: 1px solid #ccc; padding: 6px;\">650mm (B) \u00d7 320mm (H)<\/td>\n<\/tr>\n<tr>\n<td style=\"border: 1px solid #ccc; padding: 6px;\"><strong>\u00d6ffnung Gr\u00f6\u00dfe<\/strong><\/td>\n<td style=\"border: 1px solid #ccc; padding: 6px;\">617 mm (B) \u00d7 288 mm (H)<\/td>\n<\/tr>\n<tr>\n<td style=\"border: 1px solid #ccc; padding: 6px;\"><strong>Anmeldung<\/strong><\/td>\n<td style=\"border: 1px solid #ccc; padding: 6px;\">Sektional-Garagentore \/ Industrielle Sektionaltore<\/td>\n<\/tr>\n<tr>\n<td style=\"border: 1px solid #ccc; padding: 6px;\"><strong>Oberfl\u00e4chenbehandlung<\/strong><\/td>\n<td style=\"border: 1px solid #ccc; padding: 6px;\">Glatt oder strukturiert Optional<\/td>\n<\/tr>\n<tr>\n<td style=\"border: 1px solid #ccc; padding: 6px;\"><strong>Rahmenfarbe<\/strong><\/td>\n<td style=\"border: 1px solid #ccc; padding: 6px;\">Anpassbar - OEM \/ ODM akzeptiert<\/td>\n<\/tr>\n<\/tbody>\n<\/table>\n<h2 style=\"font-size: 20px; margin-top: 20px;\">\ud83c\udf0d Anwendungen<\/h2>\n<p>Perfekt f\u00fcr industrielle Werkst\u00e4tten, gewerbliche Geb\u00e4ude, Hausgaragen, Logistikzentren und Lagert\u00fcren. Die transparenten Paneele lassen nat\u00fcrliches Licht herein, w\u00e4hrend die Privatsph\u00e4re gewahrt bleibt und die Kosten f\u00fcr k\u00fcnstliche Beleuchtung gesenkt werden.<\/p>\n<h2 style=\"font-size: 20px; margin-top: 20px;\">\ud83d\udd2c Qualit\u00e4tsstandards und Zertifizierungen<\/h2>\n<p>Alle <strong>BAOTENG<\/strong> Das Fensterzubeh\u00f6r wird unter der Marke <strong>ISO9001<\/strong> Qualit\u00e4tsmanagementsystem und erf\u00fcllen die internationalen Normen wie <strong>DASMA<\/strong>. Jedes Produkt gew\u00e4hrleistet Stabilit\u00e4t, Zuverl\u00e4ssigkeit und langfristige Haltbarkeit.<\/p>\n<h2 style=\"font-size: 20px; margin-top: 20px;\">\ud83d\udcbc Warum BAOTENG w\u00e4hlen?<\/h2>\n<ul style=\"list-style: disc; margin-left: 20px;\">\n<li>\ud83c\udfc6 Fast 20 Jahre Erfahrung mit Garagentorkomponenten<\/li>\n<li>\ud83e\uddf0 OEM &amp; anpassbare Designs f\u00fcr jedes T\u00fcrsystem<\/li>\n<li>\ud83c\udf10 Exportiert in \u00fcber 50 L\u00e4nder weltweit<\/li>\n<li>\ud83d\udd0d Eigene F&amp;E und Formenbau f\u00fcr kontinuierliche Innovation<\/li>\n<li>\ud83d\ude80 Schnelle Produktion und p\u00fcnktliche Lieferung<\/li>\n<\/ul>\n<h2 style=\"font-size: 20px; margin-top: 20px;\">\ud83e\udde9 Verwandte Produkte<\/h2>\n<ul style=\"list-style: disc; margin-left: 20px;\">\n<li>Garagentorsch\u00e4chte<\/li>\n<li>Griffe und Schl\u00f6sser f\u00fcr Garagentore<\/li>\n<li>Garagentor-Zubeh\u00f6r<\/li>\n<\/ul>\n<h2 style=\"font-size: 20px; margin-top: 20px;\">\ud83c\udf1f Zusammenfassung<\/h2>\n<p>Egal, ob Sie Ihr bestehendes T\u00fcrsystem ersetzen oder aufr\u00fcsten wollen, w\u00e4hlen Sie <strong>BAOTENG Deckengaragentor-Fenster<\/strong> f\u00fcr ein elegantes, modernes Aussehen und zuverl\u00e4ssige Leistung. Mit fortschrittlicher Formgebungstechnologie, OEM-Support und einem tiefen Verst\u00e4ndnis der globalen Marktbed\u00fcrfnisse bleibt BAOTENG Ihre vertrauensw\u00fcrdige Quelle f\u00fcr hochwertige, lichtdurchl\u00e4ssige Industrietor-Fenster-Kits.<\/p>\n<\/section>","protected":false},"excerpt":{"rendered":"<p>- Langlebige Konstruktion: Hergestellt aus hochfestem, sto\u00dffestem Polycarbonat, das Verformungen und Rissen standh\u00e4lt.<br \/>\n- Wetterfestes Design: Die perfekt versiegelte Struktur verhindert das Eindringen von Wasser und bewahrt die thermische Effizienz auch bei rauen Au\u00dfenbedingungen.<br \/>\n- Einfache Installation: Kompatibel mit den meisten Sektional- und Industrietorsystemen f\u00fcr eine schnelle Einrichtung und Wartung.<\/p>","protected":false},"featured_media":7087,"comment_status":"open","ping_status":"closed","template":"","meta":{"_acf_changed":false},"product_brand":[],"product_cat":[60],"product_tag":[],"class_list":{"0":"post-7086","1":"product","2":"type-product","3":"status-publish","4":"has-post-thumbnail","6":"product_cat-panels-window","8":"first","9":"instock","10":"shipping-taxable","11":"product-type-grouped"},"acf":[],"_links":{"self":[{"href":"https:\/\/www.baoteng.cc\/de\/wp-json\/wp\/v2\/product\/7086","targetHints":{"allow":["GET"]}}],"collection":[{"href":"https:\/\/www.baoteng.cc\/de\/wp-json\/wp\/v2\/product"}],"about":[{"href":"https:\/\/www.baoteng.cc\/de\/wp-json\/wp\/v2\/types\/product"}],"replies":[{"embeddable":true,"href":"https:\/\/www.baoteng.cc\/de\/wp-json\/wp\/v2\/comments?post=7086"}],"wp:featuredmedia":[{"embeddable":true,"href":"https:\/\/www.baoteng.cc\/de\/wp-json\/wp\/v2\/media\/7087"}],"wp:attachment":[{"href":"https:\/\/www.baoteng.cc\/de\/wp-json\/wp\/v2\/media?parent=7086"}],"wp:term":[{"taxonomy":"product_brand","embeddable":true,"href":"https:\/\/www.baoteng.cc\/de\/wp-json\/wp\/v2\/product_brand?post=7086"},{"taxonomy":"product_cat","embeddable":true,"href":"https:\/\/www.baoteng.cc\/de\/wp-json\/wp\/v2\/product_cat?post=7086"},{"taxonomy":"product_tag","embeddable":true,"href":"https:\/\/www.baoteng.cc\/de\/wp-json\/wp\/v2\/product_tag?post=7086"}],"curies":[{"name":"wp","href":"https:\/\/api.w.org\/{rel}","templated":true}]}}