{"id":7530,"date":"2025-11-03T08:25:18","date_gmt":"2025-11-03T08:25:18","guid":{"rendered":"https:\/\/www.baoteng.cc\/?post_type=product&#038;p=7530"},"modified":"2025-11-03T08:44:45","modified_gmt":"2025-11-03T08:44:45","slug":"garagentor-teile-drei-augen-splint-s-haken","status":"publish","type":"product","link":"https:\/\/www.baoteng.cc\/de\/product\/garagentor-teile-drei-augen-splint-s-haken\/","title":{"rendered":"Garage T\u00fcr Teile Drei-Augen-Splint S-Hook | Durable Verl\u00e4ngerung Fr\u00fchling Connector"},"content":{"rendered":"<section style=\"width: 100%; font-family: Arial, sans-serif; line-height: 1.8; color: #333; font-size: 16px;\">\n<header>\n<h1 style=\"font-size: 26px; color: #222;\">Garagentorteile Drei-Augen-Splint-S-Haken f\u00fcr Verl\u00e4ngerungsfeder<\/h1>\n<\/header>\n<p>\ud83d\udd27 Die <strong style=\"color: #0073e6;\">Garagentorteile Drei-Augen-Splint-S-Haken<\/strong> ist ein pr\u00e4zisionsgefertigtes Verbindungsst\u00fcck, das eine stabile, sichere und zuverl\u00e4ssige Verbindung zwischen Zugfedern und Garagentormechanismen gew\u00e4hrleistet. Dieses aus hochwertigem Kohlenstoffstahl oder verzinkten Materialien hergestellte Bauteil verbessert sowohl die Funktionalit\u00e4t als auch die Langlebigkeit und unterst\u00fctzt die gleichm\u00e4\u00dfige Balance des Tors und den reibungslosen Betrieb.<\/p>\n<p>\ud83c\udf1f Als professioneller Hersteller mit <strong style=\"color: #0073e6;\">fast 20 Jahre Erfahrung mit OEM und kundenspezifischen L\u00f6sungen<\/strong>, Baoteng liefert Garagentorteile von h\u00f6chster Qualit\u00e4t, die den strengen Standards der globalen M\u00e4rkte entsprechen. Unser <strong style=\"color: #0073e6;\">Garagentor-Teile<\/strong> Serie ist in Wohn-, Gesch\u00e4fts- und Industrietorsystemen weit verbreitet und bietet selbst unter hohen Spannungen eine stabile Leistung.<\/p>\n<h2 style=\"font-size: 22px; color: #444;\">Produktmerkmale<\/h2>\n<ul style=\"margin-left: 20px;\">\n<li>\u2705 <strong>Hochfestes Design:<\/strong> Hergestellt aus haltbarem Kohlenstoffstahl oder rostfreiem Stahl f\u00fcr langfristige Stabilit\u00e4t.<\/li>\n<li>\u2705 <strong>Korrosionsbest\u00e4ndiges Finish:<\/strong> Verzinkte oder galvanisierte Oberfl\u00e4che f\u00fcr erh\u00f6hten Rostschutz.<\/li>\n<li>\u2705 <strong>Einfache Installation:<\/strong> Entwickelt f\u00fcr eine nahtlose Verbindung zwischen der Zugfeder und dem Flaschenzugsystem.<\/li>\n<li>\u2705 <strong>Sichere Drei-Augen-Struktur:<\/strong> Bietet \u00fcberragende Festigkeit und Spannungsverteilung f\u00fcr hochbelastete Garagentore.<\/li>\n<li>\u2705 <strong>OEM Anpassbar:<\/strong> Je nach Kundenwunsch in verschiedenen Gr\u00f6\u00dfen, Beschichtungen und Materialien erh\u00e4ltlich.<\/li>\n<\/ul>\n<h2 style=\"font-size: 22px; color: #444;\">Material und technische Spezifikationen<\/h2>\n<table style=\"width: 100%; border-collapse: collapse;\">\n<tbody>\n<tr>\n<td style=\"border: 1px solid #ddd; padding: 8px;\">Material<\/td>\n<td style=\"border: 1px solid #ddd; padding: 8px;\">Kohlenstoffstahl \/ Edelstahl \/ verzinkter Stahl<\/td>\n<\/tr>\n<tr>\n<td style=\"border: 1px solid #ddd; padding: 8px;\">Oberfl\u00e4chenbehandlung<\/td>\n<td style=\"border: 1px solid #ddd; padding: 8px;\">Verzinkt \/ Feuerverzinkt<\/td>\n<\/tr>\n<tr>\n<td style=\"border: 1px solid #ddd; padding: 8px;\">Struktur Typ<\/td>\n<td style=\"border: 1px solid #ddd; padding: 8px;\">Drei-Augen-Schiene + S-Haken<\/td>\n<\/tr>\n<tr>\n<td style=\"border: 1px solid #ddd; padding: 8px;\">Anmeldung<\/td>\n<td style=\"border: 1px solid #ddd; padding: 8px;\">Garagentor-Verl\u00e4ngerungsfeder-Systeme<\/td>\n<\/tr>\n<tr>\n<td style=\"border: 1px solid #ddd; padding: 8px;\">OEM-Unterst\u00fctzung<\/td>\n<td style=\"border: 1px solid #ddd; padding: 8px;\">Ja - Individuelle Gr\u00f6\u00dfen, Materialien, Logo<\/td>\n<\/tr>\n<\/tbody>\n<\/table>\n<h2 style=\"font-size: 22px; color: #444;\">Warum sollten Sie Baoteng Garagentorteile w\u00e4hlen?<\/h2>\n<p>Mit fast zwei Jahrzehnten Erfahrung in der <strong style=\"color: #0073e6;\">Herstellung von Garagentoren<\/strong>, Baoteng hat sich darauf spezialisiert, komplette Komponentenl\u00f6sungen f\u00fcr Rolltore, Sektionaltore und Industrietorsysteme anzubieten. Unsere Produktionsanlagen sind mit fortschrittlichen CNC-Maschinen, automatisierten Formgebungssystemen und strengen Qualit\u00e4tskontrollverfahren ausgestattet, die sicherstellen, dass jedes <strong style=\"color: #0073e6;\">Drei-Augen-Schiene S-Haken<\/strong> entspricht den ISO- und CE-Normen.<\/p>\n<p>Wir liefern auch kompatibles Zubeh\u00f6r wie <a style=\"color: #0073e6; text-decoration: none;\" href=\"https:\/\/www.baoteng.cc\/de\/scharniere\/\" target=\"_blank\" rel=\"noopener\">Garagentor Scharniere<\/a>, <a style=\"color: #0073e6; text-decoration: none;\" href=\"https:\/\/www.baoteng.cc\/de\/klammern\/\" target=\"_blank\" rel=\"noopener\">Garagentor-Halterungen<\/a>, und <a style=\"color: #0073e6; text-decoration: none;\" href=\"https:\/\/www.baoteng.cc\/de\/kabeltrommeln\/\" target=\"_blank\" rel=\"noopener\">Garagentor Seiltrommeln<\/a> - alle anpassbar an die genauen Abmessungen und Spezifikationen Ihres Systems.<\/p>\n<h2 style=\"font-size: 22px; color: #444;\">Anwendungen<\/h2>\n<p>\ud83c\udfe0 Perfekt f\u00fcr beide <strong>Wohnen<\/strong> und <strong>kommerziell<\/strong> Garagentor-Baugruppen, diese <strong style=\"color: #0073e6;\">Garagentorteile Drei-Augen-Splint-S-Haken<\/strong> gew\u00e4hrleistet eine pr\u00e4zise Spannungskontrolle und erh\u00f6hte Sicherheit. Es kann in Verbindung mit Zugfedersystemen, Umlenkrollen und Kabeltrommeln verwendet werden, um eine optimale Leistung zu erzielen. Die Komponente ist mit den meisten Standard-Garagentorkonfigurationen kompatibel und somit ein zuverl\u00e4ssiges Ersatzteil oder OEM-Upgrade.<\/p>\n<h2 style=\"font-size: 22px; color: #444;\">Anpassungsdienst<\/h2>\n<p>\ud83d\udee0 Baoteng unterst\u00fctzt <strong style=\"color: #0073e6;\">OEM- und ODM-Anpassung<\/strong>. Sie k\u00f6nnen Parameter wie Gr\u00f6\u00dfe, Beschichtung, Materialst\u00e4rke und Verpackung angeben. Wir bieten flexible Produktionsoptionen mit niedrigen Mindestbestellmengen und schnelle Liefertermine f\u00fcr globale Partner. Ob Sie eine <strong>kundenspezifisches S-Haken-Design<\/strong> oder eine vollst\u00e4ndige <strong>Garagentor-Montagesatz<\/strong>, kann unser Ingenieurteam ma\u00dfgeschneiderte L\u00f6sungen f\u00fcr Ihre Bed\u00fcrfnisse entwickeln.<\/p>\n<h2 style=\"font-size: 22px; color: #444;\">Qualit\u00e4tskontrolle<\/h2>\n<p>\ud83d\udd0d Jede <strong>Garagentor Teil<\/strong> werden strengen mechanischen Tests, Salzspr\u00fchnebel-Korrosionsbest\u00e4ndigkeitstests und Belastbarkeitspr\u00fcfungen unterzogen. Unsere strenge Qualit\u00e4tskontrolle stellt sicher, dass jede Schiene und jeder Haken auch bei starker Beanspruchung einwandfrei funktioniert und ein Ungleichgewicht der T\u00fcr oder ein Abrutschen der Kabel verhindert.<\/p>\n<h2 style=\"font-size: 22px; color: #444;\">\u00dcber Baoteng<\/h2>\n<p>\ud83c\udfed Gegr\u00fcndet vor fast 20 Jahren, <a style=\"color: #0073e6; text-decoration: none;\" href=\"https:\/\/www.baoteng.cc\/de\/firmenubersicht\/\" target=\"_blank\" rel=\"noopener\">Baoteng<\/a> ist ein f\u00fchrender Hersteller von hochwertigen <strong>Garagentor-Teile<\/strong> und Zubeh\u00f6r. Unser Ziel ist es, unseren Kunden weltweit zuverl\u00e4ssige, kosteng\u00fcnstige und langlebige L\u00f6sungen f\u00fcr T\u00fcrbeschl\u00e4ge anzubieten. Durch kontinuierliche Innovation und kundenorientierten Service haben wir eine langfristige Zusammenarbeit mit H\u00e4ndlern und OEM-Kunden in Europa, Nordamerika und dem asiatisch-pazifischen Markt aufgebaut.<\/p>\n<h2 style=\"font-size: 22px; color: #444;\">Paket &amp; Lieferung<\/h2>\n<ul style=\"margin-left: 20px;\">\n<li>\ud83d\udce6 Standard-Exportverpackung (Polybeutel + Kartonage)<\/li>\n<li>\ud83d\udea2 Versandoptionen: See, Luft, oder Express<\/li>\n<li>\u23f1 Lieferzeit: 7-20 Tage je nach Bestellmenge<\/li>\n<\/ul>\n<h2 style=\"font-size: 22px; color: #444;\">Kompatible Komponenten<\/h2>\n<p>F\u00fcr ein komplettes Garagentor-Setup empfiehlt Baoteng die Kombination dieses Teils mit verwandten Produkten wie z. B.:<\/p>\n<ul style=\"margin-left: 20px;\">\n<li><a style=\"color: #0073e6; text-decoration: none;\" href=\"https:\/\/www.baoteng.cc\/de\/walzen\/\" target=\"_blank\" rel=\"noopener\">Garagentor-Rollen<\/a> - F\u00fcr eine sanfte und leise T\u00fcrbewegung<\/li>\n<li><a style=\"color: #0073e6; text-decoration: none;\" href=\"https:\/\/www.baoteng.cc\/de\/spuren\/\" target=\"_blank\" rel=\"noopener\">Garagentorschienen<\/a> - F\u00fcr stabile T\u00fcrf\u00fchrung und Ausrichtung<\/li>\n<\/ul>\n<p>\u2699\ufe0f Zusammen bilden diese Komponenten ein hocheffizientes und langlebiges Garagentorsystem, das sowohl Sicherheit als auch Leistung in anspruchsvollen Umgebungen unterst\u00fctzt.<\/p>\n<h2 style=\"font-size: 22px; color: #444;\">Wichtigste Vorteile<\/h2>\n<ul style=\"margin-left: 20px;\">\n<li>\u2714 Langlebigkeit bei hoher Belastung<\/li>\n<li>\u2714 OEM-Designflexibilit\u00e4t und Pr\u00e4zisionsbearbeitung<\/li>\n<li>\u2714 Hervorragender Korrosionsschutz und hohe Zugfestigkeit<\/li>\n<li>\u2714 Geeignet f\u00fcr mehrere Garagentor-Konfigurationen<\/li>\n<li>\u2714 Mit fast 20 Jahren Erfahrung in der Branche<\/li>\n<\/ul>\n<\/section>","protected":false},"excerpt":{"rendered":"<ul style=\"margin-left: 20px;\">\n<li><strong>Korrosionsbest\u00e4ndiges Finish:<\/strong> Verzinkte oder galvanisierte Oberfl\u00e4che f\u00fcr erh\u00f6hten Rostschutz.<\/li>\n<li><strong>Einfache Installation:<\/strong> Entwickelt f\u00fcr eine nahtlose Verbindung zwischen der Zugfeder und dem Flaschenzugsystem.<\/li>\n<li><strong>Sichere Drei-Augen-Struktur:<\/strong> Bietet \u00fcberragende Festigkeit und Spannungsverteilung f\u00fcr hochbelastete Garagentore.<\/li>\n<\/ul>","protected":false},"featured_media":7531,"comment_status":"open","ping_status":"closed","template":"","meta":{"_acf_changed":false},"product_brand":[],"product_cat":[58],"product_tag":[],"class_list":{"0":"post-7530","1":"product","2":"type-product","3":"status-publish","4":"has-post-thumbnail","6":"product_cat-accessories","8":"first","9":"instock","10":"shipping-taxable","11":"product-type-grouped"},"acf":[],"_links":{"self":[{"href":"https:\/\/www.baoteng.cc\/de\/wp-json\/wp\/v2\/product\/7530","targetHints":{"allow":["GET"]}}],"collection":[{"href":"https:\/\/www.baoteng.cc\/de\/wp-json\/wp\/v2\/product"}],"about":[{"href":"https:\/\/www.baoteng.cc\/de\/wp-json\/wp\/v2\/types\/product"}],"replies":[{"embeddable":true,"href":"https:\/\/www.baoteng.cc\/de\/wp-json\/wp\/v2\/comments?post=7530"}],"wp:featuredmedia":[{"embeddable":true,"href":"https:\/\/www.baoteng.cc\/de\/wp-json\/wp\/v2\/media\/7531"}],"wp:attachment":[{"href":"https:\/\/www.baoteng.cc\/de\/wp-json\/wp\/v2\/media?parent=7530"}],"wp:term":[{"taxonomy":"product_brand","embeddable":true,"href":"https:\/\/www.baoteng.cc\/de\/wp-json\/wp\/v2\/product_brand?post=7530"},{"taxonomy":"product_cat","embeddable":true,"href":"https:\/\/www.baoteng.cc\/de\/wp-json\/wp\/v2\/product_cat?post=7530"},{"taxonomy":"product_tag","embeddable":true,"href":"https:\/\/www.baoteng.cc\/de\/wp-json\/wp\/v2\/product_tag?post=7530"}],"curies":[{"name":"wp","href":"https:\/\/api.w.org\/{rel}","templated":true}]}}