{"id":5850,"date":"2025-09-13T02:10:35","date_gmt":"2025-09-13T02:10:35","guid":{"rendered":"https:\/\/baoteng.cc\/?post_type=product&#038;p=5850"},"modified":"2025-09-13T02:18:10","modified_gmt":"2025-09-13T02:18:10","slug":"bisagras-centrales-para-puertas-de-garaje-bisagras-de-acero-al-carbono","status":"publish","type":"product","link":"https:\/\/www.baoteng.cc\/es\/product\/bisagras-centrales-para-puertas-de-garaje-bisagras-de-acero-al-carbono\/","title":{"rendered":"Custom Residencial Heavy Duty Bisagra Puerta de Garaje Oculto Centro Bisagras Bisagras de Acero al Carbono Galvanizado 2.3mm"},"content":{"rendered":"<section style=\"width: 100%; font-family: Arial,Helvetica,sans-serif; line-height: 1.6; color: #333;\">\n<header>\n<h1 style=\"font-size: 26px; font-weight: bold; margin-bottom: 10px;\">Residencial bisagras de acero al carbono comercial de alta resistencia bisagras de la puerta del garaje del soporte<\/h1>\n<p style=\"font-size: 16px;\">\u2699\ufe0f Dise\u00f1o de bisagra de rodillo de soporte construido con <strong>acero al carbono<\/strong>, Dise\u00f1ado para ofrecer durabilidad, seguridad y personalizaci\u00f3n OEM.<\/p>\n<\/header>\n<section>\n<h2 style=\"font-size: 22px; margin-top: 20px;\">\ud83d\udd27 Descripci\u00f3n general del producto<\/h2>\n<p style=\"font-size: 16px;\">En <strong>Bisagra de rodillo de soporte para puertas de garaje residenciales a medida Bisagra central oculta<\/strong> es una soluci\u00f3n fiable y de alto rendimiento que combina durabilidad y atractivo est\u00e9tico. Con unas medidas de 70 mm de ancho y 2,3 mm de grosor, esta bisagra est\u00e1 dise\u00f1ada espec\u00edficamente para puertas de garaje residenciales pesadas y comerciales ligeras. Con un sistema de rodillo oculto, garantiza un funcionamiento suave y silencioso, ofreciendo mayor seguridad, menor fricci\u00f3n y rendimiento a largo plazo. Fabricada en acero galvanizado <strong>acero al carbono<\/strong>, Resiste a la oxidaci\u00f3n y garantiza una larga vida \u00fatil. \u2699\ufe0f<\/p>\n<\/section>\n<section>\n<h2 style=\"font-size: 22px; margin-top: 20px;\">Caracter\u00edsticas principales<\/h2>\n<ul style=\"font-size: 16px; margin-left: 20px;\">\n<li>\u2705 Hecho de alta resistencia <strong>acero al carbono<\/strong> con acabado galvanizado para resistir la corrosi\u00f3n.<\/li>\n<li>\u2705 Espesor: 2,3 mm | Anchura: 70 mm para una mayor resistencia y capacidad de carga.<\/li>\n<li>\u2705 El dise\u00f1o de estilo oculto mejora la seguridad y realza la est\u00e9tica de la puerta.<\/li>\n<li>\u2705 El sistema de bisagra de rodillo garantiza un funcionamiento suave, silencioso y sin fricciones.<\/li>\n<li>\u2705 OEM y personalizable para diversos sistemas y mercados de puertas de garaje.<\/li>\n<li>\u2705 Adecuado para puertas de garaje residenciales y comerciales ligeras.<\/li>\n<li>\u2705 Estructura de bajo mantenimiento que no se agrieta, pudre ni astilla.<\/li>\n<\/ul>\n<\/section>\n<section>\n<h2 style=\"font-size: 22px; margin-top: 20px;\">Especificaciones t\u00e9cnicas<\/h2>\n<table style=\"width: 100%; border-collapse: collapse; font-size: 14px;\">\n<tbody>\n<tr>\n<td style=\"border: 1px solid #ccc; padding: 8px;\">Nombre del producto<\/td>\n<td style=\"border: 1px solid #ccc; padding: 8px;\">Puerta de garaje con bisagra central oculta Custom Residential Heavy Duty Hinge<\/td>\n<\/tr>\n<tr>\n<td style=\"border: 1px solid #ccc; padding: 8px;\">Material<\/td>\n<td style=\"border: 1px solid #ccc; padding: 8px;\">Acero al carbono de alta resistencia<\/td>\n<\/tr>\n<tr>\n<td style=\"border: 1px solid #ccc; padding: 8px;\">Tratamiento de superficies<\/td>\n<td style=\"border: 1px solid #ccc; padding: 8px;\">Galvanizado resistente a la corrosi\u00f3n<\/td>\n<\/tr>\n<tr>\n<td style=\"border: 1px solid #ccc; padding: 8px;\">Grosor \/ Anchura<\/td>\n<td style=\"border: 1px solid #ccc; padding: 8px;\">2,3 mm \/ 70 mm<\/td>\n<\/tr>\n<tr>\n<td style=\"border: 1px solid #ccc; padding: 8px;\">Aplicaciones<\/td>\n<td style=\"border: 1px solid #ccc; padding: 8px;\">Puertas de garaje residenciales y comerciales ligeras<\/td>\n<\/tr>\n<tr>\n<td style=\"border: 1px solid #ccc; padding: 8px;\">Personalizaci\u00f3n<\/td>\n<td style=\"border: 1px solid #ccc; padding: 8px;\">OEM y ODM disponibles<\/td>\n<\/tr>\n<\/tbody>\n<\/table>\n<\/section>\n<section>\n<h2 style=\"font-size: 22px; margin-top: 20px;\">Aplicaciones<\/h2>\n<p style=\"font-size: 16px;\">Esta oculta <strong>bisagra central<\/strong> es ideal tanto para puertas de garaje seccionales residenciales como para entradas comerciales ligeras. Su robusto sistema de bisagras de rodillo soporta un uso intensivo a la vez que garantiza un funcionamiento suave. Los casos de uso comunes incluyen:<\/p>\n<ul style=\"font-size: 16px; margin-left: 20px;\">\n<li>\ud83c\udfe0 Puertas de garaje seccionales residenciales pesadas<\/li>\n<li>\ud83c\udfe2 Entradas de garajes comerciales ligeros<\/li>\n<li>\u26a1 Sistemas automatizados de puertas de garaje a medida<\/li>\n<li>\ud83d\udd04 Sustituci\u00f3n de piezas desgastadas o anticuadas <strong>bisagras centrales<\/strong><\/li>\n<\/ul>\n<\/section>\n<section>\n<h2 style=\"font-size: 22px; margin-top: 20px;\">\u2699\ufe0f OEM y personalizaci\u00f3n<\/h2>\n<p style=\"font-size: 16px;\">Con m\u00e1s de 20 a\u00f1os de experiencia en OEM y personalizaci\u00f3n, nos especializamos en el dise\u00f1o y la producci\u00f3n de productos de primera calidad. <strong>bisagras de acero al carbono<\/strong> y <strong>bisagras centrales<\/strong> adaptados a los mercados internacionales. Las opciones incluyen dimensiones y acabados personalizados, logotipos grabados con l\u00e1ser, marcas propias y tratamientos superficiales especializados para satisfacer las distintas necesidades del sector. Nuestros servicios profesionales OEM garantizan que cada proyecto satisfaga las necesidades espec\u00edficas del cliente, desde el dise\u00f1o hasta la entrega final. \ud83d\udd29<\/p>\n<\/section>\n<section>\n<h2 style=\"font-size: 22px; margin-top: 20px;\">\ud83d\udd12 Durabilidad y rendimiento<\/h2>\n<p style=\"font-size: 16px;\">Dise\u00f1ada para ofrecer una larga vida \u00fatil, esta bisagra se somete a estrictas pruebas de ciclos para soportar un uso intensivo repetido. Su acabado galvanizado <strong>acero al carbono<\/strong> resiste la corrosi\u00f3n y garantiza la fiabilidad en aplicaciones exteriores. Con un grosor de 2,3 mm y una anchura de 70 mm, ofrece una combinaci\u00f3n equilibrada de resistencia y comodidad de instalaci\u00f3n. Su dise\u00f1o oculto mejora la seguridad a la vez que mantiene un aspecto limpio y profesional. \ud83d\udcaa<\/p>\n<\/section>\n<section>\n<h2 style=\"font-size: 22px; margin-top: 20px;\">\ud83d\udce6 Embalaje y entrega<\/h2>\n<ul style=\"font-size: 16px; margin-left: 20px;\">\n<li>\ud83d\udce6 Embalaje est\u00e1ndar seguro con pel\u00edcula protectora.<\/li>\n<li>\ud83c\udf81 Etiquetado privado OEM y envases personalizados disponibles.<\/li>\n<li>\ud83c\udf0d MOQ flexible para adaptarse a las demandas del mercado global<\/li>\n<li>\ud83d\ude9a Suministro r\u00e1pido con una log\u00edstica internacional fiable<\/li>\n<\/ul>\n<\/section>\n<section>\n<h2 style=\"font-size: 22px; margin-top: 20px;\">\ud83c\udf0d Por qu\u00e9 elegirnos<\/h2>\n<p style=\"font-size: 16px;\">Como fabricante de metales de precisi\u00f3n con equipos de producci\u00f3n avanzados y un estricto control de calidad, ofrecemos <strong>bisagras de acero al carbono<\/strong> y <strong>bisagras centrales<\/strong> que cumplen las normas internacionales. Con d\u00e9cadas de experiencia en exportaci\u00f3n, ofrecemos soluciones OEM\/ODM, asistencia a largo plazo y personalizaci\u00f3n competitiva para socios de Norteam\u00e9rica, Europa y Asia. Trabajar con nosotros significa contar con un proveedor de confianza comprometido con el rendimiento, la durabilidad y la flexibilidad de dise\u00f1o. \ud83c\udf1f<\/p>\n<\/section>\n<footer style=\"margin-top: 20px;\">\n<p style=\"font-size: 16px; font-weight: bold;\">Elija la bisagra de rodillo de soporte para puertas de garaje residenciales pesadas personalizadas con bisagra central oculta para obtener estabilidad, precisi\u00f3n y personalizaci\u00f3n OEM. Construido para la pr\u00f3xima generaci\u00f3n de puertas de garaje. \ud83d\udd27\ud83c\udfe1<\/p>\n<\/footer>\n<\/section>","protected":false},"excerpt":{"rendered":"<p>Descubra las bisagras de centro oculto para puertas de garaje residenciales personalizadas de alta resistencia fabricadas con bisagras de acero al carbono de primera calidad con un grosor galvanizado de 2,3 mm. Las opciones OEM y personalizables garantizan una durabilidad duradera y un rendimiento fiable.<\/p>","protected":false},"featured_media":5851,"comment_status":"open","ping_status":"closed","template":"","meta":{"_acf_changed":false},"product_brand":[],"product_cat":[34],"product_tag":[],"class_list":{"0":"post-5850","1":"product","2":"type-product","3":"status-publish","4":"has-post-thumbnail","6":"product_cat-hinges","8":"first","9":"instock","10":"shipping-taxable","11":"product-type-simple"},"acf":[],"_links":{"self":[{"href":"https:\/\/www.baoteng.cc\/es\/wp-json\/wp\/v2\/product\/5850","targetHints":{"allow":["GET"]}}],"collection":[{"href":"https:\/\/www.baoteng.cc\/es\/wp-json\/wp\/v2\/product"}],"about":[{"href":"https:\/\/www.baoteng.cc\/es\/wp-json\/wp\/v2\/types\/product"}],"replies":[{"embeddable":true,"href":"https:\/\/www.baoteng.cc\/es\/wp-json\/wp\/v2\/comments?post=5850"}],"wp:featuredmedia":[{"embeddable":true,"href":"https:\/\/www.baoteng.cc\/es\/wp-json\/wp\/v2\/media\/5851"}],"wp:attachment":[{"href":"https:\/\/www.baoteng.cc\/es\/wp-json\/wp\/v2\/media?parent=5850"}],"wp:term":[{"taxonomy":"product_brand","embeddable":true,"href":"https:\/\/www.baoteng.cc\/es\/wp-json\/wp\/v2\/product_brand?post=5850"},{"taxonomy":"product_cat","embeddable":true,"href":"https:\/\/www.baoteng.cc\/es\/wp-json\/wp\/v2\/product_cat?post=5850"},{"taxonomy":"product_tag","embeddable":true,"href":"https:\/\/www.baoteng.cc\/es\/wp-json\/wp\/v2\/product_tag?post=5850"}],"curies":[{"name":"wp","href":"https:\/\/api.w.org\/{rel}","templated":true}]}}