{"id":5905,"date":"2025-09-15T01:07:19","date_gmt":"2025-09-15T01:07:19","guid":{"rendered":"https:\/\/baoteng.cc\/?post_type=product&#038;p=5905"},"modified":"2025-09-15T01:30:34","modified_gmt":"2025-09-15T01:30:34","slug":"bisagra-de-puerta-de-garaje-de-alta-resistencia-bisagra-de-borde-de-puerta","status":"publish","type":"product","link":"https:\/\/www.baoteng.cc\/es\/product\/bisagra-de-puerta-de-garaje-de-alta-resistencia-bisagra-de-borde-de-puerta\/","title":{"rendered":"Bisagra para puerta de garaje de alta resistencia de acero calibre 14 #6 Bisagra de borde de puerta de repuesto para uso residencial, comercial ligero"},"content":{"rendered":"<section style=\"font-family: Arial,sans-serif; line-height: 1.6; color: #333;\">\n<header>\n<h1 style=\"color: #1e90ff;\">\ud83d\udd29 Heavy Duty Garage Door Hinge - Gate Hinges 14 Gauge Steel #6 with Galvanized Finish<\/h1>\n<p style=\"font-size: 1rem;\">Para uso residencial o comercial ligero<\/p>\n<\/header>\n<p>\ud83d\udeaa\u2699\ufe0f El <strong style=\"color: #ff4500;\">Bisagra resistente para puerta de garaje<\/strong>\u00a0es una de las piezas m\u00e1s cruciales en una puerta de garaje seccional, ya que ofrece un soporte resistente y un punto de giro f\u00e1cil para su tercer panel. Fabricada en acero galvanizado de 1,8 mm de grosor, esta bisagra duradera es muy resistente para proporcionar una fuerza y una resistencia al \u00f3xido excepcionales, lo que la convierte en una opci\u00f3n excelente para uso residencial y comercial ligero que durar\u00e1 d\u00e9cadas.<\/p>\n<p>\ud83c\udf1f Ideal para aplicaciones residenciales, industriales y comerciales ligeras, esta bisagra para puertas de garaje de alta resistencia #6 mantiene las puertas alineadas y soporta el peso del rodillo o de los paneles de la puerta. El acabado galvanizado ayuda a proteger contra la corrosi\u00f3n y los elementos, por lo que es perfecta para zonas costeras o de alta humedad. Tanto si construye una puerta nueva como si sustituye bisagras viejas desgastadas, esta bisagra ofrece una calidad y un rendimiento inigualables.<\/p>\n<header>\n<h2 style=\"color: #32cd32;\">Caracter\u00edsticas principales<\/h2>\n<\/header>\n<ul>\n<li>\u2705 Acero galvanizado de calibre 14 (1,8 mm) que nunca se hundir\u00e1 ni se oxidar\u00e1.<\/li>\n<li>\u2705 Tornillos de cabeza hexagonal galvanizados de 8 x 1\/4\u2033 de larga duraci\u00f3n incluidos; para puertas de hasta 2\u2033 de grosor.<\/li>\n<li>\u2705 Acabado galvanizado duradero que ayuda a prevenir la corrosi\u00f3n para un uso duradero.<\/li>\n<li>\u2705 Mejora la alineaci\u00f3n de los paneles de la puerta y el funcionamiento suave de los rodillos.<\/li>\n<li>\u2705 Opciones OEM y personalizadas: grosor, patrones de orificios, marca, acabados; instalaci\u00f3n y sustituci\u00f3n r\u00e1pidas para reducir el tiempo de inactividad del instalador.<\/li>\n<li>\u2705 Tratamiento conservante para aplicaciones de alta humedad o costeras.<\/li>\n<\/ul>\n<header>\n<h2 style=\"color: #32cd32;\">\ud83d\udd0e Descripci\u00f3n general del producto<\/h2>\n<\/header>\n<p>La bisagra para puertas de garaje de alta resistencia #6 en el tercer panel de las puertas de garaje seccionales es crucial para un funcionamiento sin problemas. Fabricada en acero de calibre 14 de alta resistencia, esta bisagra de borde es m\u00e1s robusta que las bisagras m\u00e1s ligeras, mantiene los paneles alineados y reduce el desgaste de los portarrodillos. Acabada con un proceso de galvanoplastia, es resistente al agua, al \u00f3xido y a la exposici\u00f3n diaria a los elementos. \ud83c\udfd7\ufe0f<\/p>\n<p>Fabricado para puertas residenciales, comerciales e industriales pesadas, ofrece un rendimiento duradero. La personalizaci\u00f3n OEM est\u00e1 disponible para el espesor, patrones de agujeros, y acabados superficiales para satisfacer los requisitos espec\u00edficos del proyecto. \ud83d\udcaa<\/p>\n<header>\n<h2 style=\"color: #32cd32;\">Especificaciones t\u00e9cnicas<\/h2>\n<\/header>\n<table style=\"border-collapse: collapse; width: 100%; text-align: left;\" border=\"1\" cellspacing=\"0\" cellpadding=\"6\">\n<tbody>\n<tr>\n<th>Nombre del producto<\/th>\n<td>14Ga 6# Bisagra<\/td>\n<\/tr>\n<tr>\n<th>Tipo<\/th>\n<td>Bisagra resistente para puerta de garaje<\/td>\n<\/tr>\n<tr>\n<th>Material<\/th>\n<td>Acero de alta resistencia<\/td>\n<\/tr>\n<tr>\n<th>Indicador<\/th>\n<td>14GA (1,8 mm)<\/td>\n<\/tr>\n<tr>\n<th>Acabado<\/th>\n<td>Galvanizado<\/td>\n<\/tr>\n<tr>\n<th>Aplicaciones<\/th>\n<td>Puertas de garaje seccionales residenciales y comerciales ligeras<\/td>\n<\/tr>\n<tr>\n<th>OEM\/ODM<\/th>\n<td>Disponible - Tama\u00f1o, marca y embalaje personalizados<\/td>\n<\/tr>\n<\/tbody>\n<\/table>\n<header>\n<h2 style=\"color: #32cd32;\">Aplicaciones<\/h2>\n<\/header>\n<ul>\n<li>\ud83d\udd39 Puertas de garaje residenciales seccionales bisagras estilo centro \/ extremo<\/li>\n<li>\ud83d\udd39 Puertas comerciales ligeras en talleres, almacenes y naves de almacenamiento.<\/li>\n<li>\ud83d\udd39 Sustituya las bisagras #6 que est\u00e9n da\u00f1adas o corro\u00eddas.<\/li>\n<li>\ud83d\udd39 OEM especificado para sistemas de puertas de garaje personalizados.<\/li>\n<li>\ud83d\udd39 Ideal para zonas costeras o de alta humedad.<\/li>\n<\/ul>\n<header>\n<h2 style=\"color: #32cd32;\">\u2699\ufe0f OEM y personalizaci\u00f3n<\/h2>\n<\/header>\n<p>Con m\u00e1s de 20 a\u00f1os de experiencia en OEM y ODM, dise\u00f1amos y fabricamos bisagras para puertas de garaje de alta resistencia seg\u00fan sus especificaciones. Las opciones incluyen grosor (12Ga-14Ga), espaciado de los orificios, acabados (galvanizado, recubrimiento en polvo, cer\u00e1mica), marca privada con logotipos grabados con l\u00e1ser o en relieve, y embalaje personalizado como cajas de cart\u00f3n impresas, bl\u00edsteres, tarjetas de exposici\u00f3n o inserciones de espuma. \ud83d\udd29<\/p>\n<header>\n<h2 style=\"color: #32cd32;\">\ud83d\udd12 Durabilidad y rendimiento<\/h2>\n<\/header>\n<p>Esta bisagra de leva reversible resistente a la corrosi\u00f3n est\u00e1 fabricada en acero galvanizado de 14Ga (1,8 mm). Dise\u00f1ada para un uso de alto ciclo, proporciona una acci\u00f3n pivotante suave, poco ruido y un desgaste m\u00ednimo de puertas y rodillos. Su dise\u00f1o de alta resistencia supera a los modelos m\u00e1s ligeros, ofreciendo durabilidad con muy poco mantenimiento. \ud83d\udcaf<\/p>\n<header>\n<h2 style=\"color: #32cd32;\">\ud83d\udce6 Embalaje y entrega<\/h2>\n<\/header>\n<ul>\n<li>\ud83d\udce6 Embalaje protector est\u00e1ndar para la exportaci\u00f3n<\/li>\n<li>\ud83c\udf81 Opciones de embalaje OEM: caja de embalaje de marca, tarjeta bl\u00edster o pal\u00e9.<\/li>\n<li>\ud83c\udf0d MOQ flexible para pedidos peque\u00f1os o grandes<\/li>\n<li>\ud83d\ude9a Env\u00edo internacional entregado de forma segura en tu ubicaci\u00f3n<\/li>\n<\/ul>\n<header>\n<h2 style=\"color: #32cd32;\">Por qu\u00e9 elegirnos<\/h2>\n<\/header>\n<p>Como fabricantes experimentados de bisagras para puertas de garaje de alta resistencia y bisagras de borde, nuestro hardware utiliza procesos de alta calidad para garantizar la mejor resistencia, durabilidad y personalizaci\u00f3n OEM para aplicaciones de puertas de garaje residenciales y comerciales ligeras. \ud83c\udf1f<\/p>\n<\/section>","protected":false},"excerpt":{"rendered":"<p>Mejore sus puertas de garaje con la bisagra para puertas de garaje de alta resistencia 14Ga #6. Fabricada en acero galvanizado de 1,8 mm, esta bisagra de borde garantiza un funcionamiento suave, una larga durabilidad y es ideal para puertas seccionales residenciales y comerciales ligeras. Personalizaci\u00f3n OEM disponible.<\/p>","protected":false},"featured_media":5908,"comment_status":"open","ping_status":"closed","template":"","meta":{"_acf_changed":false},"product_brand":[],"product_cat":[34],"product_tag":[],"class_list":{"0":"post-5905","1":"product","2":"type-product","3":"status-publish","4":"has-post-thumbnail","6":"product_cat-hinges","8":"first","9":"instock","10":"shipping-taxable","11":"product-type-simple"},"acf":[],"_links":{"self":[{"href":"https:\/\/www.baoteng.cc\/es\/wp-json\/wp\/v2\/product\/5905","targetHints":{"allow":["GET"]}}],"collection":[{"href":"https:\/\/www.baoteng.cc\/es\/wp-json\/wp\/v2\/product"}],"about":[{"href":"https:\/\/www.baoteng.cc\/es\/wp-json\/wp\/v2\/types\/product"}],"replies":[{"embeddable":true,"href":"https:\/\/www.baoteng.cc\/es\/wp-json\/wp\/v2\/comments?post=5905"}],"wp:featuredmedia":[{"embeddable":true,"href":"https:\/\/www.baoteng.cc\/es\/wp-json\/wp\/v2\/media\/5908"}],"wp:attachment":[{"href":"https:\/\/www.baoteng.cc\/es\/wp-json\/wp\/v2\/media?parent=5905"}],"wp:term":[{"taxonomy":"product_brand","embeddable":true,"href":"https:\/\/www.baoteng.cc\/es\/wp-json\/wp\/v2\/product_brand?post=5905"},{"taxonomy":"product_cat","embeddable":true,"href":"https:\/\/www.baoteng.cc\/es\/wp-json\/wp\/v2\/product_cat?post=5905"},{"taxonomy":"product_tag","embeddable":true,"href":"https:\/\/www.baoteng.cc\/es\/wp-json\/wp\/v2\/product_tag?post=5905"}],"curies":[{"name":"wp","href":"https:\/\/api.w.org\/{rel}","templated":true}]}}