{"id":5937,"date":"2025-09-15T03:31:41","date_gmt":"2025-09-15T03:31:41","guid":{"rendered":"https:\/\/baoteng.cc\/?post_type=product&#038;p=5937"},"modified":"2025-09-15T03:41:19","modified_gmt":"2025-09-15T03:41:19","slug":"bisagras-para-puertas-pesadasbisagra-para-puertas-industriales","status":"publish","type":"product","link":"https:\/\/www.baoteng.cc\/es\/product\/bisagras-para-puertas-pesadasbisagra-para-puertas-industriales\/","title":{"rendered":"Heavy Duty Puerta Bisagras Industrial Puerta Bisagra Ajustable Bisagras de Acero Galvanizado Seccional Puerta de Garaje Hardware 2.5mm 150mm"},"content":{"rendered":"<section style=\"width: 100%; font-family: Arial,Helvetica,sans-serif; line-height: 1.6;\">\n<header>\n<h1 style=\"font-size: 26px; font-weight: bold; margin-bottom: 10px;\">\ud83d\udeaa Bisagras de puerta de servicio pesado bisagra de puerta industrial de acero galvanizado ajustable para puertas de garaje seccionales<\/h1>\n<\/header>\n<p>Nuestras bisagras para puertas de alta resistencia se fabrican con la m\u00e1xima calidad <strong>bisagra industrial para port\u00f3n<\/strong> resistencia, proporcionando una soluci\u00f3n ideal y silenciosa para puertas de garaje seccionales. Fabricadas en acero laminado en fr\u00edo galvanizado de 2,5 mm y dise\u00f1adas con una anchura de 150 mm, estas bisagras ajustables est\u00e1n hechas para durar, tambi\u00e9n son resistentes a la oxidaci\u00f3n, \u00a1lo que las hace ideales para la industria y el comercio, as\u00ed como para el hogar! \ud83d\udd27<\/p>\n<h2 style=\"font-size: 22px; margin-top: 20px;\">Construcci\u00f3n superior para una resistencia \u00f3ptima \ud83d\udcaa<\/h2>\n<p>Las puertas de garaje sufren un desgaste regular debido al uso repetido. Estas bisagras de acero para puertas de alta resistencia est\u00e1n fabricadas con acero laminado en fr\u00edo cortado y conformado con precisi\u00f3n para ofrecer una excelente resistencia. Con un grosor de 2,5 mm y una anchura de 150 mm, son una de las bisagras m\u00e1s resistentes disponibles. Acabadas con revestimiento epoxi, lo que hace que estas bisagras sean muy resistentes a la oxidaci\u00f3n, incluso en zonas h\u00famedas y costeras que pueden causar un r\u00e1pido desgaste. Estas duraderas bisagras se mantienen sin doblarse, retorcerse o desgastarse prematuramente para evitar el desgaste de la bisagra y garantizar un funcionamiento fiable del sistema de la puerta del garaje. \u2699\ufe0f<\/p>\n<h2 style=\"font-size: 22px; margin-top: 20px;\">Funcionamiento silencioso y suave \ud83d\udd07<\/h2>\n<p>Nuestro dise\u00f1o de bisagra industrial para puertas es apreciado por su reducci\u00f3n del ruido. VESTA - le ofrece una sofisticada tecnolog\u00eda de bisagras silenciosas para reducir el ruido general de la puerta -vibraciones, fricci\u00f3n, chirridos- para que sus puertas seccionales de garaje sigan respondiendo silenciosamente. Esto es importante no s\u00f3lo para los garajes dom\u00e9sticos en los que las familias prefieren un uso silencioso, sino tambi\u00e9n para los garajes de empresas y entornos industriales que anhelan una atm\u00f3sfera sin ruidos de funcionamiento.<\/p>\n<h2 style=\"font-size: 22px; margin-top: 20px;\">Fiabilidad bajo cargas pesadas \ud83d\ude9b<\/h2>\n<p>Las puertas de garaje seccionales son sistemas de uso intensivo que requieren bisagras que puedan soportar los rigores del uso continuo sin decaer. Todas estas bisagras se someten a pruebas de m\u00e1s de 20.000 ciclos para demostrar su resistencia y durabilidad. Ya sea en almacenes, instalaciones de manipulaci\u00f3n de materiales o incluso en ajetreadas operaciones log\u00edsticas, estas bisagras para puertas industriales proporcionan la robustez necesaria para un uso diario intensivo sin hundirse con el paso del tiempo.<\/p>\n<h2 style=\"font-size: 22px; margin-top: 20px;\">Especificaciones t\u00e9cnicas \ud83d\udccb<\/h2>\n<table style=\"width: 100%; border-collapse: collapse;\" border=\"1\" cellpadding=\"8\">\n<tbody>\n<tr>\n<td><strong>Nombre del producto<\/strong><\/td>\n<td>Puerta de garaje seccional bisagras ajustables de acero galvanizado<\/td>\n<\/tr>\n<tr>\n<td><strong>Material<\/strong><\/td>\n<td>Acero laminado en fr\u00edo de alta resistencia<\/td>\n<\/tr>\n<tr>\n<td><strong>Espesor<\/strong><\/td>\n<td>2,5 mm<\/td>\n<\/tr>\n<tr>\n<td><strong>Anchura<\/strong><\/td>\n<td>150 mm<\/td>\n<\/tr>\n<tr>\n<td><strong>Acabado<\/strong><\/td>\n<td>Revestimiento antioxidante galvanizado<\/td>\n<\/tr>\n<tr>\n<td><strong>Aplicaciones<\/strong><\/td>\n<td>Puertas de garaje seccionales industriales \/ comerciales \/ residenciales<\/td>\n<\/tr>\n<\/tbody>\n<\/table>\n<h2 style=\"font-size: 22px; margin-top: 20px;\">Soluciones OEM y personalizables \ud83c\udf0d\ud83c\udfed<\/h2>\n<p>Con 20 a\u00f1os de experiencia en OEM y ODM, nos dedicamos a ofrecer soluciones de bisagras personalizadas que se adaptan a diferentes mercados mundiales. Las opciones disponibles incluyen dimensiones personalizadas, acabados alternativos (galvanizado\/recubrimiento en polvo\/pintura), grabado de logotipo con l\u00e1ser, coincidencia Pantone, etiqueta privada y embalaje ecol\u00f3gico. Gracias a nuestras capacidades OEM, sus sistemas de bisagras para puertas industriales y de alta resistencia se adaptan directamente a la identidad de su marca y a su exposici\u00f3n en el mercado mundial, lo que mejora la ventaja competitiva de sus productos en todo el mundo.<\/p>\n<h2 style=\"font-size: 22px; margin-top: 20px;\">Aplicaciones \ud83c\udfe0\u2699\ufe0f\ud83c\udfe2\ud83d\ude9b<\/h2>\n<ul>\n<li>\ud83c\udfe0 Hogares - Funcionamiento suave y silencioso de la puerta del garaje.<\/li>\n<li>\u2699\ufe0f Edificios industriales - Bisagras industriales de alta resistencia que son fuertes y resistentes<\/li>\n<li>\ud83c\udfe2 Edificios comerciales - Soluci\u00f3n duradera y de alto uso c\u00edclico.<\/li>\n<li>\ud83d\ude9b Transporte y almacenamiento - Bisagras fiables para un uso constante<\/li>\n<\/ul>\n<h2 style=\"font-size: 22px; margin-top: 20px;\">Principales ventajas \u2714<\/h2>\n<ul>\n<li>Fabricado en acero reforzado de 2,5 mm de grosor<\/li>\n<li>\u2714 Acabado galvanizado antioxidante de aspecto atractivo durante muchos a\u00f1os<\/li>\n<li>\u2714 Dise\u00f1o de bisagra con supresi\u00f3n de ruido para un juego silencioso<\/li>\n<li>Orificios universales para facilitar el montaje y la instalaci\u00f3n<\/li>\n<li>\u2714 Ofrecer servicios OEM y ODM a los distribuidores de la zona para establecer relaciones comerciales a largo plazo.<\/li>\n<li>\u2714 ISO-TESTED - Nuestras bisagras son probados para cumplir con las normas de seguridad y estrictos controles de calidad.<\/li>\n<\/ul>\n<h2 style=\"font-size: 22px; margin-top: 20px;\">Pruebas y garant\u00eda de calidad \u2705<\/h2>\n<p>Todas las bisagras se someten a pruebas con certificaci\u00f3n de carga ISO, resistencia a la corrosi\u00f3n por niebla salina y ciclo de vida \u00fatil superior a 20.000 ciclos de apertura-cierre. Esto garantiza que cada bisagra que fabricamos es de calidad perfecta; \u00a1simplemente no hay mejor soluci\u00f3n para asegurarse de que recibe la m\u00e1xima calidad!<\/p>\n<h2 style=\"font-size: 22px; margin-top: 20px;\">Adaptabilidad al mercado mundial \ud83c\udf0e<\/h2>\n<p>Nuestras bisagras se utilizan en miles de aplicaciones residenciales, comerciales e industriales de todo el mundo. Satisfacemos las diversas demandas del mercado ofreciendo embalajes de marca blanca, acabados especiales o cumpliendo las normas internacionales.<\/p>\n<h2 style=\"font-size: 22px; margin-top: 20px;\">Instalaci\u00f3n y mantenimiento \ud83d\udd27<\/h2>\n<p>El producto incluye un patr\u00f3n de orificios universal para una instalaci\u00f3n r\u00e1pida y sencilla. Se necesita muy poco mantenimiento: un poco de lubricaci\u00f3n de vez en cuando har\u00e1 que los mecanismos de las puertas seccionales de garaje funcionen silenciosamente y sin problemas durante muchos a\u00f1os.<\/p>\n<h2 style=\"font-size: 22px; margin-top: 20px;\">Fabricaci\u00f3n sostenible \ud83c\udf31<\/h2>\n<p>La sostenibilidad est\u00e1 entretejida en nuestro proceso de fabricaci\u00f3n. Tambi\u00e9n luchamos contra los residuos: ahorramos espacio y material en nuestras barras de acero, todas ellas procedentes de fabricantes con certificaci\u00f3n responsable y programas de reciclaje; al final producimos la menor cantidad posible de residuos de materiales adicionales. Tambi\u00e9n puede optar por a\u00f1adir un embalaje de espuma EVA degradable para un pedido m\u00e1s respetuoso con el medio ambiente. Elegir nuestras bisagras significa durabilidad a largo plazo y cuidado del medio ambiente.<\/p>\n<h2 style=\"font-size: 22px; margin-top: 20px;\">Conclusi\u00f3n \ud83d\udeaa\ud83d\udd29<\/h2>\n<p>Nuestras bisagras para puertas de alta resistencia presentan un dise\u00f1o industrial, con toda la resistencia que cabe esperar. Respaldadas por d\u00e9cadas de desarrollo de productos OEM y probadas para cumplir o superar los requisitos de pruebas y certificaci\u00f3n est\u00e1ndar del sector, estas bisagras ajustables de acero galvanizado son la opci\u00f3n ideal para hogares, almacenes, salas de exposiciones e instalaciones industriales.<\/p>\n<\/section>","protected":false},"excerpt":{"rendered":"<p>Descubra las bisagras para puertas de alta resistencia con fuerza industrial. Bisagras ajustables de acero galvanizado para herrajes de puertas de garaje seccionales, 2,5 mm de grosor, 150 mm de ancho, acabado antioxidante, duraderas, silenciosas y personalizables OEM para aplicaciones globales.<\/p>","protected":false},"featured_media":5938,"comment_status":"open","ping_status":"closed","template":"","meta":{"_acf_changed":false},"product_brand":[],"product_cat":[34],"product_tag":[],"class_list":{"0":"post-5937","1":"product","2":"type-product","3":"status-publish","4":"has-post-thumbnail","6":"product_cat-hinges","8":"first","9":"instock","10":"shipping-taxable","11":"product-type-simple"},"acf":[],"_links":{"self":[{"href":"https:\/\/www.baoteng.cc\/es\/wp-json\/wp\/v2\/product\/5937","targetHints":{"allow":["GET"]}}],"collection":[{"href":"https:\/\/www.baoteng.cc\/es\/wp-json\/wp\/v2\/product"}],"about":[{"href":"https:\/\/www.baoteng.cc\/es\/wp-json\/wp\/v2\/types\/product"}],"replies":[{"embeddable":true,"href":"https:\/\/www.baoteng.cc\/es\/wp-json\/wp\/v2\/comments?post=5937"}],"wp:featuredmedia":[{"embeddable":true,"href":"https:\/\/www.baoteng.cc\/es\/wp-json\/wp\/v2\/media\/5938"}],"wp:attachment":[{"href":"https:\/\/www.baoteng.cc\/es\/wp-json\/wp\/v2\/media?parent=5937"}],"wp:term":[{"taxonomy":"product_brand","embeddable":true,"href":"https:\/\/www.baoteng.cc\/es\/wp-json\/wp\/v2\/product_brand?post=5937"},{"taxonomy":"product_cat","embeddable":true,"href":"https:\/\/www.baoteng.cc\/es\/wp-json\/wp\/v2\/product_cat?post=5937"},{"taxonomy":"product_tag","embeddable":true,"href":"https:\/\/www.baoteng.cc\/es\/wp-json\/wp\/v2\/product_tag?post=5937"}],"curies":[{"name":"wp","href":"https:\/\/api.w.org\/{rel}","templated":true}]}}