{"id":5986,"date":"2025-09-15T07:46:06","date_gmt":"2025-09-15T07:46:06","guid":{"rendered":"https:\/\/baoteng.cc\/?post_type=product&#038;p=5986"},"modified":"2025-09-15T08:01:54","modified_gmt":"2025-09-15T08:01:54","slug":"soporte-superior-de-via-doble-soportes-de-rodillo-superior","status":"publish","type":"product","link":"https:\/\/www.baoteng.cc\/es\/product\/soporte-superior-de-via-doble-soportes-de-rodillo-superior\/","title":{"rendered":"Soporte superior de doble carril para puertas de garaje F\u00e1cil instalaci\u00f3n con tornillos Soportes superiores de acero galvanizado para rodillos de alta resistencia"},"content":{"rendered":"<section style=\"width: 100%; font-family: Arial, sans-serif; line-height: 1.6; color: #333;\">\n<header>\n<h1 style=\"font-size: 28px; font-weight: bold; margin-bottom: 10px;\">\ud83d\udeaa Soportes de rodillo superior de doble carril de alta resistencia para la conexi\u00f3n superior de la puerta de garaje - F\u00e1cil instalaci\u00f3n con tornillos.<\/h1>\n<\/header>\n<p>Nuestro <strong style=\"color: #c00;\">soportes del cilindro superior<\/strong> est\u00e1n pensados para puertas de garaje seccionales con doble carril y constan de todo lo necesario para ofrecer un rendimiento duradero y fiable que se instala f\u00e1cilmente y funciona sin problemas. Fabricados en acero galvanizado de primera calidad en opciones de 2,0 mm y 2,5 mm de grosor, estos soportes ofrecen un soporte s\u00f3lido para la conexi\u00f3n entre las partes superiores al tiempo que mantienen un aspecto liso y una f\u00e1cil instalaci\u00f3n con tornillos a todos los comerciantes profesionales y aficionados al bricolaje. \ud83d\udd27<\/p>\n<h2>Material de primera calidad \ud83d\udcaa<\/h2>\n<p>En <strong style=\"color: #c00;\">soportes del cilindro superior<\/strong> est\u00e1n formados por acero galvanizado para una mayor resistencia a la corrosi\u00f3n y al desgaste. Construido con material de primera calidad para el m\u00e1s alto rendimiento en aplicaciones residenciales, comerciales e industriales, su nuevo sistema de puerta de garaje le proporcionar\u00e1 a\u00f1os de fuerza y fiabilidad. Estos soportes tienen un n\u00facleo de acero para proporcionar resistencia y estabilidad adicionales a su puerta, incluso en condiciones de uso diario intenso. No se doblan ni arquean. El soporte de gu\u00eda inferior de la puerta corredera de granero evita que las puertas se hundan al sostener el centro de las puertas. \u2699\ufe0f<\/p>\n<h2>Dise\u00f1o ajustable universal \ud83d\udd29<\/h2>\n<p>La doble v\u00eda <strong style=\"color: #c00;\">soportes del cilindro superior<\/strong> est\u00e1n dise\u00f1ados para adaptarse a la mayor\u00eda de las puertas de garaje seccionales, y proporcionan compatibilidad universal con las principales marcas de puertas de garaje. Con ranuras de montaje perforadas cada 2 pulgadas, usted est\u00e1 seguro de montar la pista de forma segura, minimizando la tensi\u00f3n en los rodillos y hacer que esta puerta dure en el tiempo. Estos soportes se ajustar\u00e1n y apoyar\u00e1n una puerta residencial de servicio ligero a una aplicaci\u00f3n industrial pesada. \ud83c\udfe0<\/p>\n<h2>Rendimiento silencioso y suave \ud83d\udd07<\/h2>\n<p>Nuestra mejor calidad <strong style=\"color: #c00;\">soportes del cilindro superior<\/strong> se han dise\u00f1ado pensando en la reducci\u00f3n del ruido. Al reducir las vibraciones y el arrastre, los soportes ofrecen un funcionamiento suave y silencioso de la puerta. Esto hace que sean ideales para garajes dom\u00e9sticos en los que el ruido es importante, as\u00ed como para almacenes comerciales, talleres y plantas log\u00edsticas que requieren un funcionamiento silencioso continuo. \ud83d\ude9b<\/p>\n<h2>Especificaciones t\u00e9cnicas \ud83d\udccb<\/h2>\n<table style=\"border-collapse: collapse; width: 100%; font-size: 14px;\" border=\"1\" cellspacing=\"0\" cellpadding=\"8\">\n<tbody>\n<tr style=\"background: #f2f2f2;\">\n<th align=\"left\">Nombre del producto<\/th>\n<td>Puerta de Garaje Durable Soportes Superiores de Doble Carril<\/td>\n<\/tr>\n<tr>\n<th align=\"left\">Material<\/th>\n<td>Acero galvanizado<\/td>\n<\/tr>\n<tr style=\"background: #f2f2f2;\">\n<th align=\"left\">Espesor<\/th>\n<td>2,0 mm, 2,5 mm<\/td>\n<\/tr>\n<tr>\n<th align=\"left\">Acabado<\/th>\n<td>Revestimiento antioxidante galvanizado<\/td>\n<\/tr>\n<tr style=\"background: #f2f2f2;\">\n<th align=\"left\">Adecuado para<\/th>\n<td>Puertas de garaje seccionales residenciales, comerciales e industriales<\/td>\n<\/tr>\n<tr>\n<th align=\"left\">M\u00e9todo de fijaci\u00f3n<\/th>\n<td>F\u00e1cil instalaci\u00f3n con tornillos<\/td>\n<\/tr>\n<\/tbody>\n<\/table>\n<h2>Experiencia OEM y personalizable \ud83c\udf0d\ud83c\udfed<\/h2>\n<p>Con m\u00e1s de 20 a\u00f1os de experiencia en fabricaci\u00f3n OEM\/ODM, ofrecemos un servicio completo de personalizaci\u00f3n en <strong style=\"color: #c00;\">soportes del cilindro superior<\/strong> para satisfacer las necesidades del cliente. Las opciones disponibles son grosores personalizados, acabados que van desde el recubrimiento en polvo a la pintura, logotipos grabados con l\u00e1ser, combinaci\u00f3n de colores Pantone y etiquetado privado. Tambi\u00e9n se ofrecen embalajes ecol\u00f3gicos para quienes busquen opciones respetuosas con el medio ambiente. \ud83c\udf31<\/p>\n<h2>Aplicaciones en distintos entornos \ud83c\udfe0\u2699\ufe0f\ud83c\udfe2\ud83d\ude9b<\/h2>\n<ul>\n<li>\ud83c\udfe0 Residencias - Funcionamiento agradable y silencioso, sin complicaciones.<\/li>\n<li>\u2699\ufe0f Edificios comerciales: dise\u00f1o resistente para un ciclo alto con poco desgaste<\/li>\n<li>\ud83c\udfd7 Obras de construcci\u00f3n - Duradero para sistemas de puertas de alto tr\u00e1fico.<\/li>\n<li>\ud83d\ude9b Almacenes y transporte - Fiabilidad en el d\u00eda a d\u00eda<\/li>\n<\/ul>\n<h2>Principales ventajas \u2714<\/h2>\n<ul>\n<li>\u2714 Dise\u00f1o ajustable adecuado para una variedad de aplicaciones de puerta<\/li>\n<li>Acero galvanizado resistente al \u00f3xido y la corrosi\u00f3n<\/li>\n<li>\u2714 Funcionamiento suave y silencioso con menos vibraciones<\/li>\n<li>\u2714 Orificios de montaje universales para facilitar la instalaci\u00f3n con tornillos<\/li>\n<li>\u2714 Personalizaci\u00f3n OEM y ODM en todo el mundo<\/li>\n<li>\u2714 Larga vida \u00fatil probada para un rendimiento fiable en todas las condiciones.<\/li>\n<\/ul>\n<h2>Pruebas y garant\u00eda de calidad \u2705<\/h2>\n<p>Todas las m\u00e9nsulas se someten a las pruebas de calidad m\u00e1s estrictas, como las de niebla salina, carga y vida \u00fatil c\u00edclica. Nuestras m\u00e9nsulas est\u00e1n dise\u00f1adas para seguir funcionando a la perfecci\u00f3n durante al menos 20.000 ciclos de apertura y cierre y cumplen todos los requisitos de seguridad de EE. UU. y la UE. \ud83d\udcaf<\/p>\n<h2>Adaptabilidad al mercado mundial \ud83c\udf0e<\/h2>\n<p>Aplicaciones diversas: Nuestra <strong style=\"color: #c00;\">soportes del cilindro superior<\/strong> se utilizan y se conf\u00eda en ellas en todo el mundo en una gran variedad de climas. Las personalizaciones OEM, las etiquetas privadas y el cumplimiento de las certificaciones internacionales hacen que estos soportes sean vers\u00e1tiles en m\u00faltiples mercados, al tiempo que cumplen estrictos requisitos de seguridad. \ud83c\udf0d<\/p>\n<h2>Instalaci\u00f3n y mantenimiento \ud83d\udd27<\/h2>\n<p>Los orificios de montaje universales facilitan la instalaci\u00f3n y puede hacerlo usted mismo con un simple destornillador. No hay mucho que hacer una vez instalados: un poco de lubricante de vez en cuando para que rueden mejor. Este dise\u00f1o de bajo mantenimiento minimiza el tiempo de inactividad y disminuye los costes operativos. \u2699\ufe0f<\/p>\n<h2>Fabricaci\u00f3n sostenible \ud83c\udf31<\/h2>\n<p>Nos centramos en la producci\u00f3n ecol\u00f3gica recurriendo a proveedores certificados y reduciendo los residuos en la medida de lo posible. La opci\u00f3n sostenible de los sobres biodegradables o reciclables permite a los profesionales ser respetuosos con el medio ambiente y garantizar la seguridad de su producto durante el transporte. \ud83c\udf3f<\/p>\n<h2>Conclusi\u00f3n \ud83d\udeaa\ud83d\udd29<\/h2>\n<p>Nuestro robusto 2-Track <strong style=\"color: #c00;\">soportes del cilindro superior<\/strong> son la mejor opci\u00f3n disponible para sus puertas de garaje seccionales que necesitan durabilidad, estabilidad y un servicio fiable. Con la selecci\u00f3n m\u00e1s completa de elementos de fijaci\u00f3n y caracter\u00edsticas de personalizaci\u00f3n disponibles, este soporte est\u00e1 dise\u00f1ado para permanecer en servicio durante d\u00e9cadas de uso en edificios residenciales, comerciales e industriales. \ud83d\udd27<\/p>\n<\/section>","protected":false},"excerpt":{"rendered":"<p data-start=\"356\" data-end=\"613\">Explore los duraderos soportes de rodillo superior de doble carril para puertas de garaje. Fabricados en acero galvanizado de 2,0 mm y 2,5 mm de grosor, ofrecen un funcionamiento suave, f\u00e1cil instalaci\u00f3n con tornillos y soluciones personalizables OEM para puertas residenciales, comerciales e industriales.<\/p>","protected":false},"featured_media":5987,"comment_status":"open","ping_status":"closed","template":"","meta":{"_acf_changed":false},"product_brand":[],"product_cat":[36],"product_tag":[],"class_list":{"0":"post-5986","1":"product","2":"type-product","3":"status-publish","4":"has-post-thumbnail","6":"product_cat-brackets","8":"first","9":"instock","10":"shipping-taxable","11":"product-type-simple"},"acf":[],"_links":{"self":[{"href":"https:\/\/www.baoteng.cc\/es\/wp-json\/wp\/v2\/product\/5986","targetHints":{"allow":["GET"]}}],"collection":[{"href":"https:\/\/www.baoteng.cc\/es\/wp-json\/wp\/v2\/product"}],"about":[{"href":"https:\/\/www.baoteng.cc\/es\/wp-json\/wp\/v2\/types\/product"}],"replies":[{"embeddable":true,"href":"https:\/\/www.baoteng.cc\/es\/wp-json\/wp\/v2\/comments?post=5986"}],"wp:featuredmedia":[{"embeddable":true,"href":"https:\/\/www.baoteng.cc\/es\/wp-json\/wp\/v2\/media\/5987"}],"wp:attachment":[{"href":"https:\/\/www.baoteng.cc\/es\/wp-json\/wp\/v2\/media?parent=5986"}],"wp:term":[{"taxonomy":"product_brand","embeddable":true,"href":"https:\/\/www.baoteng.cc\/es\/wp-json\/wp\/v2\/product_brand?post=5986"},{"taxonomy":"product_cat","embeddable":true,"href":"https:\/\/www.baoteng.cc\/es\/wp-json\/wp\/v2\/product_cat?post=5986"},{"taxonomy":"product_tag","embeddable":true,"href":"https:\/\/www.baoteng.cc\/es\/wp-json\/wp\/v2\/product_tag?post=5986"}],"curies":[{"name":"wp","href":"https:\/\/api.w.org\/{rel}","templated":true}]}}