{"id":6006,"date":"2025-09-15T09:29:48","date_gmt":"2025-09-15T09:29:48","guid":{"rendered":"https:\/\/baoteng.cc\/?post_type=product&#038;p=6006"},"modified":"2025-09-15T09:41:42","modified_gmt":"2025-09-15T09:41:42","slug":"soporte-para-puertas-de-garaje-de-alta-resistencia","status":"publish","type":"product","link":"https:\/\/www.baoteng.cc\/es\/product\/soporte-para-puertas-de-garaje-de-alta-resistencia\/","title":{"rendered":"Soporte de puerta de garaje Soporte central resistente Acero galvanizado Sistemas de puertas de garaje residenciales comerciales"},"content":{"rendered":"<section style=\"width: 100%; font-family: Arial, sans-serif; line-height: 1.6; color: #222;\">\n<header>\n<h1 style=\"font-size: 26px; font-weight: bold; margin-bottom: 10px;\">\ud83d\udd29 Soporte de rodamiento para puerta de garaje - Acero galvanizado resistente<\/h1>\n<\/header>\n<p>Nuestra <strong style=\"color: #c00;\">soporte para puerta de garaje<\/strong> est\u00e1 dise\u00f1ado para un rendimiento duradero y fabricado en acero duro con un acabado duradero. Construido a partir de acero galvanizado de 2,5 mm de espesor con una distancia entre centros de rodamiento de 67 mm, este soporte proporciona un soporte central s\u00f3lido para muelles de torsi\u00f3n y ejes, lo que permite un funcionamiento m\u00e1s suave de la puerta y reduce el desgaste de los rodillos y cables. \ud83d\udeaa<\/p>\n<h2 style=\"font-size: 22px; margin-top: 20px;\">Construcci\u00f3n de acero galvanizado de primera calidad \u2699\ufe0f<\/h2>\n<p>Fabricado en acero galvanizado de alta resistencia, este soporte de alta resistencia est\u00e1 dise\u00f1ado para soportar los elementos y el uso frecuente. El grosor de 2,5 mm garantiza una larga durabilidad incluso en entornos dif\u00edciles. El revestimiento galvanizado resiste el \u00f3xido y la corrosi\u00f3n en condiciones h\u00famedas, secas, calientes y fr\u00edas, proporcionando un rendimiento fiable a lo largo del tiempo. \ud83d\udcaa<\/p>\n<h2 style=\"font-size: 22px; margin-top: 20px;\">Dise\u00f1o optimizado del centro del rodamiento \ud83d\udd29<\/h2>\n<p>Con una precisa distancia entre ejes de 67 mm, el soporte se alinea perfectamente con los ejes de torsi\u00f3n y los rodillos. Este dise\u00f1o preciso garantiza un funcionamiento suave y silencioso de la puerta, reduce el desgaste del tambor del cable y de la rueda, y prolonga la vida \u00fatil de puertas y abridores. El dise\u00f1o de doble rodamiento superior evita el pandeo y las roturas. Adecuado tanto para uso residencial como comercial, garantiza una apertura y cierre suaves. \ud83c\udfe0<\/p>\n<h2 style=\"font-size: 22px; margin-top: 20px;\">Seguridad y estabilidad mejoradas \ud83d\udee1\ufe0f<\/h2>\n<p>La seguridad es una prioridad en cualquier sistema de puerta de garaje. Esta abrazadera de soporte central conecta los muelles de torsi\u00f3n de forma segura, eliminando el inseguro deslizamiento de los muelles y posibles accidentes. La alineaci\u00f3n y tensi\u00f3n adecuadas prolongan la vida \u00fatil de los componentes, garantizando un funcionamiento seguro y fiable de la puerta del garaje. \ud83d\udd12<\/p>\n<h2 style=\"font-size: 22px; margin-top: 20px;\">Funcionamiento silencioso y suave \ud83d\udd07<\/h2>\n<p>Su construcci\u00f3n reduce el ruido y la fricci\u00f3n para un funcionamiento m\u00e1s silencioso. Ideal para garajes dom\u00e9sticos que buscan un funcionamiento suave y silencioso, as\u00ed como para aplicaciones comerciales que requieren un funcionamiento fiable durante todo el d\u00eda. El soporte proporciona una resistencia uniforme en todos los estilos de puertas seccionales. \ud83d\ude9b<\/p>\n<h2 style=\"font-size: 22px; margin-top: 20px;\">Especificaciones t\u00e9cnicas \ud83d\udccb<\/h2>\n<table style=\"width: 100%; border-collapse: collapse; margin-top: 10px;\">\n<tbody>\n<tr style=\"background: #f4f4f4;\">\n<td style=\"padding: 8px; border: 1px solid #ccc;\">Nombre del producto<\/td>\n<td style=\"padding: 8px; border: 1px solid #ccc;\">Soporte central de rodamiento de puerta de garaje<\/td>\n<\/tr>\n<tr>\n<td style=\"padding: 8px; border: 1px solid #ccc;\">Material<\/td>\n<td style=\"padding: 8px; border: 1px solid #ccc;\">Acero galvanizado<\/td>\n<\/tr>\n<tr style=\"background: #f4f4f4;\">\n<td style=\"padding: 8px; border: 1px solid #ccc;\">Espesor<\/td>\n<td style=\"padding: 8px; border: 1px solid #ccc;\">2,5 mm<\/td>\n<\/tr>\n<tr>\n<td style=\"padding: 8px; border: 1px solid #ccc;\">Distancia entre ejes<\/td>\n<td style=\"padding: 8px; border: 1px solid #ccc;\">67 mm<\/td>\n<\/tr>\n<tr style=\"background: #f4f4f4;\">\n<td style=\"padding: 8px; border: 1px solid #ccc;\">Acabado<\/td>\n<td style=\"padding: 8px; border: 1px solid #ccc;\">Revestimiento antioxidante galvanizado<\/td>\n<\/tr>\n<tr>\n<td style=\"padding: 8px; border: 1px solid #ccc;\">Aplicaci\u00f3n<\/td>\n<td style=\"padding: 8px; border: 1px solid #ccc;\">Puertas de garaje residenciales y comerciales<\/td>\n<\/tr>\n<tr style=\"background: #f4f4f4;\">\n<td style=\"padding: 8px; border: 1px solid #ccc;\">Instalaci\u00f3n<\/td>\n<td style=\"padding: 8px; border: 1px solid #ccc;\">F\u00e1cil de atornillar, montaje universal<\/td>\n<\/tr>\n<\/tbody>\n<\/table>\n<h2 style=\"font-size: 22px; margin-top: 20px;\">Fabricaci\u00f3n OEM y a medida \ud83c\udf0d\ud83c\udfed<\/h2>\n<p>Con m\u00e1s de 20 a\u00f1os de experiencia en OEM\/ODM, ofrecemos productos totalmente personalizables <strong style=\"color: #c00;\">soportes para puertas de garaje<\/strong>. Las opciones incluyen diferentes espesores de acero, revestimientos especializados (pintura en polvo, galvanizado, pintura), logotipos personalizados, combinaci\u00f3n de colores Pantone y envasado de marca privada. Los clientes pueden satisfacer diversas demandas del mercado y requisitos de marca. \ud83c\udf31<\/p>\n<h2 style=\"font-size: 22px; margin-top: 20px;\">Aplicaciones en todos los sectores \ud83c\udfe0\u2699\ufe0f\ud83c\udfe2\ud83d\ude9b<\/h2>\n<ul style=\"margin-left: 20px;\">\n<li>\ud83c\udfe0 Garajes residenciales - Funcionamiento diario suave, silencioso y fiable.<\/li>\n<li>\u2699\ufe0f Unidades comerciales ligeras - Soporte resistente para puertas de tr\u00e1fico moderado a alto.<\/li>\n<li>\ud83c\udfe2 Edificios industriales: rendimiento fiable en condiciones de gran tensi\u00f3n.<\/li>\n<li>\ud83d\ude9b Almacenes y log\u00edstica - Rendimiento duradero para un funcionamiento continuo.<\/li>\n<\/ul>\n<h2 style=\"font-size: 22px; margin-top: 20px;\">Principales ventajas \u2714<\/h2>\n<ul style=\"margin-left: 20px;\">\n<li>\u2714 Construido con acero galvanizado de 2,5 mm para una gran durabilidad<\/li>\n<li>\u2714 La distancia entre ejes de los rodamientos de 67 mm garantiza una alineaci\u00f3n precisa<\/li>\n<li>\u2714 Soporta muelles de torsi\u00f3n y ejes para un funcionamiento suave<\/li>\n<li>\u2714 Compatible con todas las puertas seccionales y basculantes<\/li>\n<li>\u2714 F\u00e1cil instalaci\u00f3n con herramientas manuales est\u00e1ndar<\/li>\n<li>\u2714 Opciones de marca propia OEM y ODM disponibles<\/li>\n<li>\u2714 Probado para m\u00e1s de 20.000 ciclos de apertura y cierre<\/li>\n<\/ul>\n<h2 style=\"font-size: 22px; margin-top: 20px;\">Pruebas y garant\u00eda de calidad \u2705<\/h2>\n<p>Cada <strong style=\"color: #c00;\">soporte para puerta de garaje<\/strong> se somete a pruebas de capacidad de carga, resistencia a la corrosi\u00f3n por niebla salina y vida \u00fatil c\u00edclica. Cumple las normas de seguridad de EE. UU. y la UE, y garantiza fiabilidad, durabilidad y un rendimiento superior a largo plazo. \ud83d\udcaf<\/p>\n<h2 style=\"font-size: 22px; margin-top: 20px;\">Adaptabilidad al mercado mundial \ud83c\udf0e<\/h2>\n<p>Probado en una gran variedad de climas, desde zonas costeras h\u00famedas hasta regiones fr\u00edas y secas, este soporte es apto para la mayor\u00eda de los sistemas de puertas seccionales de todo el mundo, lo que garantiza un rendimiento, seguridad y fiabilidad constantes en cualquier mercado. \ud83c\udf0d<\/p>\n<h2 style=\"font-size: 22px; margin-top: 20px;\">Instalaci\u00f3n sencilla y bajo mantenimiento \ud83d\udd27<\/h2>\n<p>F\u00e1cil instalaci\u00f3n con orificios de montaje universales utilizando herramientas est\u00e1ndar. Requiere un mantenimiento m\u00ednimo, s\u00f3lo necesita lubricaci\u00f3n ocasional, lo que se traduce en un menor tiempo de inactividad, menores costes y fiabilidad a largo plazo. \u2699\ufe0f<\/p>\n<h2 style=\"font-size: 22px; margin-top: 20px;\">Fabricaci\u00f3n sostenible \ud83c\udf31<\/h2>\n<p>Damos prioridad a la sostenibilidad utilizando acero certificado, minimizando los residuos de producci\u00f3n y ofreciendo envases reciclables\/biodegradables. Esto garantiza la <strong style=\"color: #c00;\">soporte para puerta de garaje<\/strong> es respetuoso con el medio ambiente a la vez que mantiene una alta durabilidad. \ud83c\udf3f<\/p>\n<h2 style=\"font-size: 22px; margin-top: 20px;\">Conclusi\u00f3n \ud83d\udeaa\ud83d\udd29<\/h2>\n<p>En <strong style=\"color: #c00;\">soporte para puerta de garaje<\/strong> ofrece un soporte, una resistencia y un funcionamiento suave sin igual para puertas de garaje residenciales y comerciales. Con acero galvanizado de 2,5 mm, distancia precisa entre ejes de cojinetes de 67 mm, opciones de personalizaci\u00f3n OEM y rigurosas pruebas de calidad, es la soluci\u00f3n definitiva para un rendimiento fiable de la puerta del garaje. \ud83d\udd27<\/p>\n<\/section>","protected":false},"excerpt":{"rendered":"<p>Alta calidad <strong data-start=\"294\" data-end=\"325\">soporte para puerta de garaje<\/strong> Dise\u00f1ado a partir de acero galvanizado de 2,5 mm con una distancia entre ejes del cojinete de 67 mm. Proporciona un soporte central superior, durabilidad y un funcionamiento suave para puertas de garaje residenciales y comerciales con opciones de personalizaci\u00f3n OEM.<\/p>","protected":false},"featured_media":6007,"comment_status":"open","ping_status":"closed","template":"","meta":{"_acf_changed":false},"product_brand":[],"product_cat":[36],"product_tag":[],"class_list":{"0":"post-6006","1":"product","2":"type-product","3":"status-publish","4":"has-post-thumbnail","6":"product_cat-brackets","8":"first","9":"instock","10":"shipping-taxable","11":"product-type-simple"},"acf":[],"_links":{"self":[{"href":"https:\/\/www.baoteng.cc\/es\/wp-json\/wp\/v2\/product\/6006","targetHints":{"allow":["GET"]}}],"collection":[{"href":"https:\/\/www.baoteng.cc\/es\/wp-json\/wp\/v2\/product"}],"about":[{"href":"https:\/\/www.baoteng.cc\/es\/wp-json\/wp\/v2\/types\/product"}],"replies":[{"embeddable":true,"href":"https:\/\/www.baoteng.cc\/es\/wp-json\/wp\/v2\/comments?post=6006"}],"wp:featuredmedia":[{"embeddable":true,"href":"https:\/\/www.baoteng.cc\/es\/wp-json\/wp\/v2\/media\/6007"}],"wp:attachment":[{"href":"https:\/\/www.baoteng.cc\/es\/wp-json\/wp\/v2\/media?parent=6006"}],"wp:term":[{"taxonomy":"product_brand","embeddable":true,"href":"https:\/\/www.baoteng.cc\/es\/wp-json\/wp\/v2\/product_brand?post=6006"},{"taxonomy":"product_cat","embeddable":true,"href":"https:\/\/www.baoteng.cc\/es\/wp-json\/wp\/v2\/product_cat?post=6006"},{"taxonomy":"product_tag","embeddable":true,"href":"https:\/\/www.baoteng.cc\/es\/wp-json\/wp\/v2\/product_tag?post=6006"}],"curies":[{"name":"wp","href":"https:\/\/api.w.org\/{rel}","templated":true}]}}