{"id":6059,"date":"2025-09-16T07:15:06","date_gmt":"2025-09-16T07:15:06","guid":{"rendered":"https:\/\/baoteng.cc\/?post_type=product&#038;p=6059"},"modified":"2025-09-16T07:44:32","modified_gmt":"2025-09-16T07:44:32","slug":"dispositivo-de-seguridad-contra-rotura-del-cable-del-soporte-inferior-de-la-puerta-del-garaje","status":"publish","type":"product","link":"https:\/\/www.baoteng.cc\/es\/product\/dispositivo-de-seguridad-contra-rotura-del-cable-del-soporte-inferior-de-la-puerta-del-garaje\/","title":{"rendered":"Soporte inferior de puerta de garaje SBB-2 Dispositivo de seguridad de rotura de cable | 2\u2033 Soporte inferior de parada de seguridad para puertas seccionales residenciales"},"content":{"rendered":"<section style=\"width: 100%; font-family: Arial, sans-serif; line-height: 1.6; color: #333;\">\n<header>\n<h1 style=\"font-size: 26px; font-weight: bold; margin-bottom: 10px;\">SBB-2 Detenci\u00f3n de baja tensi\u00f3n del cable - Soporte inferior de puerta de garaje de 2\u2033 de carril<\/h1>\n<h2 style=\"font-size: 20px; font-weight: 600; margin-top: 5px;\">Mecanismo de seguridad de rotura de cable mejorado para puertas de garaje seccionales residenciales<\/h2>\n<\/header>\n<p style=\"margin: 15px 0;\">En <strong style=\"color: #0066cc;\">Soporte inferior para puerta de garaje SBB-2<\/strong> es un \u00fanico <span style=\"color: #c00; font-weight: bold;\">dispositivo de seguridad contra rotura de cable<\/span> Concebido para el sector residencial y la industria ligera <strong>Gu\u00edas para puertas seccionales de 2<\/strong>. Esta alta calidad <span style=\"color: #0066cc;\">Caja de pedalier con tope de seguridad de 2\u2033.<\/span> garantiza que incluso si un cable se afloja o se rompe, la puerta permanecer\u00e1 firmemente en su sitio, protegiendo hogares y negocios de accidentes. Fabricado en acero galvanizado y apto para <strong>Ejes de rodillos de 11 mm<\/strong>, La fibra de vidrio es un material resistente, de aspecto limpio y seguridad duradera. \u2699\ufe0f<\/p>\n<h2 style=\"margin-top: 25px;\">\ud83d\udd27 Introducci\u00f3n<\/h2>\n<p>En <strong>Eje de pedalier SBB-2<\/strong> es esencial para un funcionamiento seguro y fiable de la puerta del garaje. Funciona como <strong style=\"color: #c00;\">dispositivo de seguridad contra rotura de cable<\/strong>, El sistema de bloqueo de la puerta est\u00e1 dise\u00f1ado para evitar el movimiento incontrolado cuando se pierde la tensi\u00f3n del cable. Instalado en la parte inferior de la puerta, act\u00faa como un seguro contra robos, protege a los usuarios de lesiones y prolonga la vida \u00fatil del sistema. Dise\u00f1ado con precisi\u00f3n y sometido a pruebas rigurosas, el <strong>Caja de pedalier con tope de seguridad de 2\u2033.<\/strong> es una garant\u00eda de seguridad a largo plazo para aplicaciones residenciales. \ud83c\udfe1<\/p>\n<h2 style=\"margin-top: 25px;\">\u2699\ufe0f Caracter\u00edsticas principales<\/h2>\n<ul style=\"margin: 15px 0 15px 20px; list-style: disc;\">\n<li><strong>Compatibilidad de v\u00edas:<\/strong> Se adapta perfectamente <strong>Gu\u00edas para puertas seccionales de 2<\/strong>.<\/li>\n<li><strong>Soporte de eje de rodillos:<\/strong> Dise\u00f1ado para <strong>Ejes de rodillos de 11 mm<\/strong> y laminadoras est\u00e1ndar.<\/li>\n<li><strong>Material:<\/strong> Acero galvanizado de alta resistencia, resistente al \u00f3xido y la corrosi\u00f3n.<\/li>\n<li><strong>Seguridad no ajustable:<\/strong> Funci\u00f3n de frenado estable sin error de ajuste manual.<\/li>\n<li><strong>Funci\u00f3n:<\/strong> Detiene los cables portadores de carga cuando la bajada es incontrolada o demasiado r\u00e1pida.<\/li>\n<li><strong>OEM y personalizaci\u00f3n:<\/strong> Opciones de grosor, acabado, marca y embalaje.<\/li>\n<\/ul>\n<h2 style=\"margin-top: 25px;\">\ud83c\udfd7\ufe0f Valor del pedalier de seguridad<\/h2>\n<p>Las puertas de garaje con muelles de torsi\u00f3n funcionan a alta tensi\u00f3n, por lo que cualquier fallo del cable puede resultar peligroso. El sitio <strong style=\"color: #0066cc;\">Caja de pedalier con tope de seguridad de 2\u2033.<\/strong> Mantiene la tensi\u00f3n del cable, evitando que se afloje o se suelte de forma peligrosa. Actuando como un <span style=\"color: #c00;\">dispositivo de seguridad contra rotura de cable<\/span>, asegura los cables, reduce los riesgos y garantiza tanto a los instaladores como a los propietarios que la seguridad es siempre una prioridad. \ud83d\udd12<\/p>\n<h2 style=\"margin-top: 25px;\">\ud83d\udee0\ufe0f Especificaciones t\u00e9cnicas<\/h2>\n<table style=\"width: 100%; border-collapse: collapse; margin: 15px 0; font-size: 14px;\">\n<tbody>\n<tr style=\"background: #f2f2f2;\">\n<td style=\"border: 1px solid #ccc; padding: 8px; font-weight: bold;\">Nombre del producto<\/td>\n<td style=\"border: 1px solid #ccc; padding: 8px;\">Soporte inferior para puerta de garaje SBB-2<\/td>\n<\/tr>\n<tr>\n<td style=\"border: 1px solid #ccc; padding: 8px; font-weight: bold;\">Tipo<\/td>\n<td style=\"border: 1px solid #ccc; padding: 8px;\">Caja de pedalier con tope de seguridad de 2\u2033 (no ajustable)<\/td>\n<\/tr>\n<tr style=\"background: #f2f2f2;\">\n<td style=\"border: 1px solid #ccc; padding: 8px; font-weight: bold;\">Compatibilidad de v\u00edas<\/td>\n<td style=\"border: 1px solid #ccc; padding: 8px;\">2\u2033 riel de puerta seccional<\/td>\n<\/tr>\n<tr>\n<td style=\"border: 1px solid #ccc; padding: 8px; font-weight: bold;\">Tama\u00f1o del eje del rodillo<\/td>\n<td style=\"border: 1px solid #ccc; padding: 8px;\">11 mm<\/td>\n<\/tr>\n<tr style=\"background: #f2f2f2;\">\n<td style=\"border: 1px solid #ccc; padding: 8px; font-weight: bold;\">Material<\/td>\n<td style=\"border: 1px solid #ccc; padding: 8px;\">Acero galvanizado<\/td>\n<\/tr>\n<tr>\n<td style=\"border: 1px solid #ccc; padding: 8px; font-weight: bold;\">Acabado<\/td>\n<td style=\"border: 1px solid #ccc; padding: 8px;\">Galvanizado anticorrosi\u00f3n<\/td>\n<\/tr>\n<tr style=\"background: #f2f2f2;\">\n<td style=\"border: 1px solid #ccc; padding: 8px; font-weight: bold;\">Aplicaci\u00f3n<\/td>\n<td style=\"border: 1px solid #ccc; padding: 8px;\">Fijaci\u00f3n de cables y protecci\u00f3n contra paradas<\/td>\n<\/tr>\n<tr>\n<td style=\"border: 1px solid #ccc; padding: 8px; font-weight: bold;\">OEM<\/td>\n<td style=\"border: 1px solid #ccc; padding: 8px;\">Espesor, acabado, embalaje y logotipo personalizados<\/td>\n<\/tr>\n<\/tbody>\n<\/table>\n<h2 style=\"margin-top: 25px;\">\ud83c\udf1f Ventajas<\/h2>\n<ul style=\"margin: 15px 0 15px 20px; list-style: disc;\">\n<li>\u2705 <strong>Mejora de la seguridad:<\/strong> Evita el desenganche incontrolado del cable y protege el sistema de la puerta.<\/li>\n<li>\u2705 <strong>Durabilidad:<\/strong> El acero galvanizado garantiza una larga vida \u00fatil en interiores y exteriores.<\/li>\n<li>\u2705 <strong>Ajuste est\u00e1ndar:<\/strong> Dise\u00f1ado para rieles de 2\u2033, f\u00e1cil de instalar con orificios pretaladrados.<\/li>\n<li>\u2705 <strong>Flexibilidad OEM:<\/strong> Estampaci\u00f3n personalizada de logotipos, acabados y envases listos para la venta al por menor.<\/li>\n<li>\u2705 <strong>Confianza mundial:<\/strong> Instalado por distribuidores, talleres e instaladores de todo el mundo. \ud83c\udf0d<\/li>\n<\/ul>\n<h2 style=\"margin-top: 25px;\">\ud83c\udfed Capacidad de OEM y personalizaci\u00f3n<\/h2>\n<p>Con m\u00e1s de 20 a\u00f1os de experiencia en la producci\u00f3n de herrajes para puertas de garaje, ofrecemos soluciones avanzadas de OEM y ODM. En <strong>Caja de pedalier con tope de seguridad de 2\u2033.<\/strong> pueden personalizarse para distribuidores y marcas, incluidos el grosor del acero, los revestimientos superficiales, los logotipos y el embalaje. Estas opciones de personalizaci\u00f3n garantizan productos competitivos y de alta calidad que refuerzan la identidad de marca y la confianza. \ud83c\udfc5<\/p>\n<h2 style=\"margin-top: 25px;\">\ud83d\udd29 Escenarios de aplicaci\u00f3n<\/h2>\n<ul style=\"margin: 15px 0 15px 20px; list-style: disc;\">\n<li>Puertas de garaje seccionales para uso residencial \ud83c\udfe1<\/li>\n<li>Puertas para almacenes comerciales ligeros \ud83c\udfe2<\/li>\n<li>Puertas seccionales industriales que necesitan un soporte de cables seguro \ud83c\udfed<\/li>\n<li>Integraci\u00f3n general de herrajes para puertas de garaje \u2699\ufe0f<\/li>\n<\/ul>\n<h2 style=\"margin-top: 25px;\">\ud83d\udce6 Embalaje y entrega<\/h2>\n<p>Cada <strong>Soporte inferior para puerta de garaje SBB-2<\/strong> est\u00e1 protegido en f\u00e1brica para garantizar una entrega segura a nivel local y mundial. Las opciones de embalaje incluyen cajas de cart\u00f3n a granel, pal\u00e9s industriales, bidones protectores y embalajes de marca propia para venta al por menor. Con asociaciones log\u00edsticas fiables, ofrecemos un env\u00edo r\u00e1pido y seguro a distribuidores e instaladores de todo el mundo. \ud83d\ude9a<\/p>\n<h2 style=\"margin-top: 25px;\">\ud83c\udf0d Por qu\u00e9 elegirnos<\/h2>\n<p>Reconocidos por su experiencia, ingenier\u00eda de precisi\u00f3n y calidad, nuestros <strong style=\"color: #c00;\">dispositivo de seguridad contra rotura de cable<\/strong> garantiza el m\u00e1ximo nivel de seguridad. El sitio <strong style=\"color: #0066cc;\">Caja de pedalier con tope de seguridad de 2\u2033.<\/strong> combina la flexibilidad de los fabricantes de equipos originales con unos rigurosos est\u00e1ndares de calidad, lo que la convierte en la opci\u00f3n preferida de constructores, instaladores y distribuidores. Representa una sabia inversi\u00f3n en sistemas de puertas de garaje m\u00e1s duraderos y seguros. \ud83d\udd12\u2699\ufe0f\ud83d\udccf\ud83c\udfed<\/p>\n<\/section>","protected":false},"excerpt":{"rendered":"<p>Descubra el soporte inferior para puertas de garaje SBB-2, un duradero dispositivo de seguridad de rotura de cable dise\u00f1ado para puertas seccionales de carril de 2\u2033. Este soporte inferior de parada de seguridad de 2\u2033 garantiza una protecci\u00f3n fiable, una larga vida \u00fatil y opciones de personalizaci\u00f3n OEM para sistemas de garaje residenciales.<\/p>","protected":false},"featured_media":6042,"comment_status":"open","ping_status":"closed","template":"","meta":{"_acf_changed":false},"product_brand":[],"product_cat":[36],"product_tag":[],"class_list":{"0":"post-6059","1":"product","2":"type-product","3":"status-publish","4":"has-post-thumbnail","6":"product_cat-brackets","8":"first","9":"instock","10":"shipping-taxable","11":"product-type-simple"},"acf":[],"_links":{"self":[{"href":"https:\/\/www.baoteng.cc\/es\/wp-json\/wp\/v2\/product\/6059","targetHints":{"allow":["GET"]}}],"collection":[{"href":"https:\/\/www.baoteng.cc\/es\/wp-json\/wp\/v2\/product"}],"about":[{"href":"https:\/\/www.baoteng.cc\/es\/wp-json\/wp\/v2\/types\/product"}],"replies":[{"embeddable":true,"href":"https:\/\/www.baoteng.cc\/es\/wp-json\/wp\/v2\/comments?post=6059"}],"wp:featuredmedia":[{"embeddable":true,"href":"https:\/\/www.baoteng.cc\/es\/wp-json\/wp\/v2\/media\/6042"}],"wp:attachment":[{"href":"https:\/\/www.baoteng.cc\/es\/wp-json\/wp\/v2\/media?parent=6059"}],"wp:term":[{"taxonomy":"product_brand","embeddable":true,"href":"https:\/\/www.baoteng.cc\/es\/wp-json\/wp\/v2\/product_brand?post=6059"},{"taxonomy":"product_cat","embeddable":true,"href":"https:\/\/www.baoteng.cc\/es\/wp-json\/wp\/v2\/product_cat?post=6059"},{"taxonomy":"product_tag","embeddable":true,"href":"https:\/\/www.baoteng.cc\/es\/wp-json\/wp\/v2\/product_tag?post=6059"}],"curies":[{"name":"wp","href":"https:\/\/api.w.org\/{rel}","templated":true}]}}