{"id":6221,"date":"2025-09-18T07:36:17","date_gmt":"2025-09-18T07:36:17","guid":{"rendered":"https:\/\/baoteng.cc\/?post_type=product&#038;p=6221"},"modified":"2025-09-18T07:47:04","modified_gmt":"2025-09-18T07:47:04","slug":"herrajes-para-puertas-de-garaje-retenedor-de-doble-carril","status":"publish","type":"product","link":"https:\/\/www.baoteng.cc\/es\/product\/herrajes-para-puertas-de-garaje-retenedor-de-doble-carril\/","title":{"rendered":"Herrajes para Puertas de Garaje Durable Doble Retenedor de Carril Sujetadores de Servicio Pesado 1.5mm Pre Acoplador de Acero Galvanizado"},"content":{"rendered":"<section style=\"width: 100%;\">\n<header>\n<h1 style=\"font-size: 24px; font-weight: bold;\">Herrajes para puertas de garaje - Retenedor de carril doble<\/h1>\n<\/header>\n<p>\ud83d\udd29 El <strong style=\"color: #c0392b;\">Placa de retenci\u00f3n de doble v\u00eda<\/strong> es una pieza necesaria con los operadores de puertas de garaje seccionales que ofrece la m\u00e1s alta calidad de construcci\u00f3n para todas y cada una de las aplicaciones para mantener su equipo funcionando sin problemas. Este acoplador de doble v\u00eda est\u00e1 hecho de alta calidad <strong style=\"color: #2c3e50;\">Acero pregalvanizado de 1,5 mm<\/strong> que permite la conexi\u00f3n segura y la resistencia de (2) piezas separadas de carril en puertas seccionales residenciales e industriales. Dise\u00f1ado para obtener la m\u00e1xima precisi\u00f3n, elimina pr\u00e1cticamente las sacudidas de la puerta y ayuda a mantener una puerta recta; lo que a su vez proporciona un gran rendimiento duradero y refuerza un sistema ya de por s\u00ed resistente. Ideal para sustituir puertas existentes o instalar un nuevo sistema, esta fijaci\u00f3n ofrece un rendimiento superior y proporciona la resistencia necesaria tanto para uso residencial como industrial.<\/p>\n<h2 style=\"font-size: 20px; margin-top: 20px;\">Principales ventajas<\/h2>\n<ul style=\"line-height: 1.8;\">\n<li>Placa de retenci\u00f3n de carril doble resistente para puertas de garaje seccionales<\/li>\n<li>Fabricado en acero pregalvanizado de 1,5 mm para una mayor protecci\u00f3n antioxidante<\/li>\n<li>Garantiza una gran estabilidad y una alineaci\u00f3n precisa de las v\u00edas<\/li>\n<li>Funciona con perfiles de riel de puerta de garaje seccional est\u00e1ndar de 2\u2033.<\/li>\n<li>Dise\u00f1os OEM y personalizados disponibles, incluida la marca y el embalaje<\/li>\n<li>Amortigua el ruido de la puerta, aumenta la seguridad y prolonga la vida \u00fatil de los herrajes<\/li>\n<\/ul>\n<h2 style=\"font-size: 20px; margin-top: 20px;\">Material y construcci\u00f3n<\/h2>\n<p>Nuestra <strong style=\"color: #2980b9;\">Retenedor de carril doble<\/strong>\u00a0est\u00e1 fabricada con acero pregalvanizado de calidad industrial, que ofrece resistencia contra el \u00f3xido y la humedad, al tiempo que garantiza el m\u00e1ximo rendimiento. La placa de 1,5 mm de grosor proporciona un equilibrio ideal entre resistencia y facilidad de instalaci\u00f3n. El acabado pregalvanizado garantiza una mayor durabilidad, incluso en entornos h\u00famedos o costeros. Cada placa lleva un sello de precisi\u00f3n conforme a las normas internacionales, lo que garantiza una calidad y fiabilidad constantes en todas las aplicaciones.<\/p>\n<h2 style=\"font-size: 20px; margin-top: 20px;\">\ud83d\udd27 Instalaci\u00f3n y compatibilidad<\/h2>\n<p>En <strong style=\"color: #d35400;\">Retenedor de carril doble<\/strong>\u00a0est\u00e1 dise\u00f1ado para adaptarse a los sistemas de rieles de puertas de garaje seccionales est\u00e1ndar de 2\u2033 utilizados en instalaciones residenciales, comerciales e industriales. Permite una instalaci\u00f3n r\u00e1pida y sencilla sin modificaciones, lo que ahorra tiempo in situ. Al unir dos carriles de forma segura, reduce las vibraciones, mejora el rendimiento de los rodillos y aumenta la capacidad de carga. Su robusta construcci\u00f3n admite aplicaciones de uso intensivo, al tiempo que minimiza el desgaste de los componentes de la puerta.<\/p>\n<h2 style=\"font-size: 20px; margin-top: 20px;\">Especificaciones t\u00e9cnicas<\/h2>\n<table style=\"width: 100%; border-collapse: collapse; margin-top: 10px;\">\n<tbody>\n<tr>\n<td style=\"border: 1px solid #ccc; padding: 8px;\">Nombre del producto<\/td>\n<td style=\"border: 1px solid #ccc; padding: 8px;\">Retenedor Doble Carril Puerta Garaje<\/td>\n<\/tr>\n<tr>\n<td style=\"border: 1px solid #ccc; padding: 8px;\">Tipo<\/td>\n<td style=\"border: 1px solid #ccc; padding: 8px;\">Conector \/ soporte de v\u00eda doble<\/td>\n<\/tr>\n<tr>\n<td style=\"border: 1px solid #ccc; padding: 8px;\">Aplicaci\u00f3n<\/td>\n<td style=\"border: 1px solid #ccc; padding: 8px;\">Puertas de garaje seccionales residenciales \/ industriales<\/td>\n<\/tr>\n<tr>\n<td style=\"border: 1px solid #ccc; padding: 8px;\">Material<\/td>\n<td style=\"border: 1px solid #ccc; padding: 8px;\">Acero pregalvanizado<\/td>\n<\/tr>\n<tr>\n<td style=\"border: 1px solid #ccc; padding: 8px;\">Espesor<\/td>\n<td style=\"border: 1px solid #ccc; padding: 8px;\">1,5 mm<\/td>\n<\/tr>\n<tr>\n<td style=\"border: 1px solid #ccc; padding: 8px;\">Acabado<\/td>\n<td style=\"border: 1px solid #ccc; padding: 8px;\">Pregalvanizado, antioxidante<\/td>\n<\/tr>\n<tr>\n<td style=\"border: 1px solid #ccc; padding: 8px;\">Palabra clave<\/td>\n<td style=\"border: 1px solid #ccc; padding: 8px;\">Placa de retenci\u00f3n de doble v\u00eda<\/td>\n<\/tr>\n<tr>\n<td style=\"border: 1px solid #ccc; padding: 8px;\">OEM\/ODM<\/td>\n<td style=\"border: 1px solid #ccc; padding: 8px;\">Disponible (tama\u00f1o, marca y embalaje personalizados)<\/td>\n<\/tr>\n<\/tbody>\n<\/table>\n<h2 style=\"font-size: 20px; margin-top: 20px;\">\ud83d\udca1 \u00bfPor qu\u00e9 elegir nuestra placa de retenci\u00f3n de doble v\u00eda?<\/h2>\n<p>\u2714 M\u00e1s de 20 a\u00f1os de experiencia en fabricaci\u00f3n OEM y ODM<br \/>\n\u2714 Robusta construcci\u00f3n de acero galvanizado con gran capacidad de carga<br \/>\n\u2714 Totalmente personalizable en grosor, longitud, acabado superficial y marca<br \/>\n\u2714 Cumple las normas internacionales para puertas de garaje seccionales<br \/>\n\u2714 La confianza de contratistas, distribuidores y compradores industriales de todo el mundo<br \/>\n\u2714 Opciones flexibles de MOQ para satisfacer tanto pedidos peque\u00f1os como al por mayor.<\/p>\n<h2 style=\"font-size: 20px; margin-top: 20px;\">\ud83c\udfc6 Ventajas de OEM y personalizaci\u00f3n<\/h2>\n<p>Entendemos que cada proyecto tiene unos requisitos \u00fanicos. Por eso nuestros <strong style=\"color: #27ae60;\">Retenedor de carril doble<\/strong>\u00a0es totalmente compatible con <strong>Personalizaci\u00f3n OEM<\/strong>. Los clientes pueden especificar las dimensiones, los acabados superficiales, la marca y el embalaje. Nuestro equipo de ingenier\u00eda ofrece modificaciones CAD, creaci\u00f3n de prototipos y producci\u00f3n a medida para garantizar que cada pedido cumpla las expectativas. Esto convierte a nuestros herrajes en la opci\u00f3n ideal para distribuidores, contratistas y compradores industriales que buscan tanto rendimiento como mejora de la marca.<\/p>\n<h2 style=\"font-size: 20px; margin-top: 20px;\">Aplicaciones<\/h2>\n<p>Este <strong style=\"color: #c0392b;\">Retenedor de carril doble<\/strong>\u00a0se utiliza ampliamente en garajes residenciales, almacenes comerciales e instalaciones industriales. Su resistencia y ajuste seguro lo hacen perfecto para actualizar sistemas existentes o instalar otros nuevos. Al reforzar la alineaci\u00f3n de las v\u00edas y minimizar el tiempo de inactividad, ayuda a reducir los costes de mantenimiento a largo plazo al tiempo que ofrece un rendimiento fiable.<\/p>\n<h2 style=\"font-size: 20px; margin-top: 20px;\">\ud83d\udd29 Reflexiones finales<\/h2>\n<p>Nuestra <strong style=\"color: #8e44ad;\">Herrajes para puertas de garaje Retenedor de carril doble<\/strong>\u00a0combina una s\u00f3lida construcci\u00f3n, personalizaci\u00f3n OEM y d\u00e9cadas de experiencia en el sector para ofrecer una fiabilidad duradera. Ya sea para mejoras residenciales o para proyectos industriales de gran envergadura, esta fijaci\u00f3n garantiza un funcionamiento sin problemas, un mantenimiento reducido y un valor a largo plazo. Contratistas, distribuidores y compradores industriales pueden contar con nuestros herrajes para obtener una calidad constante y un rendimiento fiable.<\/p>\n<\/section>","protected":false},"excerpt":{"rendered":"<p>Retenedor de carril doble de alta calidad para puertas de garaje seccionales, fabricado en acero pregalvanizado de 1,5 mm. Dise\u00f1ado para ofrecer resistencia, durabilidad y f\u00e1cil instalaci\u00f3n. OEM y opciones personalizables disponibles para contratistas profesionales.<\/p>","protected":false},"featured_media":6222,"comment_status":"open","ping_status":"closed","template":"","meta":{"_acf_changed":false},"product_brand":[],"product_cat":[39],"product_tag":[],"class_list":{"0":"post-6221","1":"product","2":"type-product","3":"status-publish","4":"has-post-thumbnail","6":"product_cat-tracks","8":"first","9":"instock","10":"shipping-taxable","11":"product-type-simple"},"acf":[],"_links":{"self":[{"href":"https:\/\/www.baoteng.cc\/es\/wp-json\/wp\/v2\/product\/6221","targetHints":{"allow":["GET"]}}],"collection":[{"href":"https:\/\/www.baoteng.cc\/es\/wp-json\/wp\/v2\/product"}],"about":[{"href":"https:\/\/www.baoteng.cc\/es\/wp-json\/wp\/v2\/types\/product"}],"replies":[{"embeddable":true,"href":"https:\/\/www.baoteng.cc\/es\/wp-json\/wp\/v2\/comments?post=6221"}],"wp:featuredmedia":[{"embeddable":true,"href":"https:\/\/www.baoteng.cc\/es\/wp-json\/wp\/v2\/media\/6222"}],"wp:attachment":[{"href":"https:\/\/www.baoteng.cc\/es\/wp-json\/wp\/v2\/media?parent=6221"}],"wp:term":[{"taxonomy":"product_brand","embeddable":true,"href":"https:\/\/www.baoteng.cc\/es\/wp-json\/wp\/v2\/product_brand?post=6221"},{"taxonomy":"product_cat","embeddable":true,"href":"https:\/\/www.baoteng.cc\/es\/wp-json\/wp\/v2\/product_cat?post=6221"},{"taxonomy":"product_tag","embeddable":true,"href":"https:\/\/www.baoteng.cc\/es\/wp-json\/wp\/v2\/product_tag?post=6221"}],"curies":[{"name":"wp","href":"https:\/\/api.w.org\/{rel}","templated":true}]}}