{"id":6241,"date":"2025-09-19T02:49:06","date_gmt":"2025-09-19T02:49:06","guid":{"rendered":"https:\/\/baoteng.cc\/?post_type=product&#038;p=6241"},"modified":"2025-09-20T01:39:31","modified_gmt":"2025-09-20T01:39:31","slug":"carril-vertical-para-carril-angular-con-junta","status":"publish","type":"product","link":"https:\/\/www.baoteng.cc\/es\/product\/carril-vertical-para-carril-angular-con-junta\/","title":{"rendered":"Carril Vertical para Carril de \u00c1ngulo con Sello | Carril de Soporte de Puerta de Garaje Carril Principal Sello Clim\u00e1tico Galvanizado 2.0mm OEM Personalizable"},"content":{"rendered":"<section style=\"width: 100%;\">\n<header>\n<h1 style=\"font-size: 24px;\">Soporte de puerta de garaje, principal y burlete - OEM personalizado galvanizado de 2,0 mm<\/h1>\n<\/header>\n<article>Cuando se trata de proporcionar un servicio duradero y fiabilidad en la instalaci\u00f3n de puertas de garaje, el <span style=\"color: blue; font-weight: bold;\">Carril vertical para carril angular con junta<\/span> y el <span style=\"color: green; font-weight: bold;\">junta de puerta de garaje con carril<\/span> realizan un trabajo importante. En el embalaje del producto se incluye un carril de soporte para puertas de garaje de alta resistencia, un carril principal dise\u00f1ado con precisi\u00f3n y un robusto sistema de sellado contra la intemperie, todo ello fabricado con acero galvanizado de 2,0 mm de grosor. Dise\u00f1ado para ofrecer la m\u00e1xima durabilidad, un funcionamiento silencioso y un mantenimiento sencillo para complementar cualquier aplicaci\u00f3n residencial, comercial o industrial. \u2699\ufe0f<\/p>\n<h2 style=\"font-size: 20px; margin-top: 20px;\">Construcci\u00f3n Premium<\/h2>\n<p>Los carriles est\u00e1n fabricados en acero galvanizado resistente a la corrosi\u00f3n y ayudan a reforzar la puerta contra la presi\u00f3n del viento. Tanto el riel de soporte como el riel principal restante est\u00e1n equilibrados con un grosor de 2,0 mm para soportar ciclos de uso intensivo, al tiempo que mantienen la alineaci\u00f3n y la consistencia. El acabado galvanizado tambi\u00e9n evita que estos rieles se corroan r\u00e1pidamente en entornos como zonas h\u00famedas, regiones costeras y otras zonas con humedad en el aire; algo que el acero est\u00e1ndar har\u00eda con bastante facilidad. \ud83c\udf0d<\/p>\n<h2 style=\"font-size: 20px; margin-top: 20px;\">Integrar el sello y la v\u00eda en una sola estructura<\/h2>\n<p>La mayor ventaja que ofrece este sistema es la combinaci\u00f3n de burlete y carril. El burlete est\u00e1 estrat\u00e9gicamente dise\u00f1ado para adherirse al carril vertical y al carril en \u00e1ngulo, protegiendo su hogar de la suciedad, las hojas, el agua y tambi\u00e9n de las fluctuaciones de temperatura. La eliminaci\u00f3n de la necesidad de fijar el material de sellado a una tira por separado no s\u00f3lo mantiene la posici\u00f3n de inserci\u00f3n de la pista consistente, sino que tambi\u00e9n ofrece un cierre m\u00e1s ordenado y apretado alrededor del sistema total de la puerta del garaje. Esta innovaci\u00f3n mejora la eficiencia energ\u00e9tica, elimina las corrientes de aire y prolonga la vida \u00fatil de la puerta y sus piezas m\u00f3viles. \ud83c\udfe1<\/p>\n<h2 style=\"font-size: 20px; margin-top: 20px;\">Soluciones OEM y personalizables<\/h2>\n<p>Gracias a sus m\u00e1s de 20 a\u00f1os de experiencia en fabricaci\u00f3n OEM, nuestro equipo de producci\u00f3n interna se dedica a suministrar rieles de soporte ajustables para puertas de garaje, rieles principales y juntas de estanqueidad que satisfacen las distintas necesidades del mercado. Si necesita longitudes espec\u00edficas, distintos acabados galvanizados, materiales de sellado alternativos o perfiles de carril modificados, le ofreceremos soluciones a medida para satisfacer las demandas individuales de los clientes internacionales. La personalizaci\u00f3n OEM incluye:<\/p>\n<ul>\n<li>Longitudes de v\u00eda personalizadas (variaci\u00f3n de longitud est\u00e1ndar y larga)<\/li>\n<li>Acabados especiales como pintura en polvo, galvanizado en caliente o pintura en color<\/li>\n<li>Varias formas de junta para regiones fr\u00edas, c\u00e1lidas o h\u00famedas<\/li>\n<li>Integraci\u00f3n con juntas de borde, juntas superiores y juntas inferiores<\/li>\n<li>Embalaje de marca blanca y oportunidades de marca<\/li>\n<\/ul>\n<h2 style=\"font-size: 20px; margin-top: 20px;\">Aplicaciones<\/h2>\n<p>El conjunto de carril soporte, carril principal y burlete se adapta a una amplia gama de sistemas de puertas de garaje. Para aplicaciones residenciales e industriales, esta puerta lo tiene todo, es un caballo de batalla. Nuestro <span style=\"color: blue; font-weight: bold;\">Carril vertical para carril angular con junta<\/span> puede utilizarse en puertas basculantes seccionales, mientras que nuestro <span style=\"color: green; font-weight: bold;\">junta de puerta de garaje con carril<\/span> ofrece aislamiento y protecci\u00f3n en una amplia variedad de entornos.<\/p>\n<h2 style=\"font-size: 20px; margin-top: 20px;\">Especificaciones t\u00e9cnicas<\/h2>\n<table style=\"width: 100%; border-collapse: collapse;\" border=\"1\" cellspacing=\"0\" cellpadding=\"5\">\n<tbody>\n<tr>\n<th>Componente<\/th>\n<th>Material<\/th>\n<th>Espesor<\/th>\n<th>Acabado<\/th>\n<th>Aplicaci\u00f3n<\/th>\n<\/tr>\n<tr>\n<td>Pista de apoyo<\/td>\n<td>Acero galvanizado<\/td>\n<td>2,0 mm<\/td>\n<td>Galvanizado<\/td>\n<td>Soporte de la estructura de la puerta de garaje<\/td>\n<\/tr>\n<tr>\n<td>Tema principal<\/td>\n<td>Acero galvanizado<\/td>\n<td>2,0 mm<\/td>\n<td>Galvanizado<\/td>\n<td>Movimiento vertical\/horizontal de la puerta<\/td>\n<\/tr>\n<tr>\n<td>Sello de estanqueidad<\/td>\n<td>Caucho \/ PVC de alto rendimiento<\/td>\n<td>N\/A<\/td>\n<td>Integrado con Track<\/td>\n<td>Prevenci\u00f3n de polvo, agua y corrientes de aire<\/td>\n<\/tr>\n<\/tbody>\n<\/table>\n<h2 style=\"font-size: 20px; margin-top: 20px;\">Principales ventajas<\/h2>\n<ul>\n<li>Fabricado en acero galvanizado de 2,0 mm para una mayor resistencia y durabilidad<\/li>\n<li>El sistema de juntas sin costuras ofrece un aislamiento \u00f3ptimo<\/li>\n<li>Productos de servicio OEM para diversos mercados<\/li>\n<li>Alta resistencia a la corrosi\u00f3n y a la oxidaci\u00f3n en cualquier entorno adverso<\/li>\n<li>Sistema de guiado de orugas silencioso y seguro<\/li>\n<\/ul>\n<h2 style=\"font-size: 20px; margin-top: 20px;\">\u00bfPor qu\u00e9 elegir nuestra experiencia en fabricaci\u00f3n?<\/h2>\n<p>Con la adopci\u00f3n de la tecnolog\u00eda de perfilado y soldadura de alta precisi\u00f3n, hemos introducido un conjunto de equipos de fabricaci\u00f3n, y nos hacen ser capaces de garantizar la calidad de nuestro sistema de suspensi\u00f3n de techo met\u00e1lico. Los pasos de control son la prueba de espesor, la adherencia de la comprobaci\u00f3n de revestimiento y la prueba de ciclo de rodamiento. Tambi\u00e9n ofrecemos a nuestros clientes internacionales y globales de marca OEM, en el que permitimos a los distribuidores o mayoristas para comercializar los productos bajo sus propias etiquetas de confianza con el apoyo t\u00e9cnico completo. \ud83c\udfed<\/p>\n<h2 style=\"font-size: 20px; margin-top: 20px;\">Instalaci\u00f3n y mantenimiento<\/h2>\n<p>El carril de soporte de la puerta de garaje, el carril principal y el burlete est\u00e1n fabricados para facilitar la instalaci\u00f3n con un mantenimiento reducido. La junta moldeada, a su vez, elimina una operaci\u00f3n secundaria de sellado que puede ralentizar y aumentar el coste de la instalaci\u00f3n. El mantenimiento es sencillo gracias al acabado galvanizado que no permite la formaci\u00f3n de \u00f3xido, manteniendo una superficie lisa para la rodadura. Una simple lubricaci\u00f3n de vez en cuando y una comprobaci\u00f3n de la junta garantizan una fiabilidad probada durante a\u00f1os. \ud83d\udd27<\/p>\n<h2 style=\"font-size: 20px; margin-top: 20px;\">Sostenibilidad<\/h2>\n<p>En consonancia con las mejores pr\u00e1cticas internacionales en materiales de construcci\u00f3n ecol\u00f3gicos, el acero galvanizado y los materiales de las juntas de goma son reciclables y respetuosos con el medio ambiente. Los sistemas de puertas de garaje ofrecen una mayor vida \u00fatil y un aislamiento m\u00e1s eficaz contra las p\u00e9rdidas t\u00e9rmicas, lo que los convierte en una soluci\u00f3n de construcci\u00f3n ecol\u00f3gica ejemplar. \ud83c\udf31<\/p>\n<h2 style=\"font-size: 20px; margin-top: 20px;\">Adaptabilidad al mercado mundial<\/h2>\n<p>Con varias dimensiones, el riel es f\u00e1cil de exportar a Norteam\u00e9rica, Europa, Asia y Oriente Medio. Las caracter\u00edsticas y especificaciones incluyen riel vertical para riel angular con junta y junta para puerta de garaje con riel. Embalaje: Polybags y cajas de cart\u00f3n. Todos los mercados se benefician de ello cuando adaptamos los sistemas de carriles a las normas locales: para encajar con diversos dise\u00f1os de puertas de garaje y sistemas de apertura, as\u00ed como en condiciones ambientales variables.<\/p>\n<h2 style=\"font-size: 20px; margin-top: 20px;\">Conclusi\u00f3n<\/h2>\n<p>El carril soporte, el carril principal y el burlete para puertas de garaje son una respuesta s\u00f3lida y resistente, pero flexible, a los sistemas modernos de puertas de garaje. Es la soluci\u00f3n de alta calidad y relaci\u00f3n calidad-precio que se adapta a las demandas de los clientes. Con una construcci\u00f3n de primera calidad, fabricaci\u00f3n directa y un dise\u00f1o incre\u00edblemente adaptable, este producto ofrece todo lo que un cliente desea en t\u00e9rminos de rendimiento y durabilidad de la puerta de garaje. \u2705<\/p>\n<\/article>\n<\/section>","protected":false},"excerpt":{"rendered":"<p>Carril vertical de alta calidad para carril angular con junta y junta de puerta de garaje con carril. Acabado galvanizado de 2,0 mm que garantiza resistencia y durabilidad. OEM y opciones personalizables disponibles para la pista de soporte de la puerta del garaje, pista principal, y soluciones de sellado del tiempo.<\/p>","protected":false},"featured_media":6242,"comment_status":"open","ping_status":"closed","template":"","meta":{"_acf_changed":false},"product_brand":[],"product_cat":[39],"product_tag":[],"class_list":{"0":"post-6241","1":"product","2":"type-product","3":"status-publish","4":"has-post-thumbnail","6":"product_cat-tracks","8":"first","9":"instock","10":"shipping-taxable","11":"product-type-simple"},"acf":[],"_links":{"self":[{"href":"https:\/\/www.baoteng.cc\/es\/wp-json\/wp\/v2\/product\/6241","targetHints":{"allow":["GET"]}}],"collection":[{"href":"https:\/\/www.baoteng.cc\/es\/wp-json\/wp\/v2\/product"}],"about":[{"href":"https:\/\/www.baoteng.cc\/es\/wp-json\/wp\/v2\/types\/product"}],"replies":[{"embeddable":true,"href":"https:\/\/www.baoteng.cc\/es\/wp-json\/wp\/v2\/comments?post=6241"}],"wp:featuredmedia":[{"embeddable":true,"href":"https:\/\/www.baoteng.cc\/es\/wp-json\/wp\/v2\/media\/6242"}],"wp:attachment":[{"href":"https:\/\/www.baoteng.cc\/es\/wp-json\/wp\/v2\/media?parent=6241"}],"wp:term":[{"taxonomy":"product_brand","embeddable":true,"href":"https:\/\/www.baoteng.cc\/es\/wp-json\/wp\/v2\/product_brand?post=6241"},{"taxonomy":"product_cat","embeddable":true,"href":"https:\/\/www.baoteng.cc\/es\/wp-json\/wp\/v2\/product_cat?post=6241"},{"taxonomy":"product_tag","embeddable":true,"href":"https:\/\/www.baoteng.cc\/es\/wp-json\/wp\/v2\/product_tag?post=6241"}],"curies":[{"name":"wp","href":"https:\/\/api.w.org\/{rel}","templated":true}]}}