{"id":6505,"date":"2025-09-24T08:53:24","date_gmt":"2025-09-24T08:53:24","guid":{"rendered":"https:\/\/baoteng.cc\/?post_type=product&#038;p=6505"},"modified":"2025-09-24T09:01:58","modified_gmt":"2025-09-24T09:01:58","slug":"acoplamiento-del-eje-de-la-puerta-del-garaje-acoplamiento-de-aluminio","status":"publish","type":"product","link":"https:\/\/www.baoteng.cc\/es\/product\/acoplamiento-del-eje-de-la-puerta-del-garaje-acoplamiento-de-aluminio\/","title":{"rendered":"Acoplador de eje de puerta de garaje Acoplamiento de aleaci\u00f3n de aluminio de 1 pulgada de di\u00e1metro interior 90 mm de longitud Hardware OEM personalizable"},"content":{"rendered":"<section style=\"width: 100%; font-family: Arial, sans-serif; line-height: 1.6; color: #333;\">\n<header>\n<h1 style=\"font-size: 24px; font-weight: bold; text-align: center;\">Acoplamientos de aleaci\u00f3n de aluminio - Ideales para uso de alta precisi\u00f3n<\/h1>\n<\/header>\n<p>Con los herrajes para puertas de garaje no escatimar\u00e1 en gastos. Nuestra aleaci\u00f3n de aluminio de primera calidad <span style=\"color: blue; font-weight: bold;\">acoplador del eje de la puerta del garaje<\/span> est\u00e1 dise\u00f1ado para proporcionar resistencia, estabilidad y un rendimiento eficaz a las puertas de garaje de hoy en d\u00eda. Tiene un di\u00e1metro interior de 1 pulgada y una longitud de 90 mm para mantener la transferencia de potencia entre ejes conectados en aplicaciones de muelles de torsi\u00f3n, entre otras. En aplicaciones residenciales, comerciales o industriales, este muelle esencial contribuye a mantener un funcionamiento seguro y sin ruidos. \u2699\ufe0f<\/p>\n<h2 style=\"font-size: 20px; margin-top: 20px;\">\ud83d\udd27 Descripci\u00f3n general del producto<\/h2>\n<p>Este <span style=\"color: blue; font-weight: bold;\">acoplador del eje de la puerta del garaje<\/span> est\u00e1 fabricado en aleaci\u00f3n de aluminio y puede utilizarse para conectar dos ejes o crear un eslab\u00f3n de transferencia de movimiento puro que une mec\u00e1nicamente ambos. Ligero pero fuerte, est\u00e1 dise\u00f1ado para una vibraci\u00f3n m\u00ednima, menos inclinaci\u00f3n y un rendimiento duradero. El acoplador cuenta con un tama\u00f1o de ID de 1\u2033 (25,4 mm) y una longitud de 90 mm, lo que garantiza un uso f\u00e1cil en la mayor\u00eda de las aplicaciones de puertas de garaje. Fabricado en aluminio de alta calidad: es resistente a la corrosi\u00f3n, m\u00e1s f\u00e1cil de instalar que los acopladores de acero y evita el desgaste de las roscas del cuerpo del amortiguador.<\/p>\n<h2 style=\"font-size: 20px; margin-top: 20px;\">Especificaciones t\u00e9cnicas<\/h2>\n<table style=\"width: 100%; border-collapse: collapse; text-align: center;\" border=\"1\" cellspacing=\"0\" cellpadding=\"6\">\n<tbody>\n<tr>\n<th>Nombre del producto<\/th>\n<th>Di\u00e1metro interior<\/th>\n<th>Longitud<\/th>\n<th>Material<\/th>\n<th>Utiliza<\/th>\n<\/tr>\n<tr>\n<td>Acoplador de eje de puerta de garaje<\/td>\n<td>1 pulgada<\/td>\n<td>90 mm<\/td>\n<td>Aleaci\u00f3n de aluminio<\/td>\n<td>Conexi\u00f3n del eje de torsi\u00f3n de la puerta de garaje<\/td>\n<\/tr>\n<\/tbody>\n<\/table>\n<h2 style=\"font-size: 20px; margin-top: 20px;\">\ud83d\udca1 \u00bfPor qu\u00e9 elegir estos acopladores de aleaci\u00f3n de aluminio?<\/h2>\n<p>La elecci\u00f3n para este <span style=\"color: blue; font-weight: bold;\">acoplamiento del eje de la puerta del garaje<\/span> material, que es el aluminio, se basa en unas cuantas ventajas importantes:<\/p>\n<ul>\n<li>\u26a1 <b>Ligero y duradero<\/b> - Fabricado con aleaciones de aluminio de alta resistencia a la tracci\u00f3n, lo que reduce el peso del enganche para uso port\u00e1til.<\/li>\n<li>\ud83d\udee1\ufe0f <b>A prueba de corrosi\u00f3n<\/b> - Excelentes en situaciones de alta humedad, por lo que estos enganches son inmunes a la oxidaci\u00f3n en comparaci\u00f3n con sus hom\u00f3logos de acero.<\/li>\n<li>\u2699\ufe0f <b>Mecanizado de alta precisi\u00f3n<\/b> - Garantiza un di\u00e1metro interior preciso para un ajuste correcto con los ejes de torsi\u00f3n.<\/li>\n<li>\ud83d\udd04 <b>De larga duraci\u00f3n<\/b> - Los muelles de torsi\u00f3n rinden durante m\u00e1s tiempo y se desgastan mejor que los muelles de alambre tradicionales.<\/li>\n<li>\ud83d\udd27 <b>Instalaci\u00f3n sencilla<\/b> - Los productos m\u00e1s peque\u00f1os y ligeros son f\u00e1ciles de transportar y alinear correctamente para los t\u00e9cnicos.<\/li>\n<\/ul>\n<h2 style=\"font-size: 20px; margin-top: 20px;\">\ud83c\udfed Capacidades de OEM y personalizaci\u00f3n<\/h2>\n<p>Con 20 a\u00f1os de experiencia en la fabricaci\u00f3n de herrajes para puertas de garaje, ofrecemos servicios OEM y de personalizaci\u00f3n para clientes de todo el mundo. Podemos fabricar <span style=\"color: blue; font-weight: bold;\">acopladores de eje de puerta de garaje<\/span> a cualquier tama\u00f1o, longitud o material para satisfacer los requisitos exactos de su proyecto. Tanto si necesita un mecanizado especial, roscado o tratamientos superficiales con tolerancias \u00fanicas, podemos suministrarlo de forma consistente. \ud83d\udd27 Esta versatilidad permite que nuestros productos sean utilizados por distribuidores, mayoristas e integradores de sistemas que deseen ofrecer soluciones de hardware de valor a\u00f1adido.<\/p>\n<h2 style=\"font-size: 20px; margin-top: 20px;\">\u2699\ufe0f Usos de los acopladores de ejes de puertas de garaje<\/h2>\n<p>La funci\u00f3n de un <span style=\"color: blue; font-weight: bold;\">acoplador del eje de la puerta del garaje<\/span> es unir y alinear los ejes de torsi\u00f3n, que luego trabajan juntos para permitir que la puerta se abra y se cierre. Pueden mejorar la sincronizaci\u00f3n de la puerta durante las reparaciones. Las aplicaciones m\u00e1s comunes son:<\/p>\n<ul>\n<li>\ud83c\udfe0 <b>Puertas de garaje residenciales<\/b> - Rendimiento fiable para el funcionamiento diario.<\/li>\n<li>\ud83c\udfe2 <b>Puertas comerciales e industriales<\/b> - Soporta sistemas de torsi\u00f3n m\u00e1s pesados en almacenes, f\u00e1bricas y centros log\u00edsticos.<\/li>\n<li>\ud83d\ude9a <b>Puertas de servicio de ciclo alto<\/b> - Proporcionan durabilidad para aplicaciones exigentes.<\/li>\n<li>\ud83d\udd29 <b>Mec\u00e1nica a medida<\/b> - Adecuado para m\u00e1quinas o equipos que requieren una alineaci\u00f3n robusta del eje.<\/li>\n<\/ul>\n<h2 style=\"font-size: 20px; margin-top: 20px;\">Garant\u00eda de calidad<\/h2>\n<p>Cada <span style=\"color: blue; font-weight: bold;\">acoplador del eje de la puerta del garaje<\/span> se somete a rigurosos controles de verificaci\u00f3n de dimensiones, composici\u00f3n de materiales e integridad de la fundici\u00f3n\/forja. Nuestras f\u00e1bricas con certificaci\u00f3n ISO garantizan que cada componente cumpla las normas internacionales. Nos centramos en tolerancias precisas para que cada eje de 1 pulgada encaje correctamente sin holguras ni desalineaciones. \ud83c\udfc5<\/p>\n<h2 style=\"font-size: 20px; margin-top: 20px;\">\ud83c\udf0d Experiencia en exportaci\u00f3n<\/h2>\n<p>Hemos estado proporcionando OEM <span style=\"color: blue; font-weight: bold;\">acopladores de eje de puerta de garaje<\/span> a Norteam\u00e9rica, Europa y Oriente Medio desde hace m\u00e1s de 25 a\u00f1os. Gracias a nuestra experiencia en embalaje, log\u00edstica internacional y soluciones integrales de hardware, ofrecemos un servicio profesional a nuestros socios en todo el mundo. Nuestras s\u00f3lidas relaciones con distribuidores y contratistas de instalaci\u00f3n demuestran nuestra reputaci\u00f3n de fiabilidad e integridad.<\/p>\n<h2 style=\"font-size: 20px; margin-top: 20px;\">Principales ventajas<\/h2>\n<ul>\n<li>\u2714\ufe0f Construcci\u00f3n de aleaci\u00f3n de aluminio de alta calidad para mayor ligereza y durabilidad.<\/li>\n<li>\u2714\ufe0f Resistente a aceites y productos qu\u00edmicos, el dise\u00f1o de una sola pieza no se oxida.<\/li>\n<li>\u2714\ufe0f El di\u00e1metro interior universal de 1 pulgada se adapta a la mayor\u00eda de los ejes de torsi\u00f3n.<\/li>\n<li>\u2714\ufe0f OEM y opciones de fabricaci\u00f3n a medida disponibles.<\/li>\n<li>\u2714\ufe0f m\u00e1s de 20 a\u00f1os de experiencia en herrajes para puertas de garaje.<\/li>\n<li>\u2714\ufe0f Un estricto control de calidad garantiza una mayor fiabilidad.<\/li>\n<\/ul>\n<h2 style=\"font-size: 20px; margin-top: 20px;\">\ud83d\udce6 Embalaje y entrega<\/h2>\n<p>Cada <span style=\"color: blue; font-weight: bold;\">acoplador del eje de la puerta del garaje<\/span> se embala de forma segura para el transporte. El embalaje est\u00e1ndar incluye envoltorios antioxidantes, bolsas de pl\u00e1stico, cajas de cart\u00f3n y cajas\/pal\u00e9s de madera. Los plazos de entrega r\u00e1pidos y puntuales nos convierten en el socio ideal para pedidos peque\u00f1os y grandes. \ud83d\ude9b<\/p>\n<h2 style=\"font-size: 20px; margin-top: 20px;\">\ud83d\udd0d Conclusi\u00f3n<\/h2>\n<p>Al seleccionar el <span style=\"color: blue; font-weight: bold;\">acoplador del eje de la puerta del garaje<\/span>, En las aplicaciones de transmisi\u00f3n de potencia, deben tenerse en cuenta la seguridad, la longevidad y el rendimiento. Nuestro acoplamiento de aleaci\u00f3n de aluminio de 1 pulgada de di\u00e1metro interior y 90 mm de longitud est\u00e1 dise\u00f1ado para un acoplamiento eficaz en ejes de motor y otras aplicaciones de transmisi\u00f3n de potencia ligeras. Con s\u00f3lidas capacidades OEM y de personalizaci\u00f3n, estamos preparados para suministrar soluciones profesionales para herrajes de puertas de garaje. \u2699\ufe0f<\/p>\n<\/section>","protected":false},"excerpt":{"rendered":"<p>Acoplador de eje de puerta de garaje duradero hecho de aleaci\u00f3n de aluminio, di\u00e1metro interior de 1 pulgada, longitud de 90 mm. Dise\u00f1ado para la fuerza y la precisi\u00f3n, este acoplamiento asegura la conexi\u00f3n lisa del eje, conveniente para el hardware resistente de la puerta de garaje, OEM y opciones modificables para requisitos particulares disponibles.<\/p>","protected":false},"featured_media":6506,"comment_status":"open","ping_status":"closed","template":"","meta":{"_acf_changed":false},"product_brand":[],"product_cat":[56],"product_tag":[],"class_list":{"0":"post-6505","1":"product","2":"type-product","3":"status-publish","4":"has-post-thumbnail","6":"product_cat-shafts","8":"first","9":"instock","10":"shipping-taxable","11":"product-type-grouped"},"acf":[],"_links":{"self":[{"href":"https:\/\/www.baoteng.cc\/es\/wp-json\/wp\/v2\/product\/6505","targetHints":{"allow":["GET"]}}],"collection":[{"href":"https:\/\/www.baoteng.cc\/es\/wp-json\/wp\/v2\/product"}],"about":[{"href":"https:\/\/www.baoteng.cc\/es\/wp-json\/wp\/v2\/types\/product"}],"replies":[{"embeddable":true,"href":"https:\/\/www.baoteng.cc\/es\/wp-json\/wp\/v2\/comments?post=6505"}],"wp:featuredmedia":[{"embeddable":true,"href":"https:\/\/www.baoteng.cc\/es\/wp-json\/wp\/v2\/media\/6506"}],"wp:attachment":[{"href":"https:\/\/www.baoteng.cc\/es\/wp-json\/wp\/v2\/media?parent=6505"}],"wp:term":[{"taxonomy":"product_brand","embeddable":true,"href":"https:\/\/www.baoteng.cc\/es\/wp-json\/wp\/v2\/product_brand?post=6505"},{"taxonomy":"product_cat","embeddable":true,"href":"https:\/\/www.baoteng.cc\/es\/wp-json\/wp\/v2\/product_cat?post=6505"},{"taxonomy":"product_tag","embeddable":true,"href":"https:\/\/www.baoteng.cc\/es\/wp-json\/wp\/v2\/product_tag?post=6505"}],"curies":[{"name":"wp","href":"https:\/\/api.w.org\/{rel}","templated":true}]}}