{"id":6883,"date":"2025-09-28T03:24:04","date_gmt":"2025-09-28T03:24:04","guid":{"rendered":"https:\/\/baoteng.cc\/?post_type=product&#038;p=6883"},"modified":"2025-09-28T03:48:51","modified_gmt":"2025-09-28T03:48:51","slug":"poleas-para-puertas-basculantes-polea-para-puertas-de-garaje-rueda","status":"publish","type":"product","link":"https:\/\/www.baoteng.cc\/es\/product\/poleas-para-puertas-basculantes-polea-para-puertas-de-garaje-rueda\/","title":{"rendered":"Overhead Door Pulleys 3 Inch Pulley Wheel Safety Cable Guide for Extension Springs OEM Customizable Garage Door Parts"},"content":{"rendered":"<section style=\"width: 100%; font-family: Arial, sans-serif; line-height: 1.6; color: #333;\">\n<header>\n<h1 style=\"font-size: 24px; font-weight: bold; text-align: center;\">\ud83d\udd27 Rueda de polea de puerta de garaje 3\u2033 y gu\u00eda de cable de seguridad para muelles de extensi\u00f3n<\/h1>\n<\/header>\n<p style=\"font-size: 16px;\">En <b>poleas para puertas basculantes<\/b> son una parte importante del sistema de puertas de garaje, que ayudan a mantener todo funcionando sin problemas y condiciones de funcionamiento seguro en los pr\u00f3ximos a\u00f1os. Nuestro <b>Rueda de polea con sistema de cable de seguridad de 3\u2033.<\/b> est\u00e1 dise\u00f1ada espec\u00edficamente para sistemas de muelles de extensi\u00f3n y ensamblada con materiales resistentes y normas precisas para un servicio continuado. Esta polea est\u00e1 fabricada en chapa maciza de 1\u2033 con un grosor de 1,5 mm y un acabado galvanizado para limitar la corrosi\u00f3n y prolongar su uso, incluso en entornos residenciales o comerciales dif\u00edciles.<\/p>\n<h2 style=\"font-size: 20px; margin-top: 20px;\">\u2728 Caracter\u00edsticas principales de la polea de puerta basculante de 3\u2033.<\/h2>\n<ul style=\"font-size: 16px; margin-left: 20px;\">\n<li>\u2699\ufe0f <b>Material resistente<\/b>: Fabricado en acero de alta calidad, con un grosor de 1,5 mm para una mayor capacidad de carga.<\/li>\n<li>\ud83d\udee1\ufe0f <b>Revestimiento galvanizado<\/b> - Ofrece una excelente resistencia a la oxidaci\u00f3n para un valor duradero.<\/li>\n<li>\ud83d\udd12 <b>Gu\u00eda del cable de seguridad<\/b> - Evita accidentes impidiendo que los cables se suelten y se desalineen con los muelles de extensi\u00f3n.<\/li>\n<li>\ud83d\udeaa <b>Compatible con la mayor\u00eda de puertas de garaje<\/b> - Funciona con la mayor\u00eda de marcas de puertas de garaje residenciales y comerciales.<\/li>\n<li>\ud83d\udccf <b>3\u2033 Tama\u00f1o est\u00e1ndar del sector<\/b> - Se puede instalar con una simple sustituci\u00f3n.<\/li>\n<\/ul>\n<h2 style=\"font-size: 20px; margin-top: 20px;\">\ud83c\udfed Herrajes para puertas de garaje OEM y personalizables<\/h2>\n<p style=\"font-size: 16px;\">Si esto le suena, entonces usted es un instalador de puertas de garaje #. Con m\u00e1s de 16 a\u00f1os de experiencia en la fabricaci\u00f3n de herrajes para puertas de garaje, <b>NINGBO BAOTENG TECHNOLOGY CO., LTD<\/b> proporciona <b>OEM<\/b> y <b>servicio personalizado de marca blanca<\/b>. <a href=\"https:\/\/www.baoteng.cc\/es\/rodillos\/\" target=\"_blank\" rel=\"noopener\">Rodillos de puerta de garaje<\/a>, bisagras y soportes o poleas de \u00faltima generaci\u00f3n y <a href=\"https:\/\/www.baoteng.cc\/es\/bobinas-de-cable\/\" target=\"_blank\" rel=\"noopener\">bobinas de cable<\/a>: Maverick Hardware dise\u00f1a y fabrica hardware que puede personalizarse para la aplicaci\u00f3n del cliente. Tanto si necesita tama\u00f1os no est\u00e1ndar, un gran volumen de piezas y entrega r\u00e1pida, o materiales personalizados, nuestro equipo de ingenier\u00eda puede ofrecer dise\u00f1os conformes con ITAR, as\u00ed como disponibilidad a largo plazo.<\/p>\n<h2 style=\"font-size: 20px; margin-top: 20px;\">\u26a1 Ventajas del uso de nuestras poleas para puertas basculantes<\/h2>\n<ul style=\"font-size: 16px; margin-left: 20px;\">\n<li>\ud83c\udf0e Exportado a m\u00e1s de 50 pa\u00edses de todo el mundo, reconocido por distribuidores internacionales.<\/li>\n<li>\ud83d\udd27 Los avanzados equipos de producci\u00f3n de alta resistencia y la m\u00e1quina enrolladora proporcionan la topolog\u00eda de cableado m\u00e1s consistente asegurando la transmisi\u00f3n.<\/li>\n<li>\ud83d\udce6 MOQ flexible, as\u00ed como opciones de compra a granel para proyectos residenciales y comerciales.<\/li>\n<li>\ud83d\ude9b La entrega es r\u00e1pida y contamos con apoyo log\u00edstico global.<\/li>\n<\/ul>\n<h2 style=\"font-size: 20px; margin-top: 20px;\">\ud83d\udcd8 Cumplimiento de las normas del sector<\/h2>\n<p style=\"font-size: 16px;\">Nuestras poleas para puertas basculantes cumplen o superan las normas de seguridad y rendimiento de EE.UU. y Europa Occidental. Cumplimos <a href=\"https:\/\/www.osha.gov\/machine-guarding\" target=\"_blank\" rel=\"noopener\"><b>Normas OSHA sobre protecci\u00f3n de m\u00e1quinas<\/b><\/a> para el dise\u00f1o, la instalaci\u00f3n y el funcionamiento seguros de todo sistema de puertas de garaje.<\/p>\n<h2 style=\"font-size: 20px; margin-top: 20px;\">Aplicaciones<\/h2>\n<p style=\"font-size: 16px;\">En <b>Poleas para puertas basculantes de 3<\/b>\u00a0se utiliza habitualmente en garajes residenciales, puertas industriales, almacenes y aplicaciones comerciales. Gracias a su robusto sistema de soporte de carga y guiado estable, es una soluci\u00f3n ideal para mejorar el rendimiento de la puerta y aumentar la vida \u00fatil de los muelles de extensi\u00f3n.<\/p>\n<h2 style=\"font-size: 20px; margin-top: 20px;\">\ud83d\udccc \u00bfPor qu\u00e9 elegir BAOTENG?<\/h2>\n<ul style=\"font-size: 16px; margin-left: 20px;\">\n<li>\u2705 M\u00e1s de 16 a\u00f1os de experiencia en I+D y fabricaci\u00f3n de herrajes para puertas de garaje.<\/li>\n<li>\u2705 Disponible para OEM\/ODM para satisfacer la comercializaci\u00f3n especial.<\/li>\n<li>\u2705 Gama completa de productos, incluidos rodillos, bisagras, soportes, ra\u00edles, tambores de cable y cerraduras.<\/li>\n<li>\u2705 S\u00f3lido equipo de ingenier\u00eda para apoyar la innovaci\u00f3n de nuevos productos y las cuestiones t\u00e9cnicas.<\/li>\n<\/ul>\n<p style=\"font-size: 16px;\">En <b>poleas para puertas basculantes<\/b>\u00a0son muy importantes en t\u00e9rminos de seguridad y buen funcionamiento. Este producto presume de <b>Rueda de polea de 3 pulgadas<\/b>, <b>gu\u00eda del cable de seguridad<\/b>, acabado galvanizado y la capacidad de ser OEM personalizado. Cooperar con nosotros significa que no s\u00f3lo tiene fabricantes de hardware de puerta de garaje de primera calidad, sino tambi\u00e9n todo el apoyo de marketing mundial.<\/p>\n<\/section>","protected":false},"excerpt":{"rendered":"<p>Descubra poleas para puertas basculantes de alta calidad con rueda de polea de 3\u2033 y gu\u00eda de cable de seguridad para muelles de extensi\u00f3n. Acabado galvanizado duradero, grosor de 1,5 mm, soluciones de herrajes para puertas de garaje OEM y personalizables de un fabricante experimentado.<\/p>","protected":false},"featured_media":6884,"comment_status":"open","ping_status":"closed","template":"","meta":{"_acf_changed":false},"product_brand":[],"product_cat":[58],"product_tag":[],"class_list":{"0":"post-6883","1":"product","2":"type-product","3":"status-publish","4":"has-post-thumbnail","6":"product_cat-accessories","8":"first","9":"instock","10":"shipping-taxable","11":"product-type-grouped"},"acf":[],"_links":{"self":[{"href":"https:\/\/www.baoteng.cc\/es\/wp-json\/wp\/v2\/product\/6883","targetHints":{"allow":["GET"]}}],"collection":[{"href":"https:\/\/www.baoteng.cc\/es\/wp-json\/wp\/v2\/product"}],"about":[{"href":"https:\/\/www.baoteng.cc\/es\/wp-json\/wp\/v2\/types\/product"}],"replies":[{"embeddable":true,"href":"https:\/\/www.baoteng.cc\/es\/wp-json\/wp\/v2\/comments?post=6883"}],"wp:featuredmedia":[{"embeddable":true,"href":"https:\/\/www.baoteng.cc\/es\/wp-json\/wp\/v2\/media\/6884"}],"wp:attachment":[{"href":"https:\/\/www.baoteng.cc\/es\/wp-json\/wp\/v2\/media?parent=6883"}],"wp:term":[{"taxonomy":"product_brand","embeddable":true,"href":"https:\/\/www.baoteng.cc\/es\/wp-json\/wp\/v2\/product_brand?post=6883"},{"taxonomy":"product_cat","embeddable":true,"href":"https:\/\/www.baoteng.cc\/es\/wp-json\/wp\/v2\/product_cat?post=6883"},{"taxonomy":"product_tag","embeddable":true,"href":"https:\/\/www.baoteng.cc\/es\/wp-json\/wp\/v2\/product_tag?post=6883"}],"curies":[{"name":"wp","href":"https:\/\/api.w.org\/{rel}","templated":true}]}}