{"id":6888,"date":"2025-09-28T06:14:10","date_gmt":"2025-09-28T06:14:10","guid":{"rendered":"https:\/\/baoteng.cc\/?post_type=product&#038;p=6888"},"modified":"2025-09-28T06:23:13","modified_gmt":"2025-09-28T06:23:13","slug":"polea-de-cable-de-puerta-de-garaje-con-soporte","status":"publish","type":"product","link":"https:\/\/www.baoteng.cc\/es\/product\/polea-de-cable-de-puerta-de-garaje-con-soporte\/","title":{"rendered":"Polea de cable de puerta de garaje con soporte Herraje de puerta seccional de alta resistencia Pieza de recambio OEM Personalizable"},"content":{"rendered":"<section style=\"width: 100%; font-family: Arial, sans-serif; line-height: 1.6; color: #333;\">\n<header>\n<h1 style=\"font-size: 24px; font-weight: bold; text-align: center;\">\ud83e\uddf0 Polea de cable de puerta de garaje + soporte Heavy Duty 3 pulgadas polea galvanizado<\/h1>\n<\/header>\n<p>A <strong style=\"color: #d35400;\">polea de cable de puerta de garaje<\/strong> es una parte esencial de cualquier sistema de puerta de garaje seccional, ya que garantiza una elevaci\u00f3n y un cierre suaves y adecuados de la puerta a lo largo del tiempo. Compatible con los sistemas de muelles de torsi\u00f3n y extensi\u00f3n, esta polea con soporte equilibra la puerta para un ciclo adecuado. Dise\u00f1ada para puertas de hasta 150 libras, est\u00e1 fabricada en resistente acero galvanizado con un <strong>Soporte de 3,75 mm de grosor<\/strong>, El dise\u00f1o de la carcasa de acero inoxidable ofrece durabilidad, resistencia a la oxidaci\u00f3n y un rendimiento fiable para aplicaciones de interior o exterior.<\/p>\n<h2 style=\"font-size: 20px; margin-top: 20px;\">\u2728 Especificaciones de la polea de cable de puerta de garaje con soporte<\/h2>\n<ul>\n<li>\u2699\ufe0f <strong>Dise\u00f1o resistente:<\/strong> El soporte de 3,75 mm de grosor soporta cargas exigentes.<\/li>\n<li>\ud83d\udee1\ufe0f <strong>Galvanizado en caliente:<\/strong> Ofrece una resistencia superior a la corrosi\u00f3n, la sal y la humedad.<\/li>\n<li>\ud83d\udeaa <strong>Compatibilidad perfecta:<\/strong> Dise\u00f1ado para funcionar con puertas de garaje seccionales.<\/li>\n<li>\ud83d\udd29 <strong>Original y personalizable:<\/strong> Asistencia OEM para marcas blancas, dimensiones especiales y envases.<\/li>\n<li>\ud83d\udccf <strong>Ajuste universal:<\/strong> Compatible con la mayor\u00eda de los conjuntos de puerta de garaje seccional y soporte inferior.<\/li>\n<\/ul>\n<h2 style=\"font-size: 20px; margin-top: 20px;\">\ud83c\udfed Experiencia OEM y personalizable<\/h2>\n<p>Desde 2008, <strong style=\"color: #27ae60;\">NINGBO BAOTENG TECHNOLOGY CO., LTD<\/strong> es un fabricante profesional de herrajes para puertas de garaje con m\u00e1s de 16 a\u00f1os de experiencia. Con avanzados equipos de producci\u00f3n, desarrollo interno de moldes y estrictas inspecciones de calidad, ofrecemos soluciones OEM tanto est\u00e1ndar como no est\u00e1ndar. En <a style=\"color: #2980b9; text-decoration: none;\" href=\"https:\/\/www.baoteng.cc\/es\/bisagras\/\" target=\"_blank\" rel=\"noopener\">bisagras<\/a>, <a style=\"color: #2980b9; text-decoration: none;\" href=\"https:\/\/www.baoteng.cc\/es\/rodillos\/\" target=\"_blank\" rel=\"noopener\">rodillos<\/a>, <a href=\"https:\/\/www.baoteng.cc\/es\/soportes\/\" target=\"_blank\" rel=\"noopener\">soportes<\/a>, y <a href=\"https:\/\/www.baoteng.cc\/es\/pistas\/\" target=\"_blank\" rel=\"noopener\">pistas<\/a> hasta cerraduras y bobinas de cable: los instaladores y distribuidores pueden encontrar l\u00edneas completas de productos. Los dise\u00f1os personalizados para el grosor del soporte, el di\u00e1metro de la polea, la resistencia a la tracci\u00f3n y las normas de embalaje cumplen diversos requisitos del mercado internacional.<\/p>\n<h2 style=\"font-size: 20px; margin-top: 20px;\">\u26a1 Por qu\u00e9 elegir nuestra polea de cable de puerta de garaje<\/h2>\n<ul>\n<li>\ud83c\udf0d Exportado a m\u00e1s de 50 pa\u00edses con gran reconocimiento mundial.<\/li>\n<li>\ud83d\udd27 Fabricado con precisi\u00f3n utilizando equipos de conformado y pruebas para una calidad constante.<\/li>\n<li>\ud83d\udce6 MOQ flexibles: admiten tanto pedidos peque\u00f1os como grandes proyectos de distribuci\u00f3n.<\/li>\n<li>\ud83d\ude9b Entrega r\u00e1pida con una amplia log\u00edstica en los principales mercados internacionales.<\/li>\n<\/ul>\n<h2 style=\"font-size: 20px; margin-top: 20px;\">\ud83d\udcd8 Cumplimiento y normas del sector<\/h2>\n<p>Todas nuestras poleas y herrajes para puertas de garaje se fabrican bajo estrictos controles de calidad. Los componentes cumplen <a style=\"color: #2980b9; text-decoration: none;\" href=\"https:\/\/www.dasma.com\" target=\"_blank\" rel=\"noopener\">DASMA<\/a> y ajustarse a las normas de seguridad de la OSHA (<strong>29CFR 1910.179, C-1<\/strong>), lo que garantiza un funcionamiento fiable, una instalaci\u00f3n segura y una larga vida \u00fatil. Estas certificaciones industriales garantizan el cumplimiento de los requisitos de seguridad residenciales y comerciales, lo que las convierte en una opci\u00f3n de confianza para los mercados mundiales.<\/p>\n<h2 style=\"font-size: 20px; margin-top: 20px;\">Aplicaciones<\/h2>\n<ul>\n<li>\ud83c\udfe0 Puertas de garaje residenciales seccionales que requieren poleas inferiores con soportes.<\/li>\n<li>\ud83c\udfed Puertas de f\u00e1bricas, almacenes e industrias que requieren soluciones duraderas.<\/li>\n<li>\ud83d\ude9b Puertas de garaje comerciales en las que la seguridad y la fiabilidad son esenciales.<\/li>\n<li>\ud83d\udd12 Piezas de repuesto para conjuntos de poleas desgastadas o da\u00f1adas.<\/li>\n<\/ul>\n<h2 style=\"font-size: 20px; margin-top: 20px;\">Especificaciones t\u00e9cnicas<\/h2>\n<table style=\"border-collapse: collapse; width: 100%; text-align: left;\" border=\"1\" cellspacing=\"0\" cellpadding=\"6\">\n<tbody>\n<tr style=\"background: #f2f2f2;\">\n<th>Nombre del producto<\/th>\n<th>Espesor del soporte<\/th>\n<th>Acabado<\/th>\n<th>Material<\/th>\n<th>Aplicaci\u00f3n<\/th>\n<\/tr>\n<tr>\n<td>Polea de cable de puerta de garaje con soporte<\/td>\n<td>3,75 mm<\/td>\n<td>Galvanizado<\/td>\n<td>Acero galvanizado de alta resistencia<\/td>\n<td>Puertas de garaje seccionales residenciales y comerciales<\/td>\n<\/tr>\n<\/tbody>\n<\/table>\n<h2 style=\"font-size: 20px; margin-top: 20px;\">\ud83d\udccc \u00bfPor qu\u00e9 elegir BAOTENG?<\/h2>\n<ul>\n<li>M\u00e1s de 16 a\u00f1os de experiencia profesional en I+D y exportaci\u00f3n.<\/li>\n<li>\u2705 Ocho l\u00edneas completas de productos: cables, poleas, rodillos, bisagras, soportes, cerraduras y mucho m\u00e1s.<\/li>\n<li>\u2705 Gran capacidad OEM\/ODM para logotipos privados y personalizaci\u00f3n del sistema.<\/li>\n<li>Estrictas pruebas y avanzado sistema de gesti\u00f3n de la producci\u00f3n.<\/li>\n<\/ul>\n<h2 style=\"font-size: 20px; margin-top: 20px;\">\ud83c\udf1f Conclusi\u00f3n<\/h2>\n<p>En <strong style=\"color: #d35400;\">polea de cable de puerta de garaje con soporte<\/strong> es una pieza fundamental de los sistemas de puertas de garaje seccionales. Construido en acero galvanizado con un soporte de 3,75 mm de alta resistencia, garantiza un funcionamiento seguro, suave y duradero. Con <strong style=\"color: #27ae60;\">BAOTENG OEM y personalizaci\u00f3n<\/strong>, con nosotros, tendr\u00e1 un socio experto en el sector de las puertas de garaje, que le ofrecer\u00e1 soluciones de herrajes fiables y personalizadas para satisfacer los requisitos espec\u00edficos de su proyecto.<\/p>\n<\/section>","protected":false},"excerpt":{"rendered":"<p>Polea de cable de puerta de garaje de alta calidad con soporte para puertas de garaje seccionales. Hecho del acero galvanizado 3.75m m, durable y moho-resistente. OEM y soluciones personalizables de BAOTENG con m\u00e1s de 16 a\u00f1os de experiencia en la fabricaci\u00f3n.<\/p>","protected":false},"featured_media":6889,"comment_status":"open","ping_status":"closed","template":"","meta":{"_acf_changed":false},"product_brand":[],"product_cat":[58],"product_tag":[],"class_list":{"0":"post-6888","1":"product","2":"type-product","3":"status-publish","4":"has-post-thumbnail","6":"product_cat-accessories","8":"first","9":"instock","10":"shipping-taxable","11":"product-type-grouped"},"acf":[],"_links":{"self":[{"href":"https:\/\/www.baoteng.cc\/es\/wp-json\/wp\/v2\/product\/6888","targetHints":{"allow":["GET"]}}],"collection":[{"href":"https:\/\/www.baoteng.cc\/es\/wp-json\/wp\/v2\/product"}],"about":[{"href":"https:\/\/www.baoteng.cc\/es\/wp-json\/wp\/v2\/types\/product"}],"replies":[{"embeddable":true,"href":"https:\/\/www.baoteng.cc\/es\/wp-json\/wp\/v2\/comments?post=6888"}],"wp:featuredmedia":[{"embeddable":true,"href":"https:\/\/www.baoteng.cc\/es\/wp-json\/wp\/v2\/media\/6889"}],"wp:attachment":[{"href":"https:\/\/www.baoteng.cc\/es\/wp-json\/wp\/v2\/media?parent=6888"}],"wp:term":[{"taxonomy":"product_brand","embeddable":true,"href":"https:\/\/www.baoteng.cc\/es\/wp-json\/wp\/v2\/product_brand?post=6888"},{"taxonomy":"product_cat","embeddable":true,"href":"https:\/\/www.baoteng.cc\/es\/wp-json\/wp\/v2\/product_cat?post=6888"},{"taxonomy":"product_tag","embeddable":true,"href":"https:\/\/www.baoteng.cc\/es\/wp-json\/wp\/v2\/product_tag?post=6888"}],"curies":[{"name":"wp","href":"https:\/\/api.w.org\/{rel}","templated":true}]}}