{"id":6892,"date":"2025-09-29T02:16:03","date_gmt":"2025-09-29T02:16:03","guid":{"rendered":"https:\/\/baoteng.cc\/?post_type=product&#038;p=6892"},"modified":"2025-09-29T02:21:54","modified_gmt":"2025-09-29T02:21:54","slug":"casquillo-de-nylon-para-muelle-de-torsion-de-puerta-de-garaje","status":"publish","type":"product","link":"https:\/\/www.baoteng.cc\/es\/product\/casquillo-de-nylon-para-muelle-de-torsion-de-puerta-de-garaje\/","title":{"rendered":"Puerta de garaje torsi\u00f3n primavera nylon buje 1\u2033 ID 2\u2033 OD centro pl\u00e1stico buje OEM personalizable"},"content":{"rendered":"<section style=\"width: 100%; font-family: Arial, sans-serif; line-height: 1.6; color: #333;\">\n<header>\n<h1 style=\"font-size: 24px; font-weight: bold; text-align: center;\">Casquillo de nylon para muelle de torsi\u00f3n de puerta de garaje<\/h1>\n<\/header>\n<p>Se trata de un Blanco <strong>Casquillo de pl\u00e1stico central de 1\u2033 de di\u00e1metro interior x 2\u2033 de di\u00e1metro exterior<\/strong> (Ajuste de la tensi\u00f3n o estabilizador). El <strong>casquillo de nylon para muelle de torsi\u00f3n de puerta de garaje<\/strong> puede ser ligero, pero desempe\u00f1a un papel especial en la fabricaci\u00f3n de puertas de garaje seccionales y basculantes funcionan sin problemas y duran m\u00e1s. Construido a partir de pl\u00e1stico de primera calidad, este casquillo est\u00e1 dise\u00f1ado para tener un di\u00e1metro interior de 1\u2033 (ID) y 2\u2033 de di\u00e1metro exterior (OD), asegurando que se ajusta firmemente sobre las placas centrales de resorte de torsi\u00f3n est\u00e1ndar. Perfecto para garajes residenciales o aplicaciones comerciales ligeras, proporciona una acci\u00f3n suave y una larga vida \u00fatil del ciclo. \ud83d\udeaa<\/p>\n<h2 style=\"font-size: 20px; margin-top: 20px;\">\ud83d\udd0d \u00bfPor qu\u00e9 utilizar un casquillo de nylon para muelle de torsi\u00f3n de puerta de garaje?<\/h2>\n<p>El casquillo de nailon ofrece una excelente resistencia al desgaste, un dise\u00f1o ligero y una mayor resistencia a la corrosi\u00f3n que los cojinetes met\u00e1licos. Reduce la fricci\u00f3n entre el eje de torsi\u00f3n y el soporte central fijo, eliminando los traqueteos y chirridos. Al reducir la tensi\u00f3n sobre los muelles de torsi\u00f3n y los cables, prolonga la vida \u00fatil del sistema al tiempo que proporciona un rendimiento de elevaci\u00f3n suave y silencioso.<\/p>\n<h2 style=\"font-size: 20px; margin-top: 20px;\">\u2728 Caracter\u00edsticas principales<\/h2>\n<ul>\n<li>Material: Pl\u00e1stico de alta resistencia (nailon) para una mayor durabilidad<\/li>\n<li>ID: 1\u2033 - se adapta a los ejes de torsi\u00f3n est\u00e1ndar.<\/li>\n<li>DE: 2\u2033 - se adapta a las placas de cojinete centrales<\/li>\n<li>Ligero: Manejo m\u00e1s f\u00e1cil y menor tensi\u00f3n en el sistema<\/li>\n<li>Reducci\u00f3n del ruido: Funcionamiento m\u00e1s silencioso en comparaci\u00f3n con el acero<\/li>\n<li>OEM y personalizable: Disponible en tama\u00f1os, marcas y envases especiales<\/li>\n<\/ul>\n<h2 style=\"font-size: 20px; margin-top: 20px;\">\ud83c\udfd7 Aplicaciones de las puertas de garaje<\/h2>\n<p>En <strong>casquillo de nylon para muelle de torsi\u00f3n de puerta de garaje<\/strong> se utiliza normalmente en el centro de un conjunto de muelles. El eje se enrolla a trav\u00e9s del casquillo mientras que la placa permanece inm\u00f3vil. Esta funci\u00f3n es vital para equilibrar la puerta y reducir la tensi\u00f3n en otras piezas. Adecuado para puertas de garaje de uno o dos coches, es ideal para puertas seccionales residenciales de hasta 12 pies de altura y puertas basculantes comerciales de uso ligero.<\/p>\n<h2 style=\"font-size: 20px; margin-top: 20px;\">\u2692\ufe0f Ventajas del OEM y la personalizaci\u00f3n<\/h2>\n<p>Baoteng se especializa en piezas OEM y personalizadas para puertas de garaje. Los casquillos de nailon se pueden adaptar con tama\u00f1os, colores, logotipos y embalajes personalizados. Con equipos de producci\u00f3n avanzados y t\u00e9cnicos experimentados, ofrecemos soluciones flexibles para distribuidores, mayoristas y contratistas. Tanto si se trata de lotes peque\u00f1os como de pedidos a gran escala, nuestras capacidades OEM garantizan una entrega r\u00e1pida y una fabricaci\u00f3n precisa.<\/p>\n<h2 style=\"font-size: 20px; margin-top: 20px;\">\ud83d\udccf Cumplimiento de las normas del sector<\/h2>\n<p>Nuestros casquillos termopl\u00e1sticos se fabrican bajo estrictos controles de calidad y normas internacionales. En EE.UU., nos adherimos a <a href=\"https:\/\/www.astm.org\/\" target=\"_blank\" rel=\"noopener\">ASTM Internacional<\/a> que garantizan la seguridad, durabilidad y compatibilidad con la mayor\u00eda de los sistemas de puertas de garaje. Cada casquillo se somete a comprobaciones dimensionales y pruebas de rendimiento antes de su entrega.<\/p>\n<h2 style=\"font-size: 20px; margin-top: 20px;\">\ud83d\udd27 Consejos de instalaci\u00f3n y mantenimiento<\/h2>\n<p>La instalaci\u00f3n debe ser realizada por profesionales debido a la alta tensi\u00f3n de los muelles de torsi\u00f3n. Sustituya siempre los casquillos cuando realice el mantenimiento de los muelles de torsi\u00f3n para evitar un desgaste prematuro. La lubricaci\u00f3n peri\u00f3dica del eje y la inspecci\u00f3n del conjunto de torsi\u00f3n maximizar\u00e1n la vida \u00fatil y garantizar\u00e1n un funcionamiento seguro y suave.<\/p>\n<h2 style=\"font-size: 20px; margin-top: 20px;\">Especificaciones del producto<\/h2>\n<table style=\"width: 100%; border-collapse: collapse; margin-top: 10px;\">\n<tbody>\n<tr>\n<td style=\"border: 1px solid #ccc; padding: 8px;\">Nombre del producto<\/td>\n<td style=\"border: 1px solid #ccc; padding: 8px;\">Casquillo de nylon para muelle de torsi\u00f3n de puerta de garaje<\/td>\n<\/tr>\n<tr>\n<td style=\"border: 1px solid #ccc; padding: 8px;\">Material<\/td>\n<td style=\"border: 1px solid #ccc; padding: 8px;\">Pl\u00e1stico (Nylon)<\/td>\n<\/tr>\n<tr>\n<td style=\"border: 1px solid #ccc; padding: 8px;\">Di\u00e1metro interior (DI)<\/td>\n<td style=\"border: 1px solid #ccc; padding: 8px;\">1&#8243;<\/td>\n<\/tr>\n<tr>\n<td style=\"border: 1px solid #ccc; padding: 8px;\">Di\u00e1metro exterior (OD)<\/td>\n<td style=\"border: 1px solid #ccc; padding: 8px;\">2&#8243;<\/td>\n<\/tr>\n<tr>\n<td style=\"border: 1px solid #ccc; padding: 8px;\">Aplicaci\u00f3n<\/td>\n<td style=\"border: 1px solid #ccc; padding: 8px;\">Casquillo central de puerta de garaje<\/td>\n<\/tr>\n<tr>\n<td style=\"border: 1px solid #ccc; padding: 8px;\">OEM\/ODM<\/td>\n<td style=\"border: 1px solid #ccc; padding: 8px;\">Disponible<\/td>\n<\/tr>\n<\/tbody>\n<\/table>\n<h2 style=\"font-size: 20px; margin-top: 20px;\">\ud83c\udf0d \u00bfPor qu\u00e9 trabajar con Baoteng?<\/h2>\n<p>Fundada en 2008, <a href=\"https:\/\/www.baoteng.cc\/es\/vision-general-de-la-empresa\/\" target=\"_blank\" rel=\"noopener\">Baoteng<\/a> se ha convertido en l\u00edder mundial en herrajes para puertas de garaje. Nuestra gama de productos incluye <a href=\"https:\/\/www.baoteng.cc\/es\/rodillos\/\" target=\"_blank\" rel=\"noopener\">rodillos para puertas de garaje<\/a>, <a href=\"https:\/\/www.baoteng.cc\/es\/bisagras\/\" target=\"_blank\" rel=\"noopener\">bisagras<\/a>, soportes, carriles, tambores de cable y sistemas de cierre. Con m\u00e1s de 300 empleados experimentados, equipos de ensayo avanzados y exportaciones a m\u00e1s de 50 pa\u00edses, gozamos de la confianza de todo el mundo. Nuestros servicios OEM y de personalizaci\u00f3n ofrecen a distribuidores e instaladores una ventaja competitiva en calidad y flexibilidad.<\/p>\n<h2 style=\"font-size: 20px; margin-top: 20px;\">Conclusi\u00f3n<\/h2>\n<p>En <strong>Casquillo de nylon para muelle de torsi\u00f3n de puerta de garaje de 1\u2033 de di\u00e1metro interior x 2\u2033 de di\u00e1metro exterior<\/strong> es un componente peque\u00f1o pero esencial que garantiza un funcionamiento suave, silencioso y duradero de la puerta del garaje. Con m\u00e1s de 16 a\u00f1os de experiencia y s\u00f3lidas capacidades OEM, Baoteng ofrece soluciones fiables y personalizables para distribuidores, mayoristas e instaladores de todo el mundo. \u2699\ufe0f\ud83d\udd27<\/p>\n<\/section>","protected":false},"excerpt":{"rendered":"<p>Alta calidad garaje puerta torsi\u00f3n primavera nylon buje 1\u2033 ID y 2\u2033 OD centro pl\u00e1stico buje. Durable, ligero y dise\u00f1ado para puertas de garaje residenciales o comerciales. OEM y opciones personalizables disponibles de un fabricante profesional.<\/p>","protected":false},"featured_media":6893,"comment_status":"open","ping_status":"closed","template":"","meta":{"_acf_changed":false},"product_brand":[],"product_cat":[58],"product_tag":[],"class_list":{"0":"post-6892","1":"product","2":"type-product","3":"status-publish","4":"has-post-thumbnail","6":"product_cat-accessories","8":"first","9":"instock","10":"shipping-taxable","11":"product-type-grouped"},"acf":[],"_links":{"self":[{"href":"https:\/\/www.baoteng.cc\/es\/wp-json\/wp\/v2\/product\/6892","targetHints":{"allow":["GET"]}}],"collection":[{"href":"https:\/\/www.baoteng.cc\/es\/wp-json\/wp\/v2\/product"}],"about":[{"href":"https:\/\/www.baoteng.cc\/es\/wp-json\/wp\/v2\/types\/product"}],"replies":[{"embeddable":true,"href":"https:\/\/www.baoteng.cc\/es\/wp-json\/wp\/v2\/comments?post=6892"}],"wp:featuredmedia":[{"embeddable":true,"href":"https:\/\/www.baoteng.cc\/es\/wp-json\/wp\/v2\/media\/6893"}],"wp:attachment":[{"href":"https:\/\/www.baoteng.cc\/es\/wp-json\/wp\/v2\/media?parent=6892"}],"wp:term":[{"taxonomy":"product_brand","embeddable":true,"href":"https:\/\/www.baoteng.cc\/es\/wp-json\/wp\/v2\/product_brand?post=6892"},{"taxonomy":"product_cat","embeddable":true,"href":"https:\/\/www.baoteng.cc\/es\/wp-json\/wp\/v2\/product_cat?post=6892"},{"taxonomy":"product_tag","embeddable":true,"href":"https:\/\/www.baoteng.cc\/es\/wp-json\/wp\/v2\/product_tag?post=6892"}],"curies":[{"name":"wp","href":"https:\/\/api.w.org\/{rel}","templated":true}]}}