{"id":6943,"date":"2025-09-30T03:40:35","date_gmt":"2025-09-30T03:40:35","guid":{"rendered":"https:\/\/baoteng.cc\/?post_type=product&#038;p=6943"},"modified":"2025-09-30T03:58:19","modified_gmt":"2025-09-30T03:58:19","slug":"perno-de-carro-galvanizado-con-tuercas-de-brida","status":"publish","type":"product","link":"https:\/\/www.baoteng.cc\/es\/product\/perno-de-carro-galvanizado-con-tuercas-de-brida\/","title":{"rendered":"Kit de pernos de carruaje galvanizados de media cabeza redonda con tuercas de brida 8mm x 16mm Herrajes para puertas de garaje OEM Personalizable"},"content":{"rendered":"<section style=\"width: 100%; font-family: Arial, sans-serif; line-height: 1.6; color: #333;\">\n<header>\n<h1 style=\"font-size: 24px; font-weight: bold; text-align: center;\">Puerta de garaje galvanizado carruaje perno media cabeza redonda + brida tuercas 8mm x 16mm (galvanizado) \ud83d\udd29<\/h1>\n<\/header>\n<p>Los pernos de cabeza semiredonda con tuercas con reborde (8 mm x 16 mm) son una valiosa herramienta \u00fatil en aplicaciones de electrodom\u00e9sticos y construcci\u00f3n. Con una durabilidad a largo plazo hecha para durar, estos pernos son ideales en aplicaciones residenciales, comerciales y de industria ligera. Con el apoyo de OEM y servicios a medida, los distribuidores y contratistas de todo el mundo tienen la confianza para conseguir que se suministra de acuerdo con el dise\u00f1o de Baoteng y la capacidad de producci\u00f3n. \ud83d\udeaa\u2699\ufe0f<\/p>\n<h2 style=\"font-size: 20px; margin-top: 20px;\">\ud83d\udd0d \u00bfPor qu\u00e9 kits de pernos de carruaje galvanizados?<\/h2>\n<p>La cabeza semiredonda en forma de c\u00fapula permite instalar el perno en el panel de la puerta, mientras que el cuello cuadrado impide que el perno gire una vez aplicadas las herramientas. A diferencia de otros pernos normales, el perno de carruaje no necesita arandela. Se incluyen tuercas con reborde, con las que el herraje se coloca f\u00e1cilmente y se fija con rapidez, por lo que nunca tendr\u00e1 que buscar una arandela adicional. Estas ventajas los convierten en la elecci\u00f3n perfecta para puertas de garaje. \ud83d\udcaa<\/p>\n<h2 style=\"font-size: 20px; margin-top: 20px;\">\u2728 Caracter\u00edsticas principales<\/h2>\n<ul style=\"list-style: disc; margin-left: 20px;\">\n<li>Material: Acero al carbono de alta calidad con acabado galvanizado para una m\u00e1xima solidez y resistencia a la corrosi\u00f3n<\/li>\n<li>Estilo de cabeza: Cabeza de media c\u00fapula redonda con cuello cuadrado para evitar la rotaci\u00f3n<\/li>\n<li>Tipo de tuerca: Tuercas de brida para mayor estabilidad y montaje r\u00e1pido<\/li>\n<li>Tama\u00f1o: 8 mm x 16 mm, ajuste est\u00e1ndar para paneles, bisagras y soportes de puertas de garaje<\/li>\n<li>Acabado: Galvanizado para mayor durabilidad en exteriores<\/li>\n<li>OEM y personalizable: Opciones de marca, tama\u00f1o, embalaje y acabado.<\/li>\n<\/ul>\n<h2 style=\"font-size: 20px; margin-top: 20px;\">\ud83c\udfd7 Aplicaciones en puertas de garaje<\/h2>\n<p>Este juego de pernos de carruaje galvanizados se utiliza ampliamente para instalar y reparar tirantes, bisagras y paneles de puertas seccionales. Los sujetadores de alta resistencia son ideales para marcos, rieles y soportes. Las tuercas de brida garantizan una mayor distribuci\u00f3n de la carga y resistencia a las vibraciones, manteniendo las puertas de garaje seguras durante un funcionamiento repetido. \u2692\ufe0f<\/p>\n<h2 style=\"font-size: 20px; margin-top: 20px;\">\u2692\ufe0f Ventajas del OEM y la personalizaci\u00f3n<\/h2>\n<p>Baoteng ofrece una amplia variedad de kits de pernos de carro galvanizados con soporte ODM y OEM. Las opciones incluyen m\u00faltiples tama\u00f1os (M6-M12), acabados (zincado, \u00f3xido negro, galvanizado) y marca privada. Con m\u00e1s de 16 a\u00f1os de experiencia, maquinaria CNC avanzada, moldes de fabricaci\u00f3n propia y una gran capacidad de producci\u00f3n, proporcionamos fijaciones de ingenier\u00eda de precisi\u00f3n. Gestionamos tanto env\u00edos urgentes como cargas FCL con plazos de entrega estables. \ud83c\udf0d<\/p>\n<h2 style=\"font-size: 20px; margin-top: 20px;\">\ud83d\udccf Cumplimiento de las normas del sector<\/h2>\n<p>Cada kit de pernos de carruaje galvanizados se fabrica bajo una estricta gesti\u00f3n de calidad y se somete a pruebas de carga de prueba, resistencia a la tracci\u00f3n y precisi\u00f3n dimensional. Nuestros productos cumplen o superan <a href=\"https:\/\/www.astm.org\/\" target=\"_blank\" rel=\"noopener\">Normas internacionales ASTM<\/a>, garantizando la seguridad y durabilidad en todos los sistemas de puertas de garaje estadounidenses y europeos. \u2705<\/p>\n<h2 style=\"font-size: 20px; margin-top: 20px;\">\ud83d\udd27 Consejos de instalaci\u00f3n y mantenimiento<\/h2>\n<p>La instalaci\u00f3n es sencilla: inserte el perno a trav\u00e9s del orificio pretaladrado con el cuello cuadrado asentado y, a continuaci\u00f3n, f\u00edjelo con la tuerca con reborde. No se necesita arandela. Se recomienda la inspecci\u00f3n peri\u00f3dica de los rodillos, bisagras y paneles de la puerta del garaje. Aplique spray antioxidante cuando se utilicen en el exterior para prolongar su vida \u00fatil. \ud83d\udee0\ufe0f<\/p>\n<h2 style=\"font-size: 20px; margin-top: 20px;\">Especificaciones del producto<\/h2>\n<table style=\"width: 100%; border-collapse: collapse; margin-top: 10px;\">\n<tbody>\n<tr>\n<td style=\"border: 1px solid #ccc; padding: 8px;\">Nombre del producto<\/td>\n<td style=\"border: 1px solid #ccc; padding: 8px;\">Perno de carro galvanizado con tuercas de brida<\/td>\n<\/tr>\n<tr>\n<td style=\"border: 1px solid #ccc; padding: 8px;\">Material<\/td>\n<td style=\"border: 1px solid #ccc; padding: 8px;\">Acero al carbono<\/td>\n<\/tr>\n<tr>\n<td style=\"border: 1px solid #ccc; padding: 8px;\">Acabado<\/td>\n<td style=\"border: 1px solid #ccc; padding: 8px;\">Galvanizado<\/td>\n<\/tr>\n<tr>\n<td style=\"border: 1px solid #ccc; padding: 8px;\">Cabeza<\/td>\n<td style=\"border: 1px solid #ccc; padding: 8px;\">Cabeza de c\u00fapula semiredonda con cuello cuadrado<\/td>\n<\/tr>\n<tr>\n<td style=\"border: 1px solid #ccc; padding: 8px;\">Tuerca<\/td>\n<td style=\"border: 1px solid #ccc; padding: 8px;\">Tuerca de brida<\/td>\n<\/tr>\n<tr>\n<td style=\"border: 1px solid #ccc; padding: 8px;\">Talla<\/td>\n<td style=\"border: 1px solid #ccc; padding: 8px;\">8 mm x 16 mm<\/td>\n<\/tr>\n<tr>\n<td style=\"border: 1px solid #ccc; padding: 8px;\">Utilice<\/td>\n<td style=\"border: 1px solid #ccc; padding: 8px;\">Paneles, bisagras, soportes y gu\u00edas para puertas de garaje<\/td>\n<\/tr>\n<tr>\n<td style=\"border: 1px solid #ccc; padding: 8px;\">OEM<\/td>\n<td style=\"border: 1px solid #ccc; padding: 8px;\">S\u00cd (color \/ tama\u00f1o \/ marca \/ embalaje)<\/td>\n<\/tr>\n<\/tbody>\n<\/table>\n<h2 style=\"font-size: 20px; margin-top: 20px;\">\ud83c\udf0d \u00bfPor qu\u00e9 trabajar con Baoteng?<\/h2>\n<p>Fundada en 2008, Ningbo Baoteng Technology Co. suministra herrajes para puertas de garaje en todo el mundo. Nuestra gama de productos incluye <a href=\"https:\/\/www.baoteng.cc\/es\/rodillos\/\" target=\"_blank\" rel=\"noopener\">rodillos para puertas de garaje<\/a>, <a href=\"https:\/\/www.baoteng.cc\/es\/bisagras\/\" target=\"_blank\" rel=\"noopener\">bisagras<\/a>, <a href=\"https:\/\/www.baoteng.cc\/es\/soportes\/\" target=\"_blank\" rel=\"noopener\">soportes<\/a>, de la marca Baoteng, orugas, tambores de cable, ejes y sistemas de cierre. Con un s\u00f3lido equipo de I+D, mano de obra cualificada y capacidad de personalizaci\u00f3n OEM, Baoteng ofrece soluciones innovadoras a m\u00e1s de 50 pa\u00edses. \ud83c\udfed<\/p>\n<h2 style=\"font-size: 20px; margin-top: 20px;\">Conclusi\u00f3n<\/h2>\n<p>El perno de carro galvanizado con media cabeza redonda y tuercas con reborde es una soluci\u00f3n de fijaci\u00f3n duradera y vers\u00e1til para puertas de garaje. Con resistencia a la corrosi\u00f3n, instalaci\u00f3n r\u00e1pida y opciones OEM, este kit de pernos cuenta con la confianza de distribuidores, mayoristas y contratistas de todo el mundo. \u2699\ufe0f\ud83d\udd27<\/p>\n<\/section>","protected":false},"excerpt":{"rendered":"<ul style=\"list-style: disc; margin-left: 20px;\">\n<li>Tipo de tuerca: Tuercas de brida para mayor estabilidad y montaje r\u00e1pido<\/li>\n<li>Tama\u00f1o: 8 mm x 16 mm, ajuste est\u00e1ndar para paneles, bisagras y soportes de puertas de garaje<\/li>\n<li>Acabado: Galvanizado para mayor durabilidad en exteriores<\/li>\n<li>OEM y personalizable: Opciones de marca, tama\u00f1o, embalaje y acabado.<\/li>\n<\/ul>","protected":false},"featured_media":6944,"comment_status":"open","ping_status":"closed","template":"","meta":{"_acf_changed":false},"product_brand":[],"product_cat":[58],"product_tag":[],"class_list":{"0":"post-6943","1":"product","2":"type-product","3":"status-publish","4":"has-post-thumbnail","6":"product_cat-accessories","8":"first","9":"instock","10":"shipping-taxable","11":"product-type-grouped"},"acf":[],"_links":{"self":[{"href":"https:\/\/www.baoteng.cc\/es\/wp-json\/wp\/v2\/product\/6943","targetHints":{"allow":["GET"]}}],"collection":[{"href":"https:\/\/www.baoteng.cc\/es\/wp-json\/wp\/v2\/product"}],"about":[{"href":"https:\/\/www.baoteng.cc\/es\/wp-json\/wp\/v2\/types\/product"}],"replies":[{"embeddable":true,"href":"https:\/\/www.baoteng.cc\/es\/wp-json\/wp\/v2\/comments?post=6943"}],"wp:featuredmedia":[{"embeddable":true,"href":"https:\/\/www.baoteng.cc\/es\/wp-json\/wp\/v2\/media\/6944"}],"wp:attachment":[{"href":"https:\/\/www.baoteng.cc\/es\/wp-json\/wp\/v2\/media?parent=6943"}],"wp:term":[{"taxonomy":"product_brand","embeddable":true,"href":"https:\/\/www.baoteng.cc\/es\/wp-json\/wp\/v2\/product_brand?post=6943"},{"taxonomy":"product_cat","embeddable":true,"href":"https:\/\/www.baoteng.cc\/es\/wp-json\/wp\/v2\/product_cat?post=6943"},{"taxonomy":"product_tag","embeddable":true,"href":"https:\/\/www.baoteng.cc\/es\/wp-json\/wp\/v2\/product_tag?post=6943"}],"curies":[{"name":"wp","href":"https:\/\/api.w.org\/{rel}","templated":true}]}}