{"id":6951,"date":"2025-09-30T06:05:36","date_gmt":"2025-09-30T06:05:36","guid":{"rendered":"https:\/\/baoteng.cc\/?post_type=product&#038;p=6951"},"modified":"2025-09-30T06:56:02","modified_gmt":"2025-09-30T06:56:02","slug":"tornillos-de-cabeza-hexagonal-pernos-tuercas-rosca-gruesa-completa","status":"publish","type":"product","link":"https:\/\/www.baoteng.cc\/es\/product\/tornillos-de-cabeza-hexagonal-pernos-tuercas-rosca-gruesa-completa\/","title":{"rendered":"Tornillos Cabeza Hexagonal Tuercas Rosca Gruesa Galvanizado 10mm*25mm 10mm*40mm OEM Custom"},"content":{"rendered":"<section style=\"width: 100%; font-family: Arial, sans-serif; line-height: 1.6; color: #333;\">\n<header>\n<h1 style=\"font-size: 24px; font-weight: bold; text-align: center;\">Tornillos de cabeza hexagonal Premium - Pernos, Tuercas, Rosca Completa, Rosca Gruesa<\/h1>\n<\/header>\n<p>\ud83d\udd29 Bienvenido a nuestros tornillos de cabeza hexagonal de alta calidad. Estos sujetadores se ofrecen en dos tama\u00f1os: 10mm*25mm y 10mm*40mm, y est\u00e1n disponibles en un acabado galvanizado de alta resistencia que est\u00e1 construido para durar a trav\u00e9s de la prueba del tiempo.<\/p>\n<p>Nuestros tornillos de cabeza hexagonal son muy fuertes y son ideales para uso en interiores y exteriores con una excelente resistencia a la corrosi\u00f3n. Cada tornillo, perno y sujetador es de fuerza superior para un rendimiento consistente.<\/p>\n<h2 style=\"font-size: 20px; margin-top: 20px;\">\u2728 Caracter\u00edsticas del producto:<\/h2>\n<ul style=\"list-style: disc; margin-left: 20px;\">\n<li>Material: Acero con acabado galvanizado resistente al \u00f3xido \ud83d\udee0\ufe0f<\/li>\n<li>Tama\u00f1os disponibles: 10mm*25mm, 10mm*40mm<\/li>\n<li>Estilo de rosca: Lleno; Grueso a elegir<\/li>\n<li>Dise\u00f1os OEM y personalizados disponibles - Respaldamos los pedidos de dise\u00f1o de los clientes con casi 20 a\u00f1os de experiencia en el sector<\/li>\n<li>Excelente resistencia a la oxidaci\u00f3n para uso en interiores y exteriores \ud83c\udf26\ufe0f<\/li>\n<li>Conforme a las normas industriales estadounidenses e internacionales<\/li>\n<\/ul>\n<p>Nuestra empresa <a href=\"https:\/\/www.baoteng.cc\/es\/vision-general-de-la-empresa\/\" target=\"_blank\" rel=\"noopener\">NINGBO BAOTENG TECHNOLOGY CO., LTD<\/a> se ha concentrado en elementos de fijaci\u00f3n, piezas para puertas de garaje y piezas met\u00e1licas de precisi\u00f3n durante m\u00e1s de 18 a\u00f1os. Equipados con m\u00e1quinas de producci\u00f3n avanzadas, un equipo excelente y un estricto sistema de control de calidad, nos aseguramos de que todos y cada uno de los tornillos de cabeza hexagonal alta satisfagan a los clientes.<\/p>\n<h2 style=\"font-size: 20px; margin-top: 20px;\">\ud83d\udca1 \u00bfPor qu\u00e9 nuestros tornillos de cabeza hexagonal?<\/h2>\n<ul style=\"list-style: disc; margin-left: 20px;\">\n<li style=\"list-style-type: none;\">Rendimiento: El recubrimiento de zinc ofrece protecci\u00f3n contra el \u00f3xido permitiendo que el producto dure.<\/li>\n<li style=\"list-style-type: none;\">\u26a1 Resistencia del material: los materiales de alta calidad confieren al tornillo resistencia a la tracci\u00f3n.<\/li>\n<li style=\"list-style-type: none;\">\ud83c\udfa8 Personalizable: Servicio OEM, proporcionar tama\u00f1os personalizados, acabados y tipos de rosca para satisfacer sus necesidades \u00fanicas.<\/li>\n<li style=\"list-style-type: none;\">\ud83c\udf0e Experiencia: Casi 20 a\u00f1os de experiencia en la fabricaci\u00f3n de elementos de fijaci\u00f3n y piezas de puertas de garaje para la exportaci\u00f3n.<\/li>\n<li style=\"list-style-type: none;\">\ud83d\udd17 Compatibilidad: Ideal para puertas de garaje, instalaciones industriales, proyectos de construcci\u00f3n y uso dom\u00e9stico (bricolaje). Ver m\u00e1s: <a href=\"https:\/\/www.baoteng.cc\/es\/rodillos\/\" target=\"_blank\" rel=\"noopener\">Rodillos de puerta de garaje<\/a>, <a href=\"https:\/\/www.baoteng.cc\/es\/bisagras\/\" target=\"_blank\" rel=\"noopener\">Bisagras de puertas de garaje<\/a>.<\/li>\n<\/ul>\n<p>Nuestros tornillos de cabeza hexagonal son apropiados en:<\/p>\n<ul style=\"list-style: disc; margin-left: 20px;\">\n<li>Puertas de garaje residenciales \ud83c\udfe1<\/li>\n<li>Maquinaria comercial e industrial \ud83c\udfed<\/li>\n<li>Montaje de muebles \ud83e\ude91<\/li>\n<li>Proyectos y personalizaciones de los propios usuarios<\/li>\n<li>Estructuras y aparatos exteriores expuestos a la intemperie<\/li>\n<\/ul>\n<p>Cada lote se somete a rigurosas pruebas para comprobar la precisi\u00f3n de la rosca, la resistencia a la tracci\u00f3n y el perfecto galvanizado. Esto garantiza que cada tornillo, perno y tuerca sea de la mejor calidad y cumpla los requisitos de rendimiento y seguridad \ud83d\udd12.<\/p>\n<h2 style=\"font-size: 20px; margin-top: 20px;\">\ud83c\udf1f OEM y personalizaci\u00f3n<\/h2>\n<p>Nos centramos en tornillos de cabeza hexagonal hechos a medida seg\u00fan sus requisitos exactos. Ya sean m\u00e1s largos, m\u00e1s gruesos o con un tipo de rosca especial, nuestro equipo de ingenier\u00eda siempre est\u00e1 preparado para ofrecerle una soluci\u00f3n r\u00e1pida. Encuentre aqu\u00ed otras posibilidades de fijaci\u00f3n: <a href=\"https:\/\/www.baoteng.cc\/es\/soportes\/\" target=\"_blank\" rel=\"noopener\">Soportes para puertas de garaje<\/a>.<\/p>\n<p>Nuestras piezas cumplen o superan todas las normas sobre torniller\u00eda, incluidas las normas ASTM, SAE, DIN, ISO y otras normas internacionales. Proporcionamos soporte t\u00e9cnico y asistencia para una amplia gama de aplicaciones industriales. Para m\u00e1s informaci\u00f3n sobre torniller\u00eda industrial, visite <a href=\"https:\/\/www.engineeringtoolbox.com\" target=\"_blank\" rel=\"noopener\">Caja de herramientas de ingenier\u00eda<\/a>.<\/p>\n<h2 style=\"font-size: 20px; margin-top: 20px;\">\ud83d\udcbc Experiencia en el sector<\/h2>\n<p>Como l\u00edder en la industria de fabricaci\u00f3n y distribuci\u00f3n, LotFancy ha ofrecido productos a m\u00e1s de 50 pa\u00edses durante m\u00e1s de 15 a\u00f1os; ofreciendo 3 a\u00f1os de garant\u00eda de producto para Pernos de Cabeza Hexagonal, Tornillos, Tuercas incluidos y calidad sobresaliente. Debido a nuestra fabricaci\u00f3n de vanguardia y mano de obra altamente calificada, nos aseguramos de que usted obtenga un producto de alta calidad por menos.<\/p>\n<h2 style=\"font-size: 20px; margin-top: 20px;\">\ud83d\uded2 Aplicaci\u00f3n<\/h2>\n<p>Al instalar tornillos de cabeza hexagonal, ajuste el par de apriete adecuado para evitar apretarlos en exceso. Apri\u00e9telos bien con las llaves o vasos adecuados. Para aplicaciones exigentes, utilice arandelas y contratuercas para una seguridad \u00f3ptima.<\/p>\n<h2 style=\"font-size: 20px; margin-top: 20px;\">Principales ventajas<\/h2>\n<ul style=\"list-style: disc; margin-left: 20px;\">\n<li>Muy resistentes a la corrosi\u00f3n y tienen una vida \u00fatil muy larga \ud83c\udf1f<\/li>\n<li>Polivalente para muchos usos industriales y de contratistas \ud83c\udfd7\ufe0f<\/li>\n<li>Atornillado seguro gracias a la precisi\u00f3n de la rosca y la geometr\u00eda de la cabeza \ud83d\udd27<\/li>\n<li>Soluciones OEM adaptadas a su proyecto \ud83d\udca1<\/li>\n<li>Producci\u00f3n de confianza de una empresa con experiencia desde hace casi 20 a\u00f1os \ud83c\udf10<\/li>\n<\/ul>\n<p>Tanto si necesita tornillos de tama\u00f1o m\u00e9trico, como 10 mm*25 mm, o est\u00e1ndar, como 10 mm*40 mm, o tornillos de cabeza hexagonal de rosca gruesa y rosca completa personalizados para su proyecto industrial, <a href=\"https:\/\/www.baoteng.cc\/es\/vision-general-de-la-empresa\/\" target=\"_blank\" rel=\"noopener\">NINGBO BAOTENG TECHNOLOGY CO., LTD<\/a> tiene el servicio fiable que est\u00e1 buscando. Nuestro objetivo es 100% la satisfacci\u00f3n del cliente, la velocidad y el valor del producto.<\/p>\n<p>Consulte nuestra l\u00ednea completa de herrajes para complementar sus fijaciones: <a href=\"https:\/\/www.baoteng.cc\/es\/pistas\/\" target=\"_blank\" rel=\"noopener\">Gu\u00edas para puertas de garaje<\/a>, <a href=\"https:\/\/www.baoteng.cc\/es\/ejes\/\" target=\"_blank\" rel=\"noopener\">Ejes de puerta de garaje<\/a>, y <a href=\"https:\/\/www.baoteng.cc\/es\/asas-cerraduras\/\" target=\"_blank\" rel=\"noopener\">Manillas y cerraduras de puertas de garaje<\/a>. Nuestros ingenieros est\u00e1n disponibles para proyectos personalizados y soluciones de prototipos \ud83d\ude80.<\/p>\n<p>\ud83d\udd39 Invierte en tornillos de cabeza hexagonal de alta calidad para toda una vida de uso y el equilibrio ideal entre resistencia, durabilidad y personalizaci\u00f3n profesional. Desde puertas de garaje y maquinaria industrial hasta proyectos de bricolaje, nuestros tornillos ofrecen el rendimiento y la fiabilidad que necesitas \ud83c\udfc6.<\/p>\n<\/section>","protected":false},"excerpt":{"rendered":"<ul>\n<li>Material: Acero de alta calidad con acabado galvanizado<\/li>\n<li>Tipo de rosca: Opciones de rosca completa y rosca gruesa<\/li>\n<li>Forma: Cabeza hexagonal est\u00e1ndar para facilitar el montaje de la llave<\/li>\n<li>OEM y dise\u00f1os personalizados disponibles - con casi 20 a\u00f1os de experiencia en el sector<\/li>\n<\/ul>","protected":false},"featured_media":6952,"comment_status":"open","ping_status":"closed","template":"","meta":{"_acf_changed":false},"product_brand":[],"product_cat":[58],"product_tag":[],"class_list":{"0":"post-6951","1":"product","2":"type-product","3":"status-publish","4":"has-post-thumbnail","6":"product_cat-accessories","8":"first","9":"instock","10":"shipping-taxable","11":"product-type-grouped"},"acf":[],"_links":{"self":[{"href":"https:\/\/www.baoteng.cc\/es\/wp-json\/wp\/v2\/product\/6951","targetHints":{"allow":["GET"]}}],"collection":[{"href":"https:\/\/www.baoteng.cc\/es\/wp-json\/wp\/v2\/product"}],"about":[{"href":"https:\/\/www.baoteng.cc\/es\/wp-json\/wp\/v2\/types\/product"}],"replies":[{"embeddable":true,"href":"https:\/\/www.baoteng.cc\/es\/wp-json\/wp\/v2\/comments?post=6951"}],"wp:featuredmedia":[{"embeddable":true,"href":"https:\/\/www.baoteng.cc\/es\/wp-json\/wp\/v2\/media\/6952"}],"wp:attachment":[{"href":"https:\/\/www.baoteng.cc\/es\/wp-json\/wp\/v2\/media?parent=6951"}],"wp:term":[{"taxonomy":"product_brand","embeddable":true,"href":"https:\/\/www.baoteng.cc\/es\/wp-json\/wp\/v2\/product_brand?post=6951"},{"taxonomy":"product_cat","embeddable":true,"href":"https:\/\/www.baoteng.cc\/es\/wp-json\/wp\/v2\/product_cat?post=6951"},{"taxonomy":"product_tag","embeddable":true,"href":"https:\/\/www.baoteng.cc\/es\/wp-json\/wp\/v2\/product_tag?post=6951"}],"curies":[{"name":"wp","href":"https:\/\/api.w.org\/{rel}","templated":true}]}}