{"id":6967,"date":"2025-09-30T06:32:07","date_gmt":"2025-09-30T06:32:07","guid":{"rendered":"https:\/\/baoteng.cc\/?post_type=product&#038;p=6967"},"modified":"2025-09-30T07:02:29","modified_gmt":"2025-09-30T07:02:29","slug":"tornillo-autoperforante-de-cabeza-hexagonal-tornillo-autorroscante","status":"publish","type":"product","link":"https:\/\/www.baoteng.cc\/es\/product\/tornillo-autoperforante-de-cabeza-hexagonal-tornillo-autorroscante\/","title":{"rendered":"Tornillo Autoperforante de Cabeza Hexagonal de Alta Resistencia | Tornillos Autoperforantes Galvanizados con Brida OEM Tama\u00f1os Personalizados"},"content":{"rendered":"<section style=\"width: 100%; font-family: Arial, sans-serif; line-height: 1.6; color: #333;\">\n<header>\n<h1 style=\"font-size: 24px; font-weight: bold; text-align: center;\">Tornillos autorroscantes con brida | Tornillo autoperforante de cabeza hexagonal OEM &amp; Custom<\/h1>\n<\/header>\n<p>\ud83d\udd29 El <strong>tornillo autoperforante cabeza hexagonal<\/strong> es una fijaci\u00f3n popular y duradera para todas sus aplicaciones profesionales: montaje, producci\u00f3n industrial, taller, bricolaje o dom\u00e9stico. Estos tornillos est\u00e1n fabricados con un acabado galvanizado para una mayor resistencia a la corrosi\u00f3n, y forman parte de la l\u00ednea, por lo que sabe que van a realizar el trabajo con la mayor eficacia posible, tanto para uso profesional como personal. Disponibles en 5,5 mm\u00d750 mm, aptos para un casquillo de broca M8, facilitan el trabajo de fijaci\u00f3n en una amplia gama de proyectos.<\/p>\n<h2 style=\"font-size: 20px; margin-top: 20px;\">\u2728 Caracter\u00edsticas del tornillo autoperforante de cabeza hexagonal<\/h2>\n<ul style=\"list-style: disc; margin-left: 20px;\">\n<li>Material: Acero de alta calidad con superficie galvanizada para evitar la oxidaci\u00f3n \ud83d\udee0\ufe0f<\/li>\n<li>Estilo de cabeza: La cabeza con arandela hexagonal garantiza una sujeci\u00f3n firme en todo momento<\/li>\n<li>Tipo de rosca: Rosca completa para un agarre duradero y sin pelado<\/li>\n<li>Tama\u00f1os: Opciones de 5,5 mm\u00d750 mm<\/li>\n<li>Accionamiento: Se adapta a la toma de broca M8, f\u00e1cil de instalar<\/li>\n<li>F\u00e1brica OEM y personalizable con casi 20 a\u00f1os de experiencia \ud83c\udfa8<\/li>\n<li>Ideal para interiores y exteriores \ud83c\udf26\ufe0f<\/li>\n<li>Conforme a las normas estadounidenses e internacionales (ASTM, DIN, ISO)<\/li>\n<\/ul>\n<p>Con la tecnolog\u00eda de <a href=\"https:\/\/www.baoteng.cc\/es\/vision-general-de-la-empresa\/\" target=\"_blank\" rel=\"noopener\">NINGBO BAOTENG TECHNOLOGY CO., LTD<\/a>, fundada en 2008, estos tornillos reflejan un dise\u00f1o avanzado, un estricto control de calidad y una innovaci\u00f3n continua. Con exportaciones de torniller\u00eda a m\u00e1s de 50 pa\u00edses, los clientes ganan confianza en la fiabilidad a largo plazo.<\/p>\n<h2 style=\"font-size: 20px; margin-top: 20px;\">\ud83d\udca1 Ventajas del tornillo autoperforante de cabeza hexagonal<\/h2>\n<ul style=\"margin-left: 20px;\">\n<li>\ud83d\udd27 F\u00e1cil instalaci\u00f3n: El dise\u00f1o autorroscante elimina la necesidad de taladrar previamente<\/li>\n<li>\u26a1 Resistencia extra: Garantiza un rendimiento estable bajo carga<\/li>\n<li>\ud83c\udf0e El acabado galvanizado de larga duraci\u00f3n proporciona una resistencia superior a la corrosi\u00f3n.<\/li>\n<li>\ud83c\udfa8 Servicio OEM personalizado: Disponible en diferentes longitudes, di\u00e1metros, acabados.<\/li>\n<li>\ud83c\udfed Amplias aplicaciones: Ideal para puertas de garaje, maquinaria, muebles y construcci\u00f3n.<\/li>\n<\/ul>\n<p>Nuestros tornillos son fiables en aplicaciones de carpinter\u00eda, metalurgia, residenciales e industriales, y est\u00e1n dise\u00f1ados para un uso intensivo. Las pruebas realizadas en m\u00e1quinas de tracci\u00f3n computerizadas garantizan el cumplimiento de <a href=\"https:\/\/www.astm.org\/\" target=\"_blank\" rel=\"noopener\">Normas ASTM<\/a> y otras referencias mundiales.<\/p>\n<h2 style=\"font-size: 20px; margin-top: 20px;\">\ud83c\udfd7\ufe0f Aplicaciones para tornillo autoperforante de cabeza hexagonal<\/h2>\n<ul style=\"list-style: disc; margin-left: 20px;\">\n<li>Puertas de garaje residenciales \ud83c\udfe1<\/li>\n<li>F\u00e1bricas y equipos pesados \ud83c\udfed<\/li>\n<li>Instalaci\u00f3n de mobiliario y accesorios modulares \ud83e\ude91<\/li>\n<li>Estructuras de acero para la construcci\u00f3n \ud83c\udfd7\ufe0f<\/li>\n<li>Bricolaje y soluciones de ingenier\u00eda personalizadas \ud83d\udd28<\/li>\n<\/ul>\n<h2 style=\"font-size: 20px; margin-top: 20px;\">\ud83c\udf1f Servicio OEM y de personalizaci\u00f3n<\/h2>\n<p>Con casi 20 a\u00f1os de experiencia en la fabricaci\u00f3n de OEM, ofrecemos soluciones de fijaci\u00f3n a medida. Ya sean cabezas m\u00e1s gruesas, roscas m\u00e1s largas o acabados exclusivos, nuestros ingenieros ofrecen respuestas precisas. Explorar relacionados <a href=\"https:\/\/www.baoteng.cc\/es\/soportes\/\" target=\"_blank\" rel=\"noopener\">soportes para puertas de garaje<\/a> y <a href=\"https:\/\/www.baoteng.cc\/es\/ejes\/\" target=\"_blank\" rel=\"noopener\">ejes para puertas de garaje<\/a> para sistemas de hardware completos.<\/p>\n<h2 style=\"font-size: 20px; margin-top: 20px;\">\ud83d\udcbc Experiencia en el sector<\/h2>\n<p>Nos hemos ganado la confianza mundial en la exportaci\u00f3n de elementos de fijaci\u00f3n junto con rodillos para puertas de garaje, bisagras, tambores de cable y cerraduras. Con equipos avanzados e ingenieros cualificados, garantizamos un rendimiento preciso y un s\u00f3lido sistema de gesti\u00f3n de la calidad. Nuestros productos combinan precios competitivos con una durabilidad fiable.<\/p>\n<h2 style=\"font-size: 20px; margin-top: 20px;\">\ud83d\uded2 Consejos de instalaci\u00f3n<\/h2>\n<ul style=\"list-style: disc; margin-left: 20px;\">\n<li>Utilice una broca M8 con un destornillador para una instalaci\u00f3n segura<\/li>\n<li>Para aplicaciones estructurales, utilice arandelas o contratuercas para mayor seguridad.<\/li>\n<li>Evite apretar demasiado para no da\u00f1ar las roscas<\/li>\n<\/ul>\n<h2 style=\"font-size: 20px; margin-top: 20px;\">Resumen de prestaciones<\/h2>\n<ul style=\"list-style: disc; margin-left: 20px;\">\n<li style=\"list-style-type: none;\">\ud83c\udf26\ufe0f Resistencia superior a la corrosi\u00f3n y al \u00f3xido<\/li>\n<li style=\"list-style-type: none;\">\ud83c\udfd7\ufe0f Fiable en m\u00faltiples sectores y proyectos<\/li>\n<li style=\"list-style-type: none;\">\ud83d\udd29 Resistencia y seguridad de fijaci\u00f3n constantes<\/li>\n<li style=\"list-style-type: none;\">\ud83c\udfa8 Soluciones OEM personalizadas adaptadas a las necesidades del cliente<\/li>\n<li style=\"list-style-type: none;\">\ud83c\udf10 Casi 20 a\u00f1os de excelencia en la fabricaci\u00f3n<\/li>\n<\/ul>\n<p>Ya sea para reformas dom\u00e9sticas o construcci\u00f3n industrial, el <strong>tornillo autoperforante cabeza hexagonal<\/strong> ofrece resistencia, durabilidad y facilidad de uso. Mejore su proyecto combin\u00e1ndolo con <a href=\"https:\/\/www.baoteng.cc\/es\/asas-cerraduras\/\" target=\"_blank\" rel=\"noopener\">manillas y cerraduras de garaje<\/a> y <a href=\"https:\/\/www.baoteng.cc\/es\/Bumpers\/\" target=\"_blank\" rel=\"noopener\">topes para puertas de garaje<\/a> para conseguir una soluci\u00f3n de hardware completa y fiable \ud83d\ude80.<\/p>\n<p>\ud83d\udd39 Elija soluciones de tornillos autoperforantes de cabeza hexagonal galvanizada de un especialista OEM con casi dos d\u00e9cadas de experiencia. Nuestros tornillos superan los est\u00e1ndares de la industria, ofreciendo la m\u00e1xima eficiencia, durabilidad y valor \ud83c\udfc6.<\/p>\n<\/section>","protected":false},"excerpt":{"rendered":"<p>Flanged Self Tapping Screws | Hex Head Self Drilling Screw OEM &amp; Custom \ud83d\udd29 The hex head self drilling screw is a popular and durable fastener for all your professional applications: assembly, industrial production, workshop, DIY or household. These screws are made from a galvanized finish for greater corrosion resistance, and are part of the &#8230; <a title=\"Tornillo Autoperforante de Cabeza Hexagonal de Alta Resistencia | Tornillos Autoperforantes Galvanizados con Brida OEM Tama\u00f1os Personalizados\" class=\"read-more\" href=\"https:\/\/www.baoteng.cc\/es\/product\/tornillo-autoperforante-de-cabeza-hexagonal-tornillo-autorroscante\/\" aria-label=\"Leer m\u00e1s sobre High Strength Hex Head Self Drilling Screw | Galvanized Flanged Self Tapping Screws OEM Custom Sizes\">Leer m\u00e1s<\/a><\/p>","protected":false},"featured_media":6976,"comment_status":"open","ping_status":"closed","template":"","meta":{"_acf_changed":false},"product_brand":[],"product_cat":[58],"product_tag":[],"class_list":{"0":"post-6967","1":"product","2":"type-product","3":"status-publish","4":"has-post-thumbnail","6":"product_cat-accessories","8":"first","9":"instock","10":"shipping-taxable","11":"product-type-grouped"},"acf":[],"_links":{"self":[{"href":"https:\/\/www.baoteng.cc\/es\/wp-json\/wp\/v2\/product\/6967","targetHints":{"allow":["GET"]}}],"collection":[{"href":"https:\/\/www.baoteng.cc\/es\/wp-json\/wp\/v2\/product"}],"about":[{"href":"https:\/\/www.baoteng.cc\/es\/wp-json\/wp\/v2\/types\/product"}],"replies":[{"embeddable":true,"href":"https:\/\/www.baoteng.cc\/es\/wp-json\/wp\/v2\/comments?post=6967"}],"wp:featuredmedia":[{"embeddable":true,"href":"https:\/\/www.baoteng.cc\/es\/wp-json\/wp\/v2\/media\/6976"}],"wp:attachment":[{"href":"https:\/\/www.baoteng.cc\/es\/wp-json\/wp\/v2\/media?parent=6967"}],"wp:term":[{"taxonomy":"product_brand","embeddable":true,"href":"https:\/\/www.baoteng.cc\/es\/wp-json\/wp\/v2\/product_brand?post=6967"},{"taxonomy":"product_cat","embeddable":true,"href":"https:\/\/www.baoteng.cc\/es\/wp-json\/wp\/v2\/product_cat?post=6967"},{"taxonomy":"product_tag","embeddable":true,"href":"https:\/\/www.baoteng.cc\/es\/wp-json\/wp\/v2\/product_tag?post=6967"}],"curies":[{"name":"wp","href":"https:\/\/api.w.org\/{rel}","templated":true}]}}