{"id":7067,"date":"2025-10-09T01:12:55","date_gmt":"2025-10-09T01:12:55","guid":{"rendered":"https:\/\/baoteng.cc\/?post_type=product&#038;p=7067"},"modified":"2025-10-09T02:28:34","modified_gmt":"2025-10-09T02:28:34","slug":"puertas-de-garaje-estandar-paneles-pu-espuma-aislante","status":"publish","type":"product","link":"https:\/\/www.baoteng.cc\/es\/product\/puertas-de-garaje-estandar-paneles-pu-espuma-aislante\/","title":{"rendered":"40mm 50mm Seccional Acero PU Espuma Aislante Est\u00e1ndar Puertas de Garaje Panel Acabado Madera Construcci\u00f3n Sandwich OEM Personalizable"},"content":{"rendered":"<section style=\"width: 100%; font-family: Arial, sans-serif; line-height: 1.6; color: #333;\">\n<header>\n<h1 style=\"font-size: 24px; font-weight: bold; text-align: center;\">\ud83d\udeaa 40mm 50mm aislado construcci\u00f3n de s\u00e1ndwich seccional acero PU espuma <span style=\"color: #d35400;\">Paneles est\u00e1ndar para puertas de garaje<\/span><\/h1>\n<\/header>\n<p>Como proveedor de paneles para puertas de garaje con casi <strong>20 a\u00f1os de experiencia<\/strong> desarrollar paneles de puerta de garaje, <strong>NBMETALPRODUCTS<\/strong> ofrece con orgullo el panel est\u00e1ndar de puertas seccionales aisladas residenciales y comerciales. <strong>BAOTENG<\/strong> se centra en la utilizaci\u00f3n de los m\u00e9todos de producci\u00f3n m\u00e1s avanzados para ofrecer productos de ferreter\u00eda arquitect\u00f3nica fabricados con materiales de alta calidad y dotados de un completo <strong>Personalizaci\u00f3n OEM<\/strong>. Nuestra empresa suministra actualmente a una amplia gama de clientes en m\u00e1s de 50 pa\u00edses de todo el mundo. \ud83c\udf0d<\/p>\n<h2 style=\"font-size: 20px; margin-top: 20px;\">\ud83d\udc8e Descripci\u00f3n general del producto<\/h2>\n<p>En <strong>Construcci\u00f3n Seccional Sandwich Acero PU Espuma Aislante Puertas de Garaje Paneles<\/strong> est\u00e1n dise\u00f1ados para ofrecer una eficiencia t\u00e9rmica superior y una est\u00e9tica moderna. Con opciones de grosor de <strong>40 mm<\/strong> y <strong>50 mm<\/strong>, y anchuras de <strong>450 mm a 550 mm<\/strong>, Estos paneles son ideales para viviendas nuevas, almacenes y edificios comerciales. El elegante <strong>acabado color madera<\/strong> combina calidez visual con fuerza industrial y resistencia a la intemperie. \ud83c\udf24\ufe0f<\/p>\n<h2 style=\"font-size: 20px; margin-top: 20px;\">\u2699\ufe0f Especificaciones t\u00e9cnicas<\/h2>\n<ul style=\"list-style: disc; margin-left: 20px;\">\n<li><strong>Ancho del panel:<\/strong> 450-550 mm<\/li>\n<li><strong>Espesor del panel:<\/strong> 40 mm y 50 mm<\/li>\n<li><strong>Material:<\/strong> Plancha de hierro Raybon + espuma de poliuretano (PU)<\/li>\n<li><strong>Acabado superficial:<\/strong> Acabado veteado o liso con barniz de curado UV<\/li>\n<li><strong>Aislamiento:<\/strong> N\u00facleo de espuma de PU de alta densidad para un aislamiento eficaz<\/li>\n<li><strong>Tipo de construcci\u00f3n:<\/strong> Panel s\u00e1ndwich seccional con pieles de acero direccionales unidas a un armaz\u00f3n de celos\u00eda interno<\/li>\n<li><strong>Colores disponibles:<\/strong> Madera, blanco, gris y colores personalizados<\/li>\n<li><strong>Conductividad t\u00e9rmica:<\/strong> \u2264 0,028 W\/m-K<\/li>\n<li><strong>Resistencia al fuego:<\/strong> Cumple los requisitos de propagaci\u00f3n de la llama ASTM E84<\/li>\n<li><strong>OEM\/ODM:<\/strong> Disponible con tama\u00f1o, color y textura personalizados<\/li>\n<\/ul>\n<h2 style=\"font-size: 20px; margin-top: 20px;\">\ud83c\udf21\ufe0f Excelente rendimiento de aislamiento<\/h2>\n<p>El n\u00facleo de cada panel se rellena con <strong>aislamiento de poliuretano de alta densidad<\/strong>, creando una excelente barrera t\u00e9rmica contra las temperaturas extremas. Tanto si vive en un clima fr\u00edo del norte como en una zona c\u00e1lida del sur, estas <span style=\"color: #2980b9; font-weight: bold;\">paneles est\u00e1ndar para puertas de garaje<\/span> ayudan a mantener el confort interior, reduciendo el consumo de energ\u00eda y el ruido. \ud83d\udd07<\/p>\n<h2 style=\"font-size: 20px; margin-top: 20px;\">\ud83d\udd29 Resistencia estructural superior<\/h2>\n<p>Cada panel s\u00e1ndwich de acero est\u00e1 fabricado con chapas de acero galvanizado laminadas con precisi\u00f3n, unidas con <strong>Espuma expandida sin CFC<\/strong> mediante un adhesivo epoxi de alta resistencia. Esto garantiza la durabilidad y evita la deformaci\u00f3n en condiciones de uso intensivo. El dise\u00f1o del borde machihembrado en cola de milano minimiza la penetraci\u00f3n de agua y mejora el rendimiento del sellado. \ud83d\udcaa<\/p>\n<h2 style=\"font-size: 20px; margin-top: 20px;\">\ud83c\udf33 Elegante Est\u00e9tica Acabado Madera<\/h2>\n<p><strong>Paneles para puertas de garaje BAOTENG<\/strong>\u00a0presentan una textura de grano de madera natural conseguida mediante el gofrado a alta temperatura y el recubrimiento en polvo. Esto proporciona un aspecto natural e intemporal compatible con la arquitectura moderna, al tiempo que ofrece una excelente resistencia a los rayos UV y a la corrosi\u00f3n para un rendimiento a largo plazo. \u2600\ufe0f<\/p>\n<h2 style=\"font-size: 20px; margin-top: 20px;\">\ud83d\udee0\ufe0f Capacidad de OEM y personalizaci\u00f3n<\/h2>\n<p>Nuestra f\u00e1brica se centra en <strong>OEM y producci\u00f3n a medida<\/strong> - desde las dimensiones del panel y la densidad del aislamiento hasta el color y la textura del revestimiento. Tanto si su proyecto requiere un relieve personalizado, el estampado de un logotipo u objetivos espec\u00edficos de valor R, nuestros experimentados ingenieros est\u00e1n aqu\u00ed para ayudarle. <strong>BAOTENG<\/strong> ha desarrollado cerca de 200 perfiles de extrusi\u00f3n y miles de moldes para soluciones de herrajes a medida. \ud83c\udf10<\/p>\n<h2 style=\"font-size: 20px; margin-top: 20px;\">\ud83c\udfd7\ufe0f Herrajes compatibles para puertas de garaje<\/h2>\n<p>Suministramos una gama completa de componentes compatibles, como <a style=\"color: #d35400; text-decoration: none;\" href=\"https:\/\/www.baoteng.cc\/es\/bisagras\/\" target=\"_blank\" rel=\"noopener\">Bisagras de puertas de garaje<\/a>, <a style=\"color: #d35400; text-decoration: none;\" href=\"https:\/\/www.baoteng.cc\/es\/rodillos\/\" target=\"_blank\" rel=\"noopener\">Rodillos de puerta de garaje<\/a>, y <a style=\"color: #d35400; text-decoration: none;\" href=\"https:\/\/www.baoteng.cc\/es\/asas-cerraduras\/\" target=\"_blank\" rel=\"noopener\">Tiradores y cerraduras<\/a> para complementar el sistema de puertas seccionales. Cada componente est\u00e1 dise\u00f1ado para una sincronizaci\u00f3n mec\u00e1nica perfecta y un montaje sencillo. \ud83d\udeaa<\/p>\n<h2 style=\"font-size: 20px; margin-top: 20px;\">\ud83d\udd12 Seguridad y fiabilidad<\/h2>\n<p>Cada <strong>paneles est\u00e1ndar para puertas de garaje<\/strong> cumple las normas de calidad internacionales y se somete a estrictos controles de calidad, que incluyen pruebas de grosor, adherencia y resistencia a la presi\u00f3n. Opcional <strong>bordes de seguridad<\/strong>, <strong>protectores de dedos<\/strong>, y <strong>dise\u00f1os antipinzamiento<\/strong> est\u00e1n disponibles para mejorar la seguridad y la protecci\u00f3n del usuario. \ud83e\udde4<\/p>\n<h2 style=\"font-size: 20px; margin-top: 20px;\">\ud83c\udf0d Acerca de BAOTENG<\/h2>\n<p>Fundada en 2008, <strong>NINGBO BAOTENG TECHNOLOGY INDUSTRIA Y COMERCIO<\/strong> es un fabricante l\u00edder especializado en componentes para puertas de garaje. Destacamos en el conformado preciso de metales, la inyecci\u00f3n de PU y el recubrimiento en polvo de alta calidad. Comprometidos con la innovaci\u00f3n y la calidad, nos hemos expandido a m\u00e1s de 50 pa\u00edses, convirti\u00e9ndonos en uno de los nombres m\u00e1s reconocidos en la industria de herrajes para puertas. \ud83c\udf10<\/p>\n<h2 style=\"font-size: 20px; margin-top: 20px;\">Aplicaciones<\/h2>\n<ul style=\"list-style: disc; margin-left: 20px;\">\n<li>Puertas seccionales de garaje para uso residencial<\/li>\n<li>Almacenes comerciales y dep\u00f3sitos log\u00edsticos<\/li>\n<li>Pisos de tiendas y almacenes refrigerados<\/li>\n<li>Mec\u00e1nicos y centros de servicio<\/li>\n<\/ul>\n<h2 style=\"font-size: 20px; margin-top: 20px;\">\ud83d\udce6 Embalaje y env\u00edo<\/h2>\n<p>Durante el transporte, cada panel se protege con film, cantoneras y materiales resistentes a la humedad. Las opciones de embalaje incluyen robustos pal\u00e9s de madera y cajas de cart\u00f3n de calidad de exportaci\u00f3n para mayor seguridad durante el transporte por mar, aire o expreso. \ud83d\udea2<\/p>\n<h2 style=\"font-size: 20px; margin-top: 20px;\">\u2705 \u00bfPor qu\u00e9 elegir BAOTENG?<\/h2>\n<ul style=\"list-style: disc; margin-left: 20px;\">\n<li>Casi 20 a\u00f1os de experiencia en producci\u00f3n OEM y a medida<\/li>\n<li>Maquinaria autom\u00e1tica de espumado de PU y laminado de acero<\/li>\n<li>Estricto control de calidad conforme a las normas ISO9001<\/li>\n<li>Rapidez y flexibilidad en los pedidos<\/li>\n<li>Soluci\u00f3n integral desde el dise\u00f1o hasta la entrega<\/li>\n<\/ul>\n<footer style=\"margin-top: 30px; text-align: center;\">\u2b50 <strong>BAOTENG - Su fabricante profesional de confianza de paneles de puertas de garaje est\u00e1ndar y personalizaci\u00f3n.<\/strong> \u2b50<\/footer>\n<\/section>","protected":false},"excerpt":{"rendered":"<ul style=\"list-style: disc; margin-left: 20px;\">\n<li><strong>Material:<\/strong> Chapa de acero galvanizado + espuma de poliuretano (PU)<\/li>\n<li><strong>Acabado superficial:<\/strong> Acabado veteado o liso con revestimiento UV<\/li>\n<li><strong>Aislamiento:<\/strong> N\u00facleo de espuma de PU de alta densidad para una eficiencia t\u00e9rmica superior<\/li>\n<li><strong>Tipo de construcci\u00f3n:<\/strong> Panel s\u00e1ndwich seccional con adherencia continua de piel de acero<\/li>\n<\/ul>","protected":false},"featured_media":7068,"comment_status":"open","ping_status":"closed","template":"","meta":{"_acf_changed":false},"product_brand":[],"product_cat":[60],"product_tag":[],"class_list":{"0":"post-7067","1":"product","2":"type-product","3":"status-publish","4":"has-post-thumbnail","6":"product_cat-panels-window","8":"first","9":"instock","10":"shipping-taxable","11":"product-type-grouped"},"acf":[],"_links":{"self":[{"href":"https:\/\/www.baoteng.cc\/es\/wp-json\/wp\/v2\/product\/7067","targetHints":{"allow":["GET"]}}],"collection":[{"href":"https:\/\/www.baoteng.cc\/es\/wp-json\/wp\/v2\/product"}],"about":[{"href":"https:\/\/www.baoteng.cc\/es\/wp-json\/wp\/v2\/types\/product"}],"replies":[{"embeddable":true,"href":"https:\/\/www.baoteng.cc\/es\/wp-json\/wp\/v2\/comments?post=7067"}],"wp:featuredmedia":[{"embeddable":true,"href":"https:\/\/www.baoteng.cc\/es\/wp-json\/wp\/v2\/media\/7068"}],"wp:attachment":[{"href":"https:\/\/www.baoteng.cc\/es\/wp-json\/wp\/v2\/media?parent=7067"}],"wp:term":[{"taxonomy":"product_brand","embeddable":true,"href":"https:\/\/www.baoteng.cc\/es\/wp-json\/wp\/v2\/product_brand?post=7067"},{"taxonomy":"product_cat","embeddable":true,"href":"https:\/\/www.baoteng.cc\/es\/wp-json\/wp\/v2\/product_cat?post=7067"},{"taxonomy":"product_tag","embeddable":true,"href":"https:\/\/www.baoteng.cc\/es\/wp-json\/wp\/v2\/product_tag?post=7067"}],"curies":[{"name":"wp","href":"https:\/\/api.w.org\/{rel}","templated":true}]}}