{"id":7086,"date":"2025-10-10T03:21:21","date_gmt":"2025-10-10T03:21:21","guid":{"rendered":"https:\/\/baoteng.cc\/?post_type=product&#038;p=7086"},"modified":"2025-10-10T03:30:23","modified_gmt":"2025-10-10T03:30:23","slug":"ventanas-para-puertas-de-garaje-ventanas-de-plastico","status":"publish","type":"product","link":"https:\/\/www.baoteng.cc\/es\/product\/ventanas-para-puertas-de-garaje-ventanas-de-plastico\/","title":{"rendered":"Ventanas para puertas basculantes de garaje F\u00e1brica a medida Kits de ventanas industriales de pl\u00e1stico duradero para puertas seccionales Proveedor OEM"},"content":{"rendered":"<section style=\"width: 100%; font-family: Arial, sans-serif; line-height: 1.6; color: #333;\">\n<header>\n<h1 style=\"font-size: 24px; font-weight: bold; text-align: center;\">\ud83c\udfed Ventanas seccionales para puertas basculantes de garaje - Kits de ventanas de resistencia industrial para comercios y garajes<\/h1>\n<\/header>\n<p>\u2728 <strong>Impresione y potencie con la luz<\/strong> en nuestro <strong>Puerta basculante de garaje Ventanas<\/strong> - el equilibrio perfecto entre resistencia, aspecto y utilidad para los edificios industriales y comerciales de hoy en d\u00eda. Fabricado por <strong>NINGBO BAOTENG TECHNOLOGY CO., LTD<\/strong>, cada kit de ventana est\u00e1 dise\u00f1ado para ofrecer un rendimiento, una durabilidad y una claridad \u00f3ptica superiores, incluso en condiciones de trabajo exigentes.<\/p>\n<h2 style=\"font-size: 20px; margin-top: 20px;\">\ud83d\udd27 Descripci\u00f3n general del producto<\/h2>\n<p>Nuestra <strong>ventanas para puertas basculantes de garaje<\/strong> est\u00e1n fabricados con pl\u00e1stico de caucho de alta translucidez que, adem\u00e1s de tener un aspecto magn\u00edfico, es muy resistente a los impactos y flexible. Cada panel mide <strong>650 x 320 mm<\/strong> con un tama\u00f1o de apertura de <strong>617 x 288 mm<\/strong>, por lo que es ideal para sistemas de puertas seccionales e industriales. Estas ventanas aportan luz natural a almacenes, tiendas y garajes al tiempo que mantienen el aislamiento y la resistencia.<\/p>\n<h2 style=\"font-size: 20px; margin-top: 20px;\">\ud83c\udfd7\ufe0f Caracter\u00edsticas principales<\/h2>\n<ul style=\"list-style: disc; margin-left: 20px;\">\n<li>\ud83d\udca1 <strong>Alta transmisi\u00f3n de la luz:<\/strong> Policarbonato de doble capa con protecci\u00f3n UV para una mayor luminosidad y resistencia a los rayos UV.<\/li>\n<li>\ud83d\udee1\ufe0f <strong>Material de larga duraci\u00f3n:<\/strong> Fabricado en policarbonato de alta resistencia a los impactos que resiste la deformaci\u00f3n y el agrietamiento.<\/li>\n<li>\ud83c\udf26\ufe0f <strong>Construcci\u00f3n resistente a la intemperie:<\/strong> Dise\u00f1o estanco y t\u00e9rmicamente eficiente para protecci\u00f3n en cualquier condici\u00f3n meteorol\u00f3gica.<\/li>\n<li>\ud83d\udd29 <strong>Montaje sencillo:<\/strong> Compatible con la mayor\u00eda de sistemas de puertas de garaje seccionales e industriales para una instalaci\u00f3n r\u00e1pida.<\/li>\n<li>\u2699\ufe0f <strong>OEM y personalizaci\u00f3n:<\/strong> BAOTENG ofrece tama\u00f1os, formas y acabados personalizados para aplicaciones industriales y residenciales.<\/li>\n<\/ul>\n<h2 style=\"font-size: 20px; margin-top: 20px;\">\ud83c\udfe2 Visi\u00f3n general de NINGBO BAOTENG TECHNOLOGY CO., LTD<\/h2>\n<p>Fundada en 2008, <strong>NINGBO BAOTENG TECHNOLOGY INDUSTRY AND TRADE CO., LTD<\/strong> es un fabricante l\u00edder especializado en puertas correderas, puertas batientes y motores el\u00e9ctricos para portones. Con casi 20 a\u00f1os de <strong>OEM\/ODM<\/strong> experiencia, BAOTENG integra la producci\u00f3n, I + D y ventas, proporcionando piezas de primera calidad para puertas de garaje, tales como <strong>Rodillos, bisagras y soportes para puertas de garaje<\/strong>. Nuestra misi\u00f3n es suministrar productos de alta calidad con tecnolog\u00eda avanzada y fiabilidad internacional.<\/p>\n<h2 style=\"font-size: 20px; margin-top: 20px;\">\u2699\ufe0f Especificaciones t\u00e9cnicas<\/h2>\n<table style=\"width: 100%; border-collapse: collapse; margin-top: 10px;\">\n<tbody>\n<tr>\n<td style=\"border: 1px solid #ccc; padding: 6px;\"><strong>Nombre del producto<\/strong><\/td>\n<td style=\"border: 1px solid #ccc; padding: 6px;\">Puerta de garaje ADD ON Ventanas<\/td>\n<\/tr>\n<tr>\n<td style=\"border: 1px solid #ccc; padding: 6px;\"><strong>Material<\/strong><\/td>\n<td style=\"border: 1px solid #ccc; padding: 6px;\">Pl\u00e1stico de transmisi\u00f3n de luz duradero y de alto impacto (PC\/ABS)<\/td>\n<\/tr>\n<tr>\n<td style=\"border: 1px solid #ccc; padding: 6px;\"><strong>Tama\u00f1o total<\/strong><\/td>\n<td style=\"border: 1px solid #ccc; padding: 6px;\">650 mm (ancho) \u00d7 320 mm (alto)<\/td>\n<\/tr>\n<tr>\n<td style=\"border: 1px solid #ccc; padding: 6px;\"><strong>Tama\u00f1o de apertura<\/strong><\/td>\n<td style=\"border: 1px solid #ccc; padding: 6px;\">617 mm (ancho) \u00d7 288 mm (alto)<\/td>\n<\/tr>\n<tr>\n<td style=\"border: 1px solid #ccc; padding: 6px;\"><strong>Aplicaci\u00f3n<\/strong><\/td>\n<td style=\"border: 1px solid #ccc; padding: 6px;\">Puertas seccionales de garaje \/ Puertas basculantes industriales<\/td>\n<\/tr>\n<tr>\n<td style=\"border: 1px solid #ccc; padding: 6px;\"><strong>Acabado superficial<\/strong><\/td>\n<td style=\"border: 1px solid #ccc; padding: 6px;\">Liso o texturizado Opcional<\/td>\n<\/tr>\n<tr>\n<td style=\"border: 1px solid #ccc; padding: 6px;\"><strong>Color del marco<\/strong><\/td>\n<td style=\"border: 1px solid #ccc; padding: 6px;\">Personalizable - Se acepta OEM \/ ODM<\/td>\n<\/tr>\n<\/tbody>\n<\/table>\n<h2 style=\"font-size: 20px; margin-top: 20px;\">Aplicaciones<\/h2>\n<p>Perfecto para talleres industriales, edificios comerciales, garajes dom\u00e9sticos, centros log\u00edsticos y puertas de almacenes. Los paneles transparentes permiten la entrada de luz natural al tiempo que mantienen la privacidad y reducen los costes de iluminaci\u00f3n artificial.<\/p>\n<h2 style=\"font-size: 20px; margin-top: 20px;\">\ud83d\udd2c Normas de calidad y certificaciones<\/h2>\n<p>Todos <strong>BAOTENG<\/strong> accesorios para ventanas se fabrican bajo la <strong>ISO9001<\/strong> sistema de gesti\u00f3n de la calidad y cumplen normas internacionales como <strong>DASMA<\/strong>. Cada producto garantiza estabilidad, fiabilidad y durabilidad a largo plazo.<\/p>\n<h2 style=\"font-size: 20px; margin-top: 20px;\">\ud83d\udcbc \u00bfPor qu\u00e9 elegir BAOTENG?<\/h2>\n<ul style=\"list-style: disc; margin-left: 20px;\">\n<li>\ud83c\udfc6 Casi 20 a\u00f1os de experiencia en componentes para puertas de garaje<\/li>\n<li>\ud83e\uddf0 Dise\u00f1os OEM y personalizables para cualquier sistema de puerta<\/li>\n<li>\ud83c\udf10 Exportado a m\u00e1s de 50 pa\u00edses de todo el mundo<\/li>\n<li>\ud83d\udd0d I+D y dise\u00f1o de moldes propios para una innovaci\u00f3n continua<\/li>\n<li>\ud83d\ude80 Producci\u00f3n r\u00e1pida y entrega a tiempo<\/li>\n<\/ul>\n<h2 style=\"font-size: 20px; margin-top: 20px;\">Productos relacionados<\/h2>\n<ul style=\"list-style: disc; margin-left: 20px;\">\n<li>Ejes de puerta de garaje<\/li>\n<li>Manillas y cerraduras de puertas de garaje<\/li>\n<li>Accesorios para puertas de garaje<\/li>\n<\/ul>\n<h2 style=\"font-size: 20px; margin-top: 20px;\">\ud83c\udf1f Resumen<\/h2>\n<p>Tanto si va a sustituir como a actualizar su sistema de puertas actual, elija <strong>BAOTENG Puerta basculante de garaje Ventanas<\/strong> para una mirada elegante, moderna y un funcionamiento confiable. Con tecnolog\u00eda avanzada del moldeado, la ayuda del OEM, y una comprensi\u00f3n profunda de las necesidades del mercado global, BAOTENG sigue siendo su fuente de confianza para los kits industriales de alta calidad, luz-transmisivos de la ventana de la puerta.<\/p>\n<\/section>","protected":false},"excerpt":{"rendered":"<p>- Construcci\u00f3n duradera: Fabricado en policarbonato de alta resistencia a los impactos, capaz de resistir deformaciones y grietas.<br \/>\n- Dise\u00f1o resistente a la intemperie: La estructura perfectamente sellada evita la infiltraci\u00f3n de agua y mantiene la eficiencia t\u00e9rmica incluso en condiciones exteriores adversas.<br \/>\n- F\u00e1cil instalaci\u00f3n: Compatible con la mayor\u00eda de sistemas de puertas de garaje seccionales e industriales para una instalaci\u00f3n y mantenimiento r\u00e1pidos.<\/p>","protected":false},"featured_media":7087,"comment_status":"open","ping_status":"closed","template":"","meta":{"_acf_changed":false},"product_brand":[],"product_cat":[60],"product_tag":[],"class_list":{"0":"post-7086","1":"product","2":"type-product","3":"status-publish","4":"has-post-thumbnail","6":"product_cat-panels-window","8":"first","9":"instock","10":"shipping-taxable","11":"product-type-grouped"},"acf":[],"_links":{"self":[{"href":"https:\/\/www.baoteng.cc\/es\/wp-json\/wp\/v2\/product\/7086","targetHints":{"allow":["GET"]}}],"collection":[{"href":"https:\/\/www.baoteng.cc\/es\/wp-json\/wp\/v2\/product"}],"about":[{"href":"https:\/\/www.baoteng.cc\/es\/wp-json\/wp\/v2\/types\/product"}],"replies":[{"embeddable":true,"href":"https:\/\/www.baoteng.cc\/es\/wp-json\/wp\/v2\/comments?post=7086"}],"wp:featuredmedia":[{"embeddable":true,"href":"https:\/\/www.baoteng.cc\/es\/wp-json\/wp\/v2\/media\/7087"}],"wp:attachment":[{"href":"https:\/\/www.baoteng.cc\/es\/wp-json\/wp\/v2\/media?parent=7086"}],"wp:term":[{"taxonomy":"product_brand","embeddable":true,"href":"https:\/\/www.baoteng.cc\/es\/wp-json\/wp\/v2\/product_brand?post=7086"},{"taxonomy":"product_cat","embeddable":true,"href":"https:\/\/www.baoteng.cc\/es\/wp-json\/wp\/v2\/product_cat?post=7086"},{"taxonomy":"product_tag","embeddable":true,"href":"https:\/\/www.baoteng.cc\/es\/wp-json\/wp\/v2\/product_tag?post=7086"}],"curies":[{"name":"wp","href":"https:\/\/api.w.org\/{rel}","templated":true}]}}