{"id":7088,"date":"2025-10-10T05:21:03","date_gmt":"2025-10-10T05:21:03","guid":{"rendered":"https:\/\/baoteng.cc\/?post_type=product&#038;p=7088"},"modified":"2025-10-10T09:34:05","modified_gmt":"2025-10-10T09:34:05","slug":"tornillo-de-cabeza-de-arandela-hexagonal-con-kits-de-anclaje-de-plastico","status":"publish","type":"product","link":"https:\/\/www.baoteng.cc\/es\/product\/tornillo-de-cabeza-de-arandela-hexagonal-con-kits-de-anclaje-de-plastico\/","title":{"rendered":"Hex Tornillo de cabeza de arandela de pl\u00e1stico con la expansi\u00f3n de anclaje Kits puerta de garaje accesorios sujetadores OEM f\u00e1brica de encargo del proveedor"},"content":{"rendered":"<section style=\"width: 100%; font-family: Arial,sans-serif; line-height: 1.6; color: #333;\">\n<header>\n<h1 style=\"font-size: 24px; font-weight: bold; text-align: center;\">\ud83d\udd29 Tornillo de cabeza de arandela hexagonal y kits de anclaje de expansi\u00f3n de pl\u00e1stico - Pernos de carro fuertes para el fortalecimiento de la puerta de garaje<\/h1>\n<\/header>\n<p>\ud83d\udcaa <strong>Tornillo arandela hexagonal con kits de anclaje de expansi\u00f3n de pl\u00e1stico<\/strong> proporcionan una conexi\u00f3n s\u00f3lida y resistente a las vibraciones para la instalaci\u00f3n de su sistema de carriles: la mejor opci\u00f3n de fijaci\u00f3n para aplicaciones industriales, residenciales y de puertas de garaje. Dise\u00f1ado y fabricado por <strong>NINGBO BAOTENG TECHNOLOGY CO., LTD<\/strong>, Esta soluci\u00f3n de herrajes garantiza una resistencia, precisi\u00f3n y durabilidad superiores para todos los proyectos de montaje.<\/p>\n<h2 style=\"font-size: 20px; margin-top: 20px;\">\ud83d\udd27 Descripci\u00f3n general del producto<\/h2>\n<p>Nuestra <strong>Kits de anclaje de pl\u00e1stico<\/strong> incluyen tornillos de cabeza de arandela hexagonal, que proporcionan una conexi\u00f3n fiable en hormig\u00f3n, ladrillo o mamposter\u00eda. Cada kit incluye un tornillo M8\u00d750 mm (5\/16\u2033\u00d72\u2033) y un robusto manguito de expansi\u00f3n de pl\u00e1stico para una fijaci\u00f3n segura y a prueba de vibraciones. Ideal para fijar <strong>soportes, bisagras, carriles para puertas de garaje<\/strong> y otros componentes, ofreciendo una excepcional capacidad de sujeci\u00f3n y resistencia a la corrosi\u00f3n.<\/p>\n<h2 style=\"font-size: 20px; margin-top: 20px;\">Caracter\u00edsticas principales<\/h2>\n<ul style=\"list-style: disc; margin-left: 20px;\">\n<li>\ud83d\udd29 <strong>Dise\u00f1o de cabeza de arandela hexagonal:<\/strong> Hasta 10% accionamiento m\u00e1s apretado, minimizando el pelado y asegurando una instalaci\u00f3n m\u00e1s suave.<\/li>\n<li>\ud83e\uddf0 <strong>Anclaje de expansi\u00f3n de pl\u00e1stico:<\/strong> Se expande uniformemente en el orificio taladrado, aumentando la capacidad de carga y evitando el deslizamiento.<\/li>\n<li>\ud83d\udee1\ufe0f <strong>Resistente a la corrosi\u00f3n:<\/strong> El acabado zincado o galvanizado proporciona protecci\u00f3n a largo plazo contra el \u00f3xido y la intemperie.<\/li>\n<li>\ud83e\ude9b <strong>F\u00e1cil instalaci\u00f3n:<\/strong> Sencillo para profesionales y usuarios de bricolaje: no requiere herramientas especiales.<\/li>\n<li>\u2699\ufe0f <strong>Opciones OEM y personalizadas:<\/strong> El tama\u00f1o, el material, el revestimiento y el embalaje pueden personalizarse seg\u00fan las necesidades del proyecto.<\/li>\n<\/ul>\n<h2 style=\"font-size: 20px; margin-top: 20px;\">Especificaciones<\/h2>\n<table style=\"width: 100%; border-collapse: collapse; margin-top: 10px;\">\n<tbody>\n<tr>\n<td style=\"border: 1px solid #ccc; padding: 8px; width: 35%;\"><strong>Nombre del producto<\/strong><\/td>\n<td style=\"border: 1px solid #ccc; padding: 8px;\">Tornillo arandela hexagonal con kits de anclaje de expansi\u00f3n de pl\u00e1stico<\/td>\n<\/tr>\n<tr>\n<td style=\"border: 1px solid #ccc; padding: 8px;\"><strong>Tama\u00f1o del tornillo<\/strong><\/td>\n<td style=\"border: 1px solid #ccc; padding: 8px;\">5\/16\u2033 \u00d7 2\u2033 (M8 \u00d7 50mm)<\/td>\n<\/tr>\n<tr>\n<td style=\"border: 1px solid #ccc; padding: 8px;\"><strong>Material<\/strong><\/td>\n<td style=\"border: 1px solid #ccc; padding: 8px;\">Anclaje de acero al carbono + nylon \/ PE<\/td>\n<\/tr>\n<tr>\n<td style=\"border: 1px solid #ccc; padding: 8px;\"><strong>Acabado<\/strong><\/td>\n<td style=\"border: 1px solid #ccc; padding: 8px;\">Zincado \/ Galvanizado \/ Personalizado<\/td>\n<\/tr>\n<tr>\n<td style=\"border: 1px solid #ccc; padding: 8px;\"><strong>Aplicaci\u00f3n<\/strong><\/td>\n<td style=\"border: 1px solid #ccc; padding: 8px;\">Montaje de puertas de garaje, montaje en pared, fijaci\u00f3n de soportes<\/td>\n<\/tr>\n<tr>\n<td style=\"border: 1px solid #ccc; padding: 8px;\"><strong>OEM<\/strong><\/td>\n<td style=\"border: 1px solid #ccc; padding: 8px;\">Disponible - Personalizaci\u00f3n aceptada<\/td>\n<\/tr>\n<\/tbody>\n<\/table>\n<h2 style=\"font-size: 20px; margin-top: 20px;\">\ud83c\udfed Excelencia en la fabricaci\u00f3n<\/h2>\n<p>Fundada en 2008, <strong>NINGBO BAOTENG TECHNOLOGY CO., LTD<\/strong> es un fabricante l\u00edder especializado en <strong>herrajes para puertas de garaje<\/strong> y sistemas de fijaci\u00f3n. Con casi 20 a\u00f1os de experiencia OEM, equipos de producci\u00f3n avanzados e ingenier\u00eda profesional, los productos BAOTENG se exportan a m\u00e1s de 50 pa\u00edses. Nuestra l\u00ednea de productos incluye <strong>Bisagras de puertas de garaje<\/strong>, <strong>Rodillos<\/strong>, y <strong>Tiradores y cerraduras<\/strong>.<\/p>\n<h2 style=\"font-size: 20px; margin-top: 20px;\">\ud83d\udd2c Calidad de materiales e ingenier\u00eda<\/h2>\n<p>Cada tornillo de cabeza de arandela hexagonal con anclaje de expansi\u00f3n de pl\u00e1stico se somete a una rigurosa inspecci\u00f3n de calidad a trav\u00e9s de m\u00e1s de 20 puntos de control. La cabeza de arandela hexagonal garantiza una distribuci\u00f3n uniforme de la presi\u00f3n, mientras que el dise\u00f1o de expansi\u00f3n asegura una sujeci\u00f3n firme contra los materiales de base. El conjunto proporciona una estabilidad duradera tanto en instalaciones interiores como exteriores, superando a los anclajes convencionales que fallan por exceso de torsi\u00f3n o vibraci\u00f3n.<\/p>\n<h2 style=\"font-size: 20px; margin-top: 20px;\">Aplicaciones<\/h2>\n<p>Adecuado para <strong>sistemas de puertas de garaje<\/strong>, <strong>maquinaria industrial<\/strong>, <strong>marcos de construcci\u00f3n<\/strong>, y <strong>montaje de equipos<\/strong>. El anclaje de expansi\u00f3n funciona excepcionalmente bien en hormig\u00f3n, paneles de yeso y mamposter\u00eda, garantizando una gran capacidad de carga y resistencia a las vibraciones tanto para aplicaciones residenciales como industriales.<\/p>\n<h2 style=\"font-size: 20px; margin-top: 20px;\">\ud83d\udccf Consejos de instalaci\u00f3n<\/h2>\n<ul style=\"list-style: disc; margin-left: 20px;\">\n<li>Taladre un orificio adecuado en la pared o superficie.<\/li>\n<li>Inserte el anclaje de expansi\u00f3n de pl\u00e1stico en el orificio.<\/li>\n<li>Coloque la pieza de montaje (soporte o bisagra) e introduzca el tornillo.<\/li>\n<li>Apriete con una llave hasta que el anclaje se expanda y fije firmemente el elemento.<\/li>\n<li>\u26a0\ufe0f Evite apretar demasiado para evitar la deformaci\u00f3n del anclaje.<\/li>\n<\/ul>\n<h2 style=\"font-size: 20px; margin-top: 20px;\">Garant\u00eda de calidad y normas<\/h2>\n<p>Todos los productos BAOTENG se fabrican de acuerdo con <strong>ASTM<\/strong> y <strong>ISO9001<\/strong> normas. Cada lote de producci\u00f3n se somete a pruebas de tracci\u00f3n, cizallamiento y corrosi\u00f3n para garantizar la resistencia mec\u00e1nica y la fiabilidad a largo plazo. Con sistemas estrictos del control de calidad, BAOTENG est\u00e1 parado como uno de los socios m\u00e1s confiables del OEM de la industria global del hardware de la puerta de garaje.<\/p>\n<h2 style=\"font-size: 20px; margin-top: 20px;\">\ud83e\udde9 Componentes relacionados con las puertas de garaje<\/h2>\n<ul style=\"list-style: disc; margin-left: 20px;\">\n<li>Soportes para puertas de garaje<\/li>\n<li>Topes para puertas de garaje<\/li>\n<li>Accesorios para puertas de garaje<\/li>\n<\/ul>\n<h2 style=\"font-size: 20px; margin-top: 20px;\">\ud83c\udfc6 \u00bfPor qu\u00e9 elegir BAOTENG?<\/h2>\n<ul style=\"list-style: disc; margin-left: 20px;\">\n<li>\ud83d\udd29 Casi 20 a\u00f1os de experiencia OEM en fijaciones y sistemas de puertas de garaje.<\/li>\n<li>\ud83c\udf10 Exportado a m\u00e1s de 50 pa\u00edses de todo el mundo<\/li>\n<li>\u2699\ufe0f Dise\u00f1os totalmente personalizables para uso industrial, comercial y residencial<\/li>\n<li>\ud83e\udde0 S\u00f3lida experiencia en I+D y herramientas para la innovaci\u00f3n y la precisi\u00f3n<\/li>\n<li>\ud83d\ude80 Entrega r\u00e1pida y excelente servicio postventa<\/li>\n<\/ul>\n<h2 style=\"font-size: 20px; margin-top: 20px;\">\ud83c\udf1f Resumen final<\/h2>\n<p>Cuando se trata de fijaci\u00f3n segura, el <strong>Tornillo arandela hexagonal con taco de expansi\u00f3n de pl\u00e1stico<\/strong> de <strong>BAOTENG<\/strong> asegura fuerza, estabilidad, y resistencia a la corrosi\u00f3n incomparables. Con durante 20 a\u00f1os de experiencia de la industria y de una comisi\u00f3n a la calidad del OEM, BAOTENG entrega las sujeciones confiadas en por los usuarios industriales, comerciales, y caseros en todo el mundo. Elija BAOTENG para <strong>calidad, rendimiento y fiabilidad<\/strong>.<\/p>\n<\/section>","protected":false},"excerpt":{"rendered":"<ul style=\"list-style: disc; margin-left: 20px;\">\n<li><strong>Anclaje de expansi\u00f3n de pl\u00e1stico:<\/strong> Se expande uniformemente en el orificio taladrado, aumentando la capacidad de carga y evitando el deslizamiento.<\/li>\n<li><strong>Resistente a la corrosi\u00f3n:<\/strong> El acabado zincado o galvanizado proporciona protecci\u00f3n a largo plazo contra el \u00f3xido y la intemperie.<\/li>\n<li><strong>F\u00e1cil instalaci\u00f3n:<\/strong> Sencillo para profesionales y usuarios de bricolaje: no requiere herramientas especiales.<\/li>\n<\/ul>","protected":false},"featured_media":7089,"comment_status":"open","ping_status":"closed","template":"","meta":{"_acf_changed":false},"product_brand":[],"product_cat":[58],"product_tag":[],"class_list":{"0":"post-7088","1":"product","2":"type-product","3":"status-publish","4":"has-post-thumbnail","6":"product_cat-accessories","8":"first","9":"instock","10":"shipping-taxable","11":"product-type-grouped"},"acf":[],"_links":{"self":[{"href":"https:\/\/www.baoteng.cc\/es\/wp-json\/wp\/v2\/product\/7088","targetHints":{"allow":["GET"]}}],"collection":[{"href":"https:\/\/www.baoteng.cc\/es\/wp-json\/wp\/v2\/product"}],"about":[{"href":"https:\/\/www.baoteng.cc\/es\/wp-json\/wp\/v2\/types\/product"}],"replies":[{"embeddable":true,"href":"https:\/\/www.baoteng.cc\/es\/wp-json\/wp\/v2\/comments?post=7088"}],"wp:featuredmedia":[{"embeddable":true,"href":"https:\/\/www.baoteng.cc\/es\/wp-json\/wp\/v2\/media\/7089"}],"wp:attachment":[{"href":"https:\/\/www.baoteng.cc\/es\/wp-json\/wp\/v2\/media?parent=7088"}],"wp:term":[{"taxonomy":"product_brand","embeddable":true,"href":"https:\/\/www.baoteng.cc\/es\/wp-json\/wp\/v2\/product_brand?post=7088"},{"taxonomy":"product_cat","embeddable":true,"href":"https:\/\/www.baoteng.cc\/es\/wp-json\/wp\/v2\/product_cat?post=7088"},{"taxonomy":"product_tag","embeddable":true,"href":"https:\/\/www.baoteng.cc\/es\/wp-json\/wp\/v2\/product_tag?post=7088"}],"curies":[{"name":"wp","href":"https:\/\/api.w.org\/{rel}","templated":true}]}}