{"id":5263,"date":"2025-09-02T05:17:05","date_gmt":"2025-09-02T05:17:05","guid":{"rendered":"https:\/\/baoteng.cc\/?post_type=product&#038;p=5263"},"modified":"2025-09-12T08:28:19","modified_gmt":"2025-09-12T08:28:19","slug":"porte-de-garage-charniere-centrale-accessoires-de-porte","status":"publish","type":"product","link":"https:\/\/www.baoteng.cc\/fr\/produit\/porte-de-garage-charniere-centrale-accessoires-de-porte\/","title":{"rendered":"Charni\u00e8re centrale de porte de garage - Accessoires de porte en acier galvanis\u00e9 ajustable, charni\u00e8res de remplacement durables OEM personnalisables"},"content":{"rendered":"<section style=\"width: 100%; font-family: Arial,Helvetica,sans-serif; line-height: 1.6; font-size: 15px; color: #333;\">\n<header>\n<h1 style=\"font-size: 22px; font-weight: bold; margin-bottom: 10px;\">Charni\u00e8re centrale de porte de garage - galvanis\u00e9e r\u00e9glable<\/h1>\n<\/header>\n<p>La charni\u00e8re centrale de la porte de garage est peut-\u00eatre la pi\u00e8ce la plus vitale d'un syst\u00e8me de porte de garage r\u00e9sidentiel. Elle relie fermement les panneaux de la porte tout en offrant la flexibilit\u00e9 n\u00e9cessaire \u00e0 son fonctionnement. Fabriqu\u00e9e en acier galvanis\u00e9 de haute qualit\u00e9, elle r\u00e9siste \u00e0 la rouille et offre une grande solidit\u00e9 et une longue dur\u00e9e de vie. La charni\u00e8re est \u00e9galement disponible en diff\u00e9rentes \u00e9paisseurs (2,0 mm, 2,3 mm et 2,5 mm), ce qui permet de s'adapter \u00e0 toutes les conceptions et applications de portes de garage. La structure est r\u00e9glable, l'installation et l'entretien sont plus faciles, et les roulements et les rails sont silencieux et stables, ce qui r\u00e9duit l'usure des roulements et des rails. Construite avec des mat\u00e9riaux de qualit\u00e9 et finie avec un rev\u00eatement de protection pour assurer la force et la durabilit\u00e9, cette charni\u00e8re robuste est une combinaison parfaite de la praticit\u00e9 et de la performance. \u2705<\/p>\n<h2 style=\"font-size: 18px; font-weight: bold; margin-top: 20px;\">Caract\u00e9ristiques principales de la charni\u00e8re centrale de porte de garage<\/h2>\n<ul style=\"margin: 10px 0 20px 20px;\">\n<li>\u2705 Acier galvanis\u00e9 de haute qualit\u00e9 pour une r\u00e9sistance \u00e0 la corrosion et une longue dur\u00e9e de vie<\/li>\n<li>\u2705 Plusieurs options d'\u00e9paisseur : 2.0mm, 2.3mm, 2.5mm<\/li>\n<li>\u2705 Conception r\u00e9glable pour une installation plus facile et un fonctionnement plus souple de la porte<\/li>\n<li>\u2705 Compatible avec les portes de garage sectionnelles et \u00e0 panneaux standard<\/li>\n<li>\u2705 Le fonctionnement silencieux r\u00e9duit l'usure et le bruit pour une utilisation r\u00e9sidentielle<\/li>\n<li>\u2705 Des services OEM et de personnalisation sont disponibles pour r\u00e9pondre aux besoins uniques des projets.<\/li>\n<\/ul>\n<h2 style=\"font-size: 18px; font-weight: bold; margin-top: 20px;\">Applications<\/h2>\n<p>Cette charni\u00e8re centrale de porte de garage est con\u00e7ue pour durer, afin que vos portes de garage restent en bon \u00e9tat. La quincaillerie robuste ne se pliera pas lors d'une utilisation r\u00e9p\u00e9t\u00e9e, ce qui la rend id\u00e9ale pour un service r\u00e9sidentiel \u00e0 long terme. \ud83c\udfe0 Les applications les plus courantes sont les suivantes :<\/p>\n<ul style=\"margin: 10px 0 20px 20px;\">\n<li>\ud83d\udd27 Remplacement des charni\u00e8res us\u00e9es ou fissur\u00e9es<\/li>\n<li>\ud83c\udfe1 Am\u00e9liorations d\u00e9coratives ou fonctionnelles pour les portes sectionnelles<\/li>\n<li>\u2699\ufe0f Nouvelles installations n\u00e9cessitant des charni\u00e8res de conception identique<\/li>\n<li>\ud83c\udf0d Remplacements r\u00e9sidentiels, am\u00e9liorations commerciales ou projets OEM sur mesure<\/li>\n<\/ul>\n<h2 style=\"font-size: 18px; font-weight: bold; margin-top: 20px;\">Services OEM et de personnalisation<\/h2>\n<p>L'une des caract\u00e9ristiques \u00e9tonnantes de ce produit est la disponibilit\u00e9 de l'OEM et de la personnalisation. Nous comprenons que chaque projet a des exigences uniques, telles que des \u00e9paisseurs non standard, des finitions de surface sp\u00e9cifiques ou des conceptions de marque. Gr\u00e2ce \u00e0 une \u00e9quipe d'ing\u00e9nieurs de premier plan et \u00e0 un syst\u00e8me efficace de gestion de la qualit\u00e9, nous nous assurons que les exigences des clients sont satisfaites et que les d\u00e9lais de livraison sont fiables. Pour les distributeurs et les entrepreneurs, les opportunit\u00e9s OEM permettent une expansion sous leur propre marque tout en maintenant des performances \u00e9prouv\u00e9es et un approvisionnement mondial de confiance. \ud83d\udd27<\/p>\n<h2 style=\"font-size: 18px; font-weight: bold; margin-top: 20px;\">Sp\u00e9cifications techniques<\/h2>\n<table style=\"width: 100%; border-collapse: collapse; margin: 15px 0;\">\n<tbody>\n<tr>\n<td style=\"border: 1px solid #ccc; padding: 8px;\">Mat\u00e9riau<\/td>\n<td style=\"border: 1px solid #ccc; padding: 8px;\">Acier de haute qualit\u00e9<\/td>\n<\/tr>\n<tr>\n<td style=\"border: 1px solid #ccc; padding: 8px;\">\u00c9paisseur<\/td>\n<td style=\"border: 1px solid #ccc; padding: 8px;\">2,0 mm \/ 2,3 mm \/ 2,5 mm<\/td>\n<\/tr>\n<tr>\n<td style=\"border: 1px solid #ccc; padding: 8px;\">Finition<\/td>\n<td style=\"border: 1px solid #ccc; padding: 8px;\">Galvanis\u00e9, r\u00e9sistant \u00e0 la corrosion<\/td>\n<\/tr>\n<tr>\n<td style=\"border: 1px solid #ccc; padding: 8px;\">Caract\u00e9ristiques<\/td>\n<td style=\"border: 1px solid #ccc; padding: 8px;\">R\u00e9glable, durable, OEM et personnalisation disponibles<\/td>\n<\/tr>\n<\/tbody>\n<\/table>\n<h2 style=\"font-size: 18px; font-weight: bold; margin-top: 20px;\">Installation et maintenance<\/h2>\n<p>La charni\u00e8re est facile \u00e0 installer et ne n\u00e9cessite qu'un minimum d'outils, ce qui r\u00e9duit les co\u00fbts d'installation et d'entretien. Des contr\u00f4les r\u00e9guliers et une l\u00e9g\u00e8re lubrification maintiendront le produit en bon \u00e9tat pour une utilisation \u00e0 long terme. Le mat\u00e9riau galvanis\u00e9 garantit une r\u00e9sistance durable \u00e0 la rouille et \u00e0 l'usure. \ud83d\udee0\ufe0f<\/p>\n<h2 style=\"font-size: 18px; font-weight: bold; margin-top: 20px;\">Approvisionnement et expertise au niveau mondial<\/h2>\n<p>Avec plus de 18 ans de fabrication et de distribution d'accessoires pour portes de garage, nous sommes un fournisseur reconnu en Am\u00e9rique du Nord, en Europe et en Asie. Notre engagement dans le d\u00e9veloppement de produits, notre logistique fiable et notre fabrication en interne garantissent une livraison rapide et une qualit\u00e9 constante pour les clients du monde entier. Les distributeurs et les entrepreneurs peuvent compter sur notre expertise et notre innovation pour chaque livraison de produit.<\/p>\n<h2 style=\"font-size: 18px; font-weight: bold; margin-top: 20px;\">Conclusion<\/h2>\n<p>La charni\u00e8re centrale de porte de garage r\u00e9glable en acier galvanis\u00e9 offre r\u00e9sistance, ajustabilit\u00e9 et fiabilit\u00e9 pour les syst\u00e8mes de portes de garage r\u00e9sidentielles. Avec des services OEM et personnalisables, elle fournit des solutions sur mesure pour divers projets. Construite pour une durabilit\u00e9 \u00e0 long terme et un fonctionnement en douceur, cette charni\u00e8re est le choix fiable pour les professionnels et les propri\u00e9taires. \ud83c\udfe1\ud83d\udd27<\/p>\n<\/section>","protected":false},"excerpt":{"rendered":"<p data-start=\"356\" data-end=\"613\">Charni\u00e8re centrale de porte de garage tr\u00e8s r\u00e9sistante en acier galvanis\u00e9 de 2,0\/2,3\/2,5 mm d'\u00e9paisseur. R\u00e9glable, r\u00e9sistant \u00e0 la rouille, durable et compatible avec les portes r\u00e9sidentielles. Services OEM et personnalisables disponibles pour les entrepreneurs et les distributeurs.<\/p>","protected":false},"featured_media":5264,"comment_status":"open","ping_status":"closed","template":"","meta":{"_acf_changed":false},"product_brand":[],"product_cat":[34],"product_tag":[],"class_list":{"0":"post-5263","1":"product","2":"type-product","3":"status-publish","4":"has-post-thumbnail","6":"product_cat-hinges","8":"first","9":"instock","10":"shipping-taxable","11":"product-type-simple"},"acf":[],"_links":{"self":[{"href":"https:\/\/www.baoteng.cc\/fr\/wp-json\/wp\/v2\/product\/5263","targetHints":{"allow":["GET"]}}],"collection":[{"href":"https:\/\/www.baoteng.cc\/fr\/wp-json\/wp\/v2\/product"}],"about":[{"href":"https:\/\/www.baoteng.cc\/fr\/wp-json\/wp\/v2\/types\/product"}],"replies":[{"embeddable":true,"href":"https:\/\/www.baoteng.cc\/fr\/wp-json\/wp\/v2\/comments?post=5263"}],"wp:featuredmedia":[{"embeddable":true,"href":"https:\/\/www.baoteng.cc\/fr\/wp-json\/wp\/v2\/media\/5264"}],"wp:attachment":[{"href":"https:\/\/www.baoteng.cc\/fr\/wp-json\/wp\/v2\/media?parent=5263"}],"wp:term":[{"taxonomy":"product_brand","embeddable":true,"href":"https:\/\/www.baoteng.cc\/fr\/wp-json\/wp\/v2\/product_brand?post=5263"},{"taxonomy":"product_cat","embeddable":true,"href":"https:\/\/www.baoteng.cc\/fr\/wp-json\/wp\/v2\/product_cat?post=5263"},{"taxonomy":"product_tag","embeddable":true,"href":"https:\/\/www.baoteng.cc\/fr\/wp-json\/wp\/v2\/product_tag?post=5263"}],"curies":[{"name":"wp","href":"https:\/\/api.w.org\/{rel}","templated":true}]}}