{"id":5845,"date":"2025-09-13T01:12:55","date_gmt":"2025-09-13T01:12:55","guid":{"rendered":"https:\/\/baoteng.cc\/?post_type=product&#038;p=5845"},"modified":"2025-09-13T01:44:33","modified_gmt":"2025-09-13T01:44:33","slug":"charnieres-de-portail-en-acier-galvanise-charnieres-de-porte-de-garage","status":"publish","type":"product","link":"https:\/\/www.baoteng.cc\/fr\/produit\/charnieres-de-portail-en-acier-galvanise-charnieres-de-porte-de-garage\/","title":{"rendered":"Accessoires pour portes de garage sectionnelles Charni\u00e8re de porte de garage en acier galvanis\u00e9 Charni\u00e8res de portail en acier galvanis\u00e9 OEM personnalisables pour charges lourdes"},"content":{"rendered":"<section style=\"width: 100%; font-family: Arial,Helvetica,sans-serif; line-height: 1.6; color: #333;\">\n<header>\n<h1 style=\"font-size: 26px; color: #222; margin-bottom: 15px;\">Charni\u00e8re de porte de garage \u00e0 rail - <span style=\"color: #c00; font-weight: bold;\">Charni\u00e8res de portail en acier galvanis\u00e9<\/span><\/h1>\n<\/header>\n<p>La charni\u00e8re de porte de garage \u00e0 rail d'enroulement est l'une des pi\u00e8ces les plus importantes de votre porte de garage et finira par tomber en panne. \ud83d\udd29<\/p>\n<h2 style=\"margin-top: 20px; font-size: 22px;\">Charni\u00e8res de portail pliables<\/h2>\n<p>Le choix des charni\u00e8res est crucial pour la r\u00e9ussite et la s\u00e9curit\u00e9 de toute installation de porte industrielle, en particulier lors de la conception d'un syst\u00e8me de porte de garage s\u00fbr et robuste. Nos <span style=\"color: #c00; font-weight: bold;\">charni\u00e8res de portail en acier galvanis\u00e9<\/span> sont con\u00e7ues pour assurer la durabilit\u00e9, l'uniformit\u00e9 et la pr\u00e9cision des portes \u00e0 panneaux. Dot\u00e9es d'un rail de roulement, ces charni\u00e8res offrent un fonctionnement en douceur et conviennent aux applications r\u00e9sidentielles ou commerciales. Que vous remplaciez d'anciennes charni\u00e8res ou que vous les ajoutiez \u00e0 une nouvelle construction, ces charni\u00e8res bout \u00e0 bout robustes en acier rev\u00eatu de poudre noire dureront des ann\u00e9es et offriront une protection durable. \ud83c\udfe0\ud83c\udfed<\/p>\n<h2 style=\"margin-top: 20px; font-size: 22px;\">Principales caract\u00e9ristiques - Charni\u00e8res de portail galvanis\u00e9es<\/h2>\n<ul>\n<li><b>Mat\u00e9riau :<\/b> Fabriqu\u00e9 en acier galvanis\u00e9 de premi\u00e8re qualit\u00e9 pour une r\u00e9sistance maximale \u00e0 la corrosion.<\/li>\n<li><b>\u00c9paisseur :<\/b> Disponible en 2,0 mm, 2,3 mm et 2,5 mm pour r\u00e9pondre \u00e0 diverses exigences structurelles.<\/li>\n<li><b>Finition :<\/b> La finition galvanis\u00e9e offre une grande protection contre les \u00e9l\u00e9ments, parfaite pour les applications ext\u00e9rieures.<\/li>\n<li><b>Applicabilit\u00e9 :<\/b> Compatible avec les portes de garage sectionnelles dot\u00e9es d'un syst\u00e8me de rails \u00e0 galets.<\/li>\n<li><b>La force :<\/b> Portails porteurs pour l'industrie lourde et le secteur r\u00e9sidentiel.<\/li>\n<li><b>OEM + sur mesure :<\/b> Fabrication sur mesure ou OEM pour r\u00e9pondre aux exigences de tout projet.<\/li>\n<\/ul>\n<h2 style=\"margin-top: 20px; font-size: 22px;\">Pourquoi utiliser des charni\u00e8res de portail en acier galvanis\u00e9 ?<\/h2>\n<p><span style=\"color: #c00; font-weight: bold;\">Charni\u00e8res de portail en acier galvanis\u00e9<\/span> La galvanisation consiste \u00e0 appliquer une couche protectrice de zinc sur l'acier ou le fer afin d'\u00e9viter la rouille. Cela am\u00e9liore la r\u00e9sistance aux intemp\u00e9ries et prolonge la dur\u00e9e de vie du produit. Alors que les charni\u00e8res en acier non trait\u00e9 peuvent rouiller dans un environnement humide, l'acier galvanis\u00e9 r\u00e9siste bien, m\u00eame dans des conditions difficiles. Pour les propri\u00e9taires, les techniciens et les entrepreneurs, il n\u00e9cessite moins d'entretien, est plus s\u00fbr \u00e0 utiliser, facile \u00e0 installer et offre des performances de fermeture de porte constantes. \u2699\ufe0f<\/p>\n<h2 style=\"margin-top: 20px; font-size: 22px;\">Utilisations des charni\u00e8res de porte de garage \u00e0 rail d'enroulement<\/h2>\n<p>Ces supports se trouvent sur la plupart des portes de garage de type sectionnel. Qu'il s'agisse d'un garage r\u00e9sidentiel ou d'un entrep\u00f4t industriel, une charni\u00e8re de portail galvanis\u00e9e maintient la solidit\u00e9 et assure un fonctionnement sans heurts. Elles sont id\u00e9ales pour :<\/p>\n<ul>\n<li>Portes de garage sectionnelles r\u00e9sidentielles<\/li>\n<li>Portes industrielles \u00e0 enroulement<\/li>\n<li>Entr\u00e9es d'entrep\u00f4ts commerciaux<\/li>\n<li>Structures de portail m\u00e9talliques robustes<\/li>\n<li>Syst\u00e8mes de portes de garage automatis\u00e9es<\/li>\n<\/ul>\n<h2 style=\"margin-top: 20px; font-size: 22px;\">Sp\u00e9cifications techniques<\/h2>\n<table style=\"width: 100%; border-collapse: collapse; margin-top: 10px;\">\n<tbody>\n<tr style=\"background: #f4f4f4;\">\n<th style=\"border: 1px solid #ccc; padding: 8px;\">Param\u00e8tres<\/th>\n<th style=\"border: 1px solid #ccc; padding: 8px;\">D\u00e9tails<\/th>\n<\/tr>\n<tr>\n<td style=\"border: 1px solid #ccc; padding: 8px;\">Mat\u00e9riau<\/td>\n<td style=\"border: 1px solid #ccc; padding: 8px;\">Acier galvanis\u00e9<\/td>\n<\/tr>\n<tr>\n<td style=\"border: 1px solid #ccc; padding: 8px;\">Options d'\u00e9paisseur<\/td>\n<td style=\"border: 1px solid #ccc; padding: 8px;\">2,0 mm \/ 2,3 mm \/ 2,5 mm<\/td>\n<\/tr>\n<tr>\n<td style=\"border: 1px solid #ccc; padding: 8px;\">Finition<\/td>\n<td style=\"border: 1px solid #ccc; padding: 8px;\">Galvanis\u00e9<\/td>\n<\/tr>\n<tr>\n<td style=\"border: 1px solid #ccc; padding: 8px;\">Application<\/td>\n<td style=\"border: 1px solid #ccc; padding: 8px;\">Portes de garage sectionnelles, syst\u00e8mes de rails \u00e0 rouleaux<\/td>\n<\/tr>\n<tr>\n<td style=\"border: 1px solid #ccc; padding: 8px;\">Personnalisation<\/td>\n<td style=\"border: 1px solid #ccc; padding: 8px;\">OEM et ODM accept\u00e9s<\/td>\n<\/tr>\n<\/tbody>\n<\/table>\n<h2 style=\"margin-top: 20px; font-size: 22px;\">Avantages de l'OEM et de la personnalisation<\/h2>\n<p>Avec plus de 20 ans d'exp\u00e9rience dans la fabrication, nous int\u00e9grons la conception, le d\u00e9veloppement et la production de ferrures pour portes de garage. Nos produits personnalis\u00e9s <span style=\"color: #c00; font-weight: bold;\">charni\u00e8res de portail en acier galvanis\u00e9<\/span> peuvent \u00eatre fabriqu\u00e9s selon les exigences du client. Nous prenons en charge l'\u00e9tiquetage et l'emballage personnalis\u00e9s, ainsi que les commandes en gros pour les march\u00e9s \u00e9trangers. Cela garantit des solutions sur mesure pour les distributeurs internationaux, les grossistes et les entrepreneurs industriels. \ud83c\udf0d\ud83d\udce6<\/p>\n<h2 style=\"margin-top: 20px; font-size: 22px;\">Durabilit\u00e9 et performance<\/h2>\n<p>L'un des principaux avantages de la <span style=\"color: #c00; font-weight: bold;\">charni\u00e8res en acier galvanis\u00e9<\/span> est leur capacit\u00e9 \u00e0 faire face \u00e0 des charges \u00e9lev\u00e9es et \u00e0 des climats difficiles. La pluie, la poussi\u00e8re et les produits chimiques industriels ne compromettent pas ces charni\u00e8res. Leur \u00e9paisseur de 2,0 \u00e0 2,5 mm leur permet de s'adapter \u00e0 diff\u00e9rentes utilisations et d'offrir une r\u00e9sistance tout en conservant un poids raisonnable. Les clients peuvent s'attendre \u00e0 un fonctionnement fiable \u00e0 long terme avec ces charni\u00e8res de qualit\u00e9 sup\u00e9rieure. \ud83d\udcaa<\/p>\n<h2 style=\"margin-top: 20px; font-size: 22px;\">Installation et entretien<\/h2>\n<p>Faciles \u00e0 installer avec des outils standard, ces charni\u00e8res sont compatibles avec les syst\u00e8mes de rails \u00e0 galets pour les portes de garage manuelles et automatiques. Gr\u00e2ce \u00e0 leur finition galvanis\u00e9e, elles ne n\u00e9cessitent qu'un minimum d'entretien. Un nettoyage et une lubrification occasionnels garantissent des performances optimales, ce qui permet d'\u00e9conomiser du temps et de l'argent. Les entrepreneurs appr\u00e9cient leur \u00e9quilibre entre r\u00e9sistance et facilit\u00e9 d'utilisation, m\u00eame avec des portes plus lourdes. \ud83d\udd27<\/p>\n<h2 style=\"margin-top: 20px; font-size: 22px;\">Approvisionnement et exportation au niveau mondial<\/h2>\n<p>Nous sommes fiers de servir les march\u00e9s internationaux avec des ferrures de portes de garage sectionnelles de haute qualit\u00e9. Notre cha\u00eene d'approvisionnement garantit la fiabilit\u00e9 des livraisons gr\u00e2ce \u00e0 des contr\u00f4les de qualit\u00e9 stricts. Nous adaptons l'emballage, l'\u00e9tiquetage et les certifications aux normes locales. <span style=\"color: #c00; font-weight: bold;\">charni\u00e8res de portail en acier galvanis\u00e9<\/span> en Am\u00e9rique du Nord, en Europe, en Asie et au-del\u00e0. \ud83d\ude9b\ud83c\udf0e<\/p>\n<h2 style=\"margin-top: 20px; font-size: 22px;\">Engagement en faveur du d\u00e9veloppement durable<\/h2>\n<p>Nous adoptons des proc\u00e9d\u00e9s de galvanisation respectueux de l'environnement et de l'acier recyclable pour r\u00e9duire l'impact sur l'environnement. Les pratiques d'\u00e9conomie d'\u00e9nergie, le traitement des d\u00e9chets et la production durable font partie de nos activit\u00e9s. Choisir nos charni\u00e8res, c'est soutenir des solutions de construction plus \u00e9cologiques qui allient solidit\u00e9 et responsabilit\u00e9 environnementale. \ud83c\udf31<\/p>\n<h2 style=\"margin-top: 20px; font-size: 22px;\">Conclusion<\/h2>\n<p>En r\u00e9sum\u00e9, notre <span style=\"color: #c00; font-weight: bold;\">charni\u00e8res de portail en acier galvanis\u00e9<\/span> sont synonymes de solidit\u00e9, de performance et de personnalisation. Avec des options d'\u00e9paisseur de 2,0 mm, 2,3 mm et 2,5 mm, et un rev\u00eatement galvanis\u00e9 durable, elles constituent la solution parfaite pour les ferrures de portes de garage sectionnelles et les syst\u00e8mes de charni\u00e8res pour rails \u00e0 galets. Soutenues par des d\u00e9cennies d'expertise OEM, nos charni\u00e8res offrent fiabilit\u00e9 et valeur pour les projets r\u00e9sidentiels, commerciaux et industriels. \u2699\ufe0f\ud83d\udd27<\/p>\n<\/section>","protected":false},"excerpt":{"rendered":"<p>Charni\u00e8res de portail en acier galvanis\u00e9 de haute qualit\u00e9 pour accessoires de portes de garage sectionnelles. Charni\u00e8re de porte de garage \u00e0 rail durable avec plusieurs options d'\u00e9paisseur, OEM et personnalisable pour les applications r\u00e9sidentielles, industrielles et commerciales.<\/p>","protected":false},"featured_media":5846,"comment_status":"open","ping_status":"closed","template":"","meta":{"_acf_changed":false},"product_brand":[],"product_cat":[34],"product_tag":[],"class_list":{"0":"post-5845","1":"product","2":"type-product","3":"status-publish","4":"has-post-thumbnail","6":"product_cat-hinges","8":"first","9":"instock","10":"shipping-taxable","11":"product-type-simple"},"acf":[],"_links":{"self":[{"href":"https:\/\/www.baoteng.cc\/fr\/wp-json\/wp\/v2\/product\/5845","targetHints":{"allow":["GET"]}}],"collection":[{"href":"https:\/\/www.baoteng.cc\/fr\/wp-json\/wp\/v2\/product"}],"about":[{"href":"https:\/\/www.baoteng.cc\/fr\/wp-json\/wp\/v2\/types\/product"}],"replies":[{"embeddable":true,"href":"https:\/\/www.baoteng.cc\/fr\/wp-json\/wp\/v2\/comments?post=5845"}],"wp:featuredmedia":[{"embeddable":true,"href":"https:\/\/www.baoteng.cc\/fr\/wp-json\/wp\/v2\/media\/5846"}],"wp:attachment":[{"href":"https:\/\/www.baoteng.cc\/fr\/wp-json\/wp\/v2\/media?parent=5845"}],"wp:term":[{"taxonomy":"product_brand","embeddable":true,"href":"https:\/\/www.baoteng.cc\/fr\/wp-json\/wp\/v2\/product_brand?post=5845"},{"taxonomy":"product_cat","embeddable":true,"href":"https:\/\/www.baoteng.cc\/fr\/wp-json\/wp\/v2\/product_cat?post=5845"},{"taxonomy":"product_tag","embeddable":true,"href":"https:\/\/www.baoteng.cc\/fr\/wp-json\/wp\/v2\/product_tag?post=5845"}],"curies":[{"name":"wp","href":"https:\/\/api.w.org\/{rel}","templated":true}]}}